{"id":11974,"date":"2025-07-18T17:15:01","date_gmt":"2025-07-18T09:15:01","guid":{"rendered":"https:\/\/ulpmat.com\/product\/aleacion-de-lantano-y-niquel\/"},"modified":"2025-07-18T17:15:01","modified_gmt":"2025-07-18T09:15:01","slug":"aleacion-de-lantano-y-niquel","status":"publish","type":"product","link":"https:\/\/ulpmat.com\/es\/producto\/aleacion-de-lantano-y-niquel\/","title":{"rendered":"Aleaci\u00f3n de lantano y n\u00edquel"},"content":{"rendered":"<h2><span style=\"font-size: 14pt;\">Descripci\u00f3n general del c\u00e1todo para sputtering de aleaci\u00f3n de lantano y n\u00edquel<\/span><\/h2>\n<p><strong><span style=\"color: #3366ff;\"><a style=\"color: #3366ff;\" href=\"https:\/\/ulpmat.com\/es\/buscar\/?type=element&#038;keyword=La%2CNi\">Los c\u00e1todos para sputtering<\/a><\/span><\/strong> son materiales clave dise\u00f1ados para procesos de deposici\u00f3n de pel\u00edcula fina de alto rendimiento. El c\u00e1todo de aleaci\u00f3n tiene una pureza extremadamente alta y una estructura uniforme, lo que garantiza una deposici\u00f3n de pel\u00edcula fina estable y uniforme durante el proceso de sputtering, mejorando la calidad y el rendimiento de la pel\u00edcula. Sus excelentes propiedades f\u00edsicas y qu\u00edmicas hacen que se utilice ampliamente en la preparaci\u00f3n de dispositivos electr\u00f3nicos de gama alta y pel\u00edculas funcionales.<\/p>\n<p>Ofrecemos c\u00e1todos para sputtering de aleaci\u00f3n de lantano y n\u00edquel en una gran variedad de especificaciones y tama\u00f1os, incluidos redondos y rectangulares, y pueden personalizarse seg\u00fan las necesidades espec\u00edficas de los clientes. Ya se trate del grosor, el tama\u00f1o o la forma del material, podemos satisfacerlo con flexibilidad para garantizar la mejor adaptabilidad para los clientes en aplicaciones de proceso. Tambi\u00e9n ofrecemos un servicio posventa profesional y proporcionamos asistencia t\u00e9cnica y soluciones para su uso en cualquier momento.<\/p>\n<h2><span style=\"font-size: 14pt;\">Productos destacados<\/span><\/h2>\n<p>Pureza del 99,5<br \/>\nDise\u00f1o de alta densidad para garantizar una deposici\u00f3n de pel\u00edcula uniforme y estable<br \/>\nAdmite la personalizaci\u00f3n de varios tama\u00f1os y formas para satisfacer los diferentes requisitos del proceso<br \/>\nEmbalaje personalizable<\/p>\n<h2><span style=\"font-size: 14pt;\">Aplicaciones de los c\u00e1todos para sputtering de aleaci\u00f3n de lantano y n\u00edquel<\/span><\/h2>\n<p>Industria de semiconductores: se utilizan para la deposici\u00f3n de pel\u00edculas funcionales para optimizar el rendimiento de los dispositivos<br \/>\nMateriales magn\u00e9ticos: preparaci\u00f3n de pel\u00edculas magn\u00e9ticas de alto rendimiento para dispositivos de almacenamiento<br \/>\nDispositivos de almacenamiento de energ\u00eda: utilizados para la preparaci\u00f3n de pel\u00edculas de almacenamiento de energ\u00eda como bater\u00edas de litio para mejorar el rendimiento de los electrodos<br \/>\nRecubrimientos funcionales: utilizados para sensores, catalizadores y otros materiales de pel\u00edcula fina de gama alta<\/p>\n<h2><span style=\"font-size: 14pt;\">Informes<\/span><\/h2>\n<p>Proporcionamos certificados de an\u00e1lisis (COA) detallados, hojas de datos de seguridad de materiales (MSDS) e informes de pruebas relacionados para cada lote de c\u00e1todos para sputtering de aleaci\u00f3n de lantano y n\u00edquel, y apoyamos las pruebas autorizadas de terceros para garantizar una calidad estable del producto y un rendimiento excelente.<\/p>\n<p>\u00bfPor qu\u00e9 elegirnos?<\/p>\n<p>Como proveedor de confianza de aleaci\u00f3n de n\u00edquel lantano (LaNi5) de alta calidad, ofrecemos un excelente rendimiento de almacenamiento de hidr\u00f3geno, una composici\u00f3n estable, una calidad constante y un suministro fiable, respaldado por un soporte t\u00e9cnico profesional para satisfacer tanto las aplicaciones de investigaci\u00f3n como las de energ\u00eda industrial.<\/p>\n","protected":false},"excerpt":{"rendered":"<p>Descripci\u00f3n general del c\u00e1todo para sputtering de aleaci\u00f3n de lantano y n\u00edquel Los c\u00e1todos para sputtering son materiales clave dise\u00f1ados para procesos de deposici\u00f3n de pel\u00edcula fina de alto rendimiento. El c\u00e1todo de aleaci\u00f3n tiene una pureza extremadamente alta y una estructura uniforme, lo que garantiza una deposici\u00f3n de pel\u00edcula fina estable y uniforme durante [&hellip;]<\/p>\n","protected":false},"featured_media":6919,"template":"","meta":{"_acf_changed":false},"product_brand":[132],"product_cat":[570],"product_tag":[447],"class_list":{"0":"post-11974","1":"product","2":"type-product","3":"status-publish","4":"has-post-thumbnail","6":"product_brand-ulpmat","7":"product_cat-catodos-para-sputtering-de-aleaciones","8":"product_tag-materiales-de-tierras-raras","10":"first","11":"instock","12":"shipping-taxable","13":"product-type-variable"},"acf":[],"_links":{"self":[{"href":"https:\/\/ulpmat.com\/es\/wp-json\/wp\/v2\/product\/11974","targetHints":{"allow":["GET"]}}],"collection":[{"href":"https:\/\/ulpmat.com\/es\/wp-json\/wp\/v2\/product"}],"about":[{"href":"https:\/\/ulpmat.com\/es\/wp-json\/wp\/v2\/types\/product"}],"wp:featuredmedia":[{"embeddable":true,"href":"https:\/\/ulpmat.com\/es\/wp-json\/wp\/v2\/media\/6919"}],"wp:attachment":[{"href":"https:\/\/ulpmat.com\/es\/wp-json\/wp\/v2\/media?parent=11974"}],"wp:term":[{"taxonomy":"product_brand","embeddable":true,"href":"https:\/\/ulpmat.com\/es\/wp-json\/wp\/v2\/product_brand?post=11974"},{"taxonomy":"product_cat","embeddable":true,"href":"https:\/\/ulpmat.com\/es\/wp-json\/wp\/v2\/product_cat?post=11974"},{"taxonomy":"product_tag","embeddable":true,"href":"https:\/\/ulpmat.com\/es\/wp-json\/wp\/v2\/product_tag?post=11974"}],"curies":[{"name":"wp","href":"https:\/\/api.w.org\/{rel}","templated":true}]}}