{"id":11939,"date":"2025-07-18T17:15:01","date_gmt":"2025-07-18T09:15:01","guid":{"rendered":"https:\/\/ulpmat.com\/product\/oxido-de-lantano-estroncio-y-hierro\/"},"modified":"2025-07-18T17:15:01","modified_gmt":"2025-07-18T09:15:01","slug":"oxido-de-lantano-estroncio-y-hierro","status":"publish","type":"product","link":"https:\/\/ulpmat.com\/es\/producto\/oxido-de-lantano-estroncio-y-hierro\/","title":{"rendered":"\u00d3xido de lantano, estroncio y hierro"},"content":{"rendered":"<h2><span style=\"font-size: 14pt;\">\u00d3xido de lantano, estroncio y hierro en polvo Descripci\u00f3n general<\/span><\/h2>\n<p>El polvo de \u00f3xido de lantano, estroncio y hierro es un material funcional de alto rendimiento ampliamente utilizado en los campos de la cer\u00e1mica electr\u00f3nica y la energ\u00eda. Su excelente estabilidad qu\u00edmica y sus propiedades electromagn\u00e9ticas hacen que desempe\u00f1e un papel importante en las pilas de combustible de \u00f3xido s\u00f3lido (SOFC), los materiales magn\u00e9ticos y los catalizadores.<\/p>\n<p>Suministramos polvo de \u00f3xido de hierro lantano estroncio con una pureza de hasta el 99,9% para garantizar la uniformidad y estabilidad del material. Las part\u00edculas de polvo son finas y tienen buenas propiedades de sinterizaci\u00f3n, por lo que son adecuadas para una gran variedad de cer\u00e1micas avanzadas y procesos de preparaci\u00f3n de pel\u00edculas. Se pueden personalizar diferentes proporciones y tama\u00f1os de part\u00edculas seg\u00fan las necesidades del cliente para satisfacer diversas aplicaciones.<\/p>\n<h2><span style=\"font-size: 14pt;\">Productos destacados<\/span><\/h2>\n<p>\u00d3xido de hierro lantano-estroncio de gran pureza: 99,9<br \/>\nTama\u00f1o de part\u00edcula uniforme, excelente rendimiento de sinterizaci\u00f3n<br \/>\nProporci\u00f3n qu\u00edmica personalizable para satisfacer diferentes requisitos de proceso<br \/>\nExcelente estabilidad t\u00e9rmica y propiedades electromagn\u00e9ticas<br \/>\nEmbalaje personalizable<\/p>\n<h2><span style=\"font-size: 14pt;\">Aplicaciones del polvo de \u00f3xido de lantano, estroncio y hierro<\/span><\/h2>\n<p>Pilas de combustible de \u00f3xido s\u00f3lido (SOFC): se utilizan como materiales de electrodos, proporcionando una excelente conductividad electr\u00f3nica e i\u00f3nica.<br \/>\nMateriales magn\u00e9ticos: presentan un buen rendimiento de respuesta magn\u00e9tica en dispositivos magn\u00e9ticos.<br \/>\nCatalizadores: adecuados para reacciones de oxidaci\u00f3n y gobernanza medioambiental.<br \/>\nCer\u00e1mica electr\u00f3nica: se utiliza para fabricar sensores y dispositivos cer\u00e1micos funcionales.<\/p>\n<h2><span style=\"font-size: 14pt;\">Informes<\/span><\/h2>\n<p>Proporcionamos certificados de an\u00e1lisis (COA), hojas de datos de seguridad de materiales (MSDS) y otros informes relevantes para cada env\u00edo. Adem\u00e1s, tambi\u00e9n apoyamos las pruebas de terceros para una mayor garant\u00eda de calidad.<\/p>\n<h2><span style=\"font-size: 14pt;\">\u00bfPor qu\u00e9 elegirnos?<\/span><\/h2>\n<p>Como <strong data-start=\"89\" data-end=\"163\">fabricante y proveedor de<\/strong> confianza <strong data-start=\"89\" data-end=\"163\">de \u00f3xido de hierro lantano-estroncio (LSFO) en polvo<\/strong>, suministramos materiales de alta pureza y consistentes en fase, ideales para pilas de combustible de \u00f3xido s\u00f3lido, catalizadores y aplicaciones electr\u00f3nicas. Nuestro estricto control de calidad garantiza una composici\u00f3n estable, un tama\u00f1o de part\u00edcula fino y una excelente reproducibilidad. Con especificaciones personalizables, precios competitivos y una red mundial de suministro fiable, proporcionamos el rendimiento constante y la entrega fiable que exigen sus proyectos.<\/p>\n","protected":false},"excerpt":{"rendered":"<p>\u00d3xido de lantano, estroncio y hierro en polvo Descripci\u00f3n general El polvo de \u00f3xido de lantano, estroncio y hierro es un material funcional de alto rendimiento ampliamente utilizado en los campos de la cer\u00e1mica electr\u00f3nica y la energ\u00eda. Su excelente estabilidad qu\u00edmica y sus propiedades electromagn\u00e9ticas hacen que desempe\u00f1e un papel importante en las pilas [&hellip;]<\/p>\n","protected":false},"featured_media":5629,"template":"","meta":{"_acf_changed":false},"product_brand":[132],"product_cat":[945,331,946],"product_tag":[447],"class_list":{"0":"post-11939","1":"product","2":"type-product","3":"status-publish","4":"has-post-thumbnail","6":"product_brand-ulpmat","7":"product_cat-materiales-de-dopaje-para-baterias","8":"product_cat-materiales-de-tierras-raras","9":"product_cat-materiales-para-baterias","10":"product_tag-materiales-de-tierras-raras","12":"first","13":"instock","14":"shipping-taxable","15":"product-type-variable"},"acf":[],"_links":{"self":[{"href":"https:\/\/ulpmat.com\/es\/wp-json\/wp\/v2\/product\/11939","targetHints":{"allow":["GET"]}}],"collection":[{"href":"https:\/\/ulpmat.com\/es\/wp-json\/wp\/v2\/product"}],"about":[{"href":"https:\/\/ulpmat.com\/es\/wp-json\/wp\/v2\/types\/product"}],"wp:featuredmedia":[{"embeddable":true,"href":"https:\/\/ulpmat.com\/es\/wp-json\/wp\/v2\/media\/5629"}],"wp:attachment":[{"href":"https:\/\/ulpmat.com\/es\/wp-json\/wp\/v2\/media?parent=11939"}],"wp:term":[{"taxonomy":"product_brand","embeddable":true,"href":"https:\/\/ulpmat.com\/es\/wp-json\/wp\/v2\/product_brand?post=11939"},{"taxonomy":"product_cat","embeddable":true,"href":"https:\/\/ulpmat.com\/es\/wp-json\/wp\/v2\/product_cat?post=11939"},{"taxonomy":"product_tag","embeddable":true,"href":"https:\/\/ulpmat.com\/es\/wp-json\/wp\/v2\/product_tag?post=11939"}],"curies":[{"name":"wp","href":"https:\/\/api.w.org\/{rel}","templated":true}]}}