{"id":11889,"date":"2025-07-18T17:15:02","date_gmt":"2025-07-18T09:15:02","guid":{"rendered":"https:\/\/ulpmat.com\/product\/carbonato-de-cerio\/"},"modified":"2025-07-18T17:15:02","modified_gmt":"2025-07-18T09:15:02","slug":"carbonato-de-cerio","status":"publish","type":"product","link":"https:\/\/ulpmat.com\/es\/producto\/carbonato-de-cerio\/","title":{"rendered":"Carbonato de cerio"},"content":{"rendered":"<h2><span style=\"font-size: 14pt;\">Carbonato de cerio<\/span><\/h2>\n<p>El carbonato de cerio es un compuesto de tierras raras de gran pureza desarrollado para materiales funcionales de alta gama y aplicaciones qu\u00edmicas. Con una pureza de hasta el 99,99%, tiene buena dispersabilidad, estabilidad t\u00e9rmica y reactividad qu\u00edmica y se utiliza ampliamente en cat\u00e1lisis, pulido, cer\u00e1mica electr\u00f3nica y otros campos de alta tecnolog\u00eda.<\/p>\n<p>Suministramos <strong>carbonato de cerio en polvo de alta pureza<\/strong> en diferentes tama\u00f1os de part\u00edcula y podemos personalizarlo seg\u00fan sus necesidades espec\u00edficas. Nuestro equipo ofrece asistencia t\u00e9cnica completa. Si tiene alg\u00fan problema durante el uso, no dude en ponerse en contacto con nosotros.<\/p>\n<h2><span style=\"font-size: 14pt;\">Caracter\u00edsticas del producto<\/span><\/h2>\n<p>Alta pureza: 99,99<br \/>\nPart\u00edculas uniformes y distribuci\u00f3n controlable<br \/>\nBuena estabilidad t\u00e9rmica, adecuado para diversos procesos a alta temperatura<br \/>\nTama\u00f1o de part\u00edcula y envasado personalizables seg\u00fan las necesidades<br \/>\nBajo nivel de impurezas, cumple los requisitos de grado electr\u00f3nico y \u00f3ptico<\/p>\n<h2><span style=\"font-size: 14pt;\">Aplicaciones del carbonato de cerio en polvo<\/span><\/h2>\n<p>Portador de catalizador: En la purificaci\u00f3n de gases de escape de autom\u00f3viles y pilas de combustible, se utiliza como catalizador para mejorar la eficiencia de conversi\u00f3n.<br \/>\nMaterial de pulido de tierras raras: Se utiliza para el pulido eficaz de vidrio y componentes \u00f3pticos con gran precisi\u00f3n superficial.<br \/>\nCer\u00e1mica electr\u00f3nica: Se utiliza para fabricar cer\u00e1micas diel\u00e9ctricas y cer\u00e1micas funcionales para mejorar la estabilidad del material.<br \/>\nAleaciones especiales y aditivos para vidrio: Proporcionan a los materiales una excelente estabilidad qu\u00edmica y propiedades \u00f3pticas.<\/p>\n<h2><span style=\"font-size: 14pt;\">Informes<\/span><\/h2>\n<p>Cada lote de carbonato de cerio en polvo se suministra con un certificado de an\u00e1lisis (COA) y una hoja de datos de seguridad de materiales (MSDS) para garantizar que el producto cumple las especificaciones t\u00e9cnicas. Tambi\u00e9n proporcionamos informes de pruebas de terceros para ayudarle a tener confianza en la calidad en aplicaciones cr\u00edticas.<\/p>\n<h2><span style=\"font-size: 14pt;\">\u00bfPor qu\u00e9 elegirnos?<\/span><\/h2>\n<p>Como <strong>proveedor de carbonato de cerio<\/strong> de confianza, ofrecemos polvo de gran pureza con calidad constante, personalizaci\u00f3n flexible, estricto control de calidad y entrega global fiable, lo que garantiza la soluci\u00f3n adecuada tanto para aplicaciones de investigaci\u00f3n como industriales.<\/p>\n","protected":false},"excerpt":{"rendered":"<p>Carbonato de cerio El carbonato de cerio es un compuesto de tierras raras de gran pureza desarrollado para materiales funcionales de alta gama y aplicaciones qu\u00edmicas. Con una pureza de hasta el 99,99%, tiene buena dispersabilidad, estabilidad t\u00e9rmica y reactividad qu\u00edmica y se utiliza ampliamente en cat\u00e1lisis, pulido, cer\u00e1mica electr\u00f3nica y otros campos de alta [&hellip;]<\/p>\n","protected":false},"featured_media":5653,"template":"","meta":{"_acf_changed":false},"product_brand":[132],"product_cat":[331],"product_tag":[913,447],"class_list":{"0":"post-11889","1":"product","2":"type-product","3":"status-publish","4":"has-post-thumbnail","6":"product_brand-ulpmat","7":"product_cat-materiales-de-tierras-raras","8":"product_tag-carbonato-de-cerio","9":"product_tag-materiales-de-tierras-raras","11":"first","12":"instock","13":"shipping-taxable","14":"product-type-variable"},"acf":[],"_links":{"self":[{"href":"https:\/\/ulpmat.com\/es\/wp-json\/wp\/v2\/product\/11889","targetHints":{"allow":["GET"]}}],"collection":[{"href":"https:\/\/ulpmat.com\/es\/wp-json\/wp\/v2\/product"}],"about":[{"href":"https:\/\/ulpmat.com\/es\/wp-json\/wp\/v2\/types\/product"}],"wp:featuredmedia":[{"embeddable":true,"href":"https:\/\/ulpmat.com\/es\/wp-json\/wp\/v2\/media\/5653"}],"wp:attachment":[{"href":"https:\/\/ulpmat.com\/es\/wp-json\/wp\/v2\/media?parent=11889"}],"wp:term":[{"taxonomy":"product_brand","embeddable":true,"href":"https:\/\/ulpmat.com\/es\/wp-json\/wp\/v2\/product_brand?post=11889"},{"taxonomy":"product_cat","embeddable":true,"href":"https:\/\/ulpmat.com\/es\/wp-json\/wp\/v2\/product_cat?post=11889"},{"taxonomy":"product_tag","embeddable":true,"href":"https:\/\/ulpmat.com\/es\/wp-json\/wp\/v2\/product_tag?post=11889"}],"curies":[{"name":"wp","href":"https:\/\/api.w.org\/{rel}","templated":true}]}}