{"id":11672,"date":"2025-07-18T17:15:09","date_gmt":"2025-07-18T09:15:09","guid":{"rendered":"https:\/\/ulpmat.com\/product\/siliciuro-de-cerio-2\/"},"modified":"2025-07-18T17:15:09","modified_gmt":"2025-07-18T09:15:09","slug":"siliciuro-de-cerio-2","status":"publish","type":"product","link":"https:\/\/ulpmat.com\/es\/producto\/siliciuro-de-cerio-2\/","title":{"rendered":"Siliciuro de cerio"},"content":{"rendered":"<h2><span style=\"font-size: 14pt;\">Visi\u00f3n general del siliciuro de cerio<\/span><\/h2>\n<p><strong><span style=\"color: #3366ff;\"><a style=\"color: #3366ff;\" href=\"https:\/\/ulpmat.com\/es\/buscar\/?type=formula&#038;keyword=cesi2\">Siliciuro de cerio<\/a> <\/span><\/strong><span style=\"color: #3366ff;\">(CeSi2)<\/span> son materiales inorg\u00e1nicos de alto rendimiento dise\u00f1ados para la investigaci\u00f3n de materiales avanzados y los procesos de deposici\u00f3n de pel\u00edculas finas. Tienen una excelente estabilidad qu\u00edmica, alta pureza y compacidad, lo que ayuda a mejorar la uniformidad y el rendimiento funcional de las pel\u00edculas depositadas. Los gr\u00e1nulos de siliciuro de cerio se utilizan ampliamente en campos punteros como la microelectr\u00f3nica, los materiales termoel\u00e9ctricos y la ingenier\u00eda de superficies.<\/p>\n<p>Podemos suministrar gr\u00e1nulos de siliciuro de cerio con una gran variedad de distribuciones de tama\u00f1o de part\u00edcula, que pueden personalizarse seg\u00fan los requisitos espec\u00edficos de su proceso. Adem\u00e1s, ofrecemos una amplia gama de servicios de asistencia posventa. Si tiene alguna pregunta t\u00e9cnica durante el uso, no dude en <span style=\"color: #3366ff;\"><a style=\"color: #3366ff;\" href=\"https:\/\/ulpmat.com\/es\/contactanos\/\">ponerse en contacto con nosotros<\/a><\/span>.<\/p>\n<h2><span style=\"font-size: 14pt;\">Caracter\u00edsticas del producto<\/span><\/h2>\n<p>CeSi2 de alta pureza: 99,9<br \/>\nDistribuci\u00f3n precisa del tama\u00f1o de las part\u00edculas: adecuado para diversas tecnolog\u00edas de deposici\u00f3n s\u00f3lida o en fase vapor<br \/>\nGran estabilidad: excelente resistencia a la oxidaci\u00f3n y estabilidad t\u00e9rmica<br \/>\nAdaptabilidad a m\u00faltiples campos: materiales electr\u00f3nicos, membranas funcionales, dispositivos termoel\u00e9ctricos, etc.<br \/>\nEmbalaje personalizado<\/p>\n<h2><span style=\"font-size: 14pt;\">Aplicaciones de los gr\u00e1nulos de siliciuro de cerio<\/span><\/h2>\n<p>Dispositivos microelectr\u00f3nicos: utilizados como material fuente de Ce en estructuras de contacto de siliciuro met\u00e1lico para mejorar la estabilidad de los dispositivos<br \/>\nMateriales termoel\u00e9ctricos: utilizados para la generaci\u00f3n de energ\u00eda termoel\u00e9ctrica de alta temperatura o elementos de refrigeraci\u00f3n, proporcionando un excelente rendimiento termoel\u00e9ctrico<br \/>\nRevestimiento de superficies: formaci\u00f3n de revestimientos resistentes a la corrosi\u00f3n y a las altas temperaturas en ingenier\u00eda de superficies especiales<br \/>\nCampo de investigaci\u00f3n: se utilizan como materias primas experimentales para explorar las propiedades el\u00e9ctricas y magn\u00e9ticas de los compuestos intermet\u00e1licos de metales de tierras raras<\/p>\n<h2><span style=\"font-size: 14pt;\">Informes<\/span><\/h2>\n<p>Proporcionamos certificados de an\u00e1lisis (COA), hojas de datos de seguridad de materiales (MSDS) y otros informes relevantes para cada lote de productos. Adem\u00e1s, tambi\u00e9n apoyamos las pruebas de terceros para mejorar la garant\u00eda de calidad.<\/p>\n<p>\u00bfPor qu\u00e9 elegirnos?<\/p>\n<p>Como <strong>proveedor de<\/strong> confianza <strong>de siliciuro de cerio (CeSi2<\/strong>), proporcionamos material de alta pureza con tama\u00f1o de part\u00edcula uniforme, excelentes propiedades t\u00e9rmicas y el\u00e9ctricas, y calidad consistente. Con especificaciones personalizables, un estricto control de calidad y una entrega global fiable, ofrecemos soluciones fiables para materiales avanzados, electr\u00f3nica y aplicaciones de investigaci\u00f3n.<\/p>\n","protected":false},"excerpt":{"rendered":"<p>Visi\u00f3n general del siliciuro de cerio Siliciuro de cerio (CeSi2) son materiales inorg\u00e1nicos de alto rendimiento dise\u00f1ados para la investigaci\u00f3n de materiales avanzados y los procesos de deposici\u00f3n de pel\u00edculas finas. Tienen una excelente estabilidad qu\u00edmica, alta pureza y compacidad, lo que ayuda a mejorar la uniformidad y el rendimiento funcional de las pel\u00edculas depositadas. [&hellip;]<\/p>\n","protected":false},"featured_media":5707,"template":"","meta":{"_acf_changed":false},"product_brand":[132],"product_cat":[340],"product_tag":[447],"class_list":{"0":"post-11672","1":"product","2":"type-product","3":"status-publish","4":"has-post-thumbnail","6":"product_brand-ulpmat","7":"product_cat-materiales-de-evaporacion","8":"product_tag-materiales-de-tierras-raras","10":"first","11":"instock","12":"shipping-taxable","13":"product-type-variable"},"acf":[],"_links":{"self":[{"href":"https:\/\/ulpmat.com\/es\/wp-json\/wp\/v2\/product\/11672","targetHints":{"allow":["GET"]}}],"collection":[{"href":"https:\/\/ulpmat.com\/es\/wp-json\/wp\/v2\/product"}],"about":[{"href":"https:\/\/ulpmat.com\/es\/wp-json\/wp\/v2\/types\/product"}],"wp:featuredmedia":[{"embeddable":true,"href":"https:\/\/ulpmat.com\/es\/wp-json\/wp\/v2\/media\/5707"}],"wp:attachment":[{"href":"https:\/\/ulpmat.com\/es\/wp-json\/wp\/v2\/media?parent=11672"}],"wp:term":[{"taxonomy":"product_brand","embeddable":true,"href":"https:\/\/ulpmat.com\/es\/wp-json\/wp\/v2\/product_brand?post=11672"},{"taxonomy":"product_cat","embeddable":true,"href":"https:\/\/ulpmat.com\/es\/wp-json\/wp\/v2\/product_cat?post=11672"},{"taxonomy":"product_tag","embeddable":true,"href":"https:\/\/ulpmat.com\/es\/wp-json\/wp\/v2\/product_tag?post=11672"}],"curies":[{"name":"wp","href":"https:\/\/api.w.org\/{rel}","templated":true}]}}