{"id":11624,"date":"2025-07-18T17:15:11","date_gmt":"2025-07-18T09:15:11","guid":{"rendered":"https:\/\/ulpmat.com\/product\/praseodimio-metal\/"},"modified":"2025-07-18T17:15:11","modified_gmt":"2025-07-18T09:15:11","slug":"praseodimio-metal","status":"publish","type":"product","link":"https:\/\/ulpmat.com\/es\/producto\/praseodimio-metal\/","title":{"rendered":"Praseodimio Metal"},"content":{"rendered":"<h2><span style=\"font-size: 14pt;\">Visi\u00f3n general de los c\u00e1todos para sputtering de praseodimio<\/span><\/h2>\n<p><strong><span style=\"color: #3366ff;\"><a style=\"color: #3366ff;\" href=\"https:\/\/ulpmat.com\/es\/buscar\/?type=element&#038;keyword=Pr\">Praseodimio<\/a><\/span><\/strong> Son materiales de alto rendimiento dise\u00f1ados para procesos de deposici\u00f3n de pel\u00edculas finas de alta precisi\u00f3n. Con una pureza del 99,5%, presentan una excelente densidad y estructura uniforme, lo que garantiza la formaci\u00f3n de pel\u00edculas densas y uniformes durante el proceso de sputtering, con una excelente adherencia y un contenido de impurezas extremadamente bajo, garantizando as\u00ed la estabilidad y funcionalidad de la capa de pel\u00edcula.<\/p>\n<p>Ofrecemos c\u00e1todos de praseodimio para sputtering de diversos tama\u00f1os y formas, incluidos redondos y rectangulares, que pueden adaptarse a sus necesidades espec\u00edficas. Nuestro completo equipo de servicio posventa est\u00e1 siempre a su disposici\u00f3n para ofrecerle asistencia t\u00e9cnica y ayudarle a que su proceso de producci\u00f3n se desarrolle sin problemas. No dude en <span style=\"color: #3366ff;\"><a style=\"color: #3366ff;\" href=\"https:\/\/ulpmat.com\/es\/contactanos\/\">ponerse en contacto con nosotros<\/a><\/span>.<\/p>\n<h2><span style=\"font-size: 14pt;\">Productos destacados<\/span><\/h2>\n<p>Pureza: 99,5%, el bajo contenido de impurezas garantiza el rendimiento del material<br \/>\nAlta densidad, que garantiza una deposici\u00f3n uniforme y estable de la pel\u00edcula<br \/>\nTama\u00f1o y forma personalizables, flexible para adaptarse a diversos requisitos de proceso<br \/>\nPosibilidad de servicio de adhesi\u00f3n de objetivos<\/p>\n<h2><span style=\"font-size: 14pt;\">Aplicaciones de los c\u00e1todos de praseodimio para sputtering<\/span><\/h2>\n<p>Materiales magn\u00e9ticos: ampliamente utilizado en materiales magn\u00e9ticos permanentes de tierras raras y preparaci\u00f3n de pel\u00edculas magn\u00e9ticas de alto rendimiento<br \/>\nDispositivos electr\u00f3nicos: pel\u00edculas funcionales utilizadas en semiconductores y dispositivos emisores de luz<br \/>\nRecubrimientos \u00f3pticos: proporciona recubrimientos funcionales de alto rendimiento para componentes \u00f3pticos<br \/>\nNuevo campo energ\u00e9tico: se utiliza en la preparaci\u00f3n de dispositivos de almacenamiento de energ\u00eda y materiales avanzados para bater\u00edas<\/p>\n<h2><span style=\"font-size: 14pt;\">Informes<\/span><\/h2>\n<p>Proporcionamos certificados de an\u00e1lisis (COA) detallados, hojas de datos de seguridad de materiales (MSDS) y otros informes de calidad relevantes para cada lote de c\u00e1todos para sputtering de praseodimio met\u00e1lico. Adem\u00e1s, apoyamos las pruebas de terceros para garantizar una calidad del producto estable y fiable.<\/p>\n","protected":false},"excerpt":{"rendered":"<p>Visi\u00f3n general de los c\u00e1todos para sputtering de praseodimio Praseodimio Son materiales de alto rendimiento dise\u00f1ados para procesos de deposici\u00f3n de pel\u00edculas finas de alta precisi\u00f3n. Con una pureza del 99,5%, presentan una excelente densidad y estructura uniforme, lo que garantiza la formaci\u00f3n de pel\u00edculas densas y uniformes durante el proceso de sputtering, con una [&hellip;]<\/p>\n","protected":false},"featured_media":7033,"template":"","meta":{"_acf_changed":false},"product_brand":[132],"product_cat":[309],"product_tag":[447,847],"class_list":{"0":"post-11624","1":"product","2":"type-product","3":"status-publish","4":"has-post-thumbnail","6":"product_brand-ulpmat","7":"product_cat-blanco-metalico-para-sputtering","8":"product_tag-materiales-de-tierras-raras","9":"product_tag-praseodimio-metal","11":"first","12":"instock","13":"shipping-taxable","14":"product-type-variable"},"acf":[],"_links":{"self":[{"href":"https:\/\/ulpmat.com\/es\/wp-json\/wp\/v2\/product\/11624","targetHints":{"allow":["GET"]}}],"collection":[{"href":"https:\/\/ulpmat.com\/es\/wp-json\/wp\/v2\/product"}],"about":[{"href":"https:\/\/ulpmat.com\/es\/wp-json\/wp\/v2\/types\/product"}],"wp:featuredmedia":[{"embeddable":true,"href":"https:\/\/ulpmat.com\/es\/wp-json\/wp\/v2\/media\/7033"}],"wp:attachment":[{"href":"https:\/\/ulpmat.com\/es\/wp-json\/wp\/v2\/media?parent=11624"}],"wp:term":[{"taxonomy":"product_brand","embeddable":true,"href":"https:\/\/ulpmat.com\/es\/wp-json\/wp\/v2\/product_brand?post=11624"},{"taxonomy":"product_cat","embeddable":true,"href":"https:\/\/ulpmat.com\/es\/wp-json\/wp\/v2\/product_cat?post=11624"},{"taxonomy":"product_tag","embeddable":true,"href":"https:\/\/ulpmat.com\/es\/wp-json\/wp\/v2\/product_tag?post=11624"}],"curies":[{"name":"wp","href":"https:\/\/api.w.org\/{rel}","templated":true}]}}