{"id":11611,"date":"2025-07-18T17:15:11","date_gmt":"2025-07-18T09:15:11","guid":{"rendered":"https:\/\/ulpmat.com\/product\/acetato-de-praseodimio\/"},"modified":"2025-07-18T17:15:11","modified_gmt":"2025-07-18T09:15:11","slug":"acetato-de-praseodimio","status":"publish","type":"product","link":"https:\/\/ulpmat.com\/es\/producto\/acetato-de-praseodimio\/","title":{"rendered":"Acetato de praseodimio"},"content":{"rendered":"<h2><span style=\"font-size: 14pt;\">Visi\u00f3n general del acetato de praseodimio<\/span><\/h2>\n<p><strong><span style=\"color: #3366ff;\"><a style=\"color: #3366ff;\" href=\"https:\/\/ulpmat.com\/es\/buscar\/?type=name&#038;keyword=Praseodymium+Acetate\">El acetato de praseodimio (PrC6H9O6)<\/a><\/span><\/strong> en polvo es un compuesto de tierras raras de gran pureza y calidad, dise\u00f1ado para la investigaci\u00f3n cient\u00edfica y las aplicaciones industriales, que garantiza la eficacia y estabilidad de sus procesos de desarrollo y producci\u00f3n de materiales.<\/p>\n<p>Proporcionamos <strong>polvo de acetato de praseodimio al 99,9%<\/strong> con part\u00edculas uniformes y buena solubilidad, adecuado para una gran variedad de s\u00edntesis qu\u00edmicas y preparaciones de materiales funcionales. El embalaje del producto es diverso y puede personalizarse seg\u00fan las necesidades del cliente. Al mismo tiempo, est\u00e1 equipado con un completo servicio de asistencia posventa para que usted no tenga ninguna preocupaci\u00f3n.<\/p>\n<h2><span style=\"font-size: 14pt;\">Productos destacados<\/span><\/h2>\n<p>99.9% de pureza, contenido de impurezas extremadamente bajo<br \/>\nBuena solubilidad, apto para diversos sistemas de disolventes<br \/>\nEspecificaciones de envasado flexibles para satisfacer diferentes necesidades<\/p>\n<h2><span style=\"font-size: 14pt;\">Aplicaciones del acetato de praseodimio en polvo<\/span><\/h2>\n<p>Preparaci\u00f3n de materiales funcionales: como dopante de tierras raras para materiales \u00f3pticos, magn\u00e9ticos y catal\u00edticos<br \/>\nS\u00edntesis qu\u00edmica: El PrC6H9O6 se utiliza para preparar complejos de tierras raras y nuevos materiales<br \/>\nIndustria electr\u00f3nica: desempe\u00f1a un papel clave en la cer\u00e1mica electr\u00f3nica y los materiales de capa fina<br \/>\nMedio ambiente y cat\u00e1lisis: se utiliza para la s\u00edntesis y modificaci\u00f3n de catalizadores respetuosos con el medio ambiente<\/p>\n<h2><span style=\"font-size: 14pt;\">Informes<\/span><\/h2>\n<p>Proporcionamos certificados de an\u00e1lisis (COA), hojas de datos de seguridad de materiales (MSDS) y otros informes relevantes para cada lote de productos. Adem\u00e1s, tambi\u00e9n apoyamos las pruebas de terceros para mejorar la garant\u00eda de calidad.<\/p>\n","protected":false},"excerpt":{"rendered":"<p>Visi\u00f3n general del acetato de praseodimio El acetato de praseodimio (PrC6H9O6) en polvo es un compuesto de tierras raras de gran pureza y calidad, dise\u00f1ado para la investigaci\u00f3n cient\u00edfica y las aplicaciones industriales, que garantiza la eficacia y estabilidad de sus procesos de desarrollo y producci\u00f3n de materiales. Proporcionamos polvo de acetato de praseodimio al [&hellip;]<\/p>\n","protected":false},"featured_media":5713,"template":"","meta":{"_acf_changed":false},"product_brand":[132],"product_cat":[331],"product_tag":[841,447],"class_list":{"0":"post-11611","1":"product","2":"type-product","3":"status-publish","4":"has-post-thumbnail","6":"product_brand-ulpmat","7":"product_cat-materiales-de-tierras-raras","8":"product_tag-acetato-de-praseodimio","9":"product_tag-materiales-de-tierras-raras","11":"first","12":"instock","13":"shipping-taxable","14":"product-type-variable"},"acf":[],"_links":{"self":[{"href":"https:\/\/ulpmat.com\/es\/wp-json\/wp\/v2\/product\/11611","targetHints":{"allow":["GET"]}}],"collection":[{"href":"https:\/\/ulpmat.com\/es\/wp-json\/wp\/v2\/product"}],"about":[{"href":"https:\/\/ulpmat.com\/es\/wp-json\/wp\/v2\/types\/product"}],"wp:featuredmedia":[{"embeddable":true,"href":"https:\/\/ulpmat.com\/es\/wp-json\/wp\/v2\/media\/5713"}],"wp:attachment":[{"href":"https:\/\/ulpmat.com\/es\/wp-json\/wp\/v2\/media?parent=11611"}],"wp:term":[{"taxonomy":"product_brand","embeddable":true,"href":"https:\/\/ulpmat.com\/es\/wp-json\/wp\/v2\/product_brand?post=11611"},{"taxonomy":"product_cat","embeddable":true,"href":"https:\/\/ulpmat.com\/es\/wp-json\/wp\/v2\/product_cat?post=11611"},{"taxonomy":"product_tag","embeddable":true,"href":"https:\/\/ulpmat.com\/es\/wp-json\/wp\/v2\/product_tag?post=11611"}],"curies":[{"name":"wp","href":"https:\/\/api.w.org\/{rel}","templated":true}]}}