{"id":11599,"date":"2025-07-18T17:15:11","date_gmt":"2025-07-18T09:15:11","guid":{"rendered":"https:\/\/ulpmat.com\/product\/oxido-de-praseodimio\/"},"modified":"2025-07-18T17:15:11","modified_gmt":"2025-07-18T09:15:11","slug":"oxido-de-praseodimio","status":"publish","type":"product","link":"https:\/\/ulpmat.com\/es\/producto\/oxido-de-praseodimio\/","title":{"rendered":"\u00d3xido de praseodimio"},"content":{"rendered":"<h2><span style=\"font-size: 14pt;\">\u00d3xido de praseodimio<\/span><\/h2>\n<p><strong><span style=\"color: #3366ff;\"><a style=\"color: #3366ff;\" href=\"https:\/\/ulpmat.com\/es\/buscar\/?type=element&#038;keyword=Pr%2CO\">\u00d3xido de praseodimio<\/a><\/span><\/strong> (Pr6O11) en polvo es un producto de \u00f3xido de tierras raras dise\u00f1ado para aplicaciones de materiales de alto rendimiento. Tiene una pureza del 99,5%, part\u00edculas uniformes y finas, buena estabilidad qu\u00edmica y estabilidad t\u00e9rmica, y puede cumplir los estrictos requisitos de la cer\u00e1mica avanzada, los catalizadores y los materiales optoelectr\u00f3nicos.<\/p>\n<p>Suministramos <strong>polvos de \u00f3xido de praseodimio de alta pureza<\/strong> con diferentes tama\u00f1os de part\u00edcula, y podemos personalizar el envasado y las especificaciones seg\u00fan las necesidades del cliente. Al mismo tiempo, estamos equipados con servicios completos de asistencia posventa para garantizar que los clientes reciban orientaci\u00f3n t\u00e9cnica profesional y soluciones durante el uso.<\/p>\n<h2><span style=\"font-size: 14pt;\">Productos destacados<\/span><\/h2>\n<p>Pureza: 99,5%, el bajo contenido de impurezas garantiza el rendimiento del material<br \/>\nPart\u00edculas uniformes, excelente dispersabilidad<br \/>\nExcelente estabilidad t\u00e9rmica y qu\u00edmica, apto para procesos a alta temperatura<br \/>\nEnvase personalizable<\/p>\n<h2><span style=\"font-size: 14pt;\">Aplicaciones del polvo de \u00f3xido de praseodimio<\/span><\/h2>\n<p>Catalizadores: materiales importantes para la purificaci\u00f3n de gases de escape de autom\u00f3viles y la cat\u00e1lisis qu\u00edmica<br \/>\nMateriales optoelectr\u00f3nicos: utilizados en la fabricaci\u00f3n de f\u00f3sforos y dispositivos luminiscentes<br \/>\nCer\u00e1micas funcionales: utilizadas para fabricar cer\u00e1micas electr\u00f3nicas de alto rendimiento y materiales magn\u00e9ticos<br \/>\nMateriales medioambientales: utilizados en la tecnolog\u00eda de tratamiento y depuraci\u00f3n de gases de escape<\/p>\n<h2><span style=\"font-size: 14pt;\">Informes<\/span><\/h2>\n<p>Proporcionamos certificados de an\u00e1lisis (COA) detallados, hojas de datos de seguridad de materiales (MSDS) y otros informes de pruebas necesarios para cada lote de polvo de \u00f3xido de praseodimio. Al mismo tiempo, apoyamos la inspecci\u00f3n de calidad por parte de terceros para garantizar la calidad estable del producto y un rendimiento fiable.<\/p>\n","protected":false},"excerpt":{"rendered":"<p>\u00d3xido de praseodimio \u00d3xido de praseodimio (Pr6O11) en polvo es un producto de \u00f3xido de tierras raras dise\u00f1ado para aplicaciones de materiales de alto rendimiento. Tiene una pureza del 99,5%, part\u00edculas uniformes y finas, buena estabilidad qu\u00edmica y estabilidad t\u00e9rmica, y puede cumplir los estrictos requisitos de la cer\u00e1mica avanzada, los catalizadores y los materiales [&hellip;]<\/p>\n","protected":false},"featured_media":5719,"template":"","meta":{"_acf_changed":false},"product_brand":[132],"product_cat":[331,438],"product_tag":[447,835],"class_list":{"0":"post-11599","1":"product","2":"type-product","3":"status-publish","4":"has-post-thumbnail","6":"product_brand-ulpmat","7":"product_cat-materiales-de-tierras-raras","8":"product_cat-oxidos","9":"product_tag-materiales-de-tierras-raras","10":"product_tag-oxido-de-praseodimio","12":"first","13":"instock","14":"shipping-taxable","15":"product-type-variable"},"acf":[],"_links":{"self":[{"href":"https:\/\/ulpmat.com\/es\/wp-json\/wp\/v2\/product\/11599","targetHints":{"allow":["GET"]}}],"collection":[{"href":"https:\/\/ulpmat.com\/es\/wp-json\/wp\/v2\/product"}],"about":[{"href":"https:\/\/ulpmat.com\/es\/wp-json\/wp\/v2\/types\/product"}],"wp:featuredmedia":[{"embeddable":true,"href":"https:\/\/ulpmat.com\/es\/wp-json\/wp\/v2\/media\/5719"}],"wp:attachment":[{"href":"https:\/\/ulpmat.com\/es\/wp-json\/wp\/v2\/media?parent=11599"}],"wp:term":[{"taxonomy":"product_brand","embeddable":true,"href":"https:\/\/ulpmat.com\/es\/wp-json\/wp\/v2\/product_brand?post=11599"},{"taxonomy":"product_cat","embeddable":true,"href":"https:\/\/ulpmat.com\/es\/wp-json\/wp\/v2\/product_cat?post=11599"},{"taxonomy":"product_tag","embeddable":true,"href":"https:\/\/ulpmat.com\/es\/wp-json\/wp\/v2\/product_tag?post=11599"}],"curies":[{"name":"wp","href":"https:\/\/api.w.org\/{rel}","templated":true}]}}