{"id":11580,"date":"2025-07-18T17:15:11","date_gmt":"2025-07-18T09:15:11","guid":{"rendered":"https:\/\/ulpmat.com\/product\/cloruro-de-praseodimio-hexahidratado\/"},"modified":"2025-07-18T17:15:11","modified_gmt":"2025-07-18T09:15:11","slug":"cloruro-de-praseodimio-hexahidratado","status":"publish","type":"product","link":"https:\/\/ulpmat.com\/es\/producto\/cloruro-de-praseodimio-hexahidratado\/","title":{"rendered":"Cloruro de praseodimio hexahidratado"},"content":{"rendered":"<h2><span style=\"font-size: 14pt;\">Visi\u00f3n general del cloruro de praseodimio hexahidratado<\/span><\/h2>\n<p><strong><span style=\"color: #3366ff;\"><a style=\"color: #3366ff;\" href=\"https:\/\/ulpmat.com\/es\/buscar\/?type=element&#038;keyword=Pr%2CCl\">Cloruro de praseodimio<\/a><\/span><\/strong> Hexahidrato en polvo es un material de gran pureza dise\u00f1ado para aplicaciones industriales y de investigaci\u00f3n cient\u00edfica de alto nivel. Su pureza puede alcanzar el 99,9%, con buena cristalinidad y distribuci\u00f3n uniforme del tama\u00f1o de las part\u00edculas, lo que garantiza un rendimiento estable y fiable en diversas aplicaciones.<\/p>\n<p>Suministramos cloruro de praseodimio hexahidratado en polvo de gran pureza para satisfacer diferentes necesidades, y podemos personalizar el embalaje y las especificaciones seg\u00fan los requisitos del cliente. El equipo t\u00e9cnico profesional est\u00e1 siempre a su disposici\u00f3n para ofrecerle asistencia posventa y resolver cualquier problema que le surja durante el uso.<\/p>\n<h2><span style=\"font-size: 14pt;\">Caracter\u00edsticas del producto<\/span><\/h2>\n<p>Pureza del 99,9%, que garantiza la pureza y el rendimiento del material<br \/>\nPropiedades qu\u00edmicas estables, adecuadas para una gran variedad de s\u00edntesis qu\u00edmicas y requisitos de proceso<br \/>\nLas especificaciones de envasado y las cantidades pueden personalizarse seg\u00fan las necesidades del cliente<\/p>\n<h2><span style=\"font-size: 14pt;\">Aplicaciones del cloruro de praseodimio hexahidratado en polvo<\/span><\/h2>\n<p>Preparaci\u00f3n de catalizadores: Como componente importante de las tierras raras, mejora la eficacia y la estabilidad catal\u00edticas.<br \/>\nMateriales \u00f3pticos: Se utiliza en la s\u00edntesis de f\u00f3sforos y materiales l\u00e1ser, proporcionando excelentes propiedades \u00f3pticas.<br \/>\nIndustria electr\u00f3nica: Se utiliza para fabricar componentes electr\u00f3nicos de alto rendimiento y materiales magn\u00e9ticos.<br \/>\nReactivos anal\u00edticos: Su gran pureza satisface las necesidades del an\u00e1lisis qu\u00edmico y la investigaci\u00f3n de laboratorio.<\/p>\n<h2><span style=\"font-size: 14pt;\">Informes<\/span><\/h2>\n<p>Proporcionamos certificados de an\u00e1lisis (COA), hojas de datos de seguridad de materiales (MSDS) y otros informes relevantes para cada env\u00edo. Adem\u00e1s, tambi\u00e9n apoyamos las pruebas de terceros para una mayor garant\u00eda de calidad.<\/p>\n","protected":false},"excerpt":{"rendered":"<p>Visi\u00f3n general del cloruro de praseodimio hexahidratado Cloruro de praseodimio Hexahidrato en polvo es un material de gran pureza dise\u00f1ado para aplicaciones industriales y de investigaci\u00f3n cient\u00edfica de alto nivel. Su pureza puede alcanzar el 99,9%, con buena cristalinidad y distribuci\u00f3n uniforme del tama\u00f1o de las part\u00edculas, lo que garantiza un rendimiento estable y fiable [&hellip;]<\/p>\n","protected":false},"featured_media":5731,"template":"","meta":{"_acf_changed":false},"product_brand":[132],"product_cat":[331,330],"product_tag":[823,447],"class_list":{"0":"post-11580","1":"product","2":"type-product","3":"status-publish","4":"has-post-thumbnail","6":"product_brand-ulpmat","7":"product_cat-materiales-de-tierras-raras","8":"product_cat-materiales-halogenados","9":"product_tag-cloruro-de-praseodimio-hexahidratado","10":"product_tag-materiales-de-tierras-raras","12":"first","13":"instock","14":"shipping-taxable","15":"product-type-variable"},"acf":[],"_links":{"self":[{"href":"https:\/\/ulpmat.com\/es\/wp-json\/wp\/v2\/product\/11580","targetHints":{"allow":["GET"]}}],"collection":[{"href":"https:\/\/ulpmat.com\/es\/wp-json\/wp\/v2\/product"}],"about":[{"href":"https:\/\/ulpmat.com\/es\/wp-json\/wp\/v2\/types\/product"}],"wp:featuredmedia":[{"embeddable":true,"href":"https:\/\/ulpmat.com\/es\/wp-json\/wp\/v2\/media\/5731"}],"wp:attachment":[{"href":"https:\/\/ulpmat.com\/es\/wp-json\/wp\/v2\/media?parent=11580"}],"wp:term":[{"taxonomy":"product_brand","embeddable":true,"href":"https:\/\/ulpmat.com\/es\/wp-json\/wp\/v2\/product_brand?post=11580"},{"taxonomy":"product_cat","embeddable":true,"href":"https:\/\/ulpmat.com\/es\/wp-json\/wp\/v2\/product_cat?post=11580"},{"taxonomy":"product_tag","embeddable":true,"href":"https:\/\/ulpmat.com\/es\/wp-json\/wp\/v2\/product_tag?post=11580"}],"curies":[{"name":"wp","href":"https:\/\/api.w.org\/{rel}","templated":true}]}}