{"id":11510,"date":"2025-07-18T17:15:12","date_gmt":"2025-07-18T09:15:12","guid":{"rendered":"https:\/\/ulpmat.com\/product\/iman-de-neodimio-nib\/"},"modified":"2025-07-18T17:15:12","modified_gmt":"2025-07-18T09:15:12","slug":"iman-de-neodimio-nib","status":"publish","type":"product","link":"https:\/\/ulpmat.com\/es\/producto\/iman-de-neodimio-nib\/","title":{"rendered":"Im\u00e1n de neodimio (NIB)"},"content":{"rendered":"<h2><span style=\"font-size: 14pt;\">Im\u00e1n de neodimio (NIB) Descripci\u00f3n general<\/span><\/h2>\n<p><strong><span style=\"color: #3366ff;\"><a style=\"color: #3366ff;\" href=\"https:\/\/ulpmat.com\/es\/buscar\/?type=name&#038;keyword=nib\">Im\u00e1n de neodimio (NIB)<\/a><\/span><\/strong> son materiales funcionales dise\u00f1ados para aplicaciones de pel\u00edculas magn\u00e9ticas de alto rendimiento, con excelentes propiedades magn\u00e9ticas y estabilidad estructural. Al controlar estrictamente la pureza de las materias primas y la densidad de sinterizaci\u00f3n, nuestros imanes de neodimio (NIB) pueden lograr una deposici\u00f3n uniforme, una fuerte adherencia y un excelente rendimiento de anisotrop\u00eda magn\u00e9tica.<\/p>\n<p>Proporcionamos c\u00e1todos para sputtering de imanes de neodimio (NIB) de alta pureza en una variedad de especificaciones y formas, incluyendo redondos, rectangulares y estructuras personalizadas, para adaptarse a diferentes equipos de revestimiento y requisitos de proceso. Al mismo tiempo, tambi\u00e9n proporcionamos soporte t\u00e9cnico profesional y servicio postventa para ayudarle a llevar a cabo la investigaci\u00f3n o la producci\u00f3n de manera eficiente. No dude en <span style=\"color: #3366ff;\"><a style=\"color: #3366ff;\" href=\"https:\/\/ulpmat.com\/es\/contactanos\/\">ponerse en contacto con nosotros<\/a><\/span>.<\/p>\n<h2><span style=\"font-size: 14pt;\">Productos destacados<\/span><\/h2>\n<p>Alta pureza que garantiza propiedades magn\u00e9ticas estables de las pel\u00edculas finas<br \/>\nBlanco de alta densidad, mejora la eficiencia del sputtering y la consistencia de la pel\u00edcula<br \/>\nServicio de uni\u00f3n de c\u00e1todos disponible<br \/>\nEl tama\u00f1o y la posici\u00f3n del orificio de montaje se pueden personalizar seg\u00fan las necesidades<\/p>\n<h2><span style=\"font-size: 14pt;\">Aplicaciones de los c\u00e1todos para sputtering de imanes de neodimio (NIB)<\/span><\/h2>\n<p>Electr\u00f3nica de esp\u00edn: Adecuado para capas funcionales en dispositivos como MRAM y uniones de t\u00fanel magn\u00e9tico, proporcionando un excelente rendimiento de hist\u00e9resis y estabilidad t\u00e9rmica.<br \/>\nSensores magn\u00e9ticos: El Nd2Fe14B se utiliza en la preparaci\u00f3n de sensores GMR o TMR para lograr una detecci\u00f3n de campos magn\u00e9ticos de alta sensibilidad.<br \/>\nAlmacenamiento de datos: Como cabezales de disco duro o pel\u00edculas micromagn\u00e9ticas, ofrece soluciones para la grabaci\u00f3n de alta densidad.<br \/>\nSistemas microelectromec\u00e1nicos (MEMS): Se utiliza para preparar capas magn\u00e9ticas en microestructuras como actuadores micromagn\u00e9ticos y elementos de suspensi\u00f3n magn\u00e9ticos.<\/p>\n<h2><span style=\"font-size: 14pt;\">Informes<\/span><\/h2>\n<p>Proporcionamos certificados de an\u00e1lisis (COA), hojas de datos de seguridad de materiales (MSDS) y otros informes relevantes para cada lote de productos. Adem\u00e1s, tambi\u00e9n apoyamos las pruebas de terceros para mejorar la garant\u00eda de calidad.<\/p>\n","protected":false},"excerpt":{"rendered":"<p>Im\u00e1n de neodimio (NIB) Descripci\u00f3n general Im\u00e1n de neodimio (NIB) son materiales funcionales dise\u00f1ados para aplicaciones de pel\u00edculas magn\u00e9ticas de alto rendimiento, con excelentes propiedades magn\u00e9ticas y estabilidad estructural. Al controlar estrictamente la pureza de las materias primas y la densidad de sinterizaci\u00f3n, nuestros imanes de neodimio (NIB) pueden lograr una deposici\u00f3n uniforme, una fuerte [&hellip;]<\/p>\n","protected":false},"featured_media":5755,"template":"","meta":{"_acf_changed":false},"product_brand":[132],"product_cat":[457],"product_tag":[805,447],"class_list":{"0":"post-11510","1":"product","2":"type-product","3":"status-publish","4":"has-post-thumbnail","6":"product_brand-ulpmat","7":"product_cat-blanco-ceramico-para-sputtering","8":"product_tag-iman-de-neodimio-nib","9":"product_tag-materiales-de-tierras-raras","11":"first","12":"instock","13":"shipping-taxable","14":"product-type-variable"},"acf":[],"_links":{"self":[{"href":"https:\/\/ulpmat.com\/es\/wp-json\/wp\/v2\/product\/11510","targetHints":{"allow":["GET"]}}],"collection":[{"href":"https:\/\/ulpmat.com\/es\/wp-json\/wp\/v2\/product"}],"about":[{"href":"https:\/\/ulpmat.com\/es\/wp-json\/wp\/v2\/types\/product"}],"wp:featuredmedia":[{"embeddable":true,"href":"https:\/\/ulpmat.com\/es\/wp-json\/wp\/v2\/media\/5755"}],"wp:attachment":[{"href":"https:\/\/ulpmat.com\/es\/wp-json\/wp\/v2\/media?parent=11510"}],"wp:term":[{"taxonomy":"product_brand","embeddable":true,"href":"https:\/\/ulpmat.com\/es\/wp-json\/wp\/v2\/product_brand?post=11510"},{"taxonomy":"product_cat","embeddable":true,"href":"https:\/\/ulpmat.com\/es\/wp-json\/wp\/v2\/product_cat?post=11510"},{"taxonomy":"product_tag","embeddable":true,"href":"https:\/\/ulpmat.com\/es\/wp-json\/wp\/v2\/product_tag?post=11510"}],"curies":[{"name":"wp","href":"https:\/\/api.w.org\/{rel}","templated":true}]}}