{"id":11457,"date":"2025-07-18T17:15:12","date_gmt":"2025-07-18T09:15:12","guid":{"rendered":"https:\/\/ulpmat.com\/product\/oxido-de-neodimio\/"},"modified":"2025-07-18T17:15:12","modified_gmt":"2025-07-18T09:15:12","slug":"oxido-de-neodimio","status":"publish","type":"product","link":"https:\/\/ulpmat.com\/es\/producto\/oxido-de-neodimio\/","title":{"rendered":"\u00d3xido de neodimio"},"content":{"rendered":"<h2><span style=\"font-size: 14pt;\">\u00d3xido de neodimio<\/span><\/h2>\n<p><strong><span style=\"color: #3366ff;\"><a style=\"color: #3366ff;\" href=\"https:\/\/ulpmat.com\/es\/buscar\/?type=element&#038;keyword=Nd%2CO\">\u00d3xido de neodimio<\/a><\/span><\/strong> Los c\u00e1todos para sputtering son materiales de alto rendimiento dise\u00f1ados para procesos de deposici\u00f3n de pel\u00edculas finas de alta precisi\u00f3n. Con una pureza del 99,95%, tienen una densidad y uniformidad excelentes, lo que garantiza una adhesi\u00f3n uniforme y fuerte de las pel\u00edculas depositadas, al tiempo que tienen un contenido de impurezas extremadamente bajo, cumpliendo los estrictos requisitos de los procesos de fabricaci\u00f3n avanzados.<\/p>\n<p>Ofrecemos <strong>c\u00e1todos para sputtering de \u00f3xido de neodimio (Nd2O3) de alta pureza<\/strong> en una gran variedad de formas y tama\u00f1os, incluidos redondos y rectangulares, y pueden personalizarse para satisfacer los requisitos de proceso espec\u00edficos de nuestros clientes. Nuestro equipo de profesionales le ofrece una amplia gama de servicios postventa para garantizar un proceso de producci\u00f3n sin problemas ni preocupaciones.<\/p>\n<h2><span style=\"font-size: 14pt;\">Productos destacados<\/span><\/h2>\n<p>Pureza del 99,95% para garantizar la estabilidad del material y la calidad de la pel\u00edcula<br \/>\nAlta densidad para garantizar una deposici\u00f3n uniforme de la pel\u00edcula y un excelente rendimiento de adhesi\u00f3n<br \/>\nTama\u00f1o y forma personalizables para satisfacer diversos requisitos de proceso<br \/>\nServicios de adhesi\u00f3n disponibles<\/p>\n<h2><span style=\"font-size: 14pt;\">Aplicaciones de los c\u00e1todos para sputtering de \u00f3xido de neodimio<\/span><\/h2>\n<p>Semiconductores: se utilizan para preparar pel\u00edculas funcionales de alto rendimiento para mejorar la estabilidad y el rendimiento de los dispositivos electr\u00f3nicos<br \/>\nPantallas: como materiales emisores de luz y de atenuaci\u00f3n, ampliamente utilizados en las tecnolog\u00edas de pantallas LCD y OLED<br \/>\nFotovoltaica: se utilizan como pel\u00edculas funcionales en la fabricaci\u00f3n de c\u00e9lulas solares para mejorar la eficiencia de conversi\u00f3n y la durabilidad<br \/>\nRecubrimientos \u00f3pticos: proporcionan protecci\u00f3n de alta calidad y recubrimientos funcionales para lentes, reflectores y componentes \u00f3pticos<\/p>\n<h2><span style=\"font-size: 14pt;\">Informes<\/span><\/h2>\n<p>Cada lote de c\u00e1todos para sputtering de \u00f3xido de neodimio (Nd2O3) se suministra con un certificado de an\u00e1lisis (COA) detallado, una hoja de datos de seguridad del material (MSDS) y otros informes de pruebas relevantes. Apoyamos los servicios de pruebas de terceros para garantizar que la calidad del producto siempre cumpla o supere las normas del sector.<\/p>\n","protected":false},"excerpt":{"rendered":"<p>\u00d3xido de neodimio \u00d3xido de neodimio Los c\u00e1todos para sputtering son materiales de alto rendimiento dise\u00f1ados para procesos de deposici\u00f3n de pel\u00edculas finas de alta precisi\u00f3n. Con una pureza del 99,95%, tienen una densidad y uniformidad excelentes, lo que garantiza una adhesi\u00f3n uniforme y fuerte de las pel\u00edculas depositadas, al tiempo que tienen un contenido [&hellip;]<\/p>\n","protected":false},"featured_media":5767,"template":"","meta":{"_acf_changed":false},"product_brand":[132],"product_cat":[457],"product_tag":[447,799],"class_list":{"0":"post-11457","1":"product","2":"type-product","3":"status-publish","4":"has-post-thumbnail","6":"product_brand-ulpmat","7":"product_cat-blanco-ceramico-para-sputtering","8":"product_tag-materiales-de-tierras-raras","9":"product_tag-oxido-de-neodimio","11":"first","12":"instock","13":"shipping-taxable","14":"product-type-variable"},"acf":[],"_links":{"self":[{"href":"https:\/\/ulpmat.com\/es\/wp-json\/wp\/v2\/product\/11457","targetHints":{"allow":["GET"]}}],"collection":[{"href":"https:\/\/ulpmat.com\/es\/wp-json\/wp\/v2\/product"}],"about":[{"href":"https:\/\/ulpmat.com\/es\/wp-json\/wp\/v2\/types\/product"}],"wp:featuredmedia":[{"embeddable":true,"href":"https:\/\/ulpmat.com\/es\/wp-json\/wp\/v2\/media\/5767"}],"wp:attachment":[{"href":"https:\/\/ulpmat.com\/es\/wp-json\/wp\/v2\/media?parent=11457"}],"wp:term":[{"taxonomy":"product_brand","embeddable":true,"href":"https:\/\/ulpmat.com\/es\/wp-json\/wp\/v2\/product_brand?post=11457"},{"taxonomy":"product_cat","embeddable":true,"href":"https:\/\/ulpmat.com\/es\/wp-json\/wp\/v2\/product_cat?post=11457"},{"taxonomy":"product_tag","embeddable":true,"href":"https:\/\/ulpmat.com\/es\/wp-json\/wp\/v2\/product_tag?post=11457"}],"curies":[{"name":"wp","href":"https:\/\/api.w.org\/{rel}","templated":true}]}}