{"id":11420,"date":"2025-07-18T17:15:13","date_gmt":"2025-07-18T09:15:13","guid":{"rendered":"https:\/\/ulpmat.com\/product\/fluoruro-de-neodimio-dfm-2\/"},"modified":"2025-07-18T17:15:13","modified_gmt":"2025-07-18T09:15:13","slug":"fluoruro-de-neodimio-dfm-2","status":"publish","type":"product","link":"https:\/\/ulpmat.com\/es\/producto\/fluoruro-de-neodimio-dfm-2\/","title":{"rendered":"Fluoruro de neodimio (DFM)"},"content":{"rendered":"<h2><span style=\"font-size: 14pt;\">Visi\u00f3n general del fluoruro de neodimio<\/span><\/h2>\n<p><strong><span style=\"color: #3366ff;\"><a style=\"color: #3366ff;\" href=\"https:\/\/ulpmat.com\/es\/buscar\/?type=element&#038;keyword=Nd%2CF\">Fluoruro de neodimio<\/a><\/span><\/strong> est\u00e1n dise\u00f1ados para aplicaciones de materiales \u00f3pticos y electr\u00f3nicos de alto rendimiento. Presentan una excelente pureza y uniformidad granulom\u00e9trica, lo que garantiza un rendimiento estable y fiable en diversos procesos avanzados.<\/p>\n<p>Nuestros gr\u00e1nulos de fluoruro de neodimio tienen una pureza de hasta el 99,99%, excelente estabilidad t\u00e9rmica e inercia qu\u00edmica, y cumplen estrictos requisitos de calidad del material. Disponemos de un servicio posventa perfecto para satisfacer todas sus necesidades de uso. No dude en <span style=\"color: #3366ff;\"><a style=\"color: #3366ff;\" href=\"https:\/\/ulpmat.com\/es\/contactanos\/\">ponerse en contacto con nosotros<\/a><\/span>.<\/p>\n<h2><span style=\"font-size: 14pt;\">Productos destacados<\/span><\/h2>\n<p>Pureza: 99,99<br \/>\nGran estabilidad t\u00e9rmica, adaptable a entornos de proceso de alta temperatura<br \/>\nPropiedades qu\u00edmicas estables, resistencia a la corrosi\u00f3n \u00e1cida y alcalina<br \/>\nEnvasado personalizable<\/p>\n<h2><span style=\"font-size: 14pt;\">Aplicaciones de los gr\u00e1nulos de fluoruro de neodimio<\/span><\/h2>\n<p>Fabricaci\u00f3n de l\u00e1seres: Como componente importante del medio de ganancia l\u00e1ser, mejora la eficacia y la estabilidad del l\u00e1ser.<br \/>\nPel\u00edcula \u00f3ptica: Se utiliza en materiales de revestimiento \u00f3ptico de alto rendimiento para mejorar la transmitancia y la durabilidad.<br \/>\nMateriales magn\u00e9ticos de tierras raras: Precursores clave, mejoran las propiedades magn\u00e9ticas y la estabilidad del material.<br \/>\nCer\u00e1mica electr\u00f3nica: Utilizados en la fabricaci\u00f3n de componentes electr\u00f3nicos avanzados para garantizar el funcionamiento estable y a largo plazo de los equipos.<\/p>\n<h2><span style=\"font-size: 14pt;\">Informes<\/span><\/h2>\n<p>Cada lote de <strong>fluoruro de neodimio (NdF3<\/strong> ) est\u00e1 equipado con un detallado Certificado de An\u00e1lisis (COA), Hoja de Datos de Seguridad del Material (MSDS) e informes de pruebas relacionados. Apoyamos las pruebas de calidad de terceros y las personalizadas por el cliente para garantizar la calidad del producto.<\/p>\n","protected":false},"excerpt":{"rendered":"<p>Visi\u00f3n general del fluoruro de neodimio Fluoruro de neodimio est\u00e1n dise\u00f1ados para aplicaciones de materiales \u00f3pticos y electr\u00f3nicos de alto rendimiento. Presentan una excelente pureza y uniformidad granulom\u00e9trica, lo que garantiza un rendimiento estable y fiable en diversos procesos avanzados. Nuestros gr\u00e1nulos de fluoruro de neodimio tienen una pureza de hasta el 99,99%, excelente estabilidad [&hellip;]<\/p>\n","protected":false},"featured_media":7021,"template":"","meta":{"_acf_changed":false},"product_brand":[132],"product_cat":[340],"product_tag":[781,780,447],"class_list":{"0":"post-11420","1":"product","2":"type-product","3":"status-publish","4":"has-post-thumbnail","6":"product_brand-ulpmat","7":"product_cat-materiales-de-evaporacion","8":"product_tag-dfm-es","9":"product_tag-fluoruro-de-neodimio","10":"product_tag-materiales-de-tierras-raras","12":"first","13":"instock","14":"shipping-taxable","15":"product-type-variable"},"acf":[],"_links":{"self":[{"href":"https:\/\/ulpmat.com\/es\/wp-json\/wp\/v2\/product\/11420","targetHints":{"allow":["GET"]}}],"collection":[{"href":"https:\/\/ulpmat.com\/es\/wp-json\/wp\/v2\/product"}],"about":[{"href":"https:\/\/ulpmat.com\/es\/wp-json\/wp\/v2\/types\/product"}],"wp:featuredmedia":[{"embeddable":true,"href":"https:\/\/ulpmat.com\/es\/wp-json\/wp\/v2\/media\/7021"}],"wp:attachment":[{"href":"https:\/\/ulpmat.com\/es\/wp-json\/wp\/v2\/media?parent=11420"}],"wp:term":[{"taxonomy":"product_brand","embeddable":true,"href":"https:\/\/ulpmat.com\/es\/wp-json\/wp\/v2\/product_brand?post=11420"},{"taxonomy":"product_cat","embeddable":true,"href":"https:\/\/ulpmat.com\/es\/wp-json\/wp\/v2\/product_cat?post=11420"},{"taxonomy":"product_tag","embeddable":true,"href":"https:\/\/ulpmat.com\/es\/wp-json\/wp\/v2\/product_tag?post=11420"}],"curies":[{"name":"wp","href":"https:\/\/api.w.org\/{rel}","templated":true}]}}