{"id":11409,"date":"2025-07-18T17:15:13","date_gmt":"2025-07-18T09:15:13","guid":{"rendered":"https:\/\/ulpmat.com\/product\/fluoruro-de-neodimio-dfm\/"},"modified":"2025-07-18T17:15:13","modified_gmt":"2025-07-18T09:15:13","slug":"fluoruro-de-neodimio-dfm","status":"publish","type":"product","link":"https:\/\/ulpmat.com\/es\/producto\/fluoruro-de-neodimio-dfm\/","title":{"rendered":"Fluoruro de neodimio (DFM)"},"content":{"rendered":"<h2><span style=\"font-size: 14pt;\">Fluoruro de neodimio en polvo Descripci\u00f3n general<\/span><\/h2>\n<p><strong><span style=\"color: #3366ff;\"><a style=\"color: #3366ff;\" href=\"https:\/\/ulpmat.com\/es\/buscar\/?type=element&#038;keyword=Nd%2CF\">Fluoruro de neodimio<\/a><\/span><\/strong> es un material de gran pureza dise\u00f1ado para aplicaciones \u00f3pticas y electr\u00f3nicas de gama alta. Con una pureza de hasta el 99,99%, presenta una excelente estabilidad t\u00e9rmica e inercia qu\u00edmica, lo que garantiza un rendimiento estable y la formaci\u00f3n de una pel\u00edcula uniforme en condiciones de proceso complejas.<\/p>\n<p>Suministramos polvos de fluoruro de neodimio de alta pureza de diferentes tama\u00f1os de part\u00edcula y especificaciones para satisfacer las diversas necesidades de proceso de los clientes, al tiempo que ofrecemos servicios personalizados y asistencia t\u00e9cnica completa. No dude en <span style=\"color: #3366ff;\"><a style=\"color: #3366ff;\" href=\"https:\/\/ulpmat.com\/es\/contactanos\/\">ponerse en contacto con nosotros<\/a><\/span>.<\/p>\n<h2><span style=\"font-size: 14pt;\">Productos destacados<\/span><\/h2>\n<p>Pureza: 99,99%, bajas impurezas<br \/>\nAlta estabilidad t\u00e9rmica, adecuado para procesos de alta temperatura<br \/>\nTama\u00f1o de part\u00edcula uniforme, f\u00e1cil de dispersar y formar pel\u00edculas<br \/>\nExcelente estabilidad qu\u00edmica, resistencia a la corrosi\u00f3n \u00e1cida y alcalina<br \/>\nEnvasado personalizado<\/p>\n<h2><span style=\"font-size: 14pt;\">Aplicaciones del polvo de fluoruro de neodimio<\/span><\/h2>\n<p>Materiales l\u00e1ser: Como precursor clave de materiales dopantes en l\u00e1seres, proporciona un rendimiento l\u00e1ser eficiente.<br \/>\nRecubrimientos \u00f3pticos: El NdF3 se utiliza en pel\u00edculas \u00f3pticas de alto rendimiento para mejorar la transmitancia y la durabilidad.<br \/>\nMateriales magn\u00e9ticos: Prepara imanes de tierras raras de alto rendimiento para mejorar las propiedades magn\u00e9ticas y la estabilidad.<br \/>\nCer\u00e1mica electr\u00f3nica: Como material funcional clave en dispositivos electr\u00f3nicos avanzados, garantiza el funcionamiento estable de los equipos.<\/p>\n<h2><span style=\"font-size: 14pt;\">Informes<\/span><\/h2>\n<p>Proporcionamos certificados de an\u00e1lisis (COA) detallados, hojas de datos de seguridad de materiales (MSDS) y otros informes de inspecci\u00f3n de calidad relevantes para cada lote de productos. Apoyamos las inspecciones de terceros y las pruebas espec\u00edficas del cliente para garantizar que la calidad de los productos cumple las estrictas normas internacionales.<\/p>\n","protected":false},"excerpt":{"rendered":"<p>Fluoruro de neodimio en polvo Descripci\u00f3n general Fluoruro de neodimio es un material de gran pureza dise\u00f1ado para aplicaciones \u00f3pticas y electr\u00f3nicas de gama alta. Con una pureza de hasta el 99,99%, presenta una excelente estabilidad t\u00e9rmica e inercia qu\u00edmica, lo que garantiza un rendimiento estable y la formaci\u00f3n de una pel\u00edcula uniforme en condiciones [&hellip;]<\/p>\n","protected":false},"featured_media":7015,"template":"","meta":{"_acf_changed":false},"product_brand":[132],"product_cat":[331,330],"product_tag":[781,780,447],"class_list":{"0":"post-11409","1":"product","2":"type-product","3":"status-publish","4":"has-post-thumbnail","6":"product_brand-ulpmat","7":"product_cat-materiales-de-tierras-raras","8":"product_cat-materiales-halogenados","9":"product_tag-dfm-es","10":"product_tag-fluoruro-de-neodimio","11":"product_tag-materiales-de-tierras-raras","13":"first","14":"instock","15":"shipping-taxable","16":"product-type-variable"},"acf":[],"_links":{"self":[{"href":"https:\/\/ulpmat.com\/es\/wp-json\/wp\/v2\/product\/11409","targetHints":{"allow":["GET"]}}],"collection":[{"href":"https:\/\/ulpmat.com\/es\/wp-json\/wp\/v2\/product"}],"about":[{"href":"https:\/\/ulpmat.com\/es\/wp-json\/wp\/v2\/types\/product"}],"wp:featuredmedia":[{"embeddable":true,"href":"https:\/\/ulpmat.com\/es\/wp-json\/wp\/v2\/media\/7015"}],"wp:attachment":[{"href":"https:\/\/ulpmat.com\/es\/wp-json\/wp\/v2\/media?parent=11409"}],"wp:term":[{"taxonomy":"product_brand","embeddable":true,"href":"https:\/\/ulpmat.com\/es\/wp-json\/wp\/v2\/product_brand?post=11409"},{"taxonomy":"product_cat","embeddable":true,"href":"https:\/\/ulpmat.com\/es\/wp-json\/wp\/v2\/product_cat?post=11409"},{"taxonomy":"product_tag","embeddable":true,"href":"https:\/\/ulpmat.com\/es\/wp-json\/wp\/v2\/product_tag?post=11409"}],"curies":[{"name":"wp","href":"https:\/\/api.w.org\/{rel}","templated":true}]}}