{"id":11399,"date":"2025-07-18T17:15:13","date_gmt":"2025-07-18T09:15:13","guid":{"rendered":"https:\/\/ulpmat.com\/product\/samario-metalico-3\/"},"modified":"2025-07-18T17:15:13","modified_gmt":"2025-07-18T09:15:13","slug":"samario-metalico-3","status":"publish","type":"product","link":"https:\/\/ulpmat.com\/es\/producto\/samario-metalico-3\/","title":{"rendered":"Samario met\u00e1lico"},"content":{"rendered":"<h2><span style=\"font-size: 14pt;\">L\u00e1minas de samario<\/span><\/h2>\n<p><strong><span style=\"color: #3366ff;\"><a style=\"color: #3366ff;\" href=\"https:\/\/ulpmat.com\/es\/buscar\/?type=formula&#038;keyword=sm\">Samario<\/a><\/span><\/strong> Es un material de tierras raras de alto rendimiento desarrollado para aplicaciones de materiales de precisi\u00f3n e investigaci\u00f3n de pel\u00edculas funcionales. Tiene una pureza del 99,9%, escamas uniformes, buena ductilidad, buena estabilidad t\u00e9rmica y pureza qu\u00edmica, y es adecuado para materiales magn\u00e9ticos, fuentes de evaporaci\u00f3n, materiales de energ\u00eda nuclear y campos de investigaci\u00f3n cient\u00edfica.<\/p>\n<p>Podemos suministrar l\u00e1minas met\u00e1licas de samario en varias especificaciones, y tama\u00f1os personalizados seg\u00fan las necesidades del cliente. Para garantizar la estabilidad del material durante el transporte y el almacenamiento, ofrecemos soluciones de envasado al vac\u00edo y envasado con protecci\u00f3n de gas inerte. Si tiene alguna pregunta <span style=\"color: #3366ff;\"><a style=\"color: #3366ff;\" href=\"https:\/\/ulpmat.com\/es\/contactanos\/\">p\u00f3ngase en contacto con nosotros<\/a><\/span>le proporcionaremos un completo soporte t\u00e9cnico postventa.<\/p>\n<h2><span style=\"font-size: 14pt;\">Productos destacados<\/span><\/h2>\n<p>Especificaciones: Anchura y longitud personalizables, grosor ajustable<br \/>\nAlto acabado superficial, bordes de corte limpios<br \/>\nEmbalaje herm\u00e9tico, admite embalaje al vac\u00edo y con arg\u00f3n<\/p>\n<h2><span style=\"font-size: 14pt;\">Aplicaciones de la l\u00e1mina de samario<\/span><\/h2>\n<p>Preparaci\u00f3n de material magn\u00e9tico: Como precursor clave de los materiales magn\u00e9ticos permanentes SmCo, se utiliza para preparar imanes de alto rendimiento.<br \/>\nRecubrimiento por evaporaci\u00f3n: Se utiliza como fuente de evaporaci\u00f3n en un entorno de vac\u00edo para depositar pel\u00edculas funcionales, adecuadas para dispositivos \u00f3pticos y electr\u00f3nicos.<br \/>\nMateriales para energ\u00eda nuclear: El samario tiene una gran capacidad de absorci\u00f3n de neutrones y se utiliza como material de control o material absorbente de neutrones en la industria nuclear.<br \/>\nUsos en investigaci\u00f3n cient\u00edfica: Se utiliza ampliamente en experimentos de alto nivel, como la ciencia de materiales, la tecnolog\u00eda de pel\u00edculas delgadas y la investigaci\u00f3n f\u00edsica de tierras raras.<\/p>\n<h2><span style=\"font-size: 14pt;\">Informes<\/span><\/h2>\n<p>Proporcionamos un certificado de an\u00e1lisis (COA) est\u00e1ndar, una hoja de datos de seguridad del material (MSDS) y otros informes de inspecci\u00f3n a petici\u00f3n del cliente para cada lote de l\u00e1mina met\u00e1lica de samario. Al mismo tiempo, respaldamos los servicios de pruebas de terceros para garantizar la trazabilidad de la calidad del producto y la autenticidad y fiabilidad de los datos.<\/p>\n<h2><span style=\"font-size: 14pt;\">\u00bfPor qu\u00e9 elegirnos?<\/span><\/h2>\n<p>Como <strong>proveedores fiables de l\u00e1minas de samario<\/strong>, ofrecemos materiales de gran pureza (\u226599,9%) con un grosor uniforme y excelentes propiedades mec\u00e1nicas. Producidas bajo un estricto control de calidad, nuestras l\u00e1minas garantizan un rendimiento constante para aplicaciones industriales y de investigaci\u00f3n. Ofrecemos asistencia t\u00e9cnica experta, tama\u00f1os personalizables y una log\u00edstica global fiable con documentaci\u00f3n completa para la exportaci\u00f3n.<\/p>\n","protected":false},"excerpt":{"rendered":"<p>L\u00e1minas de samario Samario Es un material de tierras raras de alto rendimiento desarrollado para aplicaciones de materiales de precisi\u00f3n e investigaci\u00f3n de pel\u00edculas funcionales. Tiene una pureza del 99,9%, escamas uniformes, buena ductilidad, buena estabilidad t\u00e9rmica y pureza qu\u00edmica, y es adecuado para materiales magn\u00e9ticos, fuentes de evaporaci\u00f3n, materiales de energ\u00eda nuclear y campos [&hellip;]<\/p>\n","protected":false},"featured_media":5785,"template":"","meta":{"_acf_changed":false},"product_brand":[132],"product_cat":[408],"product_tag":[447,769],"class_list":{"0":"post-11399","1":"product","2":"type-product","3":"status-publish","4":"has-post-thumbnail","6":"product_brand-ulpmat","7":"product_cat-otros-materiales","8":"product_tag-materiales-de-tierras-raras","9":"product_tag-samario-metalico","11":"first","12":"instock","13":"shipping-taxable","14":"product-type-variable"},"acf":[],"_links":{"self":[{"href":"https:\/\/ulpmat.com\/es\/wp-json\/wp\/v2\/product\/11399","targetHints":{"allow":["GET"]}}],"collection":[{"href":"https:\/\/ulpmat.com\/es\/wp-json\/wp\/v2\/product"}],"about":[{"href":"https:\/\/ulpmat.com\/es\/wp-json\/wp\/v2\/types\/product"}],"wp:featuredmedia":[{"embeddable":true,"href":"https:\/\/ulpmat.com\/es\/wp-json\/wp\/v2\/media\/5785"}],"wp:attachment":[{"href":"https:\/\/ulpmat.com\/es\/wp-json\/wp\/v2\/media?parent=11399"}],"wp:term":[{"taxonomy":"product_brand","embeddable":true,"href":"https:\/\/ulpmat.com\/es\/wp-json\/wp\/v2\/product_brand?post=11399"},{"taxonomy":"product_cat","embeddable":true,"href":"https:\/\/ulpmat.com\/es\/wp-json\/wp\/v2\/product_cat?post=11399"},{"taxonomy":"product_tag","embeddable":true,"href":"https:\/\/ulpmat.com\/es\/wp-json\/wp\/v2\/product_tag?post=11399"}],"curies":[{"name":"wp","href":"https:\/\/api.w.org\/{rel}","templated":true}]}}