{"id":11216,"date":"2025-07-18T17:15:15","date_gmt":"2025-07-18T09:15:15","guid":{"rendered":"https:\/\/ulpmat.com\/product\/fluoruro-de-samario\/"},"modified":"2025-07-18T17:15:15","modified_gmt":"2025-07-18T09:15:15","slug":"fluoruro-de-samario","status":"publish","type":"product","link":"https:\/\/ulpmat.com\/es\/producto\/fluoruro-de-samario\/","title":{"rendered":"Fluoruro de samario"},"content":{"rendered":"<h2><span style=\"font-size: 14pt;\">Polvo de fluoruro de samario Descripci\u00f3n general<\/span><\/h2>\n<p data-start=\"96\" data-end=\"535\">El<strong data-start=\"96\" data-end=\"178\"><span style=\"color: #0000ff;\"><a style=\"color: #0000ff;\" href=\"https:\/\/ulpmat.com\/es\/buscar\/?type=name&#038;keyword=Samarium+Fluoride\"> polvo de fluoruro de samario<\/a><\/span> de gran pureza para materiales funcionales de alto rendimiento<\/strong> es un material de fluoruro de tierras raras especialmente desarrollado para aplicaciones de revestimiento y materiales avanzados. Con una excelente estabilidad qu\u00edmica, estabilidad t\u00e9rmica y baja higroscopicidad, <strong data-start=\"359\" data-end=\"432\">el<\/strong> polvo <strong data-start=\"359\" data-end=\"432\">de fluoruro de samario para \u00f3ptica infrarroja y dopaje de cristales l\u00e1ser<\/strong> garantiza un rendimiento superior en revestimientos al vac\u00edo, mejora de la cer\u00e1mica y procesos de alta temperatura.<\/p>\n<p data-start=\"537\" data-end=\"884\">Suministramos <strong data-start=\"548\" data-end=\"628\">polvo de fluoruro de samario a medida para aplicaciones industriales y de investigaci\u00f3n<\/strong> en varios tama\u00f1os de part\u00edcula y grados de pureza, con especificaciones personalizadas y asistencia t\u00e9cnica completa. Disponemos de muestras e informes de datos previa solicitud, y nuestro equipo est\u00e1 dedicado a ayudarle en el desarrollo de su proyecto y en los procesos de producci\u00f3n en serie.<\/p>\n<h2><span style=\"font-size: 14pt;\">Productos destacados del polvo de fluoruro de samario<\/span><\/h2>\n<p>Pureza: 99,9<br \/>\nHigroscopicidad extremadamente baja, f\u00e1cil de almacenar y procesar<br \/>\nExcelente estabilidad qu\u00edmica, apto para altas temperaturas o entornos de vac\u00edo<br \/>\nAdecuado para cer\u00e1mica, materiales l\u00e1ser e industrias de revestimiento<br \/>\nTama\u00f1o de part\u00edcula y especificaciones de envasado personalizables<\/p>\n<h2><span style=\"font-size: 14pt;\">Aplicaciones del polvo de fluoruro de samario<\/span><\/h2>\n<p>Materiales \u00f3pticos y l\u00e1ser: utilizado para materiales de ventanas de infrarrojos, dopaje de cristales l\u00e1ser y medios de conversi\u00f3n de luz UV-visible<br \/>\nMateriales de revestimiento al vac\u00edo: como fuente de fluoruro o material de capa funcional de tierras raras, mejora el \u00edndice de refracci\u00f3n y la estabilidad de la capa de pel\u00edcula<br \/>\nCer\u00e1mica electr\u00f3nica: como aditivo en cer\u00e1mica fluorada para mejorar la estabilidad t\u00e9rmica y la resistencia a la corrosi\u00f3n<br \/>\nMaterias primas para c\u00e1todos sint\u00e9ticos: se utilizan para preparar c\u00e1todos de fluoruro de tierras raras para sputtering, adecuados para diversos procesos de deposici\u00f3n f\u00edsica de vapor<\/p>\n<h2><span style=\"font-size: 14pt;\">Informes<\/span><\/h2>\n<p>Proporcionamos certificados de an\u00e1lisis (COA), hojas de datos de seguridad de materiales (MSDS) y otros informes relevantes para cada lote de productos. Adem\u00e1s, tambi\u00e9n apoyamos las pruebas de terceros para mejorar la garant\u00eda de calidad.<\/p>\n","protected":false},"excerpt":{"rendered":"<p>Polvo de fluoruro de samario Descripci\u00f3n general El polvo de fluoruro de samario de gran pureza para materiales funcionales de alto rendimiento es un material de fluoruro de tierras raras especialmente desarrollado para aplicaciones de revestimiento y materiales avanzados. Con una excelente estabilidad qu\u00edmica, estabilidad t\u00e9rmica y baja higroscopicidad, el polvo de fluoruro de samario [&hellip;]<\/p>\n","protected":false},"featured_media":5821,"template":"","meta":{"_acf_changed":false},"product_brand":[132],"product_cat":[331,330],"product_tag":[],"class_list":{"0":"post-11216","1":"product","2":"type-product","3":"status-publish","4":"has-post-thumbnail","6":"product_brand-ulpmat","7":"product_cat-materiales-de-tierras-raras","8":"product_cat-materiales-halogenados","10":"first","11":"instock","12":"shipping-taxable","13":"product-type-variable"},"acf":[],"_links":{"self":[{"href":"https:\/\/ulpmat.com\/es\/wp-json\/wp\/v2\/product\/11216","targetHints":{"allow":["GET"]}}],"collection":[{"href":"https:\/\/ulpmat.com\/es\/wp-json\/wp\/v2\/product"}],"about":[{"href":"https:\/\/ulpmat.com\/es\/wp-json\/wp\/v2\/types\/product"}],"wp:featuredmedia":[{"embeddable":true,"href":"https:\/\/ulpmat.com\/es\/wp-json\/wp\/v2\/media\/5821"}],"wp:attachment":[{"href":"https:\/\/ulpmat.com\/es\/wp-json\/wp\/v2\/media?parent=11216"}],"wp:term":[{"taxonomy":"product_brand","embeddable":true,"href":"https:\/\/ulpmat.com\/es\/wp-json\/wp\/v2\/product_brand?post=11216"},{"taxonomy":"product_cat","embeddable":true,"href":"https:\/\/ulpmat.com\/es\/wp-json\/wp\/v2\/product_cat?post=11216"},{"taxonomy":"product_tag","embeddable":true,"href":"https:\/\/ulpmat.com\/es\/wp-json\/wp\/v2\/product_tag?post=11216"}],"curies":[{"name":"wp","href":"https:\/\/api.w.org\/{rel}","templated":true}]}}