{"id":11063,"date":"2025-07-18T17:15:19","date_gmt":"2025-07-18T09:15:19","guid":{"rendered":"https:\/\/ulpmat.com\/product\/gadolinio-metalico-4\/"},"modified":"2025-07-18T17:15:19","modified_gmt":"2025-07-18T09:15:19","slug":"gadolinio-metalico-4","status":"publish","type":"product","link":"https:\/\/ulpmat.com\/es\/producto\/gadolinio-metalico-4\/","title":{"rendered":"Gadolinio met\u00e1lico"},"content":{"rendered":"<h2><span style=\"font-size: 14pt;\">Gr\u00e1nulos de gadolinio met\u00e1lico<\/span><\/h2>\n<p data-start=\"102\" data-end=\"584\"><strong data-start=\"102\" data-end=\"164\"> <span style=\"color: #0000ff;\"><a style=\"color: #0000ff;\" href=\"https:\/\/ulpmat.com\/es\/buscar\/?type=name&#038;keyword=Gadolinium+metal\">Los gr\u00e1nulos met\u00e1licos de gadolinio<\/a><\/span> de gran pureza para metalurgia de aleaci\u00f3n<\/strong> son materias primas de tierras raras dise\u00f1adas para materiales funcionales y procesos metal\u00fargicos de gama alta. Con una pureza del 99,9%, una distribuci\u00f3n uniforme de las part\u00edculas y una superficie limpia, los <strong data-start=\"337\" data-end=\"403\">gr\u00e1nulos met\u00e1licos de gadolinio para materiales de refrigeraci\u00f3n magn\u00e9tica<\/strong> son adecuados para un uso estable en aplicaciones como la fusi\u00f3n por inducci\u00f3n, la refundici\u00f3n por arco de vac\u00edo, la preparaci\u00f3n de aleaciones magn\u00e9ticas y el desarrollo de materiales de refrigeraci\u00f3n magn\u00e9tica avanzados.<\/p>\n<p data-start=\"586\" data-end=\"916\">Proporcionamos <strong data-start=\"597\" data-end=\"678\">gr\u00e1nulos met\u00e1licos de gadolinio personalizados para aplicaciones industriales y de investigaci\u00f3n<\/strong> en una variedad de especificaciones para satisfacer los diferentes requisitos de proceso de los clientes. Adem\u00e1s, ofrecemos un completo asesoramiento t\u00e9cnico preventa y asistencia posventa para garantizar un uso sin problemas y un rendimiento \u00f3ptimo en sus proyectos.<\/p>\n<h2><span style=\"font-size: 14pt;\">Productos destacados de Gr\u00e1nulos de gadolinio met\u00e1lico <\/span><\/h2>\n<p>Pureza: 99,9<br \/>\nPart\u00edculas regulares, estricto control de impurezas<br \/>\nTama\u00f1o de part\u00edcula y especificaciones de envasado personalizables<br \/>\nAdecuado para fusi\u00f3n en vac\u00edo, preparaci\u00f3n de aleaciones, materiales magn\u00e9ticos y fines de investigaci\u00f3n cient\u00edfica<\/p>\n<h2><span style=\"font-size: 14pt;\">Aplicaciones del gadolinio met\u00e1lico en gr\u00e1nulos <\/span><\/h2>\n<p>Aleaciones magn\u00e9ticas: se utiliza como aditivo importante para materiales magn\u00e9ticos de tierras raras como Gd-Fe y Gd-Co.<br \/>\nMateriales magn\u00e9ticos de refrigeraci\u00f3n: El gadolinio es el elemento central en la investigaci\u00f3n actual de materiales de refrigeraci\u00f3n magn\u00e9tica a temperatura ambiente.<br \/>\nMetalurgia de vac\u00edo: se utiliza como aditivo de tierras raras en la fusi\u00f3n por haz de electrones o por inducci\u00f3n.<br \/>\nInvestigaci\u00f3n cient\u00edfica y desarrollo de materiales: ampliamente utilizado en escenarios de investigaci\u00f3n cient\u00edfica de alto nivel, como materiales funcionales de tierras raras e investigaci\u00f3n de propiedades termof\u00edsicas.<\/p>\n<h2><span style=\"font-size: 14pt;\">Informes<\/span><\/h2>\n<p>Proporcionamos certificados de an\u00e1lisis (COA), hojas de datos de seguridad de materiales (MSDS) y otros informes relevantes para cada env\u00edo. Adem\u00e1s, tambi\u00e9n apoyamos las pruebas de terceros para mejorar la garant\u00eda de calidad.<\/p>\n","protected":false},"excerpt":{"rendered":"<p>Gr\u00e1nulos de gadolinio met\u00e1lico Los gr\u00e1nulos met\u00e1licos de gadolinio de gran pureza para metalurgia de aleaci\u00f3n son materias primas de tierras raras dise\u00f1adas para materiales funcionales y procesos metal\u00fargicos de gama alta. Con una pureza del 99,9%, una distribuci\u00f3n uniforme de las part\u00edculas y una superficie limpia, los gr\u00e1nulos met\u00e1licos de gadolinio para materiales de [&hellip;]<\/p>\n","protected":false},"featured_media":5875,"template":"","meta":{"_acf_changed":false},"product_brand":[132],"product_cat":[340],"product_tag":[],"class_list":{"0":"post-11063","1":"product","2":"type-product","3":"status-publish","4":"has-post-thumbnail","6":"product_brand-ulpmat","7":"product_cat-materiales-de-evaporacion","9":"first","10":"instock","11":"shipping-taxable","12":"product-type-variable"},"acf":[],"_links":{"self":[{"href":"https:\/\/ulpmat.com\/es\/wp-json\/wp\/v2\/product\/11063","targetHints":{"allow":["GET"]}}],"collection":[{"href":"https:\/\/ulpmat.com\/es\/wp-json\/wp\/v2\/product"}],"about":[{"href":"https:\/\/ulpmat.com\/es\/wp-json\/wp\/v2\/types\/product"}],"wp:featuredmedia":[{"embeddable":true,"href":"https:\/\/ulpmat.com\/es\/wp-json\/wp\/v2\/media\/5875"}],"wp:attachment":[{"href":"https:\/\/ulpmat.com\/es\/wp-json\/wp\/v2\/media?parent=11063"}],"wp:term":[{"taxonomy":"product_brand","embeddable":true,"href":"https:\/\/ulpmat.com\/es\/wp-json\/wp\/v2\/product_brand?post=11063"},{"taxonomy":"product_cat","embeddable":true,"href":"https:\/\/ulpmat.com\/es\/wp-json\/wp\/v2\/product_cat?post=11063"},{"taxonomy":"product_tag","embeddable":true,"href":"https:\/\/ulpmat.com\/es\/wp-json\/wp\/v2\/product_tag?post=11063"}],"curies":[{"name":"wp","href":"https:\/\/api.w.org\/{rel}","templated":true}]}}