{"id":10911,"date":"2025-07-18T17:15:22","date_gmt":"2025-07-18T09:15:22","guid":{"rendered":"https:\/\/ulpmat.com\/product\/cloruro-de-gadolinio\/"},"modified":"2025-07-18T17:15:22","modified_gmt":"2025-07-18T09:15:22","slug":"cloruro-de-gadolinio","status":"publish","type":"product","link":"https:\/\/ulpmat.com\/es\/producto\/cloruro-de-gadolinio\/","title":{"rendered":"Cloruro de gadolinio"},"content":{"rendered":"<h2><span style=\"font-size: 14pt;\">Cloruro de gadolinio en polvo<\/span><\/h2>\n<p><strong><span style=\"color: #3366ff;\"><a style=\"color: #3366ff;\" href=\"https:\/\/ulpmat.com\/es\/buscar\/?type=name&#038;keyword=Gadolinium+Chloride\">Cloruro de gadolinio en polvo <\/a><\/span><\/strong><strong data-start=\"106\" data-end=\"168\">para s\u00edntesis de materiales avanzados<\/strong> es un compuesto de tierras raras de gran pureza dise\u00f1ado para la investigaci\u00f3n y el desarrollo cient\u00edficos y la s\u00edntesis de materiales de gama alta. Su pureza alcanza el 99,99%, con buena solubilidad y actividad qu\u00edmica, y es un precursor importante para la preparaci\u00f3n de materiales funcionales a base de gadolinio.<\/p>\n<p data-start=\"463\" data-end=\"911\">Ofrecemos una gran variedad de especificaciones de <strong data-start=\"505\" data-end=\"571\">polvo de cloruro de gadolinio de gran pureza para investigaci\u00f3n de laboratorio<\/strong>, con part\u00edculas uniformes y estables, que admiten envases personalizados y pruebas de calidad. Nuestro equipo t\u00e9cnico tambi\u00e9n ofrece a los clientes una amplia gama de servicios posventa. Si tiene alg\u00fan problema durante el uso, no dude en ponerse en contacto con nosotros para consultar nuestras <strong data-start=\"834\" data-end=\"908\">soluciones de proveedor de cloruro de gadolinio en polvo para materiales funcionales<\/strong>.<\/p>\n<h2><span style=\"font-size: 14pt;\">Productos destacados del cloruro de gadolinio en polvo<\/span><\/h2>\n<p>Pureza: 99,99%, satisface las necesidades de la investigaci\u00f3n cient\u00edfica y las aplicaciones industriales<br \/>\nTama\u00f1o uniforme de las part\u00edculas, buena fluidez, f\u00e1cil de mezclar y procesar con precisi\u00f3n<br \/>\nBuena solubilidad en agua, f\u00e1cil de preparar soluciones y materiales compuestos<br \/>\nLas especificaciones de envasado y los grados de pureza pueden personalizarse seg\u00fan las necesidades del cliente<br \/>\nAmplia gama de aplicaciones, satisface las necesidades de preparaci\u00f3n de una gran variedad de materiales de alto rendimiento<\/p>\n<h2><span style=\"font-size: 14pt;\">Aplicaciones del cloruro de gadolinio en polvo<\/span><\/h2>\n<p>Preparaci\u00f3n de materiales funcionales de tierras raras: como fuente de iones Gd\u00b3\u207a, se utiliza en la s\u00edntesis de materiales luminiscentes, materiales magneto-\u00f3pticos y materiales l\u00e1ser, etc.<br \/>\n\u00c1mbito m\u00e9dico: precursor del componente central de los agentes de contraste de resonancia magn\u00e9tica, ayudando al desarrollo de la tecnolog\u00eda de imagen m\u00e9dica<br \/>\nCatalizadores y qu\u00edmica de coordinaci\u00f3n: se utiliza como materia prima clave en la s\u00edntesis de portadores catal\u00edticos o ligandos<br \/>\nIndustria cer\u00e1mica y del vidrio: dopaje para preparar cer\u00e1micas especiales y vidrios de tierras raras para mejorar las propiedades de los materiales<br \/>\nInvestigaci\u00f3n cient\u00edfica y desarrollo: ampliamente utilizado en la investigaci\u00f3n b\u00e1sica en los campos de la s\u00edntesis qu\u00edmica, la ciencia de los materiales y la nanotecnolog\u00eda<\/p>\n<h2><span style=\"font-size: 14pt;\">Informes<\/span><\/h2>\n<p>Proporcionamos certificados de an\u00e1lisis (COA), hojas de datos de seguridad de materiales (MSDS) y otros informes relevantes para cada lote de mercanc\u00edas. Adem\u00e1s, tambi\u00e9n apoyamos las pruebas de terceros para mejorar la garant\u00eda de calidad.<\/p>\n","protected":false},"excerpt":{"rendered":"<p>Cloruro de gadolinio en polvo Cloruro de gadolinio en polvo para s\u00edntesis de materiales avanzados es un compuesto de tierras raras de gran pureza dise\u00f1ado para la investigaci\u00f3n y el desarrollo cient\u00edficos y la s\u00edntesis de materiales de gama alta. Su pureza alcanza el 99,99%, con buena solubilidad y actividad qu\u00edmica, y es un precursor [&hellip;]<\/p>\n","protected":false},"featured_media":5923,"template":"","meta":{"_acf_changed":false},"product_brand":[132],"product_cat":[331,330],"product_tag":[625],"class_list":{"0":"post-10911","1":"product","2":"type-product","3":"status-publish","4":"has-post-thumbnail","6":"product_brand-ulpmat","7":"product_cat-materiales-de-tierras-raras","8":"product_cat-materiales-halogenados","9":"product_tag-cloruro-de-gadolinio","11":"first","12":"instock","13":"shipping-taxable","14":"product-type-variable"},"acf":[],"_links":{"self":[{"href":"https:\/\/ulpmat.com\/es\/wp-json\/wp\/v2\/product\/10911","targetHints":{"allow":["GET"]}}],"collection":[{"href":"https:\/\/ulpmat.com\/es\/wp-json\/wp\/v2\/product"}],"about":[{"href":"https:\/\/ulpmat.com\/es\/wp-json\/wp\/v2\/types\/product"}],"wp:featuredmedia":[{"embeddable":true,"href":"https:\/\/ulpmat.com\/es\/wp-json\/wp\/v2\/media\/5923"}],"wp:attachment":[{"href":"https:\/\/ulpmat.com\/es\/wp-json\/wp\/v2\/media?parent=10911"}],"wp:term":[{"taxonomy":"product_brand","embeddable":true,"href":"https:\/\/ulpmat.com\/es\/wp-json\/wp\/v2\/product_brand?post=10911"},{"taxonomy":"product_cat","embeddable":true,"href":"https:\/\/ulpmat.com\/es\/wp-json\/wp\/v2\/product_cat?post=10911"},{"taxonomy":"product_tag","embeddable":true,"href":"https:\/\/ulpmat.com\/es\/wp-json\/wp\/v2\/product_tag?post=10911"}],"curies":[{"name":"wp","href":"https:\/\/api.w.org\/{rel}","templated":true}]}}