{"id":10852,"date":"2025-07-18T17:15:22","date_gmt":"2025-07-18T09:15:22","guid":{"rendered":"https:\/\/ulpmat.com\/product\/aleacion-de-hierro-y-gadolinio\/"},"modified":"2025-07-18T17:15:22","modified_gmt":"2025-07-18T09:15:22","slug":"aleacion-de-hierro-y-gadolinio","status":"publish","type":"product","link":"https:\/\/ulpmat.com\/es\/producto\/aleacion-de-hierro-y-gadolinio\/","title":{"rendered":"Aleaci\u00f3n de hierro y gadolinio"},"content":{"rendered":"<h2><span style=\"font-size: 14pt;\"><strong>Descripci\u00f3n general de c\u00e1todos para sputtering de aleaciones de hierro y gadolinio<\/strong><\/span><\/h2>\n<p data-start=\"118\" data-end=\"585\"><span style=\"color: #0000ff;\"><a style=\"color: #0000ff;\" href=\"https:\/\/ulpmat.com\/es\/buscar\/?type=name&#038;keyword=Gadolinium+Iron+Alloy\"><strong>Los c\u00e1todos para sputtering de aleaci\u00f3n de hierro y gadolinio<\/strong><\/a><\/span> son materiales de alto rendimiento dise\u00f1ados para la fabricaci\u00f3n de pel\u00edculas finas magn\u00e9ticas y dispositivos espintr\u00f3nicos. Los c\u00e1todos de aleaci\u00f3n tienen una pureza excelente y una distribuci\u00f3n uniforme de la composici\u00f3n, lo que garantiza la estabilidad durante el proceso de sputtering y un rendimiento de alta calidad de la pel\u00edcula. Nuestros <strong data-start=\"439\" data-end=\"531\">c\u00e1todos para sputtering de aleaci\u00f3n de hierro y gadolinio de gran pureza para aplicaciones de pel\u00edculas finas magn\u00e9ticas<\/strong> ofrecen resultados de deposici\u00f3n consistentes y fiables.<\/p>\n<p data-start=\"587\" data-end=\"1104\">Ofrecemos una gran variedad de especificaciones y tama\u00f1os, lo que permite al cliente personalizarlos para satisfacer los distintos requisitos del proceso. Tambi\u00e9n contamos con un completo equipo de servicio postventa para responder a sus preguntas en cualquier momento. Adem\u00e1s, nuestros <strong data-start=\"776\" data-end=\"854\">c\u00e1todos para sputtering personalizados de aleaci\u00f3n de hierro y gadolinio para dispositivos de espintr\u00f3nica<\/strong> est\u00e1n dise\u00f1ados para satisfacer diversas necesidades industriales y de investigaci\u00f3n.<\/p>\n<h2><span style=\"font-size: 14pt;\">Productos destacados de <strong><span style=\"font-size: 14pt;\">Aleaci\u00f3n de hierro y gadolinio<\/span> <\/strong><\/span><\/h2>\n<p>Alta pureza: 99,9%, cumple con la aplicaci\u00f3n de materiales magn\u00e9ticos de alta gama<br \/>\nComposici\u00f3n uniforme de la aleaci\u00f3n para garantizar un rendimiento estable de la pel\u00edcula<br \/>\nEstructura densa y de alta densidad para garantizar una deposici\u00f3n por pulverizaci\u00f3n cat\u00f3dica uniforme<br \/>\nTama\u00f1o y forma personalizables, adecuados para una gran variedad de equipos<br \/>\nSe puede proporcionar servicio de uni\u00f3n de objetivos<br \/>\nExcelentes propiedades magn\u00e9ticas y estabilidad t\u00e9rmica, adecuado para electr\u00f3nica de esp\u00edn, almacenamiento magn\u00e9tico y otros campos<\/p>\n<h2><span style=\"font-size: 14pt;\">Aplicaciones de la <strong><span style=\"font-size: 14pt;\">Aleaci\u00f3n de hierro y gadolinio<\/span> <\/strong><\/span><\/h2>\n<p>Pel\u00edcula magn\u00e9tica: se utiliza para preparar memorias magnetorresistivas de acceso aleatorio (MRAM) y capas funcionales clave de sensores magn\u00e9ticos<br \/>\nDispositivos espintr\u00f3nicos: satisfacen las necesidades de fabricaci\u00f3n de dispositivos de alta sensibilidad y alto rendimiento<br \/>\nDispositivos magneto-\u00f3pticos: adecuados para el almacenamiento magneto-\u00f3ptico y los campos de visualizaci\u00f3n<br \/>\nOtros dispositivos electr\u00f3nicos: como componente central de los materiales magn\u00e9ticos<\/p>\n<h2><span style=\"font-size: 14pt;\">Informe<\/span><\/h2>\n<p>Proporcionamos certificados de an\u00e1lisis (COA) detallados, hojas de datos de seguridad de materiales (MSDS) e informes de pruebas de terceros para cada lote de productos, con el fin de garantizar la calidad del producto y un rendimiento estable. P\u00f3ngase en contacto con nosotros para obtener m\u00e1s asistencia t\u00e9cnica y servicios.<\/p>\n","protected":false},"excerpt":{"rendered":"<p>Descripci\u00f3n general de c\u00e1todos para sputtering de aleaciones de hierro y gadolinio Los c\u00e1todos para sputtering de aleaci\u00f3n de hierro y gadolinio son materiales de alto rendimiento dise\u00f1ados para la fabricaci\u00f3n de pel\u00edculas finas magn\u00e9ticas y dispositivos espintr\u00f3nicos. Los c\u00e1todos de aleaci\u00f3n tienen una pureza excelente y una distribuci\u00f3n uniforme de la composici\u00f3n, lo que [&hellip;]<\/p>\n","protected":false},"featured_media":6985,"template":"","meta":{"_acf_changed":false},"product_brand":[132],"product_cat":[570],"product_tag":[607],"class_list":{"0":"post-10852","1":"product","2":"type-product","3":"status-publish","4":"has-post-thumbnail","6":"product_brand-ulpmat","7":"product_cat-catodos-para-sputtering-de-aleaciones","8":"product_tag-aleacion-de-hierro-y-gadolinio","10":"first","11":"instock","12":"shipping-taxable","13":"product-type-variable"},"acf":[],"_links":{"self":[{"href":"https:\/\/ulpmat.com\/es\/wp-json\/wp\/v2\/product\/10852","targetHints":{"allow":["GET"]}}],"collection":[{"href":"https:\/\/ulpmat.com\/es\/wp-json\/wp\/v2\/product"}],"about":[{"href":"https:\/\/ulpmat.com\/es\/wp-json\/wp\/v2\/types\/product"}],"wp:featuredmedia":[{"embeddable":true,"href":"https:\/\/ulpmat.com\/es\/wp-json\/wp\/v2\/media\/6985"}],"wp:attachment":[{"href":"https:\/\/ulpmat.com\/es\/wp-json\/wp\/v2\/media?parent=10852"}],"wp:term":[{"taxonomy":"product_brand","embeddable":true,"href":"https:\/\/ulpmat.com\/es\/wp-json\/wp\/v2\/product_brand?post=10852"},{"taxonomy":"product_cat","embeddable":true,"href":"https:\/\/ulpmat.com\/es\/wp-json\/wp\/v2\/product_cat?post=10852"},{"taxonomy":"product_tag","embeddable":true,"href":"https:\/\/ulpmat.com\/es\/wp-json\/wp\/v2\/product_tag?post=10852"}],"curies":[{"name":"wp","href":"https:\/\/api.w.org\/{rel}","templated":true}]}}