{"id":10825,"date":"2025-07-18T17:15:23","date_gmt":"2025-07-18T09:15:23","guid":{"rendered":"https:\/\/ulpmat.com\/product\/terbio-metalico\/"},"modified":"2025-07-18T17:15:23","modified_gmt":"2025-07-18T09:15:23","slug":"terbio-metalico","status":"publish","type":"product","link":"https:\/\/ulpmat.com\/es\/producto\/terbio-metalico\/","title":{"rendered":"Terbio met\u00e1lico"},"content":{"rendered":"<h2><span style=\"font-size: 14pt;\">Objetivo para sputtering de terbio met\u00e1lico Descripci\u00f3n general<\/span><\/h2>\n<p data-start=\"106\" data-end=\"503\"><strong data-start=\"106\" data-end=\"176\"><span style=\"color: #0000ff;\"><a style=\"color: #0000ff;\" href=\"https:\/\/ulpmat.com\/es\/buscar\/?type=name&#038;keyword=Terbium+metal\">Los c\u00e1todos para sputtering de terbio met\u00e1lico<\/a><\/span> para deposici\u00f3n avanzada de pel\u00edcula fina<\/strong> son materiales de alto rendimiento dise\u00f1ados para satisfacer los estrictos requisitos de los dispositivos electr\u00f3nicos y \u00f3pticos. Con una pureza de hasta el 99,95%, el c\u00e1todo tiene una densidad excelente y una estructura densa, lo que garantiza una deposici\u00f3n de pel\u00edcula fina uniforme y estable, a la vez que forma una capa de pel\u00edcula densa y firme con un contenido de impurezas extremadamente bajo.<\/p>\n<p data-start=\"505\" data-end=\"923\">Ofrecemos <strong data-start=\"514\" data-end=\"582\">c\u00e1todos para sputtering de metal de terbio de formas y tama\u00f1os personalizados<\/strong>, incluidas opciones redondas y rectangulares, adaptadas a los requisitos de proceso del cliente. Un completo sistema de servicio postventa garantiza una respuesta y asistencia r\u00e1pidas ante cualquier problema t\u00e9cnico que surja durante el uso, lo que convierte a los <strong data-start=\"798\" data-end=\"867\">c\u00e1todos para sputtering de metal de terbio para aplicaciones de dispositivos de gama alta<\/strong> en una elecci\u00f3n fiable para la fabricaci\u00f3n de pel\u00edculas finas avanzadas.<\/p>\n<h2><span style=\"font-size: 14pt;\">Productos destacados de los c\u00e1todos para sputtering de metal de terbio<\/span><\/h2>\n<p>Pureza: 99,95%, garantizando la pureza de la calidad de la pel\u00edcula<br \/>\nAlta densidad y estructura densa para garantizar una deposici\u00f3n uniforme y estable de la pel\u00edcula<br \/>\nEl tama\u00f1o y la forma se pueden personalizar seg\u00fan las necesidades del cliente, y se pueden adaptar con flexibilidad a diversos procesos<br \/>\nAplicable a materiales magn\u00e9ticos, dispositivos semiconductores, revestimientos \u00f3pticos y otros campos<br \/>\nPuede soportar servicios de uni\u00f3n de objetivos<\/p>\n<h2><span style=\"font-size: 14pt;\">Aplicaciones de los c\u00e1todos de metal terbio para sputtering<\/span><\/h2>\n<p>Preparaci\u00f3n de material magn\u00e9tico: ampliamente utilizado en la deposici\u00f3n de imanes permanentes de tierras raras y pel\u00edculas magn\u00e9ticas<br \/>\nProceso de semiconductores: se utiliza para capas de pel\u00edculas funcionales para mejorar el rendimiento y la estabilidad de los dispositivos<br \/>\nRecubrimiento \u00f3ptico: Formaci\u00f3n de pel\u00edculas funcionales de alto rendimiento en la superficie de componentes \u00f3pticos especiales<br \/>\nInvestigaci\u00f3n y desarrollo: Satisfacer las necesidades especiales de objetivos met\u00e1licos de tierras raras de las instituciones de investigaci\u00f3n cient\u00edfica<\/p>\n<h2><span style=\"font-size: 14pt;\">Informe<\/span><\/h2>\n<p>Cada lote de c\u00e1todos para sputtering de metal de terbio se suministra con un certificado de an\u00e1lisis (COA) autorizado, una hoja de datos de seguridad del material (MSDS) e informes de pruebas relacionados. Apoyamos las pruebas de terceros para garantizar la calidad estable y fiable del producto y ayudar a los clientes a lograr un rendimiento \u00f3ptimo del proceso.<\/p>\n","protected":false},"excerpt":{"rendered":"<p>Objetivo para sputtering de terbio met\u00e1lico Descripci\u00f3n general Los c\u00e1todos para sputtering de terbio met\u00e1lico para deposici\u00f3n avanzada de pel\u00edcula fina son materiales de alto rendimiento dise\u00f1ados para satisfacer los estrictos requisitos de los dispositivos electr\u00f3nicos y \u00f3pticos. Con una pureza de hasta el 99,95%, el c\u00e1todo tiene una densidad excelente y una estructura densa, [&hellip;]<\/p>\n","protected":false},"featured_media":6925,"template":"","meta":{"_acf_changed":false},"product_brand":[132],"product_cat":[309],"product_tag":[481,601],"class_list":{"0":"post-10825","1":"product","2":"type-product","3":"status-publish","4":"has-post-thumbnail","6":"product_brand-ulpmat","7":"product_cat-blanco-metalico-para-sputtering","8":"product_tag-blanco-metalico-para-sputtering","9":"product_tag-terbio-es","11":"first","12":"instock","13":"shipping-taxable","14":"product-type-variable"},"acf":[],"_links":{"self":[{"href":"https:\/\/ulpmat.com\/es\/wp-json\/wp\/v2\/product\/10825","targetHints":{"allow":["GET"]}}],"collection":[{"href":"https:\/\/ulpmat.com\/es\/wp-json\/wp\/v2\/product"}],"about":[{"href":"https:\/\/ulpmat.com\/es\/wp-json\/wp\/v2\/types\/product"}],"wp:featuredmedia":[{"embeddable":true,"href":"https:\/\/ulpmat.com\/es\/wp-json\/wp\/v2\/media\/6925"}],"wp:attachment":[{"href":"https:\/\/ulpmat.com\/es\/wp-json\/wp\/v2\/media?parent=10825"}],"wp:term":[{"taxonomy":"product_brand","embeddable":true,"href":"https:\/\/ulpmat.com\/es\/wp-json\/wp\/v2\/product_brand?post=10825"},{"taxonomy":"product_cat","embeddable":true,"href":"https:\/\/ulpmat.com\/es\/wp-json\/wp\/v2\/product_cat?post=10825"},{"taxonomy":"product_tag","embeddable":true,"href":"https:\/\/ulpmat.com\/es\/wp-json\/wp\/v2\/product_tag?post=10825"}],"curies":[{"name":"wp","href":"https:\/\/api.w.org\/{rel}","templated":true}]}}