{"id":10803,"date":"2025-07-18T17:15:23","date_gmt":"2025-07-18T09:15:23","guid":{"rendered":"https:\/\/ulpmat.com\/product\/oxido-de-hierro-terbio\/"},"modified":"2025-07-18T17:15:23","modified_gmt":"2025-07-18T09:15:23","slug":"oxido-de-hierro-terbio","status":"publish","type":"product","link":"https:\/\/ulpmat.com\/es\/producto\/oxido-de-hierro-terbio\/","title":{"rendered":"\u00d3xido de hierro terbio"},"content":{"rendered":"<h2><span style=\"font-size: 14pt;\">C\u00e1todos para sputtering de \u00f3xido de terbio y hierro Descripci\u00f3n general<\/span><\/h2>\n<p data-start=\"110\" data-end=\"453\"><strong data-start=\"110\" data-end=\"174\"><span style=\"color: #0000ff;\"><a style=\"color: #0000ff;\" href=\"https:\/\/ulpmat.com\/es\/buscar\/?type=name&#038;keyword=Terbium+Iron+Oxide\">El c\u00e1todo para sputtering de \u00f3xido de hierro terbio<\/a> para <\/span>pel\u00edculas finas magn\u00e9ticas<\/strong> es un material de alto rendimiento dise\u00f1ado para la preparaci\u00f3n de dispositivos optoelectr\u00f3nicos y revestimientos funcionales. Con una pureza de hasta el 99,9%, tiene una densidad y compacidad uniformes, lo que garantiza que la pel\u00edcula depositada presente excelentes propiedades magn\u00e9ticas y una estructura estable.<\/p>\n<p data-start=\"455\" data-end=\"861\">Ofrecemos <strong data-start=\"464\" data-end=\"536\">c\u00e1todos para sputtering de \u00f3xido de hierro terbio de formas y tama\u00f1os personalizados<\/strong>, incluidas opciones redondas y rectangulares, adaptadas para satisfacer los requisitos de aplicaci\u00f3n de diferentes procesos y equipos. Ofrecemos un amplio soporte t\u00e9cnico y servicio post-venta para garantizar una asistencia profesional durante el uso de <strong data-start=\"782\" data-end=\"858\">los c\u00e1todos para sputtering de \u00f3xido de hierro terbio para aplicaciones avanzadas de pel\u00edcula fina<\/strong>.<\/p>\n<h2><span style=\"font-size: 14pt;\">Productos destacados de los c\u00e1todos para sputtering de \u00f3xido de hierro terbio<\/span><\/h2>\n<p>Pureza: 99,9%<br \/>\nMicroestructura de alta densidad, densa y uniforme<br \/>\nTama\u00f1o y forma personalizables<br \/>\nExcelentes propiedades magn\u00e9ticas y \u00f3pticas<br \/>\nAdecuado para almacenamiento magn\u00e9tico, dispositivos magneto-\u00f3pticos y tecnolog\u00eda de microondas<br \/>\nSe puede proporcionar servicio de uni\u00f3n de objetivos<\/p>\n<h2><span style=\"font-size: 14pt;\">Aplicaciones del c\u00e1todo para sputtering de \u00f3xido de hierro terbio<\/span><\/h2>\n<p>Pel\u00edculas finas magn\u00e9ticas: utilizadas para fabricar materiales magn\u00e9ticos de alto rendimiento, como dispositivos de almacenamiento magn\u00e9tico y sensores magn\u00e9ticos.<br \/>\nDispositivos magneto-\u00f3pticos: adecuados para la fabricaci\u00f3n de dispositivos optoelectr\u00f3nicos como aisladores magneto-\u00f3pticos y moduladores \u00f3pticos.<br \/>\nTecnolog\u00eda de microondas: se utiliza en la fabricaci\u00f3n de materiales magn\u00e9ticos en dispositivos de microondas para mejorar la calidad de la se\u00f1al y el rendimiento del dispositivo.<br \/>\nInvestigaci\u00f3n y desarrollo: Ampliamente utilizado en los campos de la ciencia de materiales y la investigaci\u00f3n de pel\u00edculas magn\u00e9ticas.<\/p>\n<h2><span style=\"font-size: 14pt;\">Informe<\/span><\/h2>\n<p data-start=\"32\" data-end=\"313\">Cada lote va acompa\u00f1ado de un detallado Certificado de An\u00e1lisis (COA) y una Hoja de Datos de Seguridad del Material (MSDS), con apoyo de pruebas de terceros para garantizar una calidad constante y fiable del producto. Si desea m\u00e1s asistencia t\u00e9cnica o servicios personalizados, no dude en ponerse en contacto con nosotros.<\/p>\n","protected":false},"excerpt":{"rendered":"<p>C\u00e1todos para sputtering de \u00f3xido de terbio y hierro Descripci\u00f3n general El c\u00e1todo para sputtering de \u00f3xido de hierro terbio para pel\u00edculas finas magn\u00e9ticas es un material de alto rendimiento dise\u00f1ado para la preparaci\u00f3n de dispositivos optoelectr\u00f3nicos y revestimientos funcionales. Con una pureza de hasta el 99,9%, tiene una densidad y compacidad uniformes, lo que [&hellip;]<\/p>\n","protected":false},"featured_media":6913,"template":"","meta":{"_acf_changed":false},"product_brand":[132],"product_cat":[457],"product_tag":[601],"class_list":{"0":"post-10803","1":"product","2":"type-product","3":"status-publish","4":"has-post-thumbnail","6":"product_brand-ulpmat","7":"product_cat-blanco-ceramico-para-sputtering","8":"product_tag-terbio-es","10":"first","11":"instock","12":"shipping-taxable","13":"product-type-variable"},"acf":[],"_links":{"self":[{"href":"https:\/\/ulpmat.com\/es\/wp-json\/wp\/v2\/product\/10803","targetHints":{"allow":["GET"]}}],"collection":[{"href":"https:\/\/ulpmat.com\/es\/wp-json\/wp\/v2\/product"}],"about":[{"href":"https:\/\/ulpmat.com\/es\/wp-json\/wp\/v2\/types\/product"}],"wp:featuredmedia":[{"embeddable":true,"href":"https:\/\/ulpmat.com\/es\/wp-json\/wp\/v2\/media\/6913"}],"wp:attachment":[{"href":"https:\/\/ulpmat.com\/es\/wp-json\/wp\/v2\/media?parent=10803"}],"wp:term":[{"taxonomy":"product_brand","embeddable":true,"href":"https:\/\/ulpmat.com\/es\/wp-json\/wp\/v2\/product_brand?post=10803"},{"taxonomy":"product_cat","embeddable":true,"href":"https:\/\/ulpmat.com\/es\/wp-json\/wp\/v2\/product_cat?post=10803"},{"taxonomy":"product_tag","embeddable":true,"href":"https:\/\/ulpmat.com\/es\/wp-json\/wp\/v2\/product_tag?post=10803"}],"curies":[{"name":"wp","href":"https:\/\/api.w.org\/{rel}","templated":true}]}}