{"id":10781,"date":"2025-07-18T17:15:23","date_gmt":"2025-07-18T09:15:23","guid":{"rendered":"https:\/\/ulpmat.com\/product\/bromuro-de-terbio\/"},"modified":"2025-07-18T17:15:23","modified_gmt":"2025-07-18T09:15:23","slug":"bromuro-de-terbio","status":"publish","type":"product","link":"https:\/\/ulpmat.com\/es\/producto\/bromuro-de-terbio\/","title":{"rendered":"Bromuro de terbio"},"content":{"rendered":"<h2><span style=\"font-size: 14pt;\">Bromuro de terbio en polvo<\/span><\/h2>\n<p data-start=\"96\" data-end=\"515\"><strong data-start=\"96\" data-end=\"153\"><span style=\"color: #0000ff;\"><a style=\"color: #0000ff;\" href=\"https:\/\/ulpmat.com\/es\/buscar\/?type=name&#038;keyword=Terbium+Bromide\">El polvo de bromuro de terbio<\/a><\/span> para materiales de alto rendimiento<\/strong> es un producto de alta calidad dise\u00f1ado para aplicaciones qu\u00edmicas. Con una pureza de hasta el 99,99%, las part\u00edculas son finas y uniformes, lo que garantiza su estabilidad y consistencia en diversas aplicaciones. Su excelente estabilidad qu\u00edmica hace que <strong data-start=\"382\" data-end=\"444\">el polvo de bromuro de terbio para componentes magn\u00e9ticos y \u00f3pticos<\/strong> sea ideal para su uso en catalizadores, dispositivos \u00f3pticos y materiales magn\u00e9ticos.<\/p>\n<p data-start=\"517\" data-end=\"792\">Suministramos <strong data-start=\"528\" data-end=\"598\">polvo de bromuro de terbio para tama\u00f1os de part\u00edcula personalizados y envasado<\/strong> en m\u00faltiples especificaciones para satisfacer los diferentes requisitos de los procesos. Disponemos de asistencia t\u00e9cnica completa para ayudarle a resolver cualquier problema durante el uso y garantizar un rendimiento \u00f3ptimo en sus aplicaciones.<\/p>\n<h2><span style=\"font-size: 14pt;\">Productos destacados de <\/span><span style=\"font-size: 14pt;\">Bromuro de terbio en polvo<\/span><\/h2>\n<p>Pureza de hasta el 99,99<br \/>\nPart\u00edculas uniformes y finas, adecuadas para procesamiento fino<br \/>\nExcelente estabilidad qu\u00edmica y capacidad de almacenamiento<br \/>\nTama\u00f1o de part\u00edcula y especificaciones de envasado personalizables<\/p>\n<h2><span style=\"font-size: 14pt;\">Aplicaciones del bromuro de terbio en polvo<\/span><\/h2>\n<p>Materiales magn\u00e9ticos: Como importante elemento de tierras raras, se utiliza en la fabricaci\u00f3n de aleaciones magn\u00e9ticas permanentes de alto rendimiento<br \/>\nMateriales \u00f3pticos: Desempe\u00f1a un papel sin\u00e9rgico en el vidrio \u00f3ptico y los dispositivos l\u00e1ser<br \/>\n\u00c1mbito de los catalizadores: Como componente catalizador, mejora la eficacia y selectividad de las reacciones<\/p>\n<h2><span style=\"font-size: 14pt;\">Informe<\/span><\/h2>\n<p>Proporcionamos un certificado de an\u00e1lisis (COA) completo, una hoja de datos de seguridad del material (MSDS) y otros informes de pruebas relacionados para cada lote de productos, apoyamos las pruebas de terceros y garantizamos la calidad del producto y la seguridad del cliente.<\/p>\n","protected":false},"excerpt":{"rendered":"<p>Bromuro de terbio en polvo El polvo de bromuro de terbio para materiales de alto rendimiento es un producto de alta calidad dise\u00f1ado para aplicaciones qu\u00edmicas. Con una pureza de hasta el 99,99%, las part\u00edculas son finas y uniformes, lo que garantiza su estabilidad y consistencia en diversas aplicaciones. Su excelente estabilidad qu\u00edmica hace que [&hellip;]<\/p>\n","protected":false},"featured_media":5959,"template":"","meta":{"_acf_changed":false},"product_brand":[132],"product_cat":[331,330],"product_tag":[589],"class_list":{"0":"post-10781","1":"product","2":"type-product","3":"status-publish","4":"has-post-thumbnail","6":"product_brand-ulpmat","7":"product_cat-materiales-de-tierras-raras","8":"product_cat-materiales-halogenados","9":"product_tag-bromuro-de-terbio","11":"first","12":"instock","13":"shipping-taxable","14":"product-type-variable"},"acf":[],"_links":{"self":[{"href":"https:\/\/ulpmat.com\/es\/wp-json\/wp\/v2\/product\/10781","targetHints":{"allow":["GET"]}}],"collection":[{"href":"https:\/\/ulpmat.com\/es\/wp-json\/wp\/v2\/product"}],"about":[{"href":"https:\/\/ulpmat.com\/es\/wp-json\/wp\/v2\/types\/product"}],"wp:featuredmedia":[{"embeddable":true,"href":"https:\/\/ulpmat.com\/es\/wp-json\/wp\/v2\/media\/5959"}],"wp:attachment":[{"href":"https:\/\/ulpmat.com\/es\/wp-json\/wp\/v2\/media?parent=10781"}],"wp:term":[{"taxonomy":"product_brand","embeddable":true,"href":"https:\/\/ulpmat.com\/es\/wp-json\/wp\/v2\/product_brand?post=10781"},{"taxonomy":"product_cat","embeddable":true,"href":"https:\/\/ulpmat.com\/es\/wp-json\/wp\/v2\/product_cat?post=10781"},{"taxonomy":"product_tag","embeddable":true,"href":"https:\/\/ulpmat.com\/es\/wp-json\/wp\/v2\/product_tag?post=10781"}],"curies":[{"name":"wp","href":"https:\/\/api.w.org\/{rel}","templated":true}]}}