{"id":10770,"date":"2025-07-18T17:15:23","date_gmt":"2025-07-18T09:15:23","guid":{"rendered":"https:\/\/ulpmat.com\/product\/cloruro-de-terbio\/"},"modified":"2025-07-18T17:15:23","modified_gmt":"2025-07-18T09:15:23","slug":"cloruro-de-terbio","status":"publish","type":"product","link":"https:\/\/ulpmat.com\/es\/producto\/cloruro-de-terbio\/","title":{"rendered":"Cloruro de terbio"},"content":{"rendered":"<h2><span style=\"font-size: 14pt;\">Cloruro de terbio en polvo<\/span><\/h2>\n<p data-start=\"97\" data-end=\"466\"><strong data-start=\"97\" data-end=\"158\"><span style=\"color: #0000ff;\"><a style=\"color: #0000ff;\" href=\"https:\/\/ulpmat.com\/es\/buscar\/?type=name&#038;keyword=Terbium+Chloride\">El cloruro de terbio en polvo<\/a><\/span> para materiales funcionales avanzados<\/strong> es un compuesto de tierras raras de gran pureza ampliamente utilizado en materiales luminiscentes, materiales magn\u00e9ticos y precursores de aleaciones de tierras raras. Proporcionamos cloruro de terbio en polvo con una pureza del 99,99% <strong data-start=\"310\" data-end=\"387\">para aplicaciones termoestables y solubles en agua<\/strong>, que cumple los requisitos de los procesos de s\u00edntesis de varios sistemas de materiales.<\/p>\n<p data-start=\"468\" data-end=\"717\">Ofrecemos <strong data-start=\"477\" data-end=\"534\">cloruro de terbio en polvo para especificaciones personalizadas<\/strong> en varios tama\u00f1os de part\u00edcula y opciones de envasado. Disponemos de un amplio servicio postventa; si tiene alguna pregunta sobre el uso, no dude en ponerse en contacto con nuestro equipo t\u00e9cnico.<\/p>\n<h2><span style=\"font-size: 14pt;\">Aspectos destacados del cloruro de terbio en polvo<\/span><\/h2>\n<p>Pureza: 99,99<br \/>\nAlta estabilidad, que garantiza una reacci\u00f3n controlable y la consistencia del producto<br \/>\nEl tama\u00f1o de las part\u00edculas, el envasado y las especificaciones de los lotes pueden personalizarse bajo demanda<br \/>\nAplicable a diversos materiales de alto rendimiento, como f\u00f3sforos, aleaciones magn\u00e9ticas, dopaje cer\u00e1mico, etc.<\/p>\n<h2><span style=\"font-size: 14pt;\">Aplicaciones del cloruro de terbio en polvo<\/span><\/h2>\n<p>Materiales luminiscentes: Ampliamente utilizado en l\u00e1mparas fluorescentes, pantallas y l\u00e1seres como activadores de f\u00f3sforo verde<br \/>\nMateriales magn\u00e9ticos: Participa en la preparaci\u00f3n de aleaciones magn\u00e9ticas de tierras raras como Tb-Fe para mejorar las propiedades magn\u00e9ticas y la estabilidad t\u00e9rmica<br \/>\nPrecursores de tierras raras: Se utilizan para sintetizar materiales cer\u00e1micos funcionales como \u00f3xidos y fluoruros de tierras raras<br \/>\nAplicaciones en investigaci\u00f3n cient\u00edfica: Utilizados como reactivos anal\u00edticos de gran pureza, muestras patr\u00f3n y materias primas para catalizadores<\/p>\n<h2><span style=\"font-size: 14pt;\">Informes<\/span><\/h2>\n<p>Proporcionamos certificados de an\u00e1lisis (COA), hojas de datos de seguridad de materiales (MSDS) y otros informes relevantes para cada lote de productos. Adem\u00e1s, tambi\u00e9n apoyamos las pruebas de terceros para mejorar la garant\u00eda de calidad.<\/p>\n","protected":false},"excerpt":{"rendered":"<p>Cloruro de terbio en polvo El cloruro de terbio en polvo para materiales funcionales avanzados es un compuesto de tierras raras de gran pureza ampliamente utilizado en materiales luminiscentes, materiales magn\u00e9ticos y precursores de aleaciones de tierras raras. Proporcionamos cloruro de terbio en polvo con una pureza del 99,99% para aplicaciones termoestables y solubles en [&hellip;]<\/p>\n","protected":false},"featured_media":5965,"template":"","meta":{"_acf_changed":false},"product_brand":[132],"product_cat":[331,330],"product_tag":[583],"class_list":{"0":"post-10770","1":"product","2":"type-product","3":"status-publish","4":"has-post-thumbnail","6":"product_brand-ulpmat","7":"product_cat-materiales-de-tierras-raras","8":"product_cat-materiales-halogenados","9":"product_tag-cloruro-de-terbio","11":"first","12":"instock","13":"shipping-taxable","14":"product-type-variable"},"acf":[],"_links":{"self":[{"href":"https:\/\/ulpmat.com\/es\/wp-json\/wp\/v2\/product\/10770","targetHints":{"allow":["GET"]}}],"collection":[{"href":"https:\/\/ulpmat.com\/es\/wp-json\/wp\/v2\/product"}],"about":[{"href":"https:\/\/ulpmat.com\/es\/wp-json\/wp\/v2\/types\/product"}],"wp:featuredmedia":[{"embeddable":true,"href":"https:\/\/ulpmat.com\/es\/wp-json\/wp\/v2\/media\/5965"}],"wp:attachment":[{"href":"https:\/\/ulpmat.com\/es\/wp-json\/wp\/v2\/media?parent=10770"}],"wp:term":[{"taxonomy":"product_brand","embeddable":true,"href":"https:\/\/ulpmat.com\/es\/wp-json\/wp\/v2\/product_brand?post=10770"},{"taxonomy":"product_cat","embeddable":true,"href":"https:\/\/ulpmat.com\/es\/wp-json\/wp\/v2\/product_cat?post=10770"},{"taxonomy":"product_tag","embeddable":true,"href":"https:\/\/ulpmat.com\/es\/wp-json\/wp\/v2\/product_tag?post=10770"}],"curies":[{"name":"wp","href":"https:\/\/api.w.org\/{rel}","templated":true}]}}