{"id":10711,"date":"2025-07-18T17:15:24","date_gmt":"2025-07-18T09:15:24","guid":{"rendered":"https:\/\/ulpmat.com\/product\/disprosio-metalico\/"},"modified":"2025-07-18T17:15:24","modified_gmt":"2025-07-18T09:15:24","slug":"disprosio-metalico","status":"publish","type":"product","link":"https:\/\/ulpmat.com\/es\/producto\/disprosio-metalico\/","title":{"rendered":"Disprosio met\u00e1lico"},"content":{"rendered":"<h2><span style=\"font-size: 14pt;\">C\u00e1todos para sputtering de disprosio Descripci\u00f3n general<\/span><\/h2>\n<p><strong><span style=\"color: #3366ff;\"><a style=\"color: #3366ff;\" href=\"https:\/\/ulpmat.com\/es\/buscar\/?type=element&#038;keyword=Dy\">El disprosio<\/a><\/span><\/strong> son materiales met\u00e1licos de tierras raras dise\u00f1ados para procesos avanzados de deposici\u00f3n de pel\u00edculas finas funcionales. Tienen excelentes propiedades magn\u00e9ticas, propiedades de tierras raras y buena estabilidad de proceso. Con una pureza de hasta el 99,95%, pueden lograr una formaci\u00f3n de pel\u00edcula uniforme y una respuesta magneto-\u00f3ptica estable, y muestran un excelente rendimiento en campos de vanguardia como el almacenamiento magn\u00e9tico, los sensores, los dispositivos magnetostrictivos y los recubrimientos \u00f3pticos.<\/p>\n<p>Podemos suministrar c\u00e1todos para sputtering de disprosio matel de varios tama\u00f1os y formas, como redondos y rectangulares, y pueden personalizarse seg\u00fan los requisitos espec\u00edficos de los equipos y procesos de los clientes. Tambi\u00e9n ofrecemos sugerencias de selecci\u00f3n t\u00e9cnica y servicios posventa para garantizar que el efecto de aplicaci\u00f3n del material sea estable y controlable. No dude en <span style=\"color: #3366ff;\"><a style=\"color: #3366ff;\" href=\"https:\/\/ulpmat.com\/es\/contactanos\/\">ponerse en contacto con nosotros<\/a><\/span>.<\/p>\n<h2><span style=\"font-size: 14pt;\">Productos destacados<\/span><\/h2>\n<p>Pureza: 99,95%<br \/>\nMicroestructura densa, adecuada para sputtering estable a largo plazo<br \/>\nBuena adaptaci\u00f3n magn\u00e9tica y de expansi\u00f3n t\u00e9rmica<br \/>\nPersonalizaci\u00f3n flexible de las especificaciones, compatible con diversos sistemas de c\u00e1todos<br \/>\nServicio de uni\u00f3n personalizado<\/p>\n<h2><span style=\"font-size: 14pt;\">Aplicaciones de los c\u00e1todos para sputtering de Disprosio<\/span><\/h2>\n<p>Almacenamiento magn\u00e9tico y sensores: utilizado para capas de tierras raras en estructuras GMR\/TMR para mejorar la respuesta magn\u00e9tica del dispositivo y la estabilidad de la temperatura.<br \/>\nMateriales magnetostrictivos: El disprosio puede utilizarse en combinaci\u00f3n con c\u00e1todos de aleaciones como el hierro y el t\u00e1ntalo para depositar pel\u00edculas de alto coeficiente magnetostrictivo.<br \/>\nRecubrimientos \u00f3pticos: Utilizados para pel\u00edculas reflectantes de infrarrojos o pel\u00edculas de control magneto-\u00f3ptico, que confieren a los sistemas de pel\u00edcula fina nuevas funciones \u00f3pticas y magn\u00e9ticas.<br \/>\nDopado de cer\u00e1mica funcional: El disprosio puede mejorar la estabilidad diel\u00e9ctrica y t\u00e9rmica de los materiales cer\u00e1micos y tambi\u00e9n se utiliza en materiales estructurales de alta temperatura.<\/p>\n<h2><span style=\"font-size: 14pt;\">Informes<\/span><\/h2>\n<p>Proporcionamos un certificado de an\u00e1lisis (COA), una hoja de datos de seguridad del material (MSDS) y otros informes relevantes para cada lote de c\u00e1todos para sputtering de Disprosio. Adem\u00e1s, tambi\u00e9n apoyamos las pruebas de terceros para mejorar la garant\u00eda de calidad.<\/p>\n","protected":false},"excerpt":{"rendered":"<p>C\u00e1todos para sputtering de disprosio Descripci\u00f3n general El disprosio son materiales met\u00e1licos de tierras raras dise\u00f1ados para procesos avanzados de deposici\u00f3n de pel\u00edculas finas funcionales. Tienen excelentes propiedades magn\u00e9ticas, propiedades de tierras raras y buena estabilidad de proceso. Con una pureza de hasta el 99,95%, pueden lograr una formaci\u00f3n de pel\u00edcula uniforme y una respuesta [&hellip;]<\/p>\n","protected":false},"featured_media":7063,"template":"","meta":{"_acf_changed":false},"product_brand":[132],"product_cat":[309],"product_tag":[553,447],"class_list":{"0":"post-10711","1":"product","2":"type-product","3":"status-publish","4":"has-post-thumbnail","6":"product_brand-ulpmat","7":"product_cat-blanco-metalico-para-sputtering","8":"product_tag-disprosio-metalico","9":"product_tag-materiales-de-tierras-raras","11":"first","12":"instock","13":"shipping-taxable","14":"product-type-variable"},"acf":[],"_links":{"self":[{"href":"https:\/\/ulpmat.com\/es\/wp-json\/wp\/v2\/product\/10711","targetHints":{"allow":["GET"]}}],"collection":[{"href":"https:\/\/ulpmat.com\/es\/wp-json\/wp\/v2\/product"}],"about":[{"href":"https:\/\/ulpmat.com\/es\/wp-json\/wp\/v2\/types\/product"}],"wp:featuredmedia":[{"embeddable":true,"href":"https:\/\/ulpmat.com\/es\/wp-json\/wp\/v2\/media\/7063"}],"wp:attachment":[{"href":"https:\/\/ulpmat.com\/es\/wp-json\/wp\/v2\/media?parent=10711"}],"wp:term":[{"taxonomy":"product_brand","embeddable":true,"href":"https:\/\/ulpmat.com\/es\/wp-json\/wp\/v2\/product_brand?post=10711"},{"taxonomy":"product_cat","embeddable":true,"href":"https:\/\/ulpmat.com\/es\/wp-json\/wp\/v2\/product_cat?post=10711"},{"taxonomy":"product_tag","embeddable":true,"href":"https:\/\/ulpmat.com\/es\/wp-json\/wp\/v2\/product_tag?post=10711"}],"curies":[{"name":"wp","href":"https:\/\/api.w.org\/{rel}","templated":true}]}}