{"id":10593,"date":"2025-07-18T17:15:27","date_gmt":"2025-07-18T09:15:27","guid":{"rendered":"https:\/\/ulpmat.com\/product\/oxido-de-holmio-2\/"},"modified":"2025-07-18T17:15:27","modified_gmt":"2025-07-18T09:15:27","slug":"oxido-de-holmio-2","status":"publish","type":"product","link":"https:\/\/ulpmat.com\/es\/producto\/oxido-de-holmio-2\/","title":{"rendered":"\u00d3xido de holmio"},"content":{"rendered":"<h2><span style=\"font-size: 14pt;\"><strong>\u00d3xido de holmio en polvo<\/strong><\/span><\/h2>\n<p><span style=\"color: #0000ff;\"><a style=\"color: #0000ff;\" href=\"https:\/\/ulpmat.com\/es\/buscar\/?type=name&#038;keyword=Holmium+Oxide\"><strong>\u00d3xido de holmio en polvo<\/strong><\/a><\/span><strong data-start=\"94\" data-end=\"145\"> para colorear vidrio \u00f3ptico<\/strong> es un \u00f3xido de tierras raras de gran pureza ampliamente utilizado en campos de alta tecnolog\u00eda como materiales l\u00e1ser, almacenamiento magneto-\u00f3ptico, f\u00f3sforos y materiales anal\u00edticos est\u00e1ndar. Su forma de polvo puro de color amarillo claro, su alta estabilidad t\u00e9rmica y sus excelentes propiedades \u00f3pticas hacen de este polvo <strong data-start=\"410\" data-end=\"454\">de \u00f3xido de holmio para materiales l\u00e1ser<\/strong> un material funcional clave en la investigaci\u00f3n cient\u00edfica y las aplicaciones industriales.<\/p>\n<p data-start=\"536\" data-end=\"933\">Suministramos <strong data-start=\"547\" data-end=\"607\">polvo de \u00f3xido de holmio para el desarrollo de materiales funcionales<\/strong> con distintos rangos de tama\u00f1o de part\u00edcula y una pureza de hasta el 99,99%. Podemos personalizar la distribuci\u00f3n del tama\u00f1o de las part\u00edculas y las soluciones de envasado de acuerdo con los requisitos espec\u00edficos de los clientes para satisfacer diversas necesidades, desde el desarrollo experimental hasta la producci\u00f3n en masa, y ofrecer servicios completos de posventa y asistencia t\u00e9cnica.<\/p>\n<h2><span style=\"font-size: 14pt;\">Productos destacados de <strong>\u00d3xido de holmio en polvo<\/strong><\/span><\/h2>\n<p>Pureza: 99,9%-99,99%<br \/>\nFinura del polvo controlable, adecuado para aplicaciones de alta precisi\u00f3n<br \/>\nBuena estabilidad t\u00e9rmica e inercia qu\u00edmica<br \/>\nEmbalaje personalizable<\/p>\n<h2><span style=\"font-size: 14pt;\">Aplicaciones del <strong>polvo de \u00f3xido de holmio<\/strong><\/span><\/h2>\n<p>Vidrio \u00f3ptico y colorantes cer\u00e1micos: se utiliza para preparar vidrio y materiales de esmalte con color amarillo brillante, con buena estabilidad t\u00e9rmica y no f\u00e1ciles de decolorar.<br \/>\nMateriales magneto-\u00f3pticos: El Ho\u2082O\u2083 tiene un importante efecto de rotaci\u00f3n magneto-\u00f3ptica y es un componente importante de los dispositivos de almacenamiento magneto-\u00f3ptico.<br \/>\nMateriales l\u00e1ser: pueden utilizarse como dopantes en cristales l\u00e1ser, como los l\u00e1seres Ho:YAG, para mejorar el rendimiento de salida en el infrarrojo medio.<br \/>\nFluorescencia y sustancias patr\u00f3n anal\u00edticas: sus caracter\u00edsticas espectrales estables hacen que se utilicen a menudo como patrones de calibraci\u00f3n de longitudes de onda de espectr\u00f3metros.<\/p>\n<h2><span style=\"font-size: 14pt;\">Informes<\/span><\/h2>\n<p>Cada lote de productos se suministra con un certificado de an\u00e1lisis (COA) y una hoja de datos de seguridad del material (MSDS), y se pueden facilitar informes de pruebas de terceros previa solicitud.<\/p>\n","protected":false},"excerpt":{"rendered":"<p>\u00d3xido de holmio en polvo \u00d3xido de holmio en polvo para colorear vidrio \u00f3ptico es un \u00f3xido de tierras raras de gran pureza ampliamente utilizado en campos de alta tecnolog\u00eda como materiales l\u00e1ser, almacenamiento magneto-\u00f3ptico, f\u00f3sforos y materiales anal\u00edticos est\u00e1ndar. Su forma de polvo puro de color amarillo claro, su alta estabilidad t\u00e9rmica y sus [&hellip;]<\/p>\n","protected":false},"featured_media":6025,"template":"","meta":{"_acf_changed":false},"product_brand":[132],"product_cat":[331,438],"product_tag":[517],"class_list":{"0":"post-10593","1":"product","2":"type-product","3":"status-publish","4":"has-post-thumbnail","6":"product_brand-ulpmat","7":"product_cat-materiales-de-tierras-raras","8":"product_cat-oxidos","9":"product_tag-oxido-de-holmio","11":"first","12":"instock","13":"shipping-taxable","14":"product-type-variable"},"acf":[],"_links":{"self":[{"href":"https:\/\/ulpmat.com\/es\/wp-json\/wp\/v2\/product\/10593","targetHints":{"allow":["GET"]}}],"collection":[{"href":"https:\/\/ulpmat.com\/es\/wp-json\/wp\/v2\/product"}],"about":[{"href":"https:\/\/ulpmat.com\/es\/wp-json\/wp\/v2\/types\/product"}],"wp:featuredmedia":[{"embeddable":true,"href":"https:\/\/ulpmat.com\/es\/wp-json\/wp\/v2\/media\/6025"}],"wp:attachment":[{"href":"https:\/\/ulpmat.com\/es\/wp-json\/wp\/v2\/media?parent=10593"}],"wp:term":[{"taxonomy":"product_brand","embeddable":true,"href":"https:\/\/ulpmat.com\/es\/wp-json\/wp\/v2\/product_brand?post=10593"},{"taxonomy":"product_cat","embeddable":true,"href":"https:\/\/ulpmat.com\/es\/wp-json\/wp\/v2\/product_cat?post=10593"},{"taxonomy":"product_tag","embeddable":true,"href":"https:\/\/ulpmat.com\/es\/wp-json\/wp\/v2\/product_tag?post=10593"}],"curies":[{"name":"wp","href":"https:\/\/api.w.org\/{rel}","templated":true}]}}