{"id":10370,"date":"2025-07-18T17:15:31","date_gmt":"2025-07-18T09:15:31","guid":{"rendered":"https:\/\/ulpmat.com\/product\/cloruro-de-erbio-hexahidratado\/"},"modified":"2025-07-18T17:15:31","modified_gmt":"2025-07-18T09:15:31","slug":"cloruro-de-erbio-hexahidratado","status":"publish","type":"product","link":"https:\/\/ulpmat.com\/es\/producto\/cloruro-de-erbio-hexahidratado\/","title":{"rendered":"Cloruro de erbio hexahidratado"},"content":{"rendered":"<h2><span style=\"font-size: 14pt;\"><strong>Cloruro de erbio hexahidratado en polvo Descripci\u00f3n general<\/strong><\/span><\/h2>\n<p><span style=\"color: #0000ff;\"><a style=\"color: #0000ff;\" href=\"https:\/\/ulpmat.com\/es\/buscar\/?type=name&#038;keyword=Erbium+Chloride+Hexahydrate\"><strong>Cloruro de erbio hexahidratado en polvo<\/strong><\/a><\/span> es un cloruro de tierras raras de gran pureza, del 99,999%. Tiene buena cristalinidad y estabilidad y se utiliza ampliamente en materiales funcionales de tierras raras, fabricaci\u00f3n de l\u00e1ser, dopaje de fibras y preparaci\u00f3n de cer\u00e1mica de alto rendimiento.<\/p>\n<p data-start=\"275\" data-end=\"712\" data-is-last-node=\"\" data-is-only-node=\"\">Proporcionamos <strong data-start=\"286\" data-end=\"336\">polvo de cloruro de erbio hexahidratado de gran pureza<\/strong> con part\u00edculas uniformes y contenido de agua estable, que admite envases de m\u00faltiples especificaciones y la personalizaci\u00f3n del cliente para garantizar que el producto sea adecuado para una variedad de necesidades de investigaci\u00f3n cient\u00edfica y aplicaciones industriales. Un perfecto soporte t\u00e9cnico postventa acompa\u00f1a su investigaci\u00f3n y desarrollo de materiales y la producci\u00f3n con nuestro polvo de <strong data-start=\"673\" data-end=\"711\">cloruro<\/strong> de erbio hexahidratado.<\/p>\n<h2><span style=\"font-size: 14pt;\">Aspectos destacados del <strong>cloruro de erbio hexahidratado en polvo<\/strong><\/span><\/h2>\n<p>Pureza de hasta el 99,999%, contenido de impurezas extremadamente bajo, que satisface las necesidades de los materiales de gama alta<br \/>\nBuena cristalinidad, contenido de agua estable, garantizando la consistencia del rendimiento qu\u00edmico<br \/>\nDistribuci\u00f3n uniforme de las part\u00edculas, f\u00e1cil de disolver y dosificar<br \/>\nAdmite envases y especificaciones personalizados para satisfacer los distintos requisitos del proceso<\/p>\n<h2><span style=\"font-size: 14pt;\">Aplicaciones <strong>del polvo de cloruro de erbio hexahidratado<\/strong><\/span><\/h2>\n<p>Materiales l\u00e1ser: utilizados como dopantes para preparar cristales l\u00e1ser dopados con Er\u00b3\u207a y fibras \u00f3pticas<br \/>\nDispositivos optoelectr\u00f3nicos: se utiliza para fibras \u00f3pticas dopadas con tierras raras, dispositivos emisores de luz y revestimientos \u00f3pticos<br \/>\nCer\u00e1mica funcional: participa en el dise\u00f1o de formulaciones y la preparaci\u00f3n de materiales cer\u00e1micos de alto rendimiento<br \/>\nInvestigaci\u00f3n de materiales: ampliamente utilizada en la qu\u00edmica de sales de tierras raras y el desarrollo de nuevos materiales funcionales<\/p>\n<h2><span style=\"font-size: 14pt;\">Informe:<\/span><\/h2>\n<article class=\"text-token-text-primary w-full focus:outline-none scroll-mt-[calc(var(--header-height)+min(200px,max(70px,20svh)))]\" dir=\"auto\" tabindex=\"-1\" data-turn-id=\"request-WEB:0cf552fb-ab25-4efd-ab4b-18b4999a1059-29\" data-testid=\"conversation-turn-52\" data-scroll-anchor=\"true\" data-turn=\"assistant\">\n<div class=\"text-base my-auto mx-auto pb-10 [--thread-content-margin:--spacing(4)] @[37rem]:[--thread-content-margin:--spacing(6)] @[72rem]:[--thread-content-margin:--spacing(16)] px-(--thread-content-margin)\">\n<div class=\"[--thread-content-max-width:32rem] @[34rem]:[--thread-content-max-width:40rem] @[64rem]:[--thread-content-max-width:48rem] mx-auto max-w-(--thread-content-max-width) flex-1 group\/turn-messages focus-visible:outline-hidden relative flex w-full min-w-0 flex-col agent-turn\" tabindex=\"-1\">\n<div class=\"flex max-w-full flex-col grow\">\n<div class=\"min-h-8 text-message relative flex w-full flex-col items-end gap-2 text-start break-words whitespace-normal [.text-message+&amp;]:mt-5\" dir=\"auto\" data-message-author-role=\"assistant\" data-message-id=\"cbe53a83-b6cb-4770-82cb-eda9130ec5a7\" data-message-model-slug=\"gpt-5-mini\">\n<div class=\"flex w-full flex-col gap-1 empty:hidden first:pt-[3px]\">\n<div class=\"markdown prose dark:prose-invert w-full break-words light markdown-new-styling\">\n<article class=\"text-token-text-primary w-full focus:outline-none scroll-mt-[calc(var(--header-height)+min(200px,max(70px,20svh)))]\" dir=\"auto\" tabindex=\"-1\" data-turn-id=\"request-WEB:0cf552fb-ab25-4efd-ab4b-18b4999a1059-29\" data-testid=\"conversation-turn-52\" data-scroll-anchor=\"true\" data-turn=\"assistant\">\n<div class=\"text-base my-auto mx-auto pb-10 [--thread-content-margin:--spacing(4)] @[37rem]:[--thread-content-margin:--spacing(6)] @[72rem]:[--thread-content-margin:--spacing(16)] px-(--thread-content-margin)\">\n<div class=\"[--thread-content-max-width:32rem] @[34rem]:[--thread-content-max-width:40rem] @[64rem]:[--thread-content-max-width:48rem] mx-auto max-w-(--thread-content-max-width) flex-1 group\/turn-messages focus-visible:outline-hidden relative flex w-full min-w-0 flex-col agent-turn\" tabindex=\"-1\">\n<div class=\"flex max-w-full flex-col grow\">\n<div class=\"min-h-8 text-message relative flex w-full flex-col items-end gap-2 text-start break-words whitespace-normal [.text-message+&amp;]:mt-5\" dir=\"auto\" data-message-author-role=\"assistant\" data-message-id=\"cbe53a83-b6cb-4770-82cb-eda9130ec5a7\" data-message-model-slug=\"gpt-5-mini\">\n<div class=\"flex w-full flex-col gap-1 empty:hidden first:pt-[3px]\">\n<div class=\"markdown prose dark:prose-invert w-full break-words light markdown-new-styling\">\n<p data-start=\"0\" data-end=\"248\" data-is-last-node=\"\" data-is-only-node=\"\">Cada lote del polvo viene con un certificado completo de an\u00e1lisis (COA), hoja de datos de seguridad del material (MSDS) e informes de inspecci\u00f3n de calidad relacionados. Apoyamos las pruebas autorizadas de terceros para garantizar que el producto es estable y fiable.<\/p>\n<\/div>\n<\/div>\n<\/div>\n<\/div>\n<\/div>\n<\/div>\n<\/article>\n<\/div>\n<\/div>\n<\/div>\n<\/div>\n<\/div>\n<\/div>\n<\/article>\n","protected":false},"excerpt":{"rendered":"<p>Cloruro de erbio hexahidratado en polvo Descripci\u00f3n general Cloruro de erbio hexahidratado en polvo es un cloruro de tierras raras de gran pureza, del 99,999%. Tiene buena cristalinidad y estabilidad y se utiliza ampliamente en materiales funcionales de tierras raras, fabricaci\u00f3n de l\u00e1ser, dopaje de fibras y preparaci\u00f3n de cer\u00e1mica de alto rendimiento. Proporcionamos polvo [&hellip;]<\/p>\n","protected":false},"featured_media":6073,"template":"","meta":{"_acf_changed":false},"product_brand":[132],"product_cat":[331,330],"product_tag":[493,332],"class_list":{"0":"post-10370","1":"product","2":"type-product","3":"status-publish","4":"has-post-thumbnail","6":"product_brand-ulpmat","7":"product_cat-materiales-de-tierras-raras","8":"product_cat-materiales-halogenados","9":"product_tag-erbio-es","10":"product_tag-materiales-halogenados","12":"first","13":"instock","14":"shipping-taxable","15":"product-type-variable"},"acf":[],"_links":{"self":[{"href":"https:\/\/ulpmat.com\/es\/wp-json\/wp\/v2\/product\/10370","targetHints":{"allow":["GET"]}}],"collection":[{"href":"https:\/\/ulpmat.com\/es\/wp-json\/wp\/v2\/product"}],"about":[{"href":"https:\/\/ulpmat.com\/es\/wp-json\/wp\/v2\/types\/product"}],"wp:featuredmedia":[{"embeddable":true,"href":"https:\/\/ulpmat.com\/es\/wp-json\/wp\/v2\/media\/6073"}],"wp:attachment":[{"href":"https:\/\/ulpmat.com\/es\/wp-json\/wp\/v2\/media?parent=10370"}],"wp:term":[{"taxonomy":"product_brand","embeddable":true,"href":"https:\/\/ulpmat.com\/es\/wp-json\/wp\/v2\/product_brand?post=10370"},{"taxonomy":"product_cat","embeddable":true,"href":"https:\/\/ulpmat.com\/es\/wp-json\/wp\/v2\/product_cat?post=10370"},{"taxonomy":"product_tag","embeddable":true,"href":"https:\/\/ulpmat.com\/es\/wp-json\/wp\/v2\/product_tag?post=10370"}],"curies":[{"name":"wp","href":"https:\/\/api.w.org\/{rel}","templated":true}]}}