{"id":10355,"date":"2025-07-18T17:15:33","date_gmt":"2025-07-18T09:15:33","guid":{"rendered":"https:\/\/ulpmat.com\/product\/fluoruro-de-erbio\/"},"modified":"2025-07-18T17:15:33","modified_gmt":"2025-07-18T09:15:33","slug":"fluoruro-de-erbio","status":"publish","type":"product","link":"https:\/\/ulpmat.com\/es\/producto\/fluoruro-de-erbio\/","title":{"rendered":"Fluoruro de erbio"},"content":{"rendered":"<h2><span style=\"font-size: 14pt;\"><strong>Polvo de fluoruro de erbio<\/strong><\/span><\/h2>\n<p><span style=\"color: #0000ff;\"><a style=\"color: #0000ff;\" href=\"https:\/\/ulpmat.com\/es\/buscar\/?type=name&#038;keyword=Erbium+Fluoride\"><strong>Fluoruro de erbio en polvo<\/strong><\/a><\/span> es un fluoruro de tierras raras dise\u00f1ado para materiales funcionales de alto rendimiento. Tiene una pureza de hasta el 99,999%, part\u00edculas uniformes y una excelente estabilidad. Sus excelentes propiedades f\u00edsicas y qu\u00edmicas garantizan el excelente rendimiento del material en cer\u00e1micas \u00f3pticas, materiales l\u00e1ser y dispositivos electr\u00f3nicos.<\/p>\n<div class=\"text-base my-auto mx-auto pb-10 [--thread-content-margin:--spacing(4)] @[37rem]:[--thread-content-margin:--spacing(6)] @[72rem]:[--thread-content-margin:--spacing(16)] px-(--thread-content-margin)\">\n<div class=\"[--thread-content-max-width:32rem] @[34rem]:[--thread-content-max-width:40rem] @[64rem]:[--thread-content-max-width:48rem] mx-auto max-w-(--thread-content-max-width) flex-1 group\/turn-messages focus-visible:outline-hidden relative flex w-full min-w-0 flex-col agent-turn\" tabindex=\"-1\">\n<div class=\"flex max-w-full flex-col grow\">\n<div class=\"min-h-8 text-message relative flex w-full flex-col items-end gap-2 text-start break-words whitespace-normal [.text-message+&amp;]:mt-5\" dir=\"auto\" data-message-author-role=\"assistant\" data-message-id=\"82035e4c-0fdc-46cb-942e-f72a2945be8a\" data-message-model-slug=\"gpt-5\">\n<div class=\"flex w-full flex-col gap-1 empty:hidden first:pt-[3px]\">\n<div class=\"markdown prose dark:prose-invert w-full break-words light markdown-new-styling\">\n<p data-start=\"343\" data-end=\"794\" data-is-last-node=\"\" data-is-only-node=\"\">Ofrecemos m\u00faltiples especificaciones de <strong data-start=\"381\" data-end=\"419\">polvo de fluoruro de erbio de gran pureza<\/strong>, y el tama\u00f1o de las part\u00edculas puede personalizarse seg\u00fan las necesidades del cliente. El envase est\u00e1 sellado y es a prueba de humedad para garantizar la pureza y la actividad del polvo. Tanto si se trata de investigaci\u00f3n y desarrollo cient\u00edficos como de producci\u00f3n industrial, ofrecemos un completo servicio de asistencia t\u00e9cnica y posventa para que su proyecto se desarrolle sin problemas con nuestro <strong data-start=\"767\" data-end=\"793\">polvo de fluoruro de<\/strong> erbio.<\/p>\n<\/div>\n<\/div>\n<\/div>\n<\/div>\n<\/div>\n<\/div>\n<h2><span style=\"font-size: 14pt;\">Productos destacados del <strong>polvo de fluoruro de<\/strong> erbio<\/span><\/h2>\n<p>Pureza: 99,999%, lo que garantiza una base de material de alto rendimiento<br \/>\nPart\u00edculas uniformes, buena fluidez, adecuado para diversos procesos de preparaci\u00f3n de materiales<br \/>\nPropiedades qu\u00edmicas estables, baja higroscopicidad, f\u00e1cil de almacenar y procesar<br \/>\nSoluciones personalizadas de tama\u00f1o de part\u00edcula y envasado para satisfacer diferentes requisitos de proceso<\/p>\n<h2><span style=\"font-size: 14pt;\">Aplicaciones del <strong>polvo de fluoruro de erbio<\/strong><\/span><\/h2>\n<p>Cer\u00e1mica \u00f3ptica: se utiliza como material dopante para mejorar el rendimiento de l\u00e1seres y dispositivos \u00f3pticos<br \/>\nMateriales l\u00e1ser: utilizados para preparar cristales l\u00e1ser de tierras raras como Er:YAG<br \/>\nCer\u00e1mica electr\u00f3nica: mejora las propiedades el\u00e9ctricas y magn\u00e9ticas de la cer\u00e1mica funcional<br \/>\nInvestigaci\u00f3n de materiales funcionales de tierras raras: ampliamente utilizados en el desarrollo de materiales de alta gama y en la investigaci\u00f3n cient\u00edfica<\/p>\n<h2><span style=\"font-size: 14pt;\">Informe:<\/span><\/h2>\n<p>Cada lote de polvo de fluoruro de erbio viene con un certificado detallado de an\u00e1lisis (COA), hoja de datos de seguridad del material (MSDS) y otros informes de pruebas pertinentes. Apoyamos las pruebas de calidad de terceros para garantizar que los productos cumplen los requisitos internacionales de calidad de alto nivel.<\/p>\n","protected":false},"excerpt":{"rendered":"<p>Polvo de fluoruro de erbio Fluoruro de erbio en polvo es un fluoruro de tierras raras dise\u00f1ado para materiales funcionales de alto rendimiento. Tiene una pureza de hasta el 99,999%, part\u00edculas uniformes y una excelente estabilidad. Sus excelentes propiedades f\u00edsicas y qu\u00edmicas garantizan el excelente rendimiento del material en cer\u00e1micas \u00f3pticas, materiales l\u00e1ser y dispositivos [&hellip;]<\/p>\n","protected":false},"featured_media":6079,"template":"","meta":{"_acf_changed":false},"product_brand":[132],"product_cat":[331,330],"product_tag":[493,333],"class_list":{"0":"post-10355","1":"product","2":"type-product","3":"status-publish","4":"has-post-thumbnail","6":"product_brand-ulpmat","7":"product_cat-materiales-de-tierras-raras","8":"product_cat-materiales-halogenados","9":"product_tag-erbio-es","10":"product_tag-materiales-opticos","12":"first","13":"instock","14":"shipping-taxable","15":"product-type-variable"},"acf":[],"_links":{"self":[{"href":"https:\/\/ulpmat.com\/es\/wp-json\/wp\/v2\/product\/10355","targetHints":{"allow":["GET"]}}],"collection":[{"href":"https:\/\/ulpmat.com\/es\/wp-json\/wp\/v2\/product"}],"about":[{"href":"https:\/\/ulpmat.com\/es\/wp-json\/wp\/v2\/types\/product"}],"wp:featuredmedia":[{"embeddable":true,"href":"https:\/\/ulpmat.com\/es\/wp-json\/wp\/v2\/media\/6079"}],"wp:attachment":[{"href":"https:\/\/ulpmat.com\/es\/wp-json\/wp\/v2\/media?parent=10355"}],"wp:term":[{"taxonomy":"product_brand","embeddable":true,"href":"https:\/\/ulpmat.com\/es\/wp-json\/wp\/v2\/product_brand?post=10355"},{"taxonomy":"product_cat","embeddable":true,"href":"https:\/\/ulpmat.com\/es\/wp-json\/wp\/v2\/product_cat?post=10355"},{"taxonomy":"product_tag","embeddable":true,"href":"https:\/\/ulpmat.com\/es\/wp-json\/wp\/v2\/product_tag?post=10355"}],"curies":[{"name":"wp","href":"https:\/\/api.w.org\/{rel}","templated":true}]}}