{"id":10334,"date":"2025-07-18T17:15:34","date_gmt":"2025-07-18T09:15:34","guid":{"rendered":"https:\/\/ulpmat.com\/product\/tulio-metalico\/"},"modified":"2025-07-18T17:15:34","modified_gmt":"2025-07-18T09:15:34","slug":"tulio-metalico","status":"publish","type":"product","link":"https:\/\/ulpmat.com\/es\/producto\/tulio-metalico\/","title":{"rendered":"Tulio met\u00e1lico"},"content":{"rendered":"<h2><span style=\"font-size: 14pt;\"><strong>C\u00e1todos para sputtering de tulio met\u00e1lico Descripci\u00f3n general<\/strong><\/span><\/h2>\n<p><span style=\"color: #0000ff;\"><a style=\"color: #0000ff;\" href=\"https:\/\/ulpmat.com\/es\/buscar\/?type=name&#038;keyword=Thulium+metal\"><strong>Los c\u00e1todos para sputtering de metal de tulio<\/strong><\/a><\/span> son materiales met\u00e1licos de tierras raras de gran pureza desarrollados espec\u00edficamente para procesos avanzados de deposici\u00f3n de pel\u00edculas finas. Son adecuados para una gran variedad de procesos de PVD, como el sputtering por magnetr\u00f3n, la deposici\u00f3n por haz de iones y la evaporaci\u00f3n por haz de electrones. Con una pureza de hasta el 99,9%, una estructura met\u00e1lica densa y una formaci\u00f3n de pel\u00edcula uniforme, <strong data-start=\"360\" data-end=\"408\" data-is-only-node=\"\">los c\u00e1todos para sputtering de metal de tulio de gran pureza<\/strong> son especialmente adecuados para campos de alta tecnolog\u00eda como materiales magneto-\u00f3pticos, ventanas de infrarrojos, dispositivos l\u00e1ser y pel\u00edculas funcionales para investigaci\u00f3n.<\/p>\n<p data-start=\"560\" data-end=\"945\" data-is-last-node=\"\" data-is-only-node=\"\">Podemos suministrar <strong data-start=\"575\" data-end=\"611\">c\u00e1todos para sputtering de tulio met\u00e1lico<\/strong> de varias formas y tama\u00f1os, incluyendo redondos, rectangulares y de formas especiales, y tambi\u00e9n ofrecemos especificaciones personalizadas para adaptarnos a los equipos del cliente. Ofrecemos una gama completa de servicios de asistencia t\u00e9cnica, incluidos los servicios de uni\u00f3n de c\u00e1todos, para ayudar a los clientes a lograr una transici\u00f3n sin problemas desde el experimento hasta la producci\u00f3n en masa.<\/p>\n<h2><span style=\"font-size: 14pt;\">Productos destacados de <strong>los c\u00e1todos para sputtering de tulio met\u00e1lico<\/strong><\/span><\/h2>\n<p>Pureza: 99,9<br \/>\nEstructura de alta densidad: optimiza la uniformidad de la deposici\u00f3n de pel\u00edcula fina<br \/>\nCaracter\u00edsticas del metal de tierras raras: paramagnetismo, buena reflectividad infrarroja, alto n\u00famero at\u00f3mico<br \/>\nPersonalizaci\u00f3n: el tama\u00f1o, la forma, la placa posterior, los orificios de montaje, etc. se pueden personalizar de forma flexible seg\u00fan las necesidades<br \/>\nGran compatibilidad: se adapta a los principales equipos de recubrimiento al vac\u00edo y plataformas de I+D<br \/>\nEncuadernaci\u00f3n: puede proporcionar encuadernaci\u00f3n de objetivos y procesamiento de placas base<\/p>\n<h2><span style=\"font-size: 14pt;\">Aplicaciones de <strong>los c\u00e1todos para sputtering de tulio met\u00e1lico<\/strong><\/span><\/h2>\n<p>Materiales magneto-\u00f3pticos: utilizados para preparar materiales de pel\u00edcula fina como almacenamiento magneto-\u00f3ptico y aislantes \u00f3pticos para mejorar la respuesta magneto-\u00f3ptica<br \/>\n\u00d3ptica infrarroja: se utiliza para ventanas y revestimientos de infrarrojo medio y lejano para mejorar la reflexi\u00f3n t\u00e9rmica y las capacidades de control de la absorci\u00f3n<br \/>\nDispositivos l\u00e1ser y fluorescentes: utilizados como elementos dopantes o capas de pel\u00edcula activada en l\u00e1seres de infrarrojo cercano<br \/>\nInvestigaci\u00f3n en ciencia de materiales: como fuente de metales de tierras raras, se utiliza para preparar aleaciones multielemento, estructuras de superredes y pel\u00edculas compuestas funcionales<\/p>\n<h2><span style=\"font-size: 14pt;\">Informe<\/span><\/h2>\n<p>Proporcionamos certificados de an\u00e1lisis (COA) detallados, hojas de datos de seguridad de materiales (MSDS) y otros documentos relevantes para cada lote de <strong>c\u00e1todos para sputtering de metal de tulio<\/strong>, con el fin de garantizar que los productos cumplen los requisitos de calidad de alta pureza y alta consistencia. Al mismo tiempo, apoyamos los servicios de pruebas de terceros para mejorar la fiabilidad y transparencia del proyecto.<\/p>\n","protected":false},"excerpt":{"rendered":"<p>C\u00e1todos para sputtering de tulio met\u00e1lico Descripci\u00f3n general Los c\u00e1todos para sputtering de metal de tulio son materiales met\u00e1licos de tierras raras de gran pureza desarrollados espec\u00edficamente para procesos avanzados de deposici\u00f3n de pel\u00edculas finas. Son adecuados para una gran variedad de procesos de PVD, como el sputtering por magnetr\u00f3n, la deposici\u00f3n por haz de [&hellip;]<\/p>\n","protected":false},"featured_media":6085,"template":"","meta":{"_acf_changed":false},"product_brand":[132],"product_cat":[309],"product_tag":[481,487],"class_list":{"0":"post-10334","1":"product","2":"type-product","3":"status-publish","4":"has-post-thumbnail","6":"product_brand-ulpmat","7":"product_cat-blanco-metalico-para-sputtering","8":"product_tag-blanco-metalico-para-sputtering","9":"product_tag-thulium-es","11":"first","12":"instock","13":"shipping-taxable","14":"product-type-variable"},"acf":[],"_links":{"self":[{"href":"https:\/\/ulpmat.com\/es\/wp-json\/wp\/v2\/product\/10334","targetHints":{"allow":["GET"]}}],"collection":[{"href":"https:\/\/ulpmat.com\/es\/wp-json\/wp\/v2\/product"}],"about":[{"href":"https:\/\/ulpmat.com\/es\/wp-json\/wp\/v2\/types\/product"}],"wp:featuredmedia":[{"embeddable":true,"href":"https:\/\/ulpmat.com\/es\/wp-json\/wp\/v2\/media\/6085"}],"wp:attachment":[{"href":"https:\/\/ulpmat.com\/es\/wp-json\/wp\/v2\/media?parent=10334"}],"wp:term":[{"taxonomy":"product_brand","embeddable":true,"href":"https:\/\/ulpmat.com\/es\/wp-json\/wp\/v2\/product_brand?post=10334"},{"taxonomy":"product_cat","embeddable":true,"href":"https:\/\/ulpmat.com\/es\/wp-json\/wp\/v2\/product_cat?post=10334"},{"taxonomy":"product_tag","embeddable":true,"href":"https:\/\/ulpmat.com\/es\/wp-json\/wp\/v2\/product_tag?post=10334"}],"curies":[{"name":"wp","href":"https:\/\/api.w.org\/{rel}","templated":true}]}}