{"id":10319,"date":"2025-07-18T17:15:34","date_gmt":"2025-07-18T09:15:34","guid":{"rendered":"https:\/\/ulpmat.com\/product\/acetato-de-tulio\/"},"modified":"2025-07-18T17:15:34","modified_gmt":"2025-07-18T09:15:34","slug":"acetato-de-tulio","status":"publish","type":"product","link":"https:\/\/ulpmat.com\/es\/producto\/acetato-de-tulio\/","title":{"rendered":"Acetato de Tulio"},"content":{"rendered":"<h2><span style=\"font-size: 14pt;\"><strong>Acetato de Tulio en polvo<\/strong><\/span><\/h2>\n<p><span style=\"color: #0000ff;\"><a style=\"color: #0000ff;\" href=\"https:\/\/ulpmat.com\/es\/producto\/oxido-de-tulio-2\/\"><strong>Acetato de Tulio en polvo<\/strong><\/a><\/span> es un compuesto de tierras raras de gran pureza dise\u00f1ado para la investigaci\u00f3n avanzada en qu\u00edmica, \u00f3ptica y ciencia de materiales. Con una pureza de hasta el 99,9%, presenta una excelente estabilidad qu\u00edmica y solubilidad, lo que lo hace adecuado para el dopaje de tierras raras, la cat\u00e1lisis y la preparaci\u00f3n de pel\u00edculas finas funcionales en experimentos de precisi\u00f3n y producci\u00f3n industrial.<\/p>\n<p data-start=\"375\" data-end=\"718\" data-is-last-node=\"\" data-is-only-node=\"\">Ofrecemos <strong data-start=\"384\" data-end=\"422\">polvo de acetato de tulio de gran pureza<\/strong> en varios tama\u00f1os de part\u00edcula y podemos personalizar el envasado y las especificaciones para satisfacer sus necesidades espec\u00edficas. Tambi\u00e9n proporcionamos asistencia t\u00e9cnica y servicio posventa completos. Si tiene alguna pregunta durante el uso, no dude en ponerse en contacto con nosotros para obtener m\u00e1s informaci\u00f3n sobre el polvo de <strong data-start=\"691\" data-end=\"717\">acetato<\/strong> de tulio.<\/p>\n<h2><span style=\"font-size: 14pt;\">Aspectos destacados del <strong>acetato de tulio en polvo<\/strong> <\/span><\/h2>\n<p>Pureza: 99,9<br \/>\nAlta pureza qu\u00edmica, bajo contenido de impurezas<br \/>\nTama\u00f1o de part\u00edcula y especificaciones de envasado personalizables<br \/>\nSoluble en agua y en algunos disolventes org\u00e1nicos, f\u00e1cil de usar<br \/>\nAdecuado para la preparaci\u00f3n de materiales \u00f3pticos, catalizadores y pel\u00edculas funcionales de tierras raras<\/p>\n<h2><span style=\"font-size: 14pt;\">Aplicaciones del <strong>acetato de tulio en polvo<\/strong> <\/span><\/h2>\n<p>L\u00e1ser y materiales \u00f3pticos: Se utiliza como fuente de dopaje en cristales l\u00e1ser para mejorar la luminiscencia<br \/>\nCatalizadores: Se utiliza como catalizador en la s\u00edntesis org\u00e1nica y la polimerizaci\u00f3n de pol\u00edmeros<br \/>\nPel\u00edculas finas dopadas con tierras raras: Utilizadas para la preparaci\u00f3n de revestimientos \u00f3pticos de alto rendimiento y revestimientos funcionales<br \/>\nExperimentos de investigaci\u00f3n: Se utiliza como reactivo est\u00e1ndar para la investigaci\u00f3n qu\u00edmica de tierras raras<\/p>\n<h2><span style=\"font-size: 14pt;\">Informe<\/span><\/h2>\n<p>Proporcionamos un certificado de an\u00e1lisis (COA) completo, una hoja de datos de seguridad del material (MSDS) y los documentos de conformidad relacionados para cada lote de productos para garantizar la alta pureza y consistencia de los productos. Apoyamos las pruebas de terceros para aumentar la confianza de los clientes y la capacidad de verificaci\u00f3n en la investigaci\u00f3n cient\u00edfica o la producci\u00f3n.<\/p>\n","protected":false},"excerpt":{"rendered":"<p>Acetato de Tulio en polvo Acetato de Tulio en polvo es un compuesto de tierras raras de gran pureza dise\u00f1ado para la investigaci\u00f3n avanzada en qu\u00edmica, \u00f3ptica y ciencia de materiales. Con una pureza de hasta el 99,9%, presenta una excelente estabilidad qu\u00edmica y solubilidad, lo que lo hace adecuado para el dopaje de tierras [&hellip;]<\/p>\n","protected":false},"featured_media":6091,"template":"","meta":{"_acf_changed":false},"product_brand":[132],"product_cat":[331],"product_tag":[447,487],"class_list":{"0":"post-10319","1":"product","2":"type-product","3":"status-publish","4":"has-post-thumbnail","6":"product_brand-ulpmat","7":"product_cat-materiales-de-tierras-raras","8":"product_tag-materiales-de-tierras-raras","9":"product_tag-thulium-es","11":"first","12":"instock","13":"shipping-taxable","14":"product-type-variable"},"acf":[],"_links":{"self":[{"href":"https:\/\/ulpmat.com\/es\/wp-json\/wp\/v2\/product\/10319","targetHints":{"allow":["GET"]}}],"collection":[{"href":"https:\/\/ulpmat.com\/es\/wp-json\/wp\/v2\/product"}],"about":[{"href":"https:\/\/ulpmat.com\/es\/wp-json\/wp\/v2\/types\/product"}],"wp:featuredmedia":[{"embeddable":true,"href":"https:\/\/ulpmat.com\/es\/wp-json\/wp\/v2\/media\/6091"}],"wp:attachment":[{"href":"https:\/\/ulpmat.com\/es\/wp-json\/wp\/v2\/media?parent=10319"}],"wp:term":[{"taxonomy":"product_brand","embeddable":true,"href":"https:\/\/ulpmat.com\/es\/wp-json\/wp\/v2\/product_brand?post=10319"},{"taxonomy":"product_cat","embeddable":true,"href":"https:\/\/ulpmat.com\/es\/wp-json\/wp\/v2\/product_cat?post=10319"},{"taxonomy":"product_tag","embeddable":true,"href":"https:\/\/ulpmat.com\/es\/wp-json\/wp\/v2\/product_tag?post=10319"}],"curies":[{"name":"wp","href":"https:\/\/api.w.org\/{rel}","templated":true}]}}