{"id":10307,"date":"2025-07-18T17:15:34","date_gmt":"2025-07-18T09:15:34","guid":{"rendered":"https:\/\/ulpmat.com\/product\/oxido-de-tulio-2\/"},"modified":"2025-07-18T17:15:34","modified_gmt":"2025-07-18T09:15:34","slug":"oxido-de-tulio-2","status":"publish","type":"product","link":"https:\/\/ulpmat.com\/es\/producto\/oxido-de-tulio-2\/","title":{"rendered":"\u00d3xido de tulio"},"content":{"rendered":"<h2><span style=\"font-size: 14pt;\"><strong>\u00d3xido de tulio en polvo Overview<\/strong><\/span><\/h2>\n<p><span style=\"color: #0000ff;\"><a style=\"color: #0000ff;\" href=\"https:\/\/ulpmat.com\/es\/buscar\/?type=name&#038;keyword=Thulium+Oxide\"><strong>\u00d3xido de tulio en polvo<\/strong><\/a> <\/span>son \u00f3xidos de tierras raras de gran pureza especialmente utilizados para la preparaci\u00f3n de materiales avanzados. Tienen una excelente estabilidad qu\u00edmica y propiedades \u00f3pticas y el\u00e9ctricas. Con una pureza de hasta el 99,99%, el tama\u00f1o de las part\u00edculas de <strong data-start=\"248\" data-end=\"285\" data-is-only-node=\"\">los polvos de \u00f3xido de tulio de gran pureza<\/strong> es controlable y se distribuye uniformemente, lo que los hace ideales para su uso en campos de alta tecnolog\u00eda como pel\u00edculas \u00f3pticas, cer\u00e1micas, cristales l\u00e1ser, materiales magneto-\u00f3pticos y componentes electr\u00f3nicos.<\/p>\n<p>Suministramos <strong data-start=\"11\" data-end=\"48\">polvo de \u00f3xido de tulio de gran pureza<\/strong> en diversos rangos de tama\u00f1o de part\u00edcula y especificaciones, incluido <strong data-start=\"116\" data-end=\"143\">el \u00f3xido de tulio ultrafino<\/strong> y el polvo convencional de grado micr\u00f3nico, que pueden personalizarse seg\u00fan las necesidades del cliente. Tambi\u00e9n ofrecemos un completo servicio de asistencia t\u00e9cnica posventa para garantizar el uso \u00f3ptimo de nuestros productos. Si tiene alguna pregunta, no dude en ponerse en contacto con nosotros.<\/p>\n<h2><span style=\"font-size: 14pt;\">Productos destacados del <strong>polvo de \u00f3xido de tulio<\/strong><\/span><\/h2>\n<p>Rango de pureza: 99,99<br \/>\nDistribuci\u00f3n controlable del tama\u00f1o de las part\u00edculas: adecuado para diversos procesos de moldeo y sinterizaci\u00f3n<br \/>\nAlta estabilidad t\u00e9rmica y aislamiento: adecuado para aplicaciones de alta temperatura<br \/>\nEmbalaje y especificaciones personalizables: compatible con requisitos de laboratorio y producci\u00f3n en masa<br \/>\nAplicable al desarrollo de materiales \u00f3pticos, electr\u00f3nicos, cer\u00e1micos y energ\u00e9ticos<\/p>\n<h2><span style=\"font-size: 14pt;\">Aplicaciones del <strong>polvo de \u00f3xido de tulio<\/strong><\/span><\/h2>\n<p>Materiales \u00f3pticos: utilizados para ventanas de infrarrojos, revestimientos de alto \u00edndice de refracci\u00f3n y fuentes de iones activos en cristales l\u00e1ser<br \/>\nMateriales magneto-\u00f3pticos: importantes aplicaciones en almacenamiento magneto-\u00f3ptico y modulaci\u00f3n de la luz<br \/>\nCampo cer\u00e1mico: aditivos o materiales de matriz cer\u00e1mica funcionales para mejorar la resistencia estructural y el rendimiento funcional<br \/>\nComponentes electr\u00f3nicos: como materiales diel\u00e9ctricos de alta k o rellenos diel\u00e9ctricos de condensadores para mejorar el rendimiento de los dispositivos<br \/>\nInvestigaci\u00f3n y desarrollo cient\u00edficos: como precursor clave en la s\u00edntesis de nanomateriales y sistemas de dopaje de tierras raras<\/p>\n<h2><span style=\"font-size: 14pt;\">Informe<\/span><\/h2>\n<p>Cada lote de productos va acompa\u00f1ado de un certificado de an\u00e1lisis (COA), una hoja de datos de seguridad de los materiales (MSDS) y documentos de conformidad relacionados. Apoyamos los servicios de pruebas de terceros para mejorar la transparencia y la confianza en la calidad, garantizando que su I+D y su producci\u00f3n sean m\u00e1s eficientes y fiables.<\/p>\n","protected":false},"excerpt":{"rendered":"<p>\u00d3xido de tulio en polvo Overview \u00d3xido de tulio en polvo son \u00f3xidos de tierras raras de gran pureza especialmente utilizados para la preparaci\u00f3n de materiales avanzados. Tienen una excelente estabilidad qu\u00edmica y propiedades \u00f3pticas y el\u00e9ctricas. Con una pureza de hasta el 99,99%, el tama\u00f1o de las part\u00edculas de los polvos de \u00f3xido de [&hellip;]<\/p>\n","protected":false},"featured_media":6097,"template":"","meta":{"_acf_changed":false},"product_brand":[132],"product_cat":[331,438],"product_tag":[447,487],"class_list":{"0":"post-10307","1":"product","2":"type-product","3":"status-publish","4":"has-post-thumbnail","6":"product_brand-ulpmat","7":"product_cat-materiales-de-tierras-raras","8":"product_cat-oxidos","9":"product_tag-materiales-de-tierras-raras","10":"product_tag-thulium-es","12":"first","13":"instock","14":"shipping-taxable","15":"product-type-variable"},"acf":[],"_links":{"self":[{"href":"https:\/\/ulpmat.com\/es\/wp-json\/wp\/v2\/product\/10307","targetHints":{"allow":["GET"]}}],"collection":[{"href":"https:\/\/ulpmat.com\/es\/wp-json\/wp\/v2\/product"}],"about":[{"href":"https:\/\/ulpmat.com\/es\/wp-json\/wp\/v2\/types\/product"}],"wp:featuredmedia":[{"embeddable":true,"href":"https:\/\/ulpmat.com\/es\/wp-json\/wp\/v2\/media\/6097"}],"wp:attachment":[{"href":"https:\/\/ulpmat.com\/es\/wp-json\/wp\/v2\/media?parent=10307"}],"wp:term":[{"taxonomy":"product_brand","embeddable":true,"href":"https:\/\/ulpmat.com\/es\/wp-json\/wp\/v2\/product_brand?post=10307"},{"taxonomy":"product_cat","embeddable":true,"href":"https:\/\/ulpmat.com\/es\/wp-json\/wp\/v2\/product_cat?post=10307"},{"taxonomy":"product_tag","embeddable":true,"href":"https:\/\/ulpmat.com\/es\/wp-json\/wp\/v2\/product_tag?post=10307"}],"curies":[{"name":"wp","href":"https:\/\/api.w.org\/{rel}","templated":true}]}}