{"id":10277,"date":"2025-07-18T17:15:35","date_gmt":"2025-07-18T09:15:35","guid":{"rendered":"https:\/\/ulpmat.com\/product\/fluoruro-de-tulio\/"},"modified":"2025-07-18T17:15:35","modified_gmt":"2025-07-18T09:15:35","slug":"fluoruro-de-tulio","status":"publish","type":"product","link":"https:\/\/ulpmat.com\/es\/producto\/fluoruro-de-tulio\/","title":{"rendered":"Fluoruro de tulio"},"content":{"rendered":"<h2><span style=\"color: #000000; font-size: 14pt;\"><strong>Fluoruro de tulio en polvo<\/strong><\/span><\/h2>\n<p><span style=\"color: #0000ff;\"><a style=\"color: #0000ff;\" href=\"https:\/\/ulpmat.com\/es\/buscar\/?type=name&#038;keyword=Thulium+Fluoride\"><strong>Fluoruro de tulio en polvo<\/strong> <\/a><\/span><strong data-start=\"95\" data-end=\"152\"> para revestimientos \u00f3pticos de infrarrojos<\/strong> es un material de fluoruro de tierras raras desarrollado espec\u00edficamente para el campo de la \u00f3ptica, la electr\u00f3nica y la cer\u00e1mica funcional de alto rendimiento. Con las ventajas de su alta pureza, baja impureza y tama\u00f1o de part\u00edcula controlable, el producto se utiliza ampliamente en campos avanzados como el <strong data-start=\"426\" data-end=\"481\">polvo de fluoruro de tulio para s\u00edntesis de cristales l\u00e1ser<\/strong>, vidrio dopado con tierras raras y pulverizaci\u00f3n de plasma.<\/p>\n<p data-start=\"531\" data-end=\"812\">Ofrecemos especificaciones de <strong data-start=\"558\" data-end=\"618\">polvo de fluoruro de tulio a medida para aplicaciones de investigaci\u00f3n<\/strong>, que pueden personalizarse seg\u00fan sus requisitos espec\u00edficos. Tambi\u00e9n ofrecemos un amplio servicio postventa, por lo que no dude en ponerse en contacto con nosotros si tiene alguna pregunta sobre su uso.<\/p>\n<h2><span style=\"color: #000000; font-size: 14pt;\">Aspectos destacados del <strong>fluoruro de tulio en polvo<\/strong><\/span><\/h2>\n<p>Grado de pureza: 99,9% a 99,99% bajo pedido<br \/>\nTama\u00f1o de las part\u00edculas: Personalizable<br \/>\nBaja absorci\u00f3n de humedad: Superior a la mayor\u00eda de las sales de tierras raras para facilitar su almacenamiento y procesamiento<br \/>\nBuena estabilidad t\u00e9rmica: Estructuralmente estable a altas temperaturas, adecuado para procesos de tratamiento a alta temperatura<br \/>\nEstricto control de impurezas: El control de impurezas clave, como Fe, Si, Ca, Cl, etc., es mejor que el est\u00e1ndar de la industria<br \/>\nEnvasado: Embalaje personalizado para facilitar su uso y Embalaje: embalaje personalizado para facilitar su uso y almacenamiento<\/p>\n<h2><span style=\"font-size: 14pt;\"><strong>Aplicaciones <span style=\"color: #000000;\">del <\/span>fluoruro de tulio en polvo<\/strong><\/span><\/h2>\n<p>Materiales \u00f3pticos infrarrojos: utilizado en materiales para ventanas infrarrojas, filtros de alta transmisi\u00f3n y revestimientos l\u00e1ser infrarrojos<br \/>\nS\u00edntesis de cristales l\u00e1ser: como fuente de dopaje de iones Tm\u00b3\u207a, utilizado en YAG, YLF y otros crecimientos de cristales l\u00e1ser<br \/>\nVidrio de alto rendimiento: dopado en fibras \u00f3pticas y vidrio de tierras raras, ajusta la estructura de niveles de energ\u00eda y mejora las propiedades \u00f3pticas<br \/>\nRecubrimiento por plasma: como aditivo de tierras raras en materiales de recubrimiento de barrera t\u00e9rmica aeroespacial Pulverizaci\u00f3n por plasma: como aditivo de tierras raras en materiales de recubrimiento de barrera t\u00e9rmica aeroespacial<br \/>\nMateriales magn\u00e9ticos: interviene en la regulaci\u00f3n del rendimiento de los materiales magn\u00e9ticos permanentes de tierras raras<\/p>\n<h2><span style=\"font-size: 14pt;\">Informes<\/span><\/h2>\n<p>Proporcionamos certificados de an\u00e1lisis (COA), hojas de datos de seguridad de materiales (MSDS) y otros informes relevantes con <strong>fluoruro de tulio en polvo de alta pureza<\/strong>. Adem\u00e1s, apoyamos las pruebas de terceros para una mayor garant\u00eda de calidad, asegurando que nuestra costumbre los m\u00e1s altos est\u00e1ndares de la industria.<\/p>\n","protected":false},"excerpt":{"rendered":"<p>Fluoruro de tulio en polvo Fluoruro de tulio en polvo para revestimientos \u00f3pticos de infrarrojos es un material de fluoruro de tierras raras desarrollado espec\u00edficamente para el campo de la \u00f3ptica, la electr\u00f3nica y la cer\u00e1mica funcional de alto rendimiento. Con las ventajas de su alta pureza, baja impureza y tama\u00f1o de part\u00edcula controlable, el [&hellip;]<\/p>\n","protected":false},"featured_media":6103,"template":"","meta":{"_acf_changed":false},"product_brand":[132],"product_cat":[331,330],"product_tag":[447,333,487],"class_list":{"0":"post-10277","1":"product","2":"type-product","3":"status-publish","4":"has-post-thumbnail","6":"product_brand-ulpmat","7":"product_cat-materiales-de-tierras-raras","8":"product_cat-materiales-halogenados","9":"product_tag-materiales-de-tierras-raras","10":"product_tag-materiales-opticos","11":"product_tag-thulium-es","13":"first","14":"instock","15":"shipping-taxable","16":"product-type-variable"},"acf":[],"_links":{"self":[{"href":"https:\/\/ulpmat.com\/es\/wp-json\/wp\/v2\/product\/10277","targetHints":{"allow":["GET"]}}],"collection":[{"href":"https:\/\/ulpmat.com\/es\/wp-json\/wp\/v2\/product"}],"about":[{"href":"https:\/\/ulpmat.com\/es\/wp-json\/wp\/v2\/types\/product"}],"wp:featuredmedia":[{"embeddable":true,"href":"https:\/\/ulpmat.com\/es\/wp-json\/wp\/v2\/media\/6103"}],"wp:attachment":[{"href":"https:\/\/ulpmat.com\/es\/wp-json\/wp\/v2\/media?parent=10277"}],"wp:term":[{"taxonomy":"product_brand","embeddable":true,"href":"https:\/\/ulpmat.com\/es\/wp-json\/wp\/v2\/product_brand?post=10277"},{"taxonomy":"product_cat","embeddable":true,"href":"https:\/\/ulpmat.com\/es\/wp-json\/wp\/v2\/product_cat?post=10277"},{"taxonomy":"product_tag","embeddable":true,"href":"https:\/\/ulpmat.com\/es\/wp-json\/wp\/v2\/product_tag?post=10277"}],"curies":[{"name":"wp","href":"https:\/\/api.w.org\/{rel}","templated":true}]}}