{"id":10115,"date":"2025-07-18T17:15:38","date_gmt":"2025-07-18T09:15:38","guid":{"rendered":"https:\/\/ulpmat.com\/product\/cloruro-de-iterbio\/"},"modified":"2025-07-18T17:15:38","modified_gmt":"2025-07-18T09:15:38","slug":"cloruro-de-iterbio","status":"publish","type":"product","link":"https:\/\/ulpmat.com\/es\/producto\/cloruro-de-iterbio\/","title":{"rendered":"Cloruro de iterbio"},"content":{"rendered":"<h2><span style=\"font-size: 14pt;\"><strong>Cloruro de iterbio en polvo Descripci\u00f3n general<\/strong><\/span><\/h2>\n<p><strong><span style=\"color: #0000ff;\"><a style=\"color: #0000ff;\" href=\"https:\/\/ulpmat.com\/es\/buscar\/?type=name&#038;keyword=Ytterbium+Chloride\">Cloruro de iterbio en polvo<\/a><\/span><\/strong> es un compuesto de tierras raras de gran pureza con una excelente estabilidad qu\u00edmica y reactividad, lo que lo hace ideal para <strong data-start=\"197\" data-end=\"251\">aplicaciones de cloruro de iterbio en polvo de gran pureza<\/strong> como el dopaje de cristales l\u00e1ser, la preparaci\u00f3n de pel\u00edculas \u00f3pticas y la s\u00edntesis de catalizadores de tierras raras de alto rendimiento.<\/p>\n<p data-start=\"365\" data-end=\"737\">Nuestros polvos de gran pureza est\u00e1n disponibles en tama\u00f1os de part\u00edcula y purezas personalizables, adaptados a su aplicaci\u00f3n espec\u00edfica. Tambi\u00e9n ofrecemos un amplio servicio postventa, por lo que si tiene alguna pregunta sobre el <strong>uso de nuestro polvo de cloruro de iterbio<\/strong>, no dude en ponerse en contacto con nosotros.<\/p>\n<h2><span style=\"font-size: 14pt;\">Aspectos destacados del <strong>cloruro de iterbio en polvo<\/strong><\/span><\/h2>\n<p>Distribuci\u00f3n de tama\u00f1o de part\u00edcula controlable, tama\u00f1o personalizable, conveniente para preparar cer\u00e1micas transparentes, materiales para l\u00e1ser, etc.<br \/>\nEmbalaje personalizable<br \/>\nAlta pureza, personalizable<\/p>\n<h2><span style=\"font-size: 14pt;\">Aplicaciones del cloruro de iterbio en polvo<\/span><\/h2>\n<p>Materiales l\u00e1ser: se utiliza para cristales l\u00e1ser o vidrios dopados con Yb\u00b3\u207a, con alta eficiencia de conversi\u00f3n de energ\u00eda<br \/>\nMateriales electr\u00f3nicos: adecuados para preparar pel\u00edculas funcionales de alto \u00edndice de refracci\u00f3n o luminiscentes<br \/>\nCat\u00e1lisis y s\u00edntesis qu\u00edmica: se utiliza como \u00e1cido de Lewis en reacciones catal\u00edticas altamente selectivas y en s\u00edntesis org\u00e1nica<br \/>\nInvestigaci\u00f3n cient\u00edfica: a menudo se utiliza para estudiar el comportamiento de los iones de tierras raras de alto orden y la regulaci\u00f3n del rendimiento de los materiales<\/p>\n<h2><span style=\"font-size: 14pt;\">Informes<\/span><\/h2>\n<p>Proporcionamos certificados de an\u00e1lisis (COA) detallados, hojas de datos de seguridad de materiales (MSDS) e informes de an\u00e1lisis de tama\u00f1o de part\u00edculas\/impurezas para cada lote de mercanc\u00edas, y ayudamos a los clientes a designar agencias de pruebas de terceros para la verificaci\u00f3n con el fin de garantizar sus estrictos requisitos de calidad.<\/p>\n","protected":false},"excerpt":{"rendered":"<p>Cloruro de iterbio en polvo Descripci\u00f3n general Cloruro de iterbio en polvo es un compuesto de tierras raras de gran pureza con una excelente estabilidad qu\u00edmica y reactividad, lo que lo hace ideal para aplicaciones de cloruro de iterbio en polvo de gran pureza como el dopaje de cristales l\u00e1ser, la preparaci\u00f3n de pel\u00edculas \u00f3pticas [&hellip;]<\/p>\n","protected":false},"featured_media":6157,"template":"","meta":{"_acf_changed":false},"product_brand":[132],"product_cat":[331,330],"product_tag":[427,447,332,333],"class_list":{"0":"post-10115","1":"product","2":"type-product","3":"status-publish","4":"has-post-thumbnail","6":"product_brand-ulpmat","7":"product_cat-materiales-de-tierras-raras","8":"product_cat-materiales-halogenados","9":"product_tag-iterbio","10":"product_tag-materiales-de-tierras-raras","11":"product_tag-materiales-halogenados","12":"product_tag-materiales-opticos","14":"first","15":"instock","16":"shipping-taxable","17":"product-type-variable"},"acf":[],"_links":{"self":[{"href":"https:\/\/ulpmat.com\/es\/wp-json\/wp\/v2\/product\/10115","targetHints":{"allow":["GET"]}}],"collection":[{"href":"https:\/\/ulpmat.com\/es\/wp-json\/wp\/v2\/product"}],"about":[{"href":"https:\/\/ulpmat.com\/es\/wp-json\/wp\/v2\/types\/product"}],"wp:featuredmedia":[{"embeddable":true,"href":"https:\/\/ulpmat.com\/es\/wp-json\/wp\/v2\/media\/6157"}],"wp:attachment":[{"href":"https:\/\/ulpmat.com\/es\/wp-json\/wp\/v2\/media?parent=10115"}],"wp:term":[{"taxonomy":"product_brand","embeddable":true,"href":"https:\/\/ulpmat.com\/es\/wp-json\/wp\/v2\/product_brand?post=10115"},{"taxonomy":"product_cat","embeddable":true,"href":"https:\/\/ulpmat.com\/es\/wp-json\/wp\/v2\/product_cat?post=10115"},{"taxonomy":"product_tag","embeddable":true,"href":"https:\/\/ulpmat.com\/es\/wp-json\/wp\/v2\/product_tag?post=10115"}],"curies":[{"name":"wp","href":"https:\/\/api.w.org\/{rel}","templated":true}]}}