{"id":9122,"date":"2025-06-09T13:22:16","date_gmt":"2025-06-09T05:22:16","guid":{"rendered":"https:\/\/ulpmat.com\/solicitud\/energia-solar-fotovoltaica\/"},"modified":"2025-09-04T18:15:03","modified_gmt":"2025-09-04T10:15:03","slug":"energia-solar-fotovoltaica","status":"publish","type":"page","link":"https:\/\/ulpmat.com\/es\/solicitud\/energia-solar-fotovoltaica\/","title":{"rendered":"Energ\u00eda solar fotovoltaica"},"content":{"rendered":"\t\t<div data-elementor-type=\"wp-page\" data-elementor-id=\"9122\" class=\"elementor elementor-9122 elementor-1051\" data-elementor-post-type=\"page\">\n\t\t\t\t<div class=\"elementor-element elementor-element-f262791 e-flex e-con-boxed e-con e-parent\" data-id=\"f262791\" data-element_type=\"container\" data-e-type=\"container\">\n\t\t\t\t\t<div class=\"e-con-inner\">\n\t\t<div class=\"elementor-element elementor-element-e1ff56c e-con-full e-flex e-con e-child\" data-id=\"e1ff56c\" data-element_type=\"container\" data-e-type=\"container\" data-settings=\"{&quot;background_background&quot;:&quot;classic&quot;}\">\n\t\t\t\t<div class=\"elementor-element elementor-element-6deeb0f elementor-widget elementor-widget-heading\" data-id=\"6deeb0f\" data-element_type=\"widget\" data-e-type=\"widget\" data-widget_type=\"heading.default\">\n\t\t\t\t<div class=\"elementor-widget-container\">\n\t\t\t\t\t<h1 class=\"elementor-heading-title elementor-size-default\">Energ\u00eda solar fotovoltaica<\/h1>\t\t\t\t<\/div>\n\t\t\t\t<\/div>\n\t\t\t\t<div class=\"elementor-element elementor-element-9481ca2 elementor-widget elementor-widget-text-editor\" data-id=\"9481ca2\" data-element_type=\"widget\" data-e-type=\"widget\" data-widget_type=\"text-editor.default\">\n\t\t\t\t<div class=\"elementor-widget-container\">\n\t\t\t\t\t\t\t\t\t<p>Potenciando el futuro con soluciones solares avanzadas<\/p>\t\t\t\t\t\t\t\t<\/div>\n\t\t\t\t<\/div>\n\t\t\t\t<\/div>\n\t\t\t\t\t<\/div>\n\t\t\t\t<\/div>\n\t\t<div class=\"elementor-element elementor-element-733cefd e-flex e-con-boxed e-con e-parent\" data-id=\"733cefd\" data-element_type=\"container\" data-e-type=\"container\">\n\t\t\t\t\t<div class=\"e-con-inner\">\n\t\t<div class=\"elementor-element elementor-element-2f387db e-con-full e-flex e-con e-child\" data-id=\"2f387db\" data-element_type=\"container\" data-e-type=\"container\" data-settings=\"{&quot;background_background&quot;:&quot;classic&quot;}\">\n\t\t\t\t<div class=\"elementor-element elementor-element-ae2685e elementor-widget elementor-widget-text-editor\" data-id=\"ae2685e\" data-element_type=\"widget\" data-e-type=\"widget\" data-widget_type=\"text-editor.default\">\n\t\t\t\t<div class=\"elementor-widget-container\">\n\t\t\t\t\t\t\t\t\t<p style=\"font-weight: bold; font-size: 20px; color: #0e58cf;\">Descripci\u00f3n general de los materiales fotovoltaicos solares<\/p>\n<p>Los materiales fotovoltaicos son el n\u00facleo de las c\u00e9lulas solares y permiten la conversi\u00f3n directa de la luz solar en electricidad mediante el efecto fotovoltaico. A medida que aumenta la demanda mundial de energ\u00eda limpia, los materiales fotovoltaicos avanzados desempe\u00f1an un papel fundamental en la mejora de la eficiencia de conversi\u00f3n, la durabilidad y la escalabilidad.<\/p> <p>Los materiales fotovoltaicos son el n\u00facleo de las c\u00e9lulas solares.\n\n<p><strong>C\u00f3mo funcionan los materiales fotovoltaicos<\/strong><\/p>\n<p>Cuando la luz solar incide en una c\u00e9lula solar, los fotones excitan los electrones del silicio tipo P y tipo N, formando pares electr\u00f3n-hueco. Estos portadores de carga se recogen para producir electricidad. La eficacia de este proceso depende en gran medida de los materiales utilizados.\n\n\n<p style=\"font-weight: bold; color: #0e58cf;\">Tipos de materiales fotovoltaicos<\/p>\n\n<p><strong>Materiales fotovoltaicos basados en silicio<\/strong><\/p>\n<ul>\n  <li>Silicio monocristalino (Mono-Si)<\/li> <li>Silicio policristalino (Mono-Si)\n  <li>Silicio policristalino (Poli-Si)<\/li> <li>Materiales fotovoltaicos basados en el silicio\n  <li>Silicio morfo (a-Si)<\/li> <li>Silicio policristalino (Poly-Si)\n<\/ul>\n\n<img decoding=\"async\" src=\"https:\/\/ulpmat.com\/wp-content\/uploads\/2025\/06\/In2S3-Target-_W_1920px-300x300.webp\" alt=\"Objetivo In2S3\" style=\"width:300px; display:block; margin-bottom:20px;\" \/>\n\n<p><strong>Materiales fotovoltaicos compuestos de capa fina<\/strong><\/p>\n<ul>\n  <li>Seleniuro de cobre, indio y galio (CIGS)<\/li> <li>Materiales fotovoltaicos de capa fina compuestos\n  <li>Teluro de cadmio (CdTe)<\/li> <li>Teluro de cadmio (CdTe)\n<\/ul> <li>Teluro de cadmio (CdTe)\n\n<p><strong>Materiales fotovoltaicos de perovskita<\/strong><\/p>\n<ul>\n  <li>Yoduro de cesio y plomo (CsPbI<sub>3<\/sub>) y otras perovskitas inorg\u00e1nicas<\/li>.\n<\/ul>\n\n<p><strong>Materiales conductores de capa fina (TCO)<\/strong><\/p>\n<ul>\n  <li>\u00d3xido de indio y esta\u00f1o (ITO)<\/li> <li>Oxido de fluoruro de esta\u00f1o (ITO)\n  <li>\u00d3xido de esta\u00f1o dopado con fl\u00faor (FTO)<\/li> <li>Oxido de esta\u00f1o dopado con aluminio (FTO)\n  <li>\u00d3xido de zinc dopado con aluminio (AZO)<\/li> <li>Oxido de zinc dopado con fluoruro (FTO)\n<\/ul>\n\n<img decoding=\"async\" src=\"https:\/\/ulpmat.com\/wp-content\/uploads\/2025\/06\/CZTS-Target_W_1920px-300x300.webp\" alt=\"Objetivo CZTS\" style=\"width:300px; display:block; margin-bottom:20px;\" \/>\n\n<p><strong>Materiales de recubrimiento y dopaje<\/strong><\/p>\n<ul>\n  <li><strong>Recubrimiento:<\/strong> SiO<sub>2<\/sub>, Al<sub>2<\/sub>O<sub>3<\/sub>, TiO<sub>2<\/sub>, MgF<sub>2<\/sub><\/li>.\n  <li><strong>Dopaje:<\/strong> F\u00f3sforo (P), Boro (B), Plata (Ag), Litio (Li), Sodio (Na)<\/li> <li>Litio (Li), Sodio (Na).\n<\/ul> <ul>\n\n\n<p style=\"font-weight: bold; color: #0e58cf;\">Amplia gama de opciones de materiales fotovoltaicos<\/p>\n<p>Ofrecemos materiales personalizados y de calidad est\u00e1ndar, entre los que se incluyen:<\/p> <p>\n<ul style=\"columnas:2;\">\n  <li>Silicio monocristalino (c-Si)<\/li> <li>Silicio policristalino (c-Si)\n  <li>Silicio policristalino (Poly-Si)<\/li> <li>Silicio am\u00f3rfico (Poly-Si)\n  <li>Silicio amorfo (a-Si)<\/li> <li>Silicio de baja temperatura (a-Si)\n  <li>AZO, CdTe, CdSe, CdS, CdZnTe<\/li> <li>CsPbI\n  <li>CsPbI<sub>3<\/sub>, CsPbBr<sub>3<\/sub><\/li>\n  <li>CIGS, CuInSe<sub>2<\/sub>, CZTS<\/li>\n  <li>GaAs, InP, In<sub>2<\/sub>S<sub>3<\/sub>, ITO<\/li>\n  <li>ZnS, CdWO<sub>4<\/sub>, Cd<sub>2<\/sub>SnO<sub>4<\/sub><\/li>.\n<\/ul>\n\n<img decoding=\"async\" src=\"https:\/\/ulpmat.com\/wp-content\/uploads\/2025\/06\/ITO-Pellets-Granules_W_1920px-300x238.webp\" alt=\"Pellets de ITO\" style=\"width:300px; display:block; margin-bottom:20px;\" \/>\n\n\n<p style=\"font-weight: bold; color: #0e58cf;\">Propiedades clave de los materiales fotovoltaicos<\/p>\n<ol style=\"line-height:1.6;\">\n  <li><strong>Energ\u00eda de banda prohibida:<\/strong> Rango ideal: 1,1-1,6 eV, lo que permite una alta eficiencia de conversi\u00f3n solar.<\/li> <li><strong>Band Gap Energy<\/strong>.\n  <li><strong>Coeficiente de absorci\u00f3n:<\/strong> Un coeficiente m\u00e1s alto permite pel\u00edculas m\u00e1s delgadas y un coste m\u00e1s bajo.<\/li>\n  <li><strong>Vida \u00fatil del portador:<\/strong> Una vida \u00fatil m\u00e1s larga mejora la captaci\u00f3n de carga y la eficiencia.<\/li>\n  <li><strong>Movilidad de la portadora:<\/strong> Una alta movilidad reduce las p\u00e9rdidas y aumenta la potencia de salida.<\/li>\n  <li><strong>Tolerancia a los defectos:<\/strong> Los materiales m\u00e1s tolerantes son m\u00e1s f\u00e1ciles de producir en serie.<\/li>\n  <li><strong>Estabilidad qu\u00edmica y t\u00e9rmica:<\/strong> Garantiza el rendimiento y la fiabilidad a largo plazo.<\/li> <li>Estabilidad qu\u00edmica y t\u00e9rmica:<\/strong> Garantiza el rendimiento y la fiabilidad a largo plazo.\n  <li><strong>Procesabilidad:<\/strong> Adecuado para sputtering, evaporaci\u00f3n, impresi\u00f3n, etc.<\/li> <li>Procesabilidad:<\/strong> Adecuado para sputtering, evaporaci\u00f3n, impresi\u00f3n, etc.\n  <li><strong>Respeto al medio ambiente:<\/strong> Preferencia por los materiales no t\u00f3xicos y reciclables.<\/li> <li>Preferencia por los materiales no t\u00f3xicos y reciclables.<\/li> <li>Preferencia por los materiales no t\u00f3xicos y reciclables.\n<\/ol>\n\n\n<p style=\"font-weight: bold; font-size: 18px; color: #0e58cf;\">Potenciando su innovaci\u00f3n solar<\/p>\n<p>Desde objetivos de silicio y CIGS a escala de oblea hasta nanomateriales y encapsulantes, ULPMAT es su socio de confianza en el avance de las soluciones solares de pr\u00f3xima generaci\u00f3n.<\/p> <p\n<p><strong>P\u00f3ngase en contacto con nosotros hoy mismo<\/strong> para explorar nuestra completa cartera de materiales fotovoltaicos y liberar todo el potencial de la energ\u00eda limpia.<\/p> <p><strong>L ULPMAT<\/strong> es su socio de confianza para avanzar en las soluciones solares de pr\u00f3xima generaci\u00f3n.\n\t\t\t\t\t\t\t\t<\/div>\n\t\t\t\t<\/div>\n\t\t\t\t<\/div>\n\t\t<div class=\"elementor-element elementor-element-5665a66 e-con-full e-flex e-con e-child\" data-id=\"5665a66\" data-element_type=\"container\" data-e-type=\"container\" data-settings=\"{&quot;background_background&quot;:&quot;classic&quot;}\">\n\t\t\t\t<div class=\"elementor-element elementor-element-844ee58 elementor-widget elementor-widget-heading\" data-id=\"844ee58\" data-element_type=\"widget\" data-e-type=\"widget\" data-widget_type=\"heading.default\">\n\t\t\t\t<div class=\"elementor-widget-container\">\n\t\t\t\t\t<h2 class=\"elementor-heading-title elementor-size-default\">P\u00f3ngase en contacto con nosotros<\/h2>\t\t\t\t<\/div>\n\t\t\t\t<\/div>\n\t\t\t\t<div class=\"elementor-element elementor-element-5bee371 elementor-button-align-stretch elementor-widget elementor-widget-global elementor-global-13314 elementor-global-130 elementor-widget-form\" data-id=\"5bee371\" data-element_type=\"widget\" data-e-type=\"widget\" data-settings=\"{&quot;step_next_label&quot;:&quot;Siguiente&quot;,&quot;step_previous_label&quot;:&quot;Anterior&quot;,&quot;button_width&quot;:&quot;100&quot;,&quot;step_type&quot;:&quot;number_text&quot;,&quot;step_icon_shape&quot;:&quot;circle&quot;}\" data-widget_type=\"form.default\">\n\t\t\t\t<div class=\"elementor-widget-container\">\n\t\t\t\t\t\t\t<form class=\"elementor-form\" method=\"post\" name=\"Formulario de contacto\" aria-label=\"Formulario de contacto\">\n\t\t\t<input type=\"hidden\" name=\"post_id\" value=\"9122\"\/>\n\t\t\t<input type=\"hidden\" name=\"form_id\" value=\"5bee371\"\/>\n\t\t\t<input type=\"hidden\" name=\"referer_title\" value=\"\" \/>\n\n\t\t\t\n\t\t\t<div class=\"elementor-form-fields-wrapper elementor-labels-above\">\n\t\t\t\t\t\t\t\t<div class=\"elementor-field-type-hidden elementor-field-group elementor-column elementor-field-group-p_image elementor-col-100\">\n\t\t\t\t\t\t\t\t\t\t\t\t\t<input size=\"1\" type=\"hidden\" name=\"form_fields[p_image]\" id=\"form-field-p_image\" class=\"elementor-field elementor-size-sm  elementor-field-textual\" value=\"&lt;img src=&quot;[field id=&quot;p_image&quot;]&quot; style=&quot;max-width:200px;max-height:200px&quot;&gt;\">\n\t\t\t\t\t\t\t\t\t\t\t<\/div>\n\t\t\t\t\t\t\t\t<div class=\"elementor-field-type-hidden elementor-field-group elementor-column elementor-field-group-p_name elementor-col-100\">\n\t\t\t\t\t\t\t\t\t\t\t\t\t<input size=\"1\" type=\"hidden\" name=\"form_fields[p_name]\" id=\"form-field-p_name\" class=\"elementor-field elementor-size-sm  elementor-field-textual\" value=\"&lt;img src=&quot;[field id=&quot;p_image&quot;]&quot; style=&quot;max-width:200px;max-height:200px&quot;&gt;\">\n\t\t\t\t\t\t\t\t\t\t\t<\/div>\n\t\t\t\t\t\t\t\t<div class=\"elementor-field-type-hidden elementor-field-group elementor-column elementor-field-group-p_purity elementor-col-100\">\n\t\t\t\t\t\t\t\t\t\t\t\t\t<input size=\"1\" type=\"hidden\" name=\"form_fields[p_purity]\" id=\"form-field-p_purity\" class=\"elementor-field elementor-size-sm  elementor-field-textual\">\n\t\t\t\t\t\t\t\t\t\t\t<\/div>\n\t\t\t\t\t\t\t\t<div class=\"elementor-field-type-hidden elementor-field-group elementor-column elementor-field-group-p_dimension elementor-col-100\">\n\t\t\t\t\t\t\t\t\t\t\t\t\t<input size=\"1\" type=\"hidden\" name=\"form_fields[p_dimension]\" id=\"form-field-p_dimension\" class=\"elementor-field elementor-size-sm  elementor-field-textual\">\n\t\t\t\t\t\t\t\t\t\t\t<\/div>\n\t\t\t\t\t\t\t\t<div class=\"elementor-field-type-text elementor-field-group elementor-column elementor-field-group-name elementor-col-50 elementor-field-required elementor-mark-required\">\n\t\t\t\t\t\t\t\t\t\t\t\t<label for=\"form-field-name\" class=\"elementor-field-label\">\n\t\t\t\t\t\t\t\tNombre\t\t\t\t\t\t\t<\/label>\n\t\t\t\t\t\t\t\t\t\t\t\t\t\t<input size=\"1\" type=\"text\" name=\"form_fields[name]\" id=\"form-field-name\" class=\"elementor-field elementor-size-sm  elementor-field-textual\" required=\"required\">\n\t\t\t\t\t\t\t\t\t\t\t<\/div>\n\t\t\t\t\t\t\t\t<div class=\"elementor-field-type-email elementor-field-group elementor-column elementor-field-group-email elementor-col-50 elementor-field-required elementor-mark-required\">\n\t\t\t\t\t\t\t\t\t\t\t\t<label for=\"form-field-email\" class=\"elementor-field-label\">\n\t\t\t\t\t\t\t\tEnv\u00eda un correo electr\u00f3nico a\t\t\t\t\t\t\t<\/label>\n\t\t\t\t\t\t\t\t\t\t\t\t\t\t<input size=\"1\" type=\"email\" name=\"form_fields[email]\" id=\"form-field-email\" class=\"elementor-field elementor-size-sm  elementor-field-textual\" required=\"required\">\n\t\t\t\t\t\t\t\t\t\t\t<\/div>\n\t\t\t\t\t\t\t\t<div class=\"elementor-field-type-tel elementor-field-group elementor-column elementor-field-group-tel elementor-col-50\">\n\t\t\t\t\t\t\t\t\t\t\t\t<label for=\"form-field-tel\" class=\"elementor-field-label\">\n\t\t\t\t\t\t\t\tTel\u00e9fono\t\t\t\t\t\t\t<\/label>\n\t\t\t\t\t\t\t\t<input size=\"1\" type=\"tel\" name=\"form_fields[tel]\" id=\"form-field-tel\" class=\"elementor-field elementor-size-sm  elementor-field-textual\" pattern=\"[0-9()#&amp;+*-=.]+\" title=\"Solo se aceptan n\u00fameros y caracteres de tel\u00e9fono (#,-,*,etc).\">\n\n\t\t\t\t\t\t<\/div>\n\t\t\t\t\t\t\t\t<div class=\"elementor-field-type-text elementor-field-group elementor-column elementor-field-group-country elementor-col-50\">\n\t\t\t\t\t\t\t\t\t\t\t\t<label for=\"form-field-country\" class=\"elementor-field-label\">\n\t\t\t\t\t\t\t\tPa\u00eds\t\t\t\t\t\t\t<\/label>\n\t\t\t\t\t\t\t\t\t\t\t\t\t\t<input size=\"1\" type=\"text\" name=\"form_fields[country]\" id=\"form-field-country\" class=\"elementor-field elementor-size-sm  elementor-field-textual\">\n\t\t\t\t\t\t\t\t\t\t\t<\/div>\n\t\t\t\t\t\t\t\t<div class=\"elementor-field-type-text elementor-field-group elementor-column elementor-field-group-company elementor-col-100\">\n\t\t\t\t\t\t\t\t\t\t\t\t<label for=\"form-field-company\" class=\"elementor-field-label\">\n\t\t\t\t\t\t\t\tEmpresa\t\t\t\t\t\t\t<\/label>\n\t\t\t\t\t\t\t\t\t\t\t\t\t\t<input size=\"1\" type=\"text\" name=\"form_fields[company]\" id=\"form-field-company\" class=\"elementor-field elementor-size-sm  elementor-field-textual\">\n\t\t\t\t\t\t\t\t\t\t\t<\/div>\n\t\t\t\t\t\t\t\t<div class=\"elementor-field-type-textarea elementor-field-group elementor-column elementor-field-group-message elementor-col-100 elementor-field-required elementor-mark-required\">\n\t\t\t\t\t\t\t\t\t\t\t\t<label for=\"form-field-message\" class=\"elementor-field-label\">\n\t\t\t\t\t\t\t\tMensaje\t\t\t\t\t\t\t<\/label>\n\t\t\t\t\t\t<textarea class=\"elementor-field-textual elementor-field  elementor-size-sm\" name=\"form_fields[message]\" id=\"form-field-message\" rows=\"4\" required=\"required\"><\/textarea>\t\t\t\t<\/div>\n\t\t\t\t\t\t\t\t<div class=\"elementor-field-group elementor-column elementor-field-type-submit elementor-col-100 e-form__buttons\">\n\t\t\t\t\t<button class=\"elementor-button elementor-size-sm\" type=\"submit\">\n\t\t\t\t\t\t<span class=\"elementor-button-content-wrapper\">\n\t\t\t\t\t\t\t\t\t\t\t\t\t\t\t\t\t\t\t\t\t\t<span class=\"elementor-button-text\">Env\u00eda<\/span>\n\t\t\t\t\t\t\t\t\t\t\t\t\t<\/span>\n\t\t\t\t\t<\/button>\n\t\t\t\t<\/div>\n\t\t\t<\/div>\n\t\t<\/form>\n\t\t\t\t\t\t<\/div>\n\t\t\t\t<\/div>\n\t\t\t\t<div class=\"elementor-element elementor-element-3d886dc elementor-widget elementor-widget-heading\" data-id=\"3d886dc\" data-element_type=\"widget\" data-e-type=\"widget\" data-widget_type=\"heading.default\">\n\t\t\t\t<div class=\"elementor-widget-container\">\n\t\t\t\t\t<h2 class=\"elementor-heading-title elementor-size-default\">M\u00e1s informaci\u00f3n<\/h2>\t\t\t\t<\/div>\n\t\t\t\t<\/div>\n\t\t\t\t<div class=\"elementor-element elementor-element-98656e3 elementor-icon-list--layout-traditional elementor-list-item-link-full_width elementor-widget elementor-widget-icon-list\" data-id=\"98656e3\" data-element_type=\"widget\" data-e-type=\"widget\" data-widget_type=\"icon-list.default\">\n\t\t\t\t<div class=\"elementor-widget-container\">\n\t\t\t\t\t\t\t<ul class=\"elementor-icon-list-items\">\n\t\t\t\t\t\t\t<li class=\"elementor-icon-list-item\">\n\t\t\t\t\t\t\t\t\t\t\t<a href=\"tel:+862988993870\">\n\n\t\t\t\t\t\t\t\t\t\t\t\t<span class=\"elementor-icon-list-icon\">\n\t\t\t\t\t\t\t<svg aria-hidden=\"true\" class=\"e-font-icon-svg e-fas-mobile-alt\" viewBox=\"0 0 320 512\" xmlns=\"http:\/\/www.w3.org\/2000\/svg\"><path d=\"M272 0H48C21.5 0 0 21.5 0 48v416c0 26.5 21.5 48 48 48h224c26.5 0 48-21.5 48-48V48c0-26.5-21.5-48-48-48zM160 480c-17.7 0-32-14.3-32-32s14.3-32 32-32 32 14.3 32 32-14.3 32-32 32zm112-108c0 6.6-5.4 12-12 12H60c-6.6 0-12-5.4-12-12V60c0-6.6 5.4-12 12-12h200c6.6 0 12 5.4 12 12v312z\"><\/path><\/svg>\t\t\t\t\t\t<\/span>\n\t\t\t\t\t\t\t\t\t\t<span class=\"elementor-icon-list-text\"><b>PHONE\uff1a<\/b>+86-29-88993870<\/span>\n\t\t\t\t\t\t\t\t\t\t\t<\/a>\n\t\t\t\t\t\t\t\t\t<\/li>\n\t\t\t\t\t\t\t\t<li class=\"elementor-icon-list-item\">\n\t\t\t\t\t\t\t\t\t\t\t<a href=\"tel:+8618291498609\">\n\n\t\t\t\t\t\t\t\t\t\t\t\t<span class=\"elementor-icon-list-icon\">\n\t\t\t\t\t\t\t<svg aria-hidden=\"true\" class=\"e-font-icon-svg e-fab-whatsapp\" viewBox=\"0 0 448 512\" xmlns=\"http:\/\/www.w3.org\/2000\/svg\"><path d=\"M380.9 97.1C339 55.1 283.2 32 223.9 32c-122.4 0-222 99.6-222 222 0 39.1 10.2 77.3 29.6 111L0 480l117.7-30.9c32.4 17.7 68.9 27 106.1 27h.1c122.3 0 224.1-99.6 224.1-222 0-59.3-25.2-115-67.1-157zm-157 341.6c-33.2 0-65.7-8.9-94-25.7l-6.7-4-69.8 18.3L72 359.2l-4.4-7c-18.5-29.4-28.2-63.3-28.2-98.2 0-101.7 82.8-184.5 184.6-184.5 49.3 0 95.6 19.2 130.4 54.1 34.8 34.9 56.2 81.2 56.1 130.5 0 101.8-84.9 184.6-186.6 184.6zm101.2-138.2c-5.5-2.8-32.8-16.2-37.9-18-5.1-1.9-8.8-2.8-12.5 2.8-3.7 5.6-14.3 18-17.6 21.8-3.2 3.7-6.5 4.2-12 1.4-32.6-16.3-54-29.1-75.5-66-5.7-9.8 5.7-9.1 16.3-30.3 1.8-3.7.9-6.9-.5-9.7-1.4-2.8-12.5-30.1-17.1-41.2-4.5-10.8-9.1-9.3-12.5-9.5-3.2-.2-6.9-.2-10.6-.2-3.7 0-9.7 1.4-14.8 6.9-5.1 5.6-19.4 19-19.4 46.3 0 27.3 19.9 53.7 22.6 57.4 2.8 3.7 39.1 59.7 94.8 83.8 35.2 15.2 49 16.5 66.6 13.9 10.7-1.6 32.8-13.4 37.4-26.4 4.6-13 4.6-24.1 3.2-26.4-1.3-2.5-5-3.9-10.5-6.6z\"><\/path><\/svg>\t\t\t\t\t\t<\/span>\n\t\t\t\t\t\t\t\t\t\t<span class=\"elementor-icon-list-text\"><b>WHATSAPP\uff1a<\/b>+8618291498609<\/span>\n\t\t\t\t\t\t\t\t\t\t\t<\/a>\n\t\t\t\t\t\t\t\t\t<\/li>\n\t\t\t\t\t\t\t\t<li class=\"elementor-icon-list-item\">\n\t\t\t\t\t\t\t\t\t\t\t<a href=\"mailto:sales@funcmater.com\">\n\n\t\t\t\t\t\t\t\t\t\t\t\t<span class=\"elementor-icon-list-icon\">\n\t\t\t\t\t\t\t<svg aria-hidden=\"true\" class=\"e-font-icon-svg e-far-envelope\" viewBox=\"0 0 512 512\" xmlns=\"http:\/\/www.w3.org\/2000\/svg\"><path d=\"M464 64H48C21.49 64 0 85.49 0 112v288c0 26.51 21.49 48 48 48h416c26.51 0 48-21.49 48-48V112c0-26.51-21.49-48-48-48zm0 48v40.805c-22.422 18.259-58.168 46.651-134.587 106.49-16.841 13.247-50.201 45.072-73.413 44.701-23.208.375-56.579-31.459-73.413-44.701C106.18 199.465 70.425 171.067 48 152.805V112h416zM48 400V214.398c22.914 18.251 55.409 43.862 104.938 82.646 21.857 17.205 60.134 55.186 103.062 54.955 42.717.231 80.509-37.199 103.053-54.947 49.528-38.783 82.032-64.401 104.947-82.653V400H48z\"><\/path><\/svg>\t\t\t\t\t\t<\/span>\n\t\t\t\t\t\t\t\t\t\t<span class=\"elementor-icon-list-text\"><b>E-MAIL\uff1a<\/b>sales@funcmater.com<\/span>\n\t\t\t\t\t\t\t\t\t\t\t<\/a>\n\t\t\t\t\t\t\t\t\t<\/li>\n\t\t\t\t\t\t\t\t<li class=\"elementor-icon-list-item\">\n\t\t\t\t\t\t\t\t\t\t\t<span class=\"elementor-icon-list-icon\">\n\t\t\t\t\t\t\t<svg aria-hidden=\"true\" class=\"e-font-icon-svg e-fas-map-marker-alt\" viewBox=\"0 0 384 512\" xmlns=\"http:\/\/www.w3.org\/2000\/svg\"><path d=\"M172.268 501.67C26.97 291.031 0 269.413 0 192 0 85.961 85.961 0 192 0s192 85.961 192 192c0 77.413-26.97 99.031-172.268 309.67-9.535 13.774-29.93 13.773-39.464 0zM192 272c44.183 0 80-35.817 80-80s-35.817-80-80-80-80 35.817-80 80 35.817 80 80 80z\"><\/path><\/svg>\t\t\t\t\t\t<\/span>\n\t\t\t\t\t\t\t\t\t\t<span class=\"elementor-icon-list-text\"><b>DIRECCI\u00d3N\uff1a<\/b>A11, 5th Floor, Building 5, Digital China Xi'an Science Park, No. 20 Zhangba 4th Road, High-tech Zone, Xi'an, Shaanxi, China.  <\/span>\n\t\t\t\t\t\t\t\t\t<\/li>\n\t\t\t\t\t\t<\/ul>\n\t\t\t\t\t\t<\/div>\n\t\t\t\t<\/div>\n\t\t\t\t<\/div>\n\t\t\t\t\t<\/div>\n\t\t\t\t<\/div>\n\t\t\t\t<\/div>\n\t\t","protected":false},"excerpt":{"rendered":"<p>Energ\u00eda solar fotovoltaica Potenciando el futuro con soluciones solares avanzadas Descripci\u00f3n general de los materiales fotovoltaicos solares Los materiales fotovoltaicos son el n\u00facleo de las c\u00e9lulas solares y permiten la conversi\u00f3n directa de la luz solar en electricidad mediante el efecto fotovoltaico. A medida que aumenta la demanda mundial de energ\u00eda limpia, los materiales fotovoltaicos [&hellip;]<\/p>\n","protected":false},"author":2,"featured_media":0,"parent":7101,"menu_order":0,"comment_status":"closed","ping_status":"closed","template":"","meta":{"_acf_changed":false,"footnotes":""},"class_list":["post-9122","page","type-page","status-publish","hentry"],"acf":[],"_links":{"self":[{"href":"https:\/\/ulpmat.com\/es\/wp-json\/wp\/v2\/pages\/9122","targetHints":{"allow":["GET"]}}],"collection":[{"href":"https:\/\/ulpmat.com\/es\/wp-json\/wp\/v2\/pages"}],"about":[{"href":"https:\/\/ulpmat.com\/es\/wp-json\/wp\/v2\/types\/page"}],"author":[{"embeddable":true,"href":"https:\/\/ulpmat.com\/es\/wp-json\/wp\/v2\/users\/2"}],"replies":[{"embeddable":true,"href":"https:\/\/ulpmat.com\/es\/wp-json\/wp\/v2\/comments?post=9122"}],"version-history":[{"count":2,"href":"https:\/\/ulpmat.com\/es\/wp-json\/wp\/v2\/pages\/9122\/revisions"}],"predecessor-version":[{"id":9124,"href":"https:\/\/ulpmat.com\/es\/wp-json\/wp\/v2\/pages\/9122\/revisions\/9124"}],"up":[{"embeddable":true,"href":"https:\/\/ulpmat.com\/es\/wp-json\/wp\/v2\/pages\/7101"}],"wp:attachment":[{"href":"https:\/\/ulpmat.com\/es\/wp-json\/wp\/v2\/media?parent=9122"}],"curies":[{"name":"wp","href":"https:\/\/api.w.org\/{rel}","templated":true}]}}