{"id":7199,"date":"2025-06-09T10:03:42","date_gmt":"2025-06-09T02:03:42","guid":{"rendered":"https:\/\/ulpmat.com\/empresa\/id\/"},"modified":"2025-08-21T16:47:46","modified_gmt":"2025-08-21T08:47:46","slug":"id","status":"publish","type":"page","link":"https:\/\/ulpmat.com\/es\/empresa\/id\/","title":{"rendered":"I+D"},"content":{"rendered":"\t\t<div data-elementor-type=\"wp-page\" data-elementor-id=\"7199\" class=\"elementor elementor-7199 elementor-937\" data-elementor-post-type=\"page\">\n\t\t\t\t<div class=\"elementor-element elementor-element-ed52064 e-flex e-con-boxed e-con e-parent\" data-id=\"ed52064\" data-element_type=\"container\" data-e-type=\"container\">\n\t\t\t\t\t<div class=\"e-con-inner\">\n\t\t<div class=\"elementor-element elementor-element-3f6b7b9 e-con-full e-flex e-con e-child\" data-id=\"3f6b7b9\" data-element_type=\"container\" data-e-type=\"container\" data-settings=\"{&quot;background_background&quot;:&quot;classic&quot;}\">\n\t\t\t\t<div class=\"elementor-element elementor-element-05548ba elementor-widget elementor-widget-heading\" data-id=\"05548ba\" data-element_type=\"widget\" data-e-type=\"widget\" data-widget_type=\"heading.default\">\n\t\t\t\t<div class=\"elementor-widget-container\">\n\t\t\t\t\t<h1 class=\"elementor-heading-title elementor-size-default\">I+D<\/h1>\t\t\t\t<\/div>\n\t\t\t\t<\/div>\n\t\t\t\t<\/div>\n\t\t\t\t\t<\/div>\n\t\t\t\t<\/div>\n\t\t<div class=\"elementor-element elementor-element-6597118 e-flex e-con-boxed e-con e-parent\" data-id=\"6597118\" data-element_type=\"container\" data-e-type=\"container\">\n\t\t\t\t\t<div class=\"e-con-inner\">\n\t\t\t\t<div class=\"elementor-element elementor-element-6163a34 elementor-widget elementor-widget-text-editor\" data-id=\"6163a34\" data-element_type=\"widget\" data-e-type=\"widget\" data-widget_type=\"text-editor.default\">\n\t\t\t\t<div class=\"elementor-widget-container\">\n\t\t\t\t\t\t\t\t\t<p>Nuestro equipo de Investigaci\u00f3n y Desarrollo es la fuerza motriz de la innovaci\u00f3n y el avance tecnol\u00f3gico de ULPMAT. Compuesto por doctores y licenciados altamente cualificados, el equipo posee una amplia experiencia en ciencia de materiales, tecnolog\u00eda de pel\u00edculas finas y compuestos inorg\u00e1nicos. Se dedican a desarrollar productos de vanguardia que satisfagan las demandas cambiantes del mercado y a hacer avanzar las tecnolog\u00edas existentes de producci\u00f3n de materiales.  <\/p><p>ULPMAT se especializa en la s\u00edntesis personalizada de materiales de alto desaf\u00edo, con puntos fuertes particulares en blancos rotatorios, materiales semiconductores, compuestos de calcogenuro, materiales de dopaje para bater\u00edas y materiales de perovskita. Nuestro equipo de I+D entabla profundos debates cient\u00edficos con los clientes para identificar con precisi\u00f3n sus necesidades y satisfacer los diversos requisitos de los productos mediante la s\u00edntesis y la optimizaci\u00f3n de diversos par\u00e1metros del proceso. <\/p><p>Para garantizar un estricto control de calidad, nuestro laboratorio de I+D est\u00e1 equipado con instrumentos avanzados, como espectr\u00f3metro ICP, analizador de tama\u00f1o de part\u00edculas, SEM, analizador C\/S, equipo XRD, tamizadoras y cajas de guantes. Colaboramos estrechamente con las principales universidades e instituciones de investigaci\u00f3n para mantenernos a la vanguardia de las tendencias e innovaciones del sector. <\/p>\t\t\t\t\t\t\t\t<\/div>\n\t\t\t\t<\/div>\n\t\t\t\t\t<\/div>\n\t\t\t\t<\/div>\n\t\t<div class=\"elementor-element elementor-element-6941339 e-flex e-con-boxed e-con e-parent\" data-id=\"6941339\" data-element_type=\"container\" data-e-type=\"container\">\n\t\t\t\t\t<div class=\"e-con-inner\">\n\t\t<div class=\"elementor-element elementor-element-98a51bd e-con-full e-flex e-con e-child\" data-id=\"98a51bd\" data-element_type=\"container\" data-e-type=\"container\">\n\t\t\t\t<div class=\"elementor-element elementor-element-aea576b elementor-widget-mobile__width-inherit elementor-widget elementor-widget-image\" data-id=\"aea576b\" data-element_type=\"widget\" data-e-type=\"widget\" data-widget_type=\"image.default\">\n\t\t\t\t<div class=\"elementor-widget-container\">\n\t\t\t\t\t\t\t\t\t\t\t\t\t\t\t<img fetchpriority=\"high\" decoding=\"async\" width=\"768\" height=\"1024\" src=\"https:\/\/ulpmat.com\/wp-content\/uploads\/2025\/06\/Production-Lin-2_W_1920px-768x1024.webp\" class=\"attachment-large size-large wp-image-4357\" alt=\"\" srcset=\"https:\/\/ulpmat.com\/wp-content\/uploads\/2025\/06\/Production-Lin-2_W_1920px-768x1024.webp 768w, https:\/\/ulpmat.com\/wp-content\/uploads\/2025\/06\/Production-Lin-2_W_1920px-600x800.webp 600w, https:\/\/ulpmat.com\/wp-content\/uploads\/2025\/06\/Production-Lin-2_W_1920px-225x300.webp 225w, https:\/\/ulpmat.com\/wp-content\/uploads\/2025\/06\/Production-Lin-2_W_1920px-1152x1536.webp 1152w, https:\/\/ulpmat.com\/wp-content\/uploads\/2025\/06\/Production-Lin-2_W_1920px-1535x2048.webp 1535w, https:\/\/ulpmat.com\/wp-content\/uploads\/2025\/06\/Production-Lin-2_W_1920px.webp 1920w\" sizes=\"(max-width: 768px) 100vw, 768px\">\t\t\t\t\t\t\t\t\t\t\t\t\t\t\t<\/div>\n\t\t\t\t<\/div>\n\t\t\t\t<div class=\"elementor-element elementor-element-b80cfd7 elementor-widget-mobile__width-inherit elementor-widget elementor-widget-image\" data-id=\"b80cfd7\" data-element_type=\"widget\" data-e-type=\"widget\" data-widget_type=\"image.default\">\n\t\t\t\t<div class=\"elementor-widget-container\">\n\t\t\t\t\t\t\t\t\t\t\t\t\t\t\t<img decoding=\"async\" width=\"768\" height=\"1024\" src=\"https:\/\/ulpmat.com\/wp-content\/uploads\/2025\/06\/Production-Line-1_W_1920px-768x1024.webp\" class=\"attachment-large size-large wp-image-4363\" alt=\"\" srcset=\"https:\/\/ulpmat.com\/wp-content\/uploads\/2025\/06\/Production-Line-1_W_1920px-768x1024.webp 768w, https:\/\/ulpmat.com\/wp-content\/uploads\/2025\/06\/Production-Line-1_W_1920px-600x800.webp 600w, https:\/\/ulpmat.com\/wp-content\/uploads\/2025\/06\/Production-Line-1_W_1920px-225x300.webp 225w, https:\/\/ulpmat.com\/wp-content\/uploads\/2025\/06\/Production-Line-1_W_1920px-1152x1536.webp 1152w, https:\/\/ulpmat.com\/wp-content\/uploads\/2025\/06\/Production-Line-1_W_1920px-1535x2048.webp 1535w, https:\/\/ulpmat.com\/wp-content\/uploads\/2025\/06\/Production-Line-1_W_1920px.webp 1920w\" sizes=\"(max-width: 768px) 100vw, 768px\">\t\t\t\t\t\t\t\t\t\t\t\t\t\t\t<\/div>\n\t\t\t\t<\/div>\n\t\t\t\t<\/div>\n\t\t<div class=\"elementor-element elementor-element-cb0471f e-con-full e-flex e-con e-child\" data-id=\"cb0471f\" data-element_type=\"container\" data-e-type=\"container\">\n\t\t\t\t<div class=\"elementor-element elementor-element-ba64f3b elementor-widget elementor-widget-heading\" data-id=\"ba64f3b\" data-element_type=\"widget\" data-e-type=\"widget\" data-widget_type=\"heading.default\">\n\t\t\t\t<div class=\"elementor-widget-container\">\n\t\t\t\t\t<h2 class=\"elementor-heading-title elementor-size-default\">L\u00ednea de producci\u00f3n de \u00faltima generaci\u00f3n<\/h2>\t\t\t\t<\/div>\n\t\t\t\t<\/div>\n\t\t\t\t<div class=\"elementor-element elementor-element-987cd3d elementor-widget elementor-widget-text-editor\" data-id=\"987cd3d\" data-element_type=\"widget\" data-e-type=\"widget\" data-widget_type=\"text-editor.default\">\n\t\t\t\t<div class=\"elementor-widget-container\">\n\t\t\t\t\t\t\t\t\t<p>ULPMAT gestiona un sistema de producci\u00f3n altamente eficiente y controlado, que constituye la columna vertebral de nuestra capacidad para ofrecer una calidad constante y responder r\u00e1pidamente a las demandas del mercado. Nuestras instalaciones admiten la producci\u00f3n a escala de laboratorio, piloto y completa, con un flujo de trabajo completo desde el procesamiento y la s\u00edntesis de materias primas hasta la sinterizaci\u00f3n, el mecanizado de precisi\u00f3n y el envasado final.   <\/p><p>Equipados con tecnolog\u00edas avanzadas, como hornos de sinterizaci\u00f3n a alta temperatura, prensas CIP\/HIP, mecanizado CNC y corte por l\u00e1ser, conseguimos un alto rendimiento y un control preciso del proceso. Centrada en la excelencia de la fabricaci\u00f3n, ULPMAT suministra c\u00e1todos para sputtering de alto rendimiento y materiales de gran pureza para semiconductores, optoelectr\u00f3nica, energ\u00eda y revestimientos avanzados, garantizando una entrega r\u00e1pida y un soporte fiable para aplicaciones exigentes. <\/p>\t\t\t\t\t\t\t\t<\/div>\n\t\t\t\t<\/div>\n\t\t\t\t<\/div>\n\t\t\t\t\t<\/div>\n\t\t\t\t<\/div>\n\t\t<div class=\"elementor-element elementor-element-04f5e68 e-flex e-con-boxed e-con e-parent\" data-id=\"04f5e68\" data-element_type=\"container\" data-e-type=\"container\" data-settings=\"{&quot;background_background&quot;:&quot;classic&quot;}\">\n\t\t\t\t\t<div class=\"e-con-inner\">\n\t\t<div class=\"elementor-element elementor-element-ae2c8ee e-con-full e-flex e-con e-child\" data-id=\"ae2c8ee\" data-element_type=\"container\" data-e-type=\"container\" data-settings=\"{&quot;sticky&quot;:&quot;top&quot;,&quot;sticky_parent&quot;:&quot;yes&quot;,&quot;sticky_on&quot;:[&quot;desktop&quot;],&quot;sticky_offset&quot;:0,&quot;sticky_effects_offset&quot;:0,&quot;sticky_anchor_link_offset&quot;:0}\">\n\t\t\t\t<div class=\"elementor-element elementor-element-fb34fea elementor-widget elementor-widget-heading\" data-id=\"fb34fea\" data-element_type=\"widget\" data-e-type=\"widget\" data-widget_type=\"heading.default\">\n\t\t\t\t<div class=\"elementor-widget-container\">\n\t\t\t\t\t<h2 class=\"elementor-heading-title elementor-size-default\">Control de calidad<\/h2>\t\t\t\t<\/div>\n\t\t\t\t<\/div>\n\t\t\t\t<div class=\"elementor-element elementor-element-b31a85c elementor-widget elementor-widget-text-editor\" data-id=\"b31a85c\" data-element_type=\"widget\" data-e-type=\"widget\" data-widget_type=\"text-editor.default\">\n\t\t\t\t<div class=\"elementor-widget-container\">\n\t\t\t\t\t\t\t\t\t<p>En ULPMAT, consideramos el control de calidad (CC) un pilar fundamental de nuestras operaciones y de nuestro \u00e9xito a largo plazo. En el campo de los materiales avanzados -donde incluso ligeras desviaciones en la pureza, composici\u00f3n o estructura pueden afectar significativamente al rendimiento del producto- es esencial un control de calidad riguroso y fiable. No tratamos la calidad como un punto de control al final de la producci\u00f3n, sino como un proceso continuo e integrado que comienza con las materias primas y se extiende por todas las fases de s\u00edntesis, procesamiento y envasado.  <\/p>\t\t\t\t\t\t\t\t<\/div>\n\t\t\t\t<\/div>\n\t\t\t\t<\/div>\n\t\t<div class=\"elementor-element elementor-element-36a6ffc e-con-full e-flex e-con e-child\" data-id=\"36a6ffc\" data-element_type=\"container\" data-e-type=\"container\">\n\t\t\t\t<div class=\"elementor-element elementor-element-9b46b99 elementor-widget elementor-widget-image\" data-id=\"9b46b99\" data-element_type=\"widget\" data-e-type=\"widget\" data-widget_type=\"image.default\">\n\t\t\t\t<div class=\"elementor-widget-container\">\n\t\t\t\t\t\t\t\t\t\t\t\t\t\t\t<img decoding=\"async\" width=\"1920\" height=\"1030\" src=\"https:\/\/ulpmat.com\/wp-content\/uploads\/2025\/06\/Certified-Quality-System_W_1920px.webp\" class=\"attachment-full size-full wp-image-4387\" alt=\"\" srcset=\"https:\/\/ulpmat.com\/wp-content\/uploads\/2025\/06\/Certified-Quality-System_W_1920px.webp 1920w, https:\/\/ulpmat.com\/wp-content\/uploads\/2025\/06\/Certified-Quality-System_W_1920px-600x322.webp 600w, https:\/\/ulpmat.com\/wp-content\/uploads\/2025\/06\/Certified-Quality-System_W_1920px-300x161.webp 300w, https:\/\/ulpmat.com\/wp-content\/uploads\/2025\/06\/Certified-Quality-System_W_1920px-1024x549.webp 1024w, https:\/\/ulpmat.com\/wp-content\/uploads\/2025\/06\/Certified-Quality-System_W_1920px-768x412.webp 768w, https:\/\/ulpmat.com\/wp-content\/uploads\/2025\/06\/Certified-Quality-System_W_1920px-1536x824.webp 1536w\" sizes=\"(max-width: 1920px) 100vw, 1920px\">\t\t\t\t\t\t\t\t\t\t\t\t\t\t\t<\/div>\n\t\t\t\t<\/div>\n\t\t\t\t<div class=\"elementor-element elementor-element-f33e18b elementor-widget elementor-widget-heading\" data-id=\"f33e18b\" data-element_type=\"widget\" data-e-type=\"widget\" data-widget_type=\"heading.default\">\n\t\t\t\t<div class=\"elementor-widget-container\">\n\t\t\t\t\t<h3 class=\"elementor-heading-title elementor-size-default\">Sistema de calidad certificado<\/h3>\t\t\t\t<\/div>\n\t\t\t\t<\/div>\n\t\t\t\t<div class=\"elementor-element elementor-element-d30f8dc elementor-widget elementor-widget-text-editor\" data-id=\"d30f8dc\" data-element_type=\"widget\" data-e-type=\"widget\" data-widget_type=\"text-editor.default\">\n\t\t\t\t<div class=\"elementor-widget-container\">\n\t\t\t\t\t\t\t\t\t<p>ISO 9001:2015 que refleja nuestro compromiso con un sistema de gesti\u00f3n de la calidad s\u00f3lido y en continua mejora. Este marco rige toda nuestra actividad, desde la adquisici\u00f3n de materias primas y la producci\u00f3n hasta la inspecci\u00f3n final y la entrega. <\/p>\t\t\t\t\t\t\t\t<\/div>\n\t\t\t\t<\/div>\n\t\t\t\t<div class=\"elementor-element elementor-element-1d19fce elementor-widget elementor-widget-image\" data-id=\"1d19fce\" data-element_type=\"widget\" data-e-type=\"widget\" data-widget_type=\"image.default\">\n\t\t\t\t<div class=\"elementor-widget-container\">\n\t\t\t\t\t\t\t\t\t\t\t\t\t\t\t<img loading=\"lazy\" decoding=\"async\" width=\"1920\" height=\"1080\" src=\"https:\/\/ulpmat.com\/wp-content\/uploads\/2025\/06\/Comprehensive-QC-Processes_W_1920px.webp\" class=\"attachment-full size-full wp-image-4381\" alt=\"\" srcset=\"https:\/\/ulpmat.com\/wp-content\/uploads\/2025\/06\/Comprehensive-QC-Processes_W_1920px.webp 1920w, https:\/\/ulpmat.com\/wp-content\/uploads\/2025\/06\/Comprehensive-QC-Processes_W_1920px-600x338.webp 600w, https:\/\/ulpmat.com\/wp-content\/uploads\/2025\/06\/Comprehensive-QC-Processes_W_1920px-300x169.webp 300w, https:\/\/ulpmat.com\/wp-content\/uploads\/2025\/06\/Comprehensive-QC-Processes_W_1920px-1024x576.webp 1024w, https:\/\/ulpmat.com\/wp-content\/uploads\/2025\/06\/Comprehensive-QC-Processes_W_1920px-768x432.webp 768w, https:\/\/ulpmat.com\/wp-content\/uploads\/2025\/06\/Comprehensive-QC-Processes_W_1920px-1536x864.webp 1536w\" sizes=\"(max-width: 1920px) 100vw, 1920px\">\t\t\t\t\t\t\t\t\t\t\t\t\t\t\t<\/div>\n\t\t\t\t<\/div>\n\t\t\t\t<div class=\"elementor-element elementor-element-02eb5dd elementor-widget elementor-widget-heading\" data-id=\"02eb5dd\" data-element_type=\"widget\" data-e-type=\"widget\" data-widget_type=\"heading.default\">\n\t\t\t\t<div class=\"elementor-widget-container\">\n\t\t\t\t\t<h3 class=\"elementor-heading-title elementor-size-default\">Procesos integrales de control de calidad<\/h3>\t\t\t\t<\/div>\n\t\t\t\t<\/div>\n\t\t\t\t<div class=\"elementor-element elementor-element-38c58dc elementor-widget elementor-widget-text-editor\" data-id=\"38c58dc\" data-element_type=\"widget\" data-e-type=\"widget\" data-widget_type=\"text-editor.default\">\n\t\t\t\t<div class=\"elementor-widget-container\">\n\t\t\t\t\t\t\t\t\t<p>Aplicamos un estricto control de calidad en cada fase de la producci\u00f3n:<\/p><p><strong>Inspecci\u00f3n del material entrante<\/strong><\/p><p>Todas las materias primas se someten a una rigurosa inspecci\u00f3n para garantizar que la pureza, la distribuci\u00f3n granulom\u00e9trica y la composici\u00f3n qu\u00edmica cumplen las especificaciones antes de su uso.<\/p><p><strong>Supervisi\u00f3n durante el proceso<\/strong><\/p><p>Los par\u00e1metros clave, como la temperatura, la presi\u00f3n, la atm\u00f3sfera y el tiempo de reacci\u00f3n, se controlan y registran continuamente para garantizar la reproducibilidad y el control del proceso.<\/p><p><strong>Inspecci\u00f3n final del producto<\/strong><\/p><p>Cada lote se somete a pruebas detalladas, incluidas las propiedades f\u00edsicas (densidad, tama\u00f1o de las part\u00edculas, morfolog\u00eda), la pureza qu\u00edmica, la composici\u00f3n de las fases y la limpieza de la superficie.<\/p>\t\t\t\t\t\t\t\t<\/div>\n\t\t\t\t<\/div>\n\t\t\t\t<div class=\"elementor-element elementor-element-5c8ed08 elementor-widget elementor-widget-image\" data-id=\"5c8ed08\" data-element_type=\"widget\" data-e-type=\"widget\" data-widget_type=\"image.default\">\n\t\t\t\t<div class=\"elementor-widget-container\">\n\t\t\t\t\t\t\t\t\t\t\t\t\t\t\t<img loading=\"lazy\" decoding=\"async\" width=\"1920\" height=\"1121\" src=\"https:\/\/ulpmat.com\/wp-content\/uploads\/2025\/06\/Traceability-Documentation_W_1920px.webp\" class=\"attachment-full size-full wp-image-4369\" alt=\"\" srcset=\"https:\/\/ulpmat.com\/wp-content\/uploads\/2025\/06\/Traceability-Documentation_W_1920px.webp 1920w, https:\/\/ulpmat.com\/wp-content\/uploads\/2025\/06\/Traceability-Documentation_W_1920px-600x350.webp 600w, https:\/\/ulpmat.com\/wp-content\/uploads\/2025\/06\/Traceability-Documentation_W_1920px-300x175.webp 300w, https:\/\/ulpmat.com\/wp-content\/uploads\/2025\/06\/Traceability-Documentation_W_1920px-1024x598.webp 1024w, https:\/\/ulpmat.com\/wp-content\/uploads\/2025\/06\/Traceability-Documentation_W_1920px-768x448.webp 768w, https:\/\/ulpmat.com\/wp-content\/uploads\/2025\/06\/Traceability-Documentation_W_1920px-1536x897.webp 1536w\" sizes=\"(max-width: 1920px) 100vw, 1920px\">\t\t\t\t\t\t\t\t\t\t\t\t\t\t\t<\/div>\n\t\t\t\t<\/div>\n\t\t\t\t<div class=\"elementor-element elementor-element-522d961 elementor-widget elementor-widget-heading\" data-id=\"522d961\" data-element_type=\"widget\" data-e-type=\"widget\" data-widget_type=\"heading.default\">\n\t\t\t\t<div class=\"elementor-widget-container\">\n\t\t\t\t\t<h3 class=\"elementor-heading-title elementor-size-default\">Trazabilidad y documentaci\u00f3n<\/h3>\t\t\t\t<\/div>\n\t\t\t\t<\/div>\n\t\t\t\t<div class=\"elementor-element elementor-element-21d4485 elementor-widget elementor-widget-text-editor\" data-id=\"21d4485\" data-element_type=\"widget\" data-e-type=\"widget\" data-widget_type=\"text-editor.default\">\n\t\t\t\t<div class=\"elementor-widget-container\">\n\t\t\t\t\t\t\t\t\t<p>A cada lote de producci\u00f3n se le asigna un n\u00famero de lote \u00fanico, lo que permite una trazabilidad completa desde las materias primas hasta los productos acabados. Proporcionamos completos Certificados de An\u00e1lisis (COA) e informes de pruebas para garantizar la transparencia y la fiabilidad de la calidad. Adem\u00e1s, si lo solicitas, podemos organizar pruebas de terceros.  <\/p>\t\t\t\t\t\t\t\t<\/div>\n\t\t\t\t<\/div>\n\t\t\t\t<\/div>\n\t\t\t\t\t<\/div>\n\t\t\t\t<\/div>\n\t\t\t\t<\/div>\n\t\t","protected":false},"excerpt":{"rendered":"<p>I+D Nuestro equipo de Investigaci\u00f3n y Desarrollo es la fuerza motriz de la innovaci\u00f3n y el avance tecnol\u00f3gico de ULPMAT. Compuesto por doctores y licenciados altamente cualificados, el equipo posee una amplia experiencia en ciencia de materiales, tecnolog\u00eda de pel\u00edculas finas y compuestos inorg\u00e1nicos. Se dedican a desarrollar productos de vanguardia que satisfagan las demandas [&hellip;]<\/p>\n","protected":false},"author":2,"featured_media":0,"parent":7163,"menu_order":0,"comment_status":"closed","ping_status":"closed","template":"","meta":{"_acf_changed":false,"footnotes":""},"class_list":["post-7199","page","type-page","status-publish","hentry"],"acf":[],"_links":{"self":[{"href":"https:\/\/ulpmat.com\/es\/wp-json\/wp\/v2\/pages\/7199","targetHints":{"allow":["GET"]}}],"collection":[{"href":"https:\/\/ulpmat.com\/es\/wp-json\/wp\/v2\/pages"}],"about":[{"href":"https:\/\/ulpmat.com\/es\/wp-json\/wp\/v2\/types\/page"}],"author":[{"embeddable":true,"href":"https:\/\/ulpmat.com\/es\/wp-json\/wp\/v2\/users\/2"}],"replies":[{"embeddable":true,"href":"https:\/\/ulpmat.com\/es\/wp-json\/wp\/v2\/comments?post=7199"}],"version-history":[{"count":1,"href":"https:\/\/ulpmat.com\/es\/wp-json\/wp\/v2\/pages\/7199\/revisions"}],"predecessor-version":[{"id":7201,"href":"https:\/\/ulpmat.com\/es\/wp-json\/wp\/v2\/pages\/7199\/revisions\/7201"}],"up":[{"embeddable":true,"href":"https:\/\/ulpmat.com\/es\/wp-json\/wp\/v2\/pages\/7163"}],"wp:attachment":[{"href":"https:\/\/ulpmat.com\/es\/wp-json\/wp\/v2\/media?parent=7199"}],"curies":[{"name":"wp","href":"https:\/\/api.w.org\/{rel}","templated":true}]}}