{"id":24869,"date":"2025-06-09T14:18:24","date_gmt":"2025-06-09T06:18:24","guid":{"rendered":"https:\/\/ulpmat.com\/solicitud\/materiales-para-baterias\/"},"modified":"2025-11-19T17:10:34","modified_gmt":"2025-11-19T09:10:34","slug":"materiales-para-baterias","status":"publish","type":"page","link":"https:\/\/ulpmat.com\/es\/solicitud\/materiales-para-baterias\/","title":{"rendered":"Materiales para bater\u00edas"},"content":{"rendered":"\t\t<div data-elementor-type=\"wp-page\" data-elementor-id=\"24869\" class=\"elementor elementor-24869 elementor-1064\" data-elementor-post-type=\"page\">\n\t\t\t\t<div class=\"elementor-element elementor-element-1354b2f e-flex e-con-boxed e-con e-parent\" data-id=\"1354b2f\" data-element_type=\"container\" data-e-type=\"container\">\n\t\t\t\t\t<div class=\"e-con-inner\">\n\t\t<div class=\"elementor-element elementor-element-58c7771 e-con-full e-flex e-con e-child\" data-id=\"58c7771\" data-element_type=\"container\" data-e-type=\"container\" data-settings=\"{&quot;background_background&quot;:&quot;classic&quot;}\">\n\t\t\t\t<div class=\"elementor-element elementor-element-8334c99 elementor-widget elementor-widget-heading\" data-id=\"8334c99\" data-element_type=\"widget\" data-e-type=\"widget\" data-widget_type=\"heading.default\">\n\t\t\t\t<div class=\"elementor-widget-container\">\n\t\t\t\t\t<h1 class=\"elementor-heading-title elementor-size-default\">Materiales para bater\u00edas a medida<\/h1>\t\t\t\t<\/div>\n\t\t\t\t<\/div>\n\t\t\t\t<div class=\"elementor-element elementor-element-fb3eca4 elementor-widget elementor-widget-text-editor\" data-id=\"fb3eca4\" data-element_type=\"widget\" data-e-type=\"widget\" data-widget_type=\"text-editor.default\">\n\t\t\t\t<div class=\"elementor-widget-container\">\n\t\t\t\t\t\t\t\t\t<p>Del laboratorio a la producci\u00f3n en serie<\/p>\t\t\t\t\t\t\t\t<\/div>\n\t\t\t\t<\/div>\n\t\t\t\t<\/div>\n\t\t\t\t\t<\/div>\n\t\t\t\t<\/div>\n\t\t<div class=\"elementor-element elementor-element-9d6f56e e-flex e-con-boxed e-con e-parent\" data-id=\"9d6f56e\" data-element_type=\"container\" data-e-type=\"container\">\n\t\t\t\t\t<div class=\"e-con-inner\">\n\t\t<div class=\"elementor-element elementor-element-1551233 e-con-full e-flex e-con e-child\" data-id=\"1551233\" data-element_type=\"container\" data-e-type=\"container\" data-settings=\"{&quot;background_background&quot;:&quot;classic&quot;}\">\n\t\t\t\t<div class=\"elementor-element elementor-element-b162be7 elementor-widget elementor-widget-text-editor\" data-id=\"b162be7\" data-element_type=\"widget\" data-e-type=\"widget\" data-widget_type=\"text-editor.default\">\n\t\t\t\t<div class=\"elementor-widget-container\">\n\t\t\t\t\t\t\t\t\t<p style=\"font-weight: bold; font-size: 20px; color: #0e58cf;\">Impulsar el futuro con materiales avanzados para bater\u00edas<\/p><p>Con el impulso mundial hacia la descarbonizaci\u00f3n, la electrificaci\u00f3n y las tecnolog\u00edas inteligentes, los materiales de las bater\u00edas se han convertido en la base de los sistemas energ\u00e9ticos modernos. Desde los veh\u00edculos el\u00e9ctricos (VE) y el almacenamiento de energ\u00edas renovables hasta la electr\u00f3nica de consumo y las herramientas industriales, es fundamental contar con bater\u00edas eficientes y fiables, y los materiales de alta calidad son la clave.<\/p><p>El rendimiento de las bater\u00edas de \u00faltima generaci\u00f3n depende en gran medida de la pureza, consistencia y estructura de los materiales utilizados en electrodos, electrolitos y capas de soporte. A medida que aumenta la demanda de mayor densidad energ\u00e9tica, ciclos de vida m\u00e1s largos, cargas m\u00e1s r\u00e1pidas y mayor seguridad, tambi\u00e9n lo hace la necesidad de innovaci\u00f3n en la ciencia de los materiales de las bater\u00edas.<\/p><p>En <strong>ULPMAT<\/strong> ofrecemos una gama completa de materiales de alta pureza para bater\u00edas, dise\u00f1ados para satisfacer las necesidades cambiantes del almacenamiento avanzado de energ\u00eda. Ofrecemos tanto grados est\u00e1ndar como formulaciones personalizadas para optimizar el rendimiento en diversas qu\u00edmicas y aplicaciones.<\/p><p style=\"font-weight: bold; font-size: 18px; color: #0e58cf;\">Nuestra cartera de productos incluye:<\/p><p><strong>1. Materiales de c\u00e1todo (electrodo positivo)<\/strong><\/p><ul><li>\u00d3xido de litio y cobalto (<sub>LiCoO2<\/sub>)<\/li><li>\u00d3xido de litio y manganeso (<sub>LiMn2O4<\/sub>)<\/li><li>Fosfato de litio y hierro (<sub>LiFePO4<\/sub>)<\/li><li>N\u00edquel-Manganeso-Cobalto (NMC, por ejemplo <sub>LiNixMnyCo1-x-yO2<\/sub>)<\/li><li>\u00d3xido de n\u00edquel-cobalto-aluminio (NCA)<\/li><\/ul><p><strong>2. Materiales del \u00e1nodo (electrodo negativo)<\/strong><\/p><ul><li>Grafito (natural y sint\u00e9tico)<\/li><li>Materiales compuestos de silicio (Si\/C, SiOx)<\/li><li>\u00d3xido de litio y titanio (<sub>Li4Ti5O12<\/sub>)<\/li><li>Carbono duro y carbono blando<\/li><\/ul><p><strong>3. Materiales electrol\u00edticos<\/strong><\/p><ul><li>Hexafluorofosfato de litio (<sub>LiPF6<\/sub>)<\/li><li>Bis(fluorosulfonil)imida de litio (LiFSI)<\/li><\/ul><p><strong>4. Materiales para bater\u00edas de estado s\u00f3lido<\/strong><\/p><ul><li>Electrolitos de \u00f3xido (por ejemplo, LLZO &#8211; <sub>Li7La3Zr2O12<\/sub>)<\/li><li>Electrolitos de sulfuro (por ejemplo, LGPS &#8211; <sub>Li10GeP2S12<\/sub>)<\/li><li>\u00c1nodos met\u00e1licos de litio<\/li><\/ul><p><img fetchpriority=\"high\" decoding=\"async\" class=\"alignnone\" style=\"width: 300px; margin: 20px 0;\" src=\"https:\/\/ulpmat.com\/wp-content\/uploads\/2025\/06\/LLZO-Powder_W_1920px-300x300.webp\" alt=\"LLZO Powder Battery materials\" width=\"300\" height=\"300\" \/><\/p><p style=\"font-weight: bold; font-size: 18px; color: #0e58cf;\">Campos de aplicaci\u00f3n<\/p><ul><li><strong><a href=\"https:\/\/en.wikipedia.org\/wiki\/Electric_vehicle\" target=\"_blank\" rel=\"noopener\">Veh\u00edculos el\u00e9ctricos (VE)<\/a>:<\/strong> Materiales de alta capacidad y carga r\u00e1pida para una movilidad sostenible.<\/li><li><strong>Electr\u00f3nica de consumo:<\/strong> Materiales compactos y duraderos para tel\u00e9fonos, port\u00e1tiles y wearables.<\/li><li><strong>Sistemas de almacenamiento de energ\u00eda (ESS):<\/strong> Materiales estables para el almacenamiento de energ\u00eda renovable y de red.<\/li><li><strong>Herramientas el\u00e9ctricas industriales:<\/strong> Materiales de alta velocidad de descarga para equipos de alto rendimiento.<\/li><li><strong>Aplicaciones aeroespaciales y especializadas:<\/strong> Materiales ultraligeros y de alta densidad para sistemas de misi\u00f3n cr\u00edtica.<\/li><\/ul><p><img decoding=\"async\" class=\"\" style=\"width: 255px; max-width: 720px; margin: 20px 0px;\" src=\"https:\/\/ulpmat.com\/wp-content\/uploads\/2025\/06\/\u5e94\u7528-3_W_1920px.webp\" alt=\"Battery Material Applications\" height=\"194\" \/><\/p><p style=\"font-weight: bold; font-size: 18px; color: #0e58cf;\">Por qu\u00e9 elegir ULPMAT?<\/p><ul style=\"line-height: 1.8;\"><li>\u2705 <strong>Est\u00e1ndares de alta pureza:<\/strong> Materiales aptos para bater\u00edas con una pureza de hasta el 99,99%, lo que minimiza los problemas de rendimiento.<\/li><li>\u2705 <strong>Capacidades de personalizaci\u00f3n:<\/strong> Adapte el tama\u00f1o de las part\u00edculas, la morfolog\u00eda y la qu\u00edmica de la superficie a las necesidades de su proceso.<\/li><li><strong>riguroso control de calidad:<\/strong> Procesos totalmente trazables que cumplen las normas ISO, RoHS y REACH.<\/li><li><strong>\u2705 Cadena de suministro escalable:<\/strong> Desde lotes de I+D hasta vol\u00famenes comerciales, respaldamos su escala de producci\u00f3n.<\/li><li>\u2705 <strong>Asistencia t\u00e9cnica:<\/strong> Consultor\u00eda experta sobre compatibilidad, rendimiento y optimizaci\u00f3n de procesos.<\/li><\/ul><p><strong>ULPMAT<\/strong> es su socio de confianza en la innovaci\u00f3n de materiales energ\u00e9ticos. Tanto si es pionero en bater\u00edas de estado s\u00f3lido, como si est\u00e1 ampliando la capacidad de los veh\u00edculos el\u00e9ctricos u optimizando el almacenamiento en red, le proporcionamos las soluciones de materiales que le ayudar\u00e1n a liderar la transici\u00f3n energ\u00e9tica.<\/p><p style=\"font-weight: bold;\">\ud83d\udce9 <a href=\"https:\/\/ulpmat.com\/es\/contactanos\/\"><em>P\u00f3ngase en contacto con nosotros<\/em><\/a> para explorar nuestros materiales para bater\u00edas o solicitar un presupuesto personalizado.<\/p>\t\t\t\t\t\t\t\t<\/div>\n\t\t\t\t<\/div>\n\t\t\t\t<\/div>\n\t\t<div class=\"elementor-element elementor-element-03f1154 e-con-full e-flex e-con e-child\" data-id=\"03f1154\" data-element_type=\"container\" data-e-type=\"container\" data-settings=\"{&quot;background_background&quot;:&quot;classic&quot;}\">\n\t\t\t\t<div class=\"elementor-element elementor-element-9b63185 elementor-widget elementor-widget-heading\" data-id=\"9b63185\" data-element_type=\"widget\" data-e-type=\"widget\" data-widget_type=\"heading.default\">\n\t\t\t\t<div class=\"elementor-widget-container\">\n\t\t\t\t\t<h2 class=\"elementor-heading-title elementor-size-default\">P\u00f3ngase en contacto con nosotros<\/h2>\t\t\t\t<\/div>\n\t\t\t\t<\/div>\n\t\t\t\t<div class=\"elementor-element elementor-element-de364e8 elementor-button-align-stretch elementor-widget elementor-widget-global elementor-global-13314 elementor-global-130 elementor-widget-form\" data-id=\"de364e8\" data-element_type=\"widget\" data-e-type=\"widget\" data-settings=\"{&quot;step_next_label&quot;:&quot;Siguiente&quot;,&quot;step_previous_label&quot;:&quot;Anterior&quot;,&quot;button_width&quot;:&quot;100&quot;,&quot;step_type&quot;:&quot;number_text&quot;,&quot;step_icon_shape&quot;:&quot;circle&quot;}\" data-widget_type=\"form.default\">\n\t\t\t\t<div class=\"elementor-widget-container\">\n\t\t\t\t\t\t\t<form class=\"elementor-form\" method=\"post\" name=\"Formulario de contacto\" aria-label=\"Formulario de contacto\">\n\t\t\t<input type=\"hidden\" name=\"post_id\" value=\"24869\"\/>\n\t\t\t<input type=\"hidden\" name=\"form_id\" value=\"de364e8\"\/>\n\t\t\t<input type=\"hidden\" name=\"referer_title\" value=\"\" \/>\n\n\t\t\t\n\t\t\t<div class=\"elementor-form-fields-wrapper elementor-labels-above\">\n\t\t\t\t\t\t\t\t<div class=\"elementor-field-type-hidden elementor-field-group elementor-column elementor-field-group-p_image elementor-col-100\">\n\t\t\t\t\t\t\t\t\t\t\t\t\t<input size=\"1\" type=\"hidden\" name=\"form_fields[p_image]\" id=\"form-field-p_image\" class=\"elementor-field elementor-size-sm  elementor-field-textual\" value=\"&lt;img src=&quot;[field id=&quot;p_image&quot;]&quot; style=&quot;max-width:200px;max-height:200px&quot;&gt;\">\n\t\t\t\t\t\t\t\t\t\t\t<\/div>\n\t\t\t\t\t\t\t\t<div class=\"elementor-field-type-hidden elementor-field-group elementor-column elementor-field-group-p_name elementor-col-100\">\n\t\t\t\t\t\t\t\t\t\t\t\t\t<input size=\"1\" type=\"hidden\" name=\"form_fields[p_name]\" id=\"form-field-p_name\" class=\"elementor-field elementor-size-sm  elementor-field-textual\" value=\"&lt;img src=&quot;[field id=&quot;p_image&quot;]&quot; style=&quot;max-width:200px;max-height:200px&quot;&gt;\">\n\t\t\t\t\t\t\t\t\t\t\t<\/div>\n\t\t\t\t\t\t\t\t<div class=\"elementor-field-type-hidden elementor-field-group elementor-column elementor-field-group-p_purity elementor-col-100\">\n\t\t\t\t\t\t\t\t\t\t\t\t\t<input size=\"1\" type=\"hidden\" name=\"form_fields[p_purity]\" id=\"form-field-p_purity\" class=\"elementor-field elementor-size-sm  elementor-field-textual\">\n\t\t\t\t\t\t\t\t\t\t\t<\/div>\n\t\t\t\t\t\t\t\t<div class=\"elementor-field-type-hidden elementor-field-group elementor-column elementor-field-group-p_dimension elementor-col-100\">\n\t\t\t\t\t\t\t\t\t\t\t\t\t<input size=\"1\" type=\"hidden\" name=\"form_fields[p_dimension]\" id=\"form-field-p_dimension\" class=\"elementor-field elementor-size-sm  elementor-field-textual\">\n\t\t\t\t\t\t\t\t\t\t\t<\/div>\n\t\t\t\t\t\t\t\t<div class=\"elementor-field-type-text elementor-field-group elementor-column elementor-field-group-name elementor-col-50 elementor-field-required elementor-mark-required\">\n\t\t\t\t\t\t\t\t\t\t\t\t<label for=\"form-field-name\" class=\"elementor-field-label\">\n\t\t\t\t\t\t\t\tNombre\t\t\t\t\t\t\t<\/label>\n\t\t\t\t\t\t\t\t\t\t\t\t\t\t<input size=\"1\" type=\"text\" name=\"form_fields[name]\" id=\"form-field-name\" class=\"elementor-field elementor-size-sm  elementor-field-textual\" required=\"required\">\n\t\t\t\t\t\t\t\t\t\t\t<\/div>\n\t\t\t\t\t\t\t\t<div class=\"elementor-field-type-email elementor-field-group elementor-column elementor-field-group-email elementor-col-50 elementor-field-required elementor-mark-required\">\n\t\t\t\t\t\t\t\t\t\t\t\t<label for=\"form-field-email\" class=\"elementor-field-label\">\n\t\t\t\t\t\t\t\tEnv\u00eda un correo electr\u00f3nico a\t\t\t\t\t\t\t<\/label>\n\t\t\t\t\t\t\t\t\t\t\t\t\t\t<input size=\"1\" type=\"email\" name=\"form_fields[email]\" id=\"form-field-email\" class=\"elementor-field elementor-size-sm  elementor-field-textual\" required=\"required\">\n\t\t\t\t\t\t\t\t\t\t\t<\/div>\n\t\t\t\t\t\t\t\t<div class=\"elementor-field-type-tel elementor-field-group elementor-column elementor-field-group-tel elementor-col-50\">\n\t\t\t\t\t\t\t\t\t\t\t\t<label for=\"form-field-tel\" class=\"elementor-field-label\">\n\t\t\t\t\t\t\t\tTel\u00e9fono\t\t\t\t\t\t\t<\/label>\n\t\t\t\t\t\t\t\t<input size=\"1\" type=\"tel\" name=\"form_fields[tel]\" id=\"form-field-tel\" class=\"elementor-field elementor-size-sm  elementor-field-textual\" pattern=\"[0-9()#&amp;+*-=.]+\" title=\"Solo se aceptan n\u00fameros y caracteres de tel\u00e9fono (#,-,*,etc).\">\n\n\t\t\t\t\t\t<\/div>\n\t\t\t\t\t\t\t\t<div class=\"elementor-field-type-text elementor-field-group elementor-column elementor-field-group-country elementor-col-50\">\n\t\t\t\t\t\t\t\t\t\t\t\t<label for=\"form-field-country\" class=\"elementor-field-label\">\n\t\t\t\t\t\t\t\tPa\u00eds\t\t\t\t\t\t\t<\/label>\n\t\t\t\t\t\t\t\t\t\t\t\t\t\t<input size=\"1\" type=\"text\" name=\"form_fields[country]\" id=\"form-field-country\" class=\"elementor-field elementor-size-sm  elementor-field-textual\">\n\t\t\t\t\t\t\t\t\t\t\t<\/div>\n\t\t\t\t\t\t\t\t<div class=\"elementor-field-type-text elementor-field-group elementor-column elementor-field-group-company elementor-col-100\">\n\t\t\t\t\t\t\t\t\t\t\t\t<label for=\"form-field-company\" class=\"elementor-field-label\">\n\t\t\t\t\t\t\t\tEmpresa\t\t\t\t\t\t\t<\/label>\n\t\t\t\t\t\t\t\t\t\t\t\t\t\t<input size=\"1\" type=\"text\" name=\"form_fields[company]\" id=\"form-field-company\" class=\"elementor-field elementor-size-sm  elementor-field-textual\">\n\t\t\t\t\t\t\t\t\t\t\t<\/div>\n\t\t\t\t\t\t\t\t<div class=\"elementor-field-type-textarea elementor-field-group elementor-column elementor-field-group-message elementor-col-100 elementor-field-required elementor-mark-required\">\n\t\t\t\t\t\t\t\t\t\t\t\t<label for=\"form-field-message\" class=\"elementor-field-label\">\n\t\t\t\t\t\t\t\tMensaje\t\t\t\t\t\t\t<\/label>\n\t\t\t\t\t\t<textarea class=\"elementor-field-textual elementor-field  elementor-size-sm\" name=\"form_fields[message]\" id=\"form-field-message\" rows=\"4\" required=\"required\"><\/textarea>\t\t\t\t<\/div>\n\t\t\t\t\t\t\t\t<div class=\"elementor-field-group elementor-column elementor-field-type-submit elementor-col-100 e-form__buttons\">\n\t\t\t\t\t<button class=\"elementor-button elementor-size-sm\" type=\"submit\">\n\t\t\t\t\t\t<span class=\"elementor-button-content-wrapper\">\n\t\t\t\t\t\t\t\t\t\t\t\t\t\t\t\t\t\t\t\t\t\t<span class=\"elementor-button-text\">Env\u00eda<\/span>\n\t\t\t\t\t\t\t\t\t\t\t\t\t<\/span>\n\t\t\t\t\t<\/button>\n\t\t\t\t<\/div>\n\t\t\t<\/div>\n\t\t<\/form>\n\t\t\t\t\t\t<\/div>\n\t\t\t\t<\/div>\n\t\t\t\t<div class=\"elementor-element elementor-element-1307c8a elementor-widget elementor-widget-heading\" data-id=\"1307c8a\" data-element_type=\"widget\" data-e-type=\"widget\" data-widget_type=\"heading.default\">\n\t\t\t\t<div class=\"elementor-widget-container\">\n\t\t\t\t\t<h2 class=\"elementor-heading-title elementor-size-default\">M\u00e1s informaci\u00f3n<\/h2>\t\t\t\t<\/div>\n\t\t\t\t<\/div>\n\t\t\t\t<div class=\"elementor-element elementor-element-cb81455 elementor-icon-list--layout-traditional elementor-list-item-link-full_width elementor-widget elementor-widget-icon-list\" data-id=\"cb81455\" data-element_type=\"widget\" data-e-type=\"widget\" data-widget_type=\"icon-list.default\">\n\t\t\t\t<div class=\"elementor-widget-container\">\n\t\t\t\t\t\t\t<ul class=\"elementor-icon-list-items\">\n\t\t\t\t\t\t\t<li class=\"elementor-icon-list-item\">\n\t\t\t\t\t\t\t\t\t\t\t<a href=\"tel:+862988993870\">\n\n\t\t\t\t\t\t\t\t\t\t\t\t<span class=\"elementor-icon-list-icon\">\n\t\t\t\t\t\t\t<svg aria-hidden=\"true\" class=\"e-font-icon-svg e-fas-mobile-alt\" viewBox=\"0 0 320 512\" xmlns=\"http:\/\/www.w3.org\/2000\/svg\"><path d=\"M272 0H48C21.5 0 0 21.5 0 48v416c0 26.5 21.5 48 48 48h224c26.5 0 48-21.5 48-48V48c0-26.5-21.5-48-48-48zM160 480c-17.7 0-32-14.3-32-32s14.3-32 32-32 32 14.3 32 32-14.3 32-32 32zm112-108c0 6.6-5.4 12-12 12H60c-6.6 0-12-5.4-12-12V60c0-6.6 5.4-12 12-12h200c6.6 0 12 5.4 12 12v312z\"><\/path><\/svg>\t\t\t\t\t\t<\/span>\n\t\t\t\t\t\t\t\t\t\t<span class=\"elementor-icon-list-text\"><b>PHONE\uff1a+86-29-88993870<\/b><\/span>\n\t\t\t\t\t\t\t\t\t\t\t<\/a>\n\t\t\t\t\t\t\t\t\t<\/li>\n\t\t\t\t\t\t\t\t<li class=\"elementor-icon-list-item\">\n\t\t\t\t\t\t\t\t\t\t\t<a href=\"tel:+8618291498609\">\n\n\t\t\t\t\t\t\t\t\t\t\t\t<span class=\"elementor-icon-list-icon\">\n\t\t\t\t\t\t\t<svg aria-hidden=\"true\" class=\"e-font-icon-svg e-fab-whatsapp\" viewBox=\"0 0 448 512\" xmlns=\"http:\/\/www.w3.org\/2000\/svg\"><path d=\"M380.9 97.1C339 55.1 283.2 32 223.9 32c-122.4 0-222 99.6-222 222 0 39.1 10.2 77.3 29.6 111L0 480l117.7-30.9c32.4 17.7 68.9 27 106.1 27h.1c122.3 0 224.1-99.6 224.1-222 0-59.3-25.2-115-67.1-157zm-157 341.6c-33.2 0-65.7-8.9-94-25.7l-6.7-4-69.8 18.3L72 359.2l-4.4-7c-18.5-29.4-28.2-63.3-28.2-98.2 0-101.7 82.8-184.5 184.6-184.5 49.3 0 95.6 19.2 130.4 54.1 34.8 34.9 56.2 81.2 56.1 130.5 0 101.8-84.9 184.6-186.6 184.6zm101.2-138.2c-5.5-2.8-32.8-16.2-37.9-18-5.1-1.9-8.8-2.8-12.5 2.8-3.7 5.6-14.3 18-17.6 21.8-3.2 3.7-6.5 4.2-12 1.4-32.6-16.3-54-29.1-75.5-66-5.7-9.8 5.7-9.1 16.3-30.3 1.8-3.7.9-6.9-.5-9.7-1.4-2.8-12.5-30.1-17.1-41.2-4.5-10.8-9.1-9.3-12.5-9.5-3.2-.2-6.9-.2-10.6-.2-3.7 0-9.7 1.4-14.8 6.9-5.1 5.6-19.4 19-19.4 46.3 0 27.3 19.9 53.7 22.6 57.4 2.8 3.7 39.1 59.7 94.8 83.8 35.2 15.2 49 16.5 66.6 13.9 10.7-1.6 32.8-13.4 37.4-26.4 4.6-13 4.6-24.1 3.2-26.4-1.3-2.5-5-3.9-10.5-6.6z\"><\/path><\/svg>\t\t\t\t\t\t<\/span>\n\t\t\t\t\t\t\t\t\t\t<span class=\"elementor-icon-list-text\"><b>WHATSAPP\uff1a+8618291498609<\/b><\/span>\n\t\t\t\t\t\t\t\t\t\t\t<\/a>\n\t\t\t\t\t\t\t\t\t<\/li>\n\t\t\t\t\t\t\t\t<li class=\"elementor-icon-list-item\">\n\t\t\t\t\t\t\t\t\t\t\t<a href=\"mailto:sales@funcmater.com\">\n\n\t\t\t\t\t\t\t\t\t\t\t\t<span class=\"elementor-icon-list-icon\">\n\t\t\t\t\t\t\t<svg aria-hidden=\"true\" class=\"e-font-icon-svg e-far-envelope\" viewBox=\"0 0 512 512\" xmlns=\"http:\/\/www.w3.org\/2000\/svg\"><path d=\"M464 64H48C21.49 64 0 85.49 0 112v288c0 26.51 21.49 48 48 48h416c26.51 0 48-21.49 48-48V112c0-26.51-21.49-48-48-48zm0 48v40.805c-22.422 18.259-58.168 46.651-134.587 106.49-16.841 13.247-50.201 45.072-73.413 44.701-23.208.375-56.579-31.459-73.413-44.701C106.18 199.465 70.425 171.067 48 152.805V112h416zM48 400V214.398c22.914 18.251 55.409 43.862 104.938 82.646 21.857 17.205 60.134 55.186 103.062 54.955 42.717.231 80.509-37.199 103.053-54.947 49.528-38.783 82.032-64.401 104.947-82.653V400H48z\"><\/path><\/svg>\t\t\t\t\t\t<\/span>\n\t\t\t\t\t\t\t\t\t\t<span class=\"elementor-icon-list-text\"><b>E-MAIL\uff1asales@funcmater.com<\/b><\/span>\n\t\t\t\t\t\t\t\t\t\t\t<\/a>\n\t\t\t\t\t\t\t\t\t<\/li>\n\t\t\t\t\t\t\t\t<li class=\"elementor-icon-list-item\">\n\t\t\t\t\t\t\t\t\t\t\t<span class=\"elementor-icon-list-icon\">\n\t\t\t\t\t\t\t<svg aria-hidden=\"true\" class=\"e-font-icon-svg e-fas-map-marker-alt\" viewBox=\"0 0 384 512\" xmlns=\"http:\/\/www.w3.org\/2000\/svg\"><path d=\"M172.268 501.67C26.97 291.031 0 269.413 0 192 0 85.961 85.961 0 192 0s192 85.961 192 192c0 77.413-26.97 99.031-172.268 309.67-9.535 13.774-29.93 13.773-39.464 0zM192 272c44.183 0 80-35.817 80-80s-35.817-80-80-80-80 35.817-80 80 35.817 80 80 80z\"><\/path><\/svg>\t\t\t\t\t\t<\/span>\n\t\t\t\t\t\t\t\t\t\t<span class=\"elementor-icon-list-text\"><b>DIRECCI\u00d3N\uff1aA11<\/b>, 5\u00aa planta, edificio 5, Digital China Xi'an Science Park, n\u00ba 20 Zhangba 4th Road, High-tech Zone, Xi'an, Shaanxi, China.  <\/span>\n\t\t\t\t\t\t\t\t\t<\/li>\n\t\t\t\t\t\t<\/ul>\n\t\t\t\t\t\t<\/div>\n\t\t\t\t<\/div>\n\t\t\t\t<\/div>\n\t\t\t\t\t<\/div>\n\t\t\t\t<\/div>\n\t\t\t\t<\/div>\n\t\t","protected":false},"excerpt":{"rendered":"<p>Materiales para bater\u00edas a medida Del laboratorio a la producci\u00f3n en serie Impulsar el futuro con materiales avanzados para bater\u00edas Con el impulso mundial hacia la descarbonizaci\u00f3n, la electrificaci\u00f3n y las tecnolog\u00edas inteligentes, los materiales de las bater\u00edas se han convertido en la base de los sistemas energ\u00e9ticos modernos. Desde los veh\u00edculos el\u00e9ctricos (VE) y [&hellip;]<\/p>\n","protected":false},"author":2,"featured_media":0,"parent":7101,"menu_order":0,"comment_status":"closed","ping_status":"closed","template":"","meta":{"_acf_changed":false,"footnotes":""},"class_list":["post-24869","page","type-page","status-publish","hentry"],"acf":[],"_links":{"self":[{"href":"https:\/\/ulpmat.com\/es\/wp-json\/wp\/v2\/pages\/24869","targetHints":{"allow":["GET"]}}],"collection":[{"href":"https:\/\/ulpmat.com\/es\/wp-json\/wp\/v2\/pages"}],"about":[{"href":"https:\/\/ulpmat.com\/es\/wp-json\/wp\/v2\/types\/page"}],"author":[{"embeddable":true,"href":"https:\/\/ulpmat.com\/es\/wp-json\/wp\/v2\/users\/2"}],"replies":[{"embeddable":true,"href":"https:\/\/ulpmat.com\/es\/wp-json\/wp\/v2\/comments?post=24869"}],"version-history":[{"count":2,"href":"https:\/\/ulpmat.com\/es\/wp-json\/wp\/v2\/pages\/24869\/revisions"}],"predecessor-version":[{"id":24871,"href":"https:\/\/ulpmat.com\/es\/wp-json\/wp\/v2\/pages\/24869\/revisions\/24871"}],"up":[{"embeddable":true,"href":"https:\/\/ulpmat.com\/es\/wp-json\/wp\/v2\/pages\/7101"}],"wp:attachment":[{"href":"https:\/\/ulpmat.com\/es\/wp-json\/wp\/v2\/media?parent=24869"}],"curies":[{"name":"wp","href":"https:\/\/api.w.org\/{rel}","templated":true}]}}