{"id":9705,"date":"2025-08-06T11:26:17","date_gmt":"2025-08-06T03:26:17","guid":{"rendered":"https:\/\/ulpmat.com\/product\/bor\/"},"modified":"2025-08-06T11:26:17","modified_gmt":"2025-08-06T03:26:17","slug":"bor","status":"publish","type":"product","link":"https:\/\/ulpmat.com\/de\/produkt\/bor\/","title":{"rendered":"Bor"},"content":{"rendered":"<p><strong><span style=\"color: #3366ff;\"><a style=\"color: #3366ff;\" href=\"https:\/\/ulpmat.com\/de\/search\/?type=element&#038;keyword=B\">Bor<\/a><\/span><\/strong> sputtertargets werden aus hochreinem Bor hergestellt, das in der Regel dunkelgrau bis schwarz ist, metallisch gl\u00e4nzt und eine atomare Kristallstruktur aufweist. Mit ihrer hohen H\u00e4rte, ihrem hohen Schmelzpunkt und ihrer ausgezeichneten chemischen Stabilit\u00e4t erm\u00f6glichen Bor-Targets die Abscheidung dichter, gleichm\u00e4\u00dfiger und gut haftender D\u00fcnnschichten. Sie finden breite Anwendung in der Halbleiterindustrie, der Optoelektronik, der optischen Beschichtung und der Hartbeschichtung, einschlie\u00dflich der Herstellung von Bor-D\u00fcnnschichten, Borid-D\u00fcnnschichten (wie B\u2084C, TiB\u2082, MoB\u2082) und Bor-dotierten Halbleiterschichten. Bor-Targets k\u00f6nnen in kreisf\u00f6rmigen, rechteckigen oder anderen kundenspezifischen Formen hergestellt werden, um unterschiedlichen Prozessanforderungen gerecht zu werden<\/p>\n<h2><span style=\"font-size: 14pt;\">Hauptmerkmale und Vorteile<\/span><\/h2>\n<p>Hohe Reinheit: Standard \u226599,5%, Ultrahochreinheit bis zu \u226599,9% Ausgezeichnete physikalische Eigenschaften: Hoher Schmelzpunkt (~2076 \u00b0C), hohe H\u00e4rte (Mohs ~9,3) Starke chemische Stabilit\u00e4t: Best\u00e4ndig gegen S\u00e4uren und Laugen bei Raumtemperatur Hervorragende Filmqualit\u00e4t: Produziert dichte, gleichm\u00e4\u00dfige Filme mit starker Haftung Anpassbare Spezifikationen: Gr\u00f6\u00dfe, Form und Reinheit auf Anfrage erh\u00e4ltlich<\/p>\n<h2><span style=\"font-size: 14pt;\">Anwendungen von Bor-Sputter-Targets<\/span><\/h2>\n<p><strong>Halbleiterindustrie:<\/strong> Bor-Sputter-Targets werden f\u00fcr bordotierte Siliziumschichten und die Herstellung von P-Typ-Halbleitern verwendet<strong>Optische Beschichtungen:<\/strong> Verschlei\u00dffeste, hochtemperaturbest\u00e4ndige, antireflektierende Schichten<strong>Harte Beschichtungen:<\/strong> Herstellung von Beschichtungen wie Borkarbid (B\u2084C) und Titandiborid (TiB\u2082)<strong>Nuklearindustrie:<\/strong> Bor-Sputter-Targets werden f\u00fcr D\u00fcnnschichten mit hohem Neutronenabsorptionsverm\u00f6gen verwendet<\/p>\n<h2><span style=\"font-size: 14pt;\">Handhabung und Lagerung<\/span><\/h2>\n<p>Verwenden Sie bei der Handhabung saubere Handschuhe oder Fingerlinge, um Verunreinigungen zu vermeiden. Lagern Sie es in einer versiegelten, feuchtigkeitsdichten Verpackung in einer k\u00fchlen, trockenen und sauberen Umgebung. Von starken Oxidationsmitteln, Halogenen und Quellen mechanischer St\u00f6\u00dfe fernhalten.<\/p>\n","protected":false},"excerpt":{"rendered":"<p>Bor sputtertargets werden aus hochreinem Bor hergestellt, das in der Regel dunkelgrau bis schwarz ist, metallisch gl\u00e4nzt und eine atomare Kristallstruktur aufweist. Mit ihrer hohen H\u00e4rte, ihrem hohen Schmelzpunkt und ihrer ausgezeichneten chemischen Stabilit\u00e4t erm\u00f6glichen Bor-Targets die Abscheidung dichter, gleichm\u00e4\u00dfiger und gut haftender D\u00fcnnschichten. Sie finden breite Anwendung in der Halbleiterindustrie, der Optoelektronik, der optischen [&hellip;]<\/p>\n","protected":false},"featured_media":6555,"template":"","meta":{"_acf_changed":false},"product_brand":[132],"product_cat":[278],"product_tag":[279],"class_list":{"0":"post-9705","1":"product","2":"type-product","3":"status-publish","4":"has-post-thumbnail","6":"product_brand-ulpmat","7":"product_cat-metall-sputtering-target","8":"product_tag-bor-sputtering-target","10":"first","11":"instock","12":"shipping-taxable","13":"product-type-variable"},"acf":[],"_links":{"self":[{"href":"https:\/\/ulpmat.com\/de\/wp-json\/wp\/v2\/product\/9705","targetHints":{"allow":["GET"]}}],"collection":[{"href":"https:\/\/ulpmat.com\/de\/wp-json\/wp\/v2\/product"}],"about":[{"href":"https:\/\/ulpmat.com\/de\/wp-json\/wp\/v2\/types\/product"}],"wp:featuredmedia":[{"embeddable":true,"href":"https:\/\/ulpmat.com\/de\/wp-json\/wp\/v2\/media\/6555"}],"wp:attachment":[{"href":"https:\/\/ulpmat.com\/de\/wp-json\/wp\/v2\/media?parent=9705"}],"wp:term":[{"taxonomy":"product_brand","embeddable":true,"href":"https:\/\/ulpmat.com\/de\/wp-json\/wp\/v2\/product_brand?post=9705"},{"taxonomy":"product_cat","embeddable":true,"href":"https:\/\/ulpmat.com\/de\/wp-json\/wp\/v2\/product_cat?post=9705"},{"taxonomy":"product_tag","embeddable":true,"href":"https:\/\/ulpmat.com\/de\/wp-json\/wp\/v2\/product_tag?post=9705"}],"curies":[{"name":"wp","href":"https:\/\/api.w.org\/{rel}","templated":true}]}}