{"id":54777,"date":"2026-04-10T15:50:11","date_gmt":"2026-04-10T07:50:11","guid":{"rendered":"https:\/\/ulpmat.com\/product\/natrium-eisen-pyrophosphat-phosphat-nfpp\/"},"modified":"2026-04-10T15:50:11","modified_gmt":"2026-04-10T07:50:11","slug":"natrium-eisen-pyrophosphat-phosphat-nfpp","status":"publish","type":"product","link":"https:\/\/ulpmat.com\/de\/produkt\/natrium-eisen-pyrophosphat-phosphat-nfpp\/","title":{"rendered":"Natrium-Eisen-Pyrophosphat-Phosphat (NFPP)"},"content":{"rendered":"<h2><span style=\"font-size: 14pt;\">Natrium-Eisen-Pyrophosphat-Phosphat (NFPP)-Pulver \u00dcbersicht<\/span><\/h2>\n<p>Natriumeisenpyrophosphatphosphat (Na\u2084Fe\u2083(PO\u2084)\u2082P\u2082O\u2087, NFPP) ist ein fortschrittliches Kathodenmaterial f\u00fcr Natrium-Ionen-Batteriesysteme. Mit einem stabilen gemischten Phosphat-Pyrophosphat-Ger\u00fcst bietet NFPP eine ausgezeichnete thermische Stabilit\u00e4t, hohe strukturelle Integrit\u00e4t und zuverl\u00e4ssige Natrium-Ionen-Speicherleistung.<\/p>\n<p>Im Vergleich zu herk\u00f6mmlichen Eisenphosphatmaterialien kombiniert NFPP die Vorteile der Phosphat- und Pyrophosphatchemie und bietet eine verbesserte Energiedichte, eine lange Zykluslebensdauer und erh\u00f6hte Sicherheit. Es findet breite Anwendung in Natrium-Ionen-Batterien, hybriden Energiespeichersystemen und gro\u00df angelegten station\u00e4ren Energiespeicheranwendungen.<\/p>\n<p>Wir bieten hochreine NFPP-Pulver mit anpassbarer Partikelgr\u00f6\u00dfe, Morphologie, Klopfdichte, Kohlenstoffbeschichtung und Leitf\u00e4higkeitsverbesserung an, um unterschiedliche Anforderungen an die Herstellung und Leistung von Batterien zu erf\u00fcllen. <span style=\"color: #0000ff;\"><a style=\"color: #0000ff;\" href=\"https:\/\/ulpmat.com\/de\/kontakt-us\/\">Kontaktieren Sie uns<\/a><\/span> um mehr \u00fcber unsere Anpassungsl\u00f6sungen zu erfahren.<\/p>\n<h2><span style=\"font-size: 14pt;\">Produkt-Highlights<\/span><\/h2>\n<ul>\n<li>Stabile gemischte Phosphat-Pyrophosphat-Kristallstruktur<\/li>\n<li>Ausgezeichnete thermische und elektrochemische Stabilit\u00e4t<\/li>\n<li>H\u00f6here Energiedichte als herk\u00f6mmliche Eisenphosphatmaterialien<\/li>\n<li>Lange Zykluslebensdauer und hervorragende Sicherheitsleistung<\/li>\n<li>Schnelle Natrium-Ionen-Transportf\u00e4higkeit<\/li>\n<li>Hohe Reinheit und gleichm\u00e4\u00dfige Partikelgr\u00f6\u00dfenverteilung<\/li>\n<li>Kohlenstoffbeschichtung und Leitf\u00e4higkeitsverbesserung verf\u00fcgbar<\/li>\n<li>Anpassbare elektrochemische Eigenschaften f\u00fcr verschiedene Batteriesysteme<\/li>\n<\/ul>\n<h2><span style=\"font-size: 14pt;\">Typische Materialeigenschaften<\/span><\/h2>\n<table style=\"border-collapse: collapse; width: 68.3125%; height: 223px;\">\n<tbody>\n<tr style=\"height: 31px;\">\n<td style=\"width: 25.608%; height: 31px;\"><strong>Eigenschaft<\/strong><\/td>\n<td style=\"width: 42.7045%; height: 31px;\"><strong>Typischer Wert<\/strong><\/td>\n<\/tr>\n<tr style=\"height: 24px;\">\n<td style=\"width: 25.608%; height: 24px;\">Chemische Formel<\/td>\n<td style=\"width: 42.7045%; height: 24px;\">Na\u2084Fe\u2083(PO\u2084)\u2082P\u2082O\u2087<\/td>\n<\/tr>\n<tr style=\"height: 24px;\">\n<td style=\"width: 25.608%; height: 24px;\">Abk\u00fcrzung<\/td>\n<td style=\"width: 42.7045%; height: 24px;\">NFPP<\/td>\n<\/tr>\n<tr style=\"height: 24px;\">\n<td style=\"width: 25.608%; height: 24px;\">Erscheinungsbild<\/td>\n<td style=\"width: 42.7045%; height: 24px;\">Graues bis schwarzes Pulver<\/td>\n<\/tr>\n<tr style=\"height: 24px;\">\n<td style=\"width: 25.608%; height: 24px;\">Kristallstruktur<\/td>\n<td style=\"width: 42.7045%; height: 24px;\">Gemischtes Phosphat-Pyrophosphat-Ger\u00fcst<\/td>\n<\/tr>\n<tr style=\"height: 24px;\">\n<td style=\"width: 25.608%; height: 24px;\">Haupt-Redox-Paar<\/td>\n<td style=\"width: 42.7045%; height: 24px;\">Fe\u00b2\u207a \/ Fe\u00b3\u207a<\/td>\n<\/tr>\n<tr style=\"height: 24px;\">\n<td style=\"width: 25.608%; height: 24px;\">Klopfdichte<\/td>\n<td style=\"width: 42.7045%; height: 24px;\">Anpassbar<\/td>\n<\/tr>\n<tr style=\"height: 24px;\">\n<td style=\"width: 25.608%; height: 24px;\">Partikelgr\u00f6\u00dfe<\/td>\n<td style=\"width: 42.7045%; height: 24px;\">Anpassbar<\/td>\n<\/tr>\n<tr style=\"height: 24px;\">\n<td style=\"width: 25.608%; height: 24px;\">Oberfl\u00e4chenmodifikation<\/td>\n<td style=\"width: 42.7045%; height: 24px;\">Kohlenstoffbeschichtung \/ Leitf\u00e4higkeitsverbesserung verf\u00fcgbar<\/td>\n<\/tr>\n<\/tbody>\n<\/table>\n<h2><span style=\"font-size: 14pt;\">Anpassbare Optionen<\/span><\/h2>\n<p>Wir bieten Unterst\u00fctzung f\u00fcr unterschiedliche Anforderungen an Batterieprozesse:<\/p>\n<ul>\n<li>Anpassung der Partikelgr\u00f6\u00dfe<\/li>\n<li>Kontrolle der Partikelmorphologie<\/li>\n<li>Optimierung der Klopfdichte<\/li>\n<li>Modifikation der Kohlenstoffbeschichtung<\/li>\n<li>Verbesserung der Leitf\u00e4higkeit<\/li>\n<li>Ma\u00dfgeschneidertes Natrium-Eisen-Verh\u00e4ltnis und Steuerung der Kristallphase<\/li>\n<\/ul>\n<h2><span style=\"font-size: 14pt;\">Anwendungen von <\/span><span style=\"font-size: 14pt;\">Natrium-Eisen(III)-Pyrophosphat<\/span><span style=\"font-size: 14pt;\"> Pulver<\/span><\/h2>\n<p><strong>Kathodenmaterial f\u00fcr Natrium-Ionen-Batterien:<\/strong> Geeignet f\u00fcr hochsichere Natrium-Ionen-Batterien mit verbesserter Energiedichte und langer Zykluslebensdauer.<\/p>\n<p><strong>Energiespeichersysteme f\u00fcr das Stromnetz:<\/strong> Angewandt in Systemen zur Speicherung erneuerbarer Energien, zur Spitzenabdeckung und zum Lastausgleich.<\/p>\n<p><strong>Industrielle und station\u00e4re Speicherbatterien:<\/strong> Einsatz in Notstromsystemen, Telekommunikations-Basisstationen und dezentralen Energiespeichern.<\/p>\n<p><strong>Hybride Energiespeicher:<\/strong> Geeignet f\u00fcr Natrium-Ionen-Kondensatoren und hybride Batteriesysteme, die eine ausgewogene Leistungs- und Energieleistung erfordern.<\/p>\n<h2><span style=\"color: #0000ff;\"><a style=\"color: #0000ff;\" href=\"https:\/\/ulpmat.com\/de\/unternehmen\/faqs\/\"><span style=\"font-size: 14pt;\">FAQs<\/span><\/a><\/span><\/h2>\n<p>Q1: Was ist NFPP?<br \/>\nA1: Na\u2084Fe\u2083(PO\u2084)\u2082P\u2082O\u2087 ist ein gemischtes Phosphat-Pyrophosphat-Natrium-Ionen-Batterie-Kathodenmaterial mit einem stabilen Polyanion-Ger\u00fcst und mehreren Eisen-Redoxzentren.<\/p>\n<p>Q2: Wof\u00fcr wird NFPP haupts\u00e4chlich verwendet?<br \/>\nA2: NFPP wird haupts\u00e4chlich f\u00fcr Natrium-Ionen-Batteriekathoden, gro\u00df angelegte Energiespeicherung, Systeme f\u00fcr erneuerbare Energien, Notstromversorgung und hybride Kondensator-Batterie-Ger\u00e4te verwendet.<\/p>\n<p>Q3: Kann es individuell angepasst werden?<br \/>\nA3: Ja. Wir bieten kundenspezifische Partikelgr\u00f6\u00dfe, Kohlenstoffbeschichtung, Morphologie, Anzapfdichte und Leitf\u00e4higkeitsverbesserung entsprechend den spezifischen Anforderungen an das Batteriedesign.<\/p>\n<p>F4: Was sind die Vorteile von NFPP?<br \/>\nA: Es bietet ausgezeichnete Sicherheit, eine stabile Kristallstruktur, eine lange Lebensdauer und eine h\u00f6here Energiedichte als viele herk\u00f6mmliche Kathodenmaterialien auf Eisenbasis.<\/p>\n<h2><span style=\"font-size: 14pt;\">Berichte<\/span><\/h2>\n<p>Jede Charge enth\u00e4lt:<br \/>\n<span style=\"color: #0000ff;\"><a style=\"color: #0000ff;\" href=\"https:\/\/ulpmat.com\/de\/dokumente\/zertifikat-der-analyse\/\"><u>Analysezertifikat (COA)<\/u><\/a><\/span><br \/>\n<span style=\"color: #0000ff;\"><a style=\"color: #0000ff;\" href=\"https:\/\/ulpmat.com\/de\/dokumente\/technisches-datenblatt\/\"><u>Technisches Datenblatt (TDS)<\/u><\/a><\/span><br \/>\n<span style=\"color: #0000ff;\"><a style=\"color: #0000ff;\" href=\"https:\/\/ulpmat.com\/de\/dokumente\/sicherheitsdatenblatt\/\"><u>Sicherheitsdatenblatt (MSDS)<\/u><\/a><\/span><br \/>\nBericht \u00fcber die Gr\u00f6\u00dfeninspektion<br \/>\nOptionale Pr\u00fcfberichte Dritter<\/p>\n<h2><span style=\"font-size: 14pt;\">Warum uns w\u00e4hlen?<\/span><\/h2>\n<p>Unsere NFPP-Materialien sind speziell f\u00fcr Natrium-Ionen-Batterieanwendungen der n\u00e4chsten Generation entwickelt worden. Dank fortschrittlicher Synthesetechnologie, strenger Qualit\u00e4tskontrolle und flexibler Anpassungsm\u00f6glichkeiten bieten wir \u00e4u\u00dferst konsistente Produkte mit ausgezeichneter elektrochemischer Leistung.<\/p>\n<p>Durch ma\u00dfgeschneiderte Materiall\u00f6sungen und zuverl\u00e4ssige technische Unterst\u00fctzung helfen wir unseren Kunden, die Sicherheit, Lebensdauer, Leitf\u00e4higkeit und Gesamtwirtschaftlichkeit von Batterien zu optimieren.<\/p>\n","protected":false},"excerpt":{"rendered":"<p>Natrium-Eisen-Pyrophosphat-Phosphat (NFPP)-Pulver \u00dcbersicht Natriumeisenpyrophosphatphosphat (Na\u2084Fe\u2083(PO\u2084)\u2082P\u2082O\u2087, NFPP) ist ein fortschrittliches Kathodenmaterial f\u00fcr Natrium-Ionen-Batteriesysteme. Mit einem stabilen gemischten Phosphat-Pyrophosphat-Ger\u00fcst bietet NFPP eine ausgezeichnete thermische Stabilit\u00e4t, hohe strukturelle Integrit\u00e4t und zuverl\u00e4ssige Natrium-Ionen-Speicherleistung. Im Vergleich zu herk\u00f6mmlichen Eisenphosphatmaterialien kombiniert NFPP die Vorteile der Phosphat- und Pyrophosphatchemie und bietet eine verbesserte Energiedichte, eine lange Zykluslebensdauer und erh\u00f6hte Sicherheit. Es findet [&hellip;]<\/p>\n","protected":false},"featured_media":54757,"template":"","meta":{"_acf_changed":false},"product_brand":[],"product_cat":[926,925],"product_tag":[927],"class_list":{"0":"post-54777","1":"product","2":"type-product","3":"status-publish","4":"has-post-thumbnail","6":"product_cat-batterie-materialien","7":"product_cat-batterie-dotierstoffe","8":"product_tag-materialien-fur-batterien","10":"first","11":"instock","12":"shipping-taxable","13":"purchasable","14":"product-type-variable"},"acf":[],"_links":{"self":[{"href":"https:\/\/ulpmat.com\/de\/wp-json\/wp\/v2\/product\/54777","targetHints":{"allow":["GET"]}}],"collection":[{"href":"https:\/\/ulpmat.com\/de\/wp-json\/wp\/v2\/product"}],"about":[{"href":"https:\/\/ulpmat.com\/de\/wp-json\/wp\/v2\/types\/product"}],"wp:featuredmedia":[{"embeddable":true,"href":"https:\/\/ulpmat.com\/de\/wp-json\/wp\/v2\/media\/54757"}],"wp:attachment":[{"href":"https:\/\/ulpmat.com\/de\/wp-json\/wp\/v2\/media?parent=54777"}],"wp:term":[{"taxonomy":"product_brand","embeddable":true,"href":"https:\/\/ulpmat.com\/de\/wp-json\/wp\/v2\/product_brand?post=54777"},{"taxonomy":"product_cat","embeddable":true,"href":"https:\/\/ulpmat.com\/de\/wp-json\/wp\/v2\/product_cat?post=54777"},{"taxonomy":"product_tag","embeddable":true,"href":"https:\/\/ulpmat.com\/de\/wp-json\/wp\/v2\/product_tag?post=54777"}],"curies":[{"name":"wp","href":"https:\/\/api.w.org\/{rel}","templated":true}]}}