{"id":54765,"date":"2026-04-08T15:28:52","date_gmt":"2026-04-08T07:28:52","guid":{"rendered":"https:\/\/ulpmat.com\/product\/natrium-vanadium-phosphat\/"},"modified":"2026-04-08T15:28:52","modified_gmt":"2026-04-08T07:28:52","slug":"natrium-vanadium-phosphat","status":"publish","type":"product","link":"https:\/\/ulpmat.com\/de\/produkt\/natrium-vanadium-phosphat\/","title":{"rendered":"Natrium-Vanadium-Phosphat"},"content":{"rendered":"<h2><span style=\"font-size: 14pt;\">Kohlenstoffbeschichtetes Natriumvanadiumphosphat Pulver \u00dcbersicht<\/span><\/h2>\n<p>Kohlenstoffbeschichtetes Natrium-Vanadium-Phosphat (Na\u2083V\u2082(PO\u2084)\u2083\/C) ist ein Hochleistungs-Kathodenmaterial f\u00fcr Natrium-Ionen-Batteriesysteme. Mit einer stabilen Kristallstruktur vom NASICON-Typ und einer gleichm\u00e4\u00dfigen leitf\u00e4higen Kohlenstoffbeschichtung bietet es einen schnellen Natrium-Ionen-Transport, eine verbesserte elektronische Leitf\u00e4higkeit, eine hervorragende Ratenf\u00e4higkeit und eine lange Zyklenstabilit\u00e4t.<\/p>\n<p>Die leitf\u00e4hige Kohlenstoffschicht verbessert die intrinsisch niedrige Leitf\u00e4higkeit von Na\u2083V\u2082(PO\u2084)\u2083 erheblich und macht kohlenstoffbeschichtetes Natrium-Vanadium-Phosphat besonders geeignet f\u00fcr leistungsstarke, schnell ladende und langlebige Natrium-Ionen-Batterien.<\/p>\n<p>Wir bieten kohlenstoffbeschichtete Natrium-Vanadium-Phosphat-Pulver mit anpassbarem Kohlenstoffgehalt, Partikelgr\u00f6\u00dfe, Morphologie, Klopfdichte und Leitf\u00e4higkeitsverbesserung an, um unterschiedlichen Anforderungen bei der Batterieherstellung gerecht zu werden. <span style=\"color: #0000ff;\"><a style=\"color: #0000ff;\" href=\"https:\/\/ulpmat.com\/de\/kontakt-us\/\">Kontaktieren Sie uns<\/a><\/span> um mehr \u00fcber unseren Anpassungsprozess zu erfahren.<\/p>\n<h2><span style=\"font-size: 14pt;\">Produkt-Highlights<\/span><\/h2>\n<ul>\n<li>Stabile Kristallstruktur vom NASICON-Typ<\/li>\n<li>\n<p>Gleichm\u00e4\u00dfige leitf\u00e4hige Kohlenstoffbeschichtung<\/li>\n<li>\n<p>Schnelle Natrium-Ionen-Transportf\u00e4higkeit<\/li>\n<li>\n<p>Hervorragende Ratenleistung und lange Zykluslebensdauer<\/li>\n<li>\n<p>Verbesserte elektronische Leitf\u00e4higkeit<\/li>\n<li>\n<p>Hohe Reinheit und gleichm\u00e4\u00dfige Partikelgr\u00f6\u00dfenverteilung<\/li>\n<li>\n<p>Gute thermische Stabilit\u00e4t und Sicherheit<\/li>\n<li>\n<p>Anpassbarer Kohlenstoffgehalt und elektrochemische Eigenschaften<\/li>\n<\/ul>\n<h2><span style=\"font-size: 14pt;\">Typische Materialeigenschaften<\/span><\/h2>\n<table style=\"border-collapse: collapse; width: 52.7634%; height: 201px;\">\n<tbody>\n<tr style=\"height: 33px;\">\n<td style=\"width: 23.4709%; height: 33px;\"><strong>Eigenschaft<\/strong><\/td>\n<td style=\"width: 29.2925%; height: 33px;\"><strong>Typischer Wert<\/strong><\/td>\n<\/tr>\n<tr style=\"height: 24px;\">\n<td style=\"width: 23.4709%; height: 24px;\">Chemische Formel<\/td>\n<td style=\"width: 29.2925%; height: 24px;\">Na\u2083V\u2082(PO\u2084)\u2083\/C<\/td>\n<\/tr>\n<tr style=\"height: 24px;\">\n<td style=\"width: 23.4709%; height: 24px;\">Erscheinungsbild<\/td>\n<td style=\"width: 29.2925%; height: 24px;\">Dunkelgraues bis schwarzes Pulver<\/td>\n<\/tr>\n<tr style=\"height: 24px;\">\n<td style=\"width: 23.4709%; height: 24px;\">Kristallstruktur<\/td>\n<td style=\"width: 29.2925%; height: 24px;\">NASICON-Typ, rhomboedrisch<\/td>\n<\/tr>\n<tr style=\"height: 24px;\">\n<td style=\"width: 23.4709%; height: 24px;\">Raumgruppe<\/td>\n<td style=\"width: 29.2925%; height: 24px;\">R-3c<\/td>\n<\/tr>\n<tr style=\"height: 24px;\">\n<td style=\"width: 23.4709%; height: 24px;\">Kohlenstoffgehalt<\/td>\n<td style=\"width: 29.2925%; height: 24px;\">Anpassbar (typischerweise 2-6 Gew.-%)<\/td>\n<\/tr>\n<tr style=\"height: 24px;\">\n<td style=\"width: 23.4709%; height: 24px;\">Partikelgr\u00f6\u00dfe<\/td>\n<td style=\"width: 29.2925%; height: 24px;\">Anpassbar<\/td>\n<\/tr>\n<tr style=\"height: 24px;\">\n<td style=\"width: 23.4709%; height: 24px;\">Modifikation der Oberfl\u00e4che<\/td>\n<td style=\"width: 29.2925%; height: 24px;\">Leitf\u00e4hige Kohlenstoffbeschichtung<\/td>\n<\/tr>\n<\/tbody>\n<\/table>\n<h2><span style=\"font-size: 14pt;\">Anpassbare Optionen<\/span><\/h2>\n<p>Wir bieten Unterst\u00fctzung f\u00fcr unterschiedliche Anforderungen an Batterieprozesse:<\/p>\n<ul>\n<li>Anpassung des Kohlenstoffgehalts<\/li>\n<li>Optimierung der Partikelgr\u00f6\u00dfe<\/li>\n<li>Kontrolle der Morphologie<\/li>\n<li>Einstellung der Klopfdichte<\/li>\n<li>Verbesserung der Leitf\u00e4higkeit<\/li>\n<li>Ma\u00dfgeschneiderte elektrochemische Leistung<\/li>\n<\/ul>\n<h2><span style=\"font-size: 14pt;\">Anwendungen von <\/span><span style=\"font-size: 14pt;\">Natrium-Vanadium-Phosphat-Pulver<\/span><\/h2>\n<p><strong>Natrium-Ionen-Batterie-Kathodenmaterial:<\/strong> Weit verbreitet als Kathodenmaterial f\u00fcr Natrium-Ionen-Batterien, die eine hohe Durchsatzleistung und langfristige Zyklenstabilit\u00e4t erfordern.<\/p>\n<p><strong>Hybride Kondensator- und Batteriesysteme:<\/strong> Geeignet f\u00fcr Natrium-Ionen-Kondensatoren und hybride Energiespeicher, die sowohl eine hohe Leistungsabgabe als auch eine lange Zykluslebensdauer erfordern.<\/p>\n<p><strong>Gro\u00df angelegte Energiespeichersysteme:<\/strong> Anwendbar f\u00fcr die Energiespeicherung im Netz, die Integration erneuerbarer Energien und Notstromsysteme.<\/p>\n<p><strong>Energiespeicher mit hoher Leistung:<\/strong> Ideal f\u00fcr Anwendungen, die schnelles Laden\/Entladen und stabile elektrochemische Leistung erfordern.<\/p>\n<h2><span style=\"color: #0000ff;\"><a style=\"color: #0000ff;\" href=\"https:\/\/ulpmat.com\/de\/unternehmen\/faqs\/\"><span style=\"font-size: 14pt;\">FAQs<\/span><\/a><\/span><\/h2>\n<p>Q1: Was ist kohlenstoffbeschichtetes Natrium-Vanadium-Phosphat?<br \/>\nA: Kohlenstoffbeschichtetes Natrium-Vanadium-Phosphat ist Na\u2083V\u2082(PO\u2084)\u2083, das mit einer leitf\u00e4higen Kohlenstoffschicht \u00fcberzogen ist, um die elektronische Leitf\u00e4higkeit und die Batterieleistung zu verbessern.<\/p>\n<p>F2: Was sind die Vorteile von kohlenstoffbeschichtetem Natrium-Vanadium-Phosphat?<br \/>\nA: Es bietet einen schnellen Natrium-Ionen-Transport, verbesserte Leitf\u00e4higkeit, exzellente Ratenf\u00e4higkeit, lange Zykluslebensdauer und hohe Sicherheit.<\/p>\n<p>Q3: Wof\u00fcr wird es haupts\u00e4chlich verwendet?<br \/>\nA: Es wird haupts\u00e4chlich in Natrium-Ionen-Batteriekathoden, Hybridkondensatoren und gro\u00df angelegten Energiespeichersystemen verwendet.<\/p>\n<p>F4: Kann der Kohlenstoffgehalt individuell angepasst werden?<br \/>\nA: Ja. Wir bieten anpassbare Kohlenstoffbeschichtungen an, typischerweise von 2 bis 6 Gew.-%, je nach den unterschiedlichen Leistungsanforderungen der Batterien.<\/p>\n<h2><span style=\"font-size: 14pt;\">Berichte<\/span><\/h2>\n<p>Jede Charge enth\u00e4lt:<br \/>\n<span style=\"color: #0000ff;\"><a style=\"color: #0000ff;\" href=\"https:\/\/ulpmat.com\/de\/dokumente\/zertifikat-der-analyse\/\"><u>Analysezertifikat (COA)<\/u><\/a><\/span><br \/>\n<span style=\"color: #0000ff;\"><a style=\"color: #0000ff;\" href=\"https:\/\/ulpmat.com\/de\/dokumente\/technisches-datenblatt\/\"><u>Technisches Datenblatt (TDS)<\/u><\/a><\/span><br \/>\n<span style=\"color: #0000ff;\"><a style=\"color: #0000ff;\" href=\"https:\/\/ulpmat.com\/de\/dokumente\/sicherheitsdatenblatt\/\"><u>Sicherheitsdatenblatt (MSDS)<\/u><\/a><\/span><br \/>\nBericht zur Gr\u00f6\u00dfeninspektion<br \/>\nPr\u00fcfberichte von Dritten auf Anfrage erh\u00e4ltlich<\/p>\n<h2><span style=\"font-size: 14pt;\">Warum uns w\u00e4hlen?<\/span><\/h2>\n<p>Unsere kohlenstoffbeschichteten Natrium-Vanadium-Phosphat-Materialien sind speziell f\u00fcr Natrium-Ionen-Batterieanwendungen der n\u00e4chsten Generation konzipiert. Durch fortschrittliche Kohlenstoffbeschichtungstechnologie und strenge Qualit\u00e4tskontrolle liefern wir Materialien mit hervorragender Leitf\u00e4higkeit, stabiler elektrochemischer Leistung und gleichbleibender Produktqualit\u00e4t.<\/p>\n<p>Wir unterst\u00fctzen flexible Anpassungen und einen zuverl\u00e4ssigen technischen Service, um Kunden bei der Entwicklung von leistungsstarken, sicheren und kosteng\u00fcnstigen Natrium-Ionen-Batteriesystemen zu helfen.<\/p>\n","protected":false},"excerpt":{"rendered":"<p>Kohlenstoffbeschichtetes Natriumvanadiumphosphat Pulver \u00dcbersicht Kohlenstoffbeschichtetes Natrium-Vanadium-Phosphat (Na\u2083V\u2082(PO\u2084)\u2083\/C) ist ein Hochleistungs-Kathodenmaterial f\u00fcr Natrium-Ionen-Batteriesysteme. Mit einer stabilen Kristallstruktur vom NASICON-Typ und einer gleichm\u00e4\u00dfigen leitf\u00e4higen Kohlenstoffbeschichtung bietet es einen schnellen Natrium-Ionen-Transport, eine verbesserte elektronische Leitf\u00e4higkeit, eine hervorragende Ratenf\u00e4higkeit und eine lange Zyklenstabilit\u00e4t. Die leitf\u00e4hige Kohlenstoffschicht verbessert die intrinsisch niedrige Leitf\u00e4higkeit von Na\u2083V\u2082(PO\u2084)\u2083 erheblich und macht kohlenstoffbeschichtetes Natrium-Vanadium-Phosphat besonders [&hellip;]<\/p>\n","protected":false},"featured_media":54721,"template":"","meta":{"_acf_changed":false},"product_brand":[],"product_cat":[926,925],"product_tag":[927],"class_list":{"0":"post-54765","1":"product","2":"type-product","3":"status-publish","4":"has-post-thumbnail","6":"product_cat-batterie-materialien","7":"product_cat-batterie-dotierstoffe","8":"product_tag-materialien-fur-batterien","10":"first","11":"instock","12":"shipping-taxable","13":"purchasable","14":"product-type-variable"},"acf":[],"_links":{"self":[{"href":"https:\/\/ulpmat.com\/de\/wp-json\/wp\/v2\/product\/54765","targetHints":{"allow":["GET"]}}],"collection":[{"href":"https:\/\/ulpmat.com\/de\/wp-json\/wp\/v2\/product"}],"about":[{"href":"https:\/\/ulpmat.com\/de\/wp-json\/wp\/v2\/types\/product"}],"wp:featuredmedia":[{"embeddable":true,"href":"https:\/\/ulpmat.com\/de\/wp-json\/wp\/v2\/media\/54721"}],"wp:attachment":[{"href":"https:\/\/ulpmat.com\/de\/wp-json\/wp\/v2\/media?parent=54765"}],"wp:term":[{"taxonomy":"product_brand","embeddable":true,"href":"https:\/\/ulpmat.com\/de\/wp-json\/wp\/v2\/product_brand?post=54765"},{"taxonomy":"product_cat","embeddable":true,"href":"https:\/\/ulpmat.com\/de\/wp-json\/wp\/v2\/product_cat?post=54765"},{"taxonomy":"product_tag","embeddable":true,"href":"https:\/\/ulpmat.com\/de\/wp-json\/wp\/v2\/product_tag?post=54765"}],"curies":[{"name":"wp","href":"https:\/\/api.w.org\/{rel}","templated":true}]}}