{"id":54675,"date":"2026-04-08T10:28:12","date_gmt":"2026-04-08T02:28:12","guid":{"rendered":"https:\/\/ulpmat.com\/product\/natriumtitanphosphat\/"},"modified":"2026-04-08T10:28:12","modified_gmt":"2026-04-08T02:28:12","slug":"natriumtitanphosphat","status":"publish","type":"product","link":"https:\/\/ulpmat.com\/de\/produkt\/natriumtitanphosphat\/","title":{"rendered":"Natriumtitanphosphat"},"content":{"rendered":"<h2><span style=\"font-size: 14pt;\">\u00dcbersicht \u00fcber Natrium-Titan-Phosphat-Pulver<\/span><\/h2>\n<p>Natrium-Titan-<\/p>\n<h2><span style=\"font-size: 14pt;\">Phosph<\/span><\/h2>\n<p>at ist ein wichtiges Elektrodenmaterial f\u00fcr w\u00e4ssrige Batteriesysteme, das sich durch eine stabile NASICON-artige Struktur, eine schnelle Natriumionentransportf\u00e4higkeit und eine ausgezeichnete Zyklenstabilit\u00e4t in w\u00e4ssrigen Elektrolyten auszeichnet. Es findet breite Anwendung in w\u00e4ssrigen Natrium-Ionen-Batterien, Hybrid-Ionen-Batterien und anderen sicheren, kosteng\u00fcnstigen Energiespeichersystemen.<\/p>\n<p>Wir bieten Natrium-Titan-Phosphat-Materialien mit verschiedenen Natrium-zu-Titan-Verh\u00e4ltnissen und Kristallstrukturen an und unterst\u00fctzen kundenspezifische Dienstleistungen hinsichtlich Partikelgr\u00f6\u00dfe, Morphologie, Sch\u00fcttdichte, Kohlenstoffbeschichtung und Leitf\u00e4higkeitsoptimierung, um unterschiedlichen Anforderungen im Batterieprozess gerecht zu werden. <span style=\"color: #0000ff;\"><a style=\"color: #0000ff;\" href=\"https:\/\/ulpmat.com\/de\/kontakt-us\/\">Kontaktieren Sie uns,<\/a><\/span><br \/>\num mehr \u00fcber unseren Anpassungsprozess zu erfahren.<\/p>\n<h2><span style=\"font-size: 14pt;\">Produkt-Highlights<\/span><\/h2>\n<ul>\n<li>Hervorragende strukturelle Stabilit\u00e4t<\/li>\n<li>Gute Ionenleitf\u00e4higkeit<\/li>\n<li>Einstellbare Zusammensetzung und Struktur<\/li>\n<li>Hohe Reinheit und einheitliche Partikelgr\u00f6\u00dfe<\/li>\n<li>Hohe Sicherheit und niedrige Kosten<\/li>\n<li>Anpassbare elektrochemische Eigenschaften<\/li>\n<\/ul>\n<h2><span style=\"font-size: 14pt;\">Anwendungen von <\/span><span style=\"font-size: 14pt;\">Natrium-Titan-Phosphat-Pulver<\/span><\/h2>\n<p><strong>Anodenmaterialien f\u00fcr w\u00e4ssrige Natrium-Ionen-Batterien:<\/strong><br \/>\nEinsatz als hochstabiles Anodenmaterial f\u00fcr w\u00e4ssrige Natrium-Ionen-Batterien mit langer Zyklenlebensdauer und hoher Ladegeschwindigkeit.<\/p>\n<p><strong>Hybrid-Kondensator- und Batteriesysteme:<\/strong><br \/>\nGeeignet f\u00fcr w\u00e4ssrige Natrium-Ionen-Kondensatoren und hybride Energiespeichersysteme, die sowohl hohe Leistung als auch hohe Zyklenbest\u00e4ndigkeit erfordern.<\/p>\n<p><strong>Gro\u00dftechnische Energiespeicherung:<\/strong><br \/>\nAnwendbar f\u00fcr Netzspeicher, die Integration erneuerbarer Energien und Notstromsysteme, bei denen Sicherheit und lange Lebensdauer entscheidend sind.<\/p>\n<h2><span style=\"color: #0000ff;\"><a style=\"color: #0000ff;\" href=\"https:\/\/ulpmat.com\/de\/unternehmen\/faqs\/\"><span style=\"font-size: 14pt;\">FAQs<\/span><\/a><\/span><\/h2>\n<p>F1: Was ist Natriumtitanphosphat?<br \/>\nA1: Natriumtitanphosphat ist ein anorganisches Material, das aus Natrium, Titan und Phosphor besteht und die chemische Formel NaTi\u2082(PO\u2084)\u2083 aufweist. Es zeichnet sich durch eine gute Natriumionenleitf\u00e4higkeit und strukturelle Stabilit\u00e4t aus und wird vor allem in w\u00e4ssrigen Natrium-Ionen-Batterien, Festk\u00f6rperelektrolyten und Ionenaustauschmaterialien verwendet.<\/p>\n<p>F2: Wof\u00fcr wird Natriumtitanphosphat verwendet?<br \/>\nA2: Es wird haupts\u00e4chlich in den Bereichen w\u00e4ssrige Natrium-Ionen-Batterieanoden, Festelektrolyte, Ionenaustausch, Wasseraufbereitung und Energiespeichermaterialien eingesetzt.<\/p>\n<p>F3: Wie w\u00e4hlt man Natriumtitanphosphat aus?<br \/>\nA3: Bei der Auswahl von Natriumtitanphosphat sollte das f\u00fcr die Batterie- oder Energiespeicherleistung am besten geeignete Modell auf der Grundlage der Anwendung, der Partikelgr\u00f6\u00dfe, der Reinheit und der Anforderungen an die Leitf\u00e4higkeitsmodifikation ausgew\u00e4hlt werden.<\/p>\n<h2><span style=\"font-size: 14pt;\">Berichte<\/span><\/h2>\n<p>Jede Charge enth\u00e4lt:<br \/>\n<span style=\"color: #0000ff;\"><a style=\"color: #0000ff;\" href=\"https:\/\/ulpmat.com\/de\/dokumente\/zertifikat-der-analyse\/\"><u>Analysezertifikat (COA)<\/u><\/a><\/span><\/p>\n<p><span style=\"color: #0000ff;\"><a style=\"color: #0000ff;\" href=\"https:\/\/ulpmat.com\/de\/dokumente\/technisches-datenblatt\/\"><u>Technisches Datenblatt (TDS)<\/u><\/a><\/span><\/p>\n<p><span style=\"color: #0000ff;\"><a style=\"color: #0000ff;\" href=\"https:\/\/ulpmat.com\/de\/dokumente\/sicherheitsdatenblatt\/\"><u>Sicherheitsdatenblatt (MSDS)<\/u><\/a><\/span><br \/>\nBericht zur Gr\u00f6\u00dfenpr\u00fcfung<br \/>\nPr\u00fcfberichte von unabh\u00e4ngigen Stellen sind auf Anfrage erh\u00e4ltlich.<\/p>\n<h2><span style=\"font-size: 14pt;\">Warum sollten Sie sich f\u00fcr uns entscheiden?<\/span><\/h2>\n<p>Unsere Natrium-Titan-Phosphat-Materialien wurden speziell f\u00fcr w\u00e4ssrige Batterieanwendungen entwickelt und bieten einen schnellen Natriumionentransport, hervorragende Zyklenstabilit\u00e4t und hohe Sicherheit. Wir unterst\u00fctzen kundenspezifische Anpassungen hinsichtlich Zusammensetzung, Partikelgr\u00f6\u00dfe, Kohlenstoffbeschichtung und Leitf\u00e4higkeitsoptimierung, um unterschiedlichen Prozessanforderungen gerecht zu werden. Mit hoher Reinheit, gleichbleibender Qualit\u00e4t, flexibler Produktion und zuverl\u00e4ssigem technischen Support helfen wir unseren Kunden bei der Entwicklung leistungsstarker und kosteneffizienter w\u00e4ssriger Batteriesysteme.<\/p>\n","protected":false},"excerpt":{"rendered":"<p>\u00dcbersicht \u00fcber Natrium-Titan-Phosphat-Pulver Natrium-Titan- Phosph at ist ein wichtiges Elektrodenmaterial f\u00fcr w\u00e4ssrige Batteriesysteme, das sich durch eine stabile NASICON-artige Struktur, eine schnelle Natriumionentransportf\u00e4higkeit und eine ausgezeichnete Zyklenstabilit\u00e4t in w\u00e4ssrigen Elektrolyten auszeichnet. Es findet breite Anwendung in w\u00e4ssrigen Natrium-Ionen-Batterien, Hybrid-Ionen-Batterien und anderen sicheren, kosteng\u00fcnstigen Energiespeichersystemen. Wir bieten Natrium-Titan-Phosphat-Materialien mit verschiedenen Natrium-zu-Titan-Verh\u00e4ltnissen und Kristallstrukturen an und unterst\u00fctzen [&hellip;]<\/p>\n","protected":false},"featured_media":54667,"template":"","meta":{"_acf_changed":false},"product_brand":[],"product_cat":[926,925],"product_tag":[927],"class_list":{"0":"post-54675","1":"product","2":"type-product","3":"status-publish","4":"has-post-thumbnail","6":"product_cat-batterie-materialien","7":"product_cat-batterie-dotierstoffe","8":"product_tag-materialien-fur-batterien","10":"first","11":"instock","12":"shipping-taxable","13":"purchasable","14":"product-type-variable"},"acf":[],"_links":{"self":[{"href":"https:\/\/ulpmat.com\/de\/wp-json\/wp\/v2\/product\/54675","targetHints":{"allow":["GET"]}}],"collection":[{"href":"https:\/\/ulpmat.com\/de\/wp-json\/wp\/v2\/product"}],"about":[{"href":"https:\/\/ulpmat.com\/de\/wp-json\/wp\/v2\/types\/product"}],"wp:featuredmedia":[{"embeddable":true,"href":"https:\/\/ulpmat.com\/de\/wp-json\/wp\/v2\/media\/54667"}],"wp:attachment":[{"href":"https:\/\/ulpmat.com\/de\/wp-json\/wp\/v2\/media?parent=54675"}],"wp:term":[{"taxonomy":"product_brand","embeddable":true,"href":"https:\/\/ulpmat.com\/de\/wp-json\/wp\/v2\/product_brand?post=54675"},{"taxonomy":"product_cat","embeddable":true,"href":"https:\/\/ulpmat.com\/de\/wp-json\/wp\/v2\/product_cat?post=54675"},{"taxonomy":"product_tag","embeddable":true,"href":"https:\/\/ulpmat.com\/de\/wp-json\/wp\/v2\/product_tag?post=54675"}],"curies":[{"name":"wp","href":"https:\/\/api.w.org\/{rel}","templated":true}]}}