{"id":54015,"date":"2025-12-29T16:47:19","date_gmt":"2025-12-29T08:47:19","guid":{"rendered":"https:\/\/ulpmat.com\/product\/kobaltborid\/"},"modified":"2025-12-29T16:47:19","modified_gmt":"2025-12-29T08:47:19","slug":"kobaltborid","status":"publish","type":"product","link":"https:\/\/ulpmat.com\/de\/produkt\/kobaltborid\/","title":{"rendered":"Kobaltborid"},"content":{"rendered":"<h2><span style=\"font-size: 14pt;\">\u00dcbersicht \u00fcber Sputtertargets aus Kobaltborid<\/span><\/h2>\n<p>Sputtertarg<\/p>\n<h2><span style=\"font-size: 14pt;\">ets<\/span><\/h2>\n<p><span style=\"color: #0000ff;\"><a style=\"color: #0000ff;\" href=\"https:\/\/ulpmat.com\/de\/search\/?type=name&#038;keyword=Cobalt+Boride\">aus Kobaltborid<\/a><\/span><br \/>\nsind hochleistungsf\u00e4hige Keramik-Targets f\u00fcr die physikalische Gasphasenabscheidung (PVD), die speziell f\u00fcr die Abscheidung von Kobaltborid-D\u00fcnnschichten entwickelt wurden, die sich durch hervorragende Verschlei\u00dffestigkeit, hohe H\u00e4rte und gute chemische Stabilit\u00e4t auszeichnen.<\/p>\n<p>Wir bieten hochwertige, hochreine Kobaltborid-Targets an, die eine Anpassung der Verbindung und Gr\u00f6\u00dfe erm\u00f6glichen. <span style=\"color: #0000ff;\"><a style=\"color: #0000ff;\" href=\"https:\/\/ulpmat.com\/de\/kontakt-us\/\">Kontaktieren Sie uns<\/a><\/span><br \/>\nf\u00fcr detaillierte technische Informationen und L\u00f6sungen.<\/p>\n<h2><span style=\"font-size: 14pt;\">Produkt-Highlights<\/span><\/h2>\n<p>Strenge Qualit\u00e4tskontrolle: Die pr\u00e4zise Kontrolle der chemischen Zusammensetzung und der Mikrostruktur gew\u00e4hrleistet eine stabile Filmleistung.<br \/>\n\u00dcberlegene Dichte: Fortschrittliche Sinterprozesse sorgen f\u00fcr eine hohe Dichte und geringe Porosit\u00e4t, wodurch die Sputter-Effizienz und die Filmqualit\u00e4t verbessert werden.<br \/>\nStabiles Sputtern: Die strenge Kontrolle des Gehalts an Boroxid mit niedrigem Schmelzpunkt unterdr\u00fcckt wirksam die Staubbildung und abnormale Entladungen w\u00e4hrend des Sputterns.<br \/>\nProfessionelle <span style=\"color: #0000ff;\"><a style=\"color: #0000ff;\" href=\"https:\/\/ulpmat.com\/de\/service\/ziel-bindung\/\">Verbindung<\/a><\/span><br \/>\n: Optimierte L\u00f6sungen f\u00fcr die Verbindung der R\u00fcckwand gew\u00e4hrleisten eine ausgezeichnete W\u00e4rmeleitf\u00e4higkeit und mechanische Stabilit\u00e4t und verl\u00e4ngern die Lebensdauer der Targets.<br \/>\nFlexible Anpassung: Unterst\u00fctzt die Forschung und Entwicklung sowie die Produktion von Targets mit nicht standardm\u00e4\u00dfigen Gr\u00f6\u00dfen, Formen und spezifischen Zusammensetzungsverh\u00e4ltnissen.<br \/>\nUmfassender Support: Wir bieten umfassende <span style=\"color: #0000ff;\"><a style=\"color: #0000ff;\" href=\"https:\/\/ulpmat.com\/de\/service\/service-nach-dem-verkauf\/\">technische Dienstleistungen<\/a><\/span><br \/>\nvor und <span style=\"color: #0000ff;\"><a style=\"color: #0000ff;\" href=\"https:\/\/ulpmat.com\/de\/service\/service-nach-dem-verkauf\/\">nach dem Verkauf<\/a><\/span><br \/>\n, von der Auswahl und Installationsberatung bis hin zur Prozessoptimierung.<\/p>\n<h2><span style=\"font-size: 14pt;\">Anwendungen von Kobaltborid-Sputter-Targets<\/span><\/h2>\n<p>Superharte, verschlei\u00dffeste Beschichtungen: Die abgeschiedenen Kobaltborid-Schichten weisen eine extrem hohe H\u00e4rte auf und eignen sich daher ideal f\u00fcr die Oberfl\u00e4chenverfestigung von Werkzeugen, Formen und kritischen mechanischen Komponenten, wodurch die Verschlei\u00dffestigkeit und Lebensdauer erheblich verbessert werden.<br \/>\nElektronische D\u00fcnnschichtmaterialien: Im Bereich der Mikroelektronik k\u00f6nnen sie zur Abscheidung spezieller Diffusionsbarriereschichten oder funktionaler D\u00fcnnschichten verwendet werden, um die strengen elektrischen und Stabilit\u00e4tsanforderungen bestimmter Ger\u00e4te zu erf\u00fcllen.<br \/>\nForschung und Entwicklung im Bereich Spitzentechnologie: Als hochleistungsf\u00e4higes Verbundbeschichtungsmaterial bietet es eine wichtige Quelle f\u00fcr die D\u00fcnnschichtabscheidung f\u00fcr die Grundlagenforschung und Anwendungsentwicklung in Bereichen wie neuen Materialien und neuen Energien.<\/p>\n<h2><span style=\"color: #0000ff;\"><a style=\"color: #0000ff;\" href=\"https:\/\/ulpmat.com\/de\/unternehmen\/faqs\/\"><span style=\"font-size: 14pt;\">H\u00e4ufig gestellte Fragen<\/span><\/a><\/span><\/h2>\n<p>F1: Warum muss der Boroxidgehalt beim Sputtern von Kobaltborid speziell kontrolliert werden?<br \/>\nA1: \u00dcbersch\u00fcssiges freies Boroxid kann w\u00e4hrend der Sputterheizung schmelzen und zu Staubpartikeln und abnormalen Lichtb\u00f6gen f\u00fchren. Eine strenge Kontrolle seines Gehalts ist entscheidend f\u00fcr die Erzielung sauberer und gleichm\u00e4\u00dfiger D\u00fcnnschichten.<\/p>\n<p>F2: In welchen Industriebereichen wird dieses Target typischerweise verwendet?<br \/>\nA2: Es wird haupts\u00e4chlich in Bereichen mit extrem hohen Anforderungen an Oberfl\u00e4chenh\u00e4rte und Verschlei\u00dffestigkeit verwendet, z. B. bei Schutzbeschichtungen f\u00fcr hochwertige Schneidwerkzeuge und Pr\u00e4zisionsformen. Es wird auch bei der Herstellung bestimmter spezieller Funktionsschichten verwendet.<\/p>\n<p>F3: Wie stellen Sie die Konsistenz der Leistung zwischen verschiedenen Chargen von Target-Materialien sicher?<br \/>\nA3: Wir wenden strenge Standards an, von der Reinheit der Rohstoffe \u00fcber den Herstellungsprozess bis hin zur Endpr\u00fcfung. Wir f\u00fchren eine chargenweise \u00dcberwachung wichtiger Indikatoren wie Zusammensetzung, Dichte und Korngr\u00f6\u00dfe durch, um eine stabile und zuverl\u00e4ssige Leistung zu gew\u00e4hrleisten.<\/p>\n<p>F4: K\u00f6nnen Sie Target-Materialien f\u00fcr unsere neuen Anlagen oder speziellen Anwendungen individuell anpassen?<br \/>\nA4: Ja. Wir bieten umfassende Anpassungsdienstleistungen und passen Target-Materialien in verschiedenen Formen, Gr\u00f6\u00dfen und Zusammensetzungsverh\u00e4ltnissen an die Anforderungen Ihres Anlagenhohlraumdesigns und Beschichtungsprozesses an.<\/p>\n<h2><span style=\"font-size: 14pt;\">Berichte<\/span><\/h2>\n<p>Jede Charge wird mit folgenden Dokumenten geliefert:<br \/>\n<span style=\"color: #0000ff;\"><a style=\"color: #0000ff;\" href=\"https:\/\/ulpmat.com\/de\/dokumente\/zertifikat-der-analyse\/\">Analysezertifikat (COA)<\/a><\/span><\/p>\n<p><span style=\"color: #0000ff;\"><a style=\"color: #0000ff;\" href=\"https:\/\/ulpmat.com\/de\/dokumente\/technisches-datenblatt\/\">Technisches Datenblatt (TDS)<\/a><\/span><\/p>\n<p><span style=\"color: #0000ff;\"><a style=\"color: #0000ff;\" href=\"https:\/\/ulpmat.com\/de\/dokumente\/sicherheitsdatenblatt\/\">Sicherheitsdatenblatt (MSDS)<\/a><\/span><br \/>\nGr\u00f6\u00dfenpr\u00fcfbericht<br \/>\nPr\u00fcfberichte von Drittanbietern sind auf Anfrage erh\u00e4ltlich.<\/p>\n<h2><span style=\"font-size: 14pt;\">Warum sollten Sie sich f\u00fcr uns entscheiden?<\/span><\/h2>\n<p>Wir verf\u00fcgen \u00fcber fundierte Fachkenntnisse auf dem Gebiet der hochleistungsf\u00e4higen Sputtertargets und besitzen ein tiefgreifendes Verst\u00e4ndnis der zentralen technologischen Herausforderungen und Anwendungsanforderungen von Kobaltborid-Materialien. Wir bieten nicht nur Produkte, die hohen Industriestandards entsprechen, sondern widmen uns auch der L\u00f6sung Ihrer praktischen Probleme bei Beschichtungsprozessen durch professionelles Materialdesign und Prozesskontrolle. Wenn Sie sich f\u00fcr uns entscheiden, w\u00e4hlen Sie einen zuverl\u00e4ssigen Partner, der auf technologischer Innovation basiert und sich auf den Erfolg Ihres Prozesses konzentriert.<\/p>\n","protected":false},"excerpt":{"rendered":"<p>\u00dcbersicht \u00fcber Sputtertargets aus Kobaltborid Sputtertarg ets aus Kobaltborid sind hochleistungsf\u00e4hige Keramik-Targets f\u00fcr die physikalische Gasphasenabscheidung (PVD), die speziell f\u00fcr die Abscheidung von Kobaltborid-D\u00fcnnschichten entwickelt wurden, die sich durch hervorragende Verschlei\u00dffestigkeit, hohe H\u00e4rte und gute chemische Stabilit\u00e4t auszeichnen. Wir bieten hochwertige, hochreine Kobaltborid-Targets an, die eine Anpassung der Verbindung und Gr\u00f6\u00dfe erm\u00f6glichen. Kontaktieren Sie uns [&hellip;]<\/p>\n","protected":false},"featured_media":54016,"template":"","meta":{"_acf_changed":false},"product_brand":[132],"product_cat":[451],"product_tag":[8288,383],"class_list":{"0":"post-54015","1":"product","2":"type-product","3":"status-publish","4":"has-post-thumbnail","6":"product_brand-ulpmat","7":"product_cat-keramisches-sputtering-target","8":"product_tag-kobalt-borid-sputtering-target","9":"product_tag-sputtertarget","11":"first","12":"instock","13":"shipping-taxable","14":"product-type-variable"},"acf":[],"_links":{"self":[{"href":"https:\/\/ulpmat.com\/de\/wp-json\/wp\/v2\/product\/54015","targetHints":{"allow":["GET"]}}],"collection":[{"href":"https:\/\/ulpmat.com\/de\/wp-json\/wp\/v2\/product"}],"about":[{"href":"https:\/\/ulpmat.com\/de\/wp-json\/wp\/v2\/types\/product"}],"wp:featuredmedia":[{"embeddable":true,"href":"https:\/\/ulpmat.com\/de\/wp-json\/wp\/v2\/media\/54016"}],"wp:attachment":[{"href":"https:\/\/ulpmat.com\/de\/wp-json\/wp\/v2\/media?parent=54015"}],"wp:term":[{"taxonomy":"product_brand","embeddable":true,"href":"https:\/\/ulpmat.com\/de\/wp-json\/wp\/v2\/product_brand?post=54015"},{"taxonomy":"product_cat","embeddable":true,"href":"https:\/\/ulpmat.com\/de\/wp-json\/wp\/v2\/product_cat?post=54015"},{"taxonomy":"product_tag","embeddable":true,"href":"https:\/\/ulpmat.com\/de\/wp-json\/wp\/v2\/product_tag?post=54015"}],"curies":[{"name":"wp","href":"https:\/\/api.w.org\/{rel}","templated":true}]}}