{"id":53978,"date":"2025-12-29T16:47:20","date_gmt":"2025-12-29T08:47:20","guid":{"rendered":"https:\/\/ulpmat.com\/product\/kobalt-aluminat-kobalt-aluminium-oxid\/"},"modified":"2025-12-29T16:47:20","modified_gmt":"2025-12-29T08:47:20","slug":"kobalt-aluminat-kobalt-aluminium-oxid","status":"publish","type":"product","link":"https:\/\/ulpmat.com\/de\/produkt\/kobalt-aluminat-kobalt-aluminium-oxid\/","title":{"rendered":"Kobalt-Aluminat (Kobalt-Aluminium-Oxid)"},"content":{"rendered":"<h2><span style=\"font-size: 14pt;\">\u00dcbersicht \u00fcber Kobaltaluminat-Sputter-Targets<\/span><\/h2>\n<p><span style=\"color: #0000ff;\"><a style=\"color: #0000ff;\" href=\"https:\/\/ulpmat.com\/de\/search\/?type=name&#038;keyword=Cobalt+Aluminate\">Kobaltaluminat<\/a><\/span><br \/>\n-Sputter-Targets sind hochleistungsf\u00e4hige Keramik-Targets, die bei der physikalischen Gasphasenabscheidung (PVD) verwendet werden, vor allem zur Herstellung von D\u00fcnnschichten mit ausgezeichneter thermischer Stabilit\u00e4t, Korrosionsbest\u00e4ndigkeit und spezifischen optischen Eigenschaften.<\/p>\n<p>Wir bieten hochreine Kobaltaluminat-Sputter-Targets mit hoher Dichte an, die in verschiedenen Spezifikationen und Bindungsmethoden individuell angepasst werden k\u00f6nnen. Bitte <span style=\"color: #0000ff;\"><a style=\"color: #0000ff;\" href=\"https:\/\/ulpmat.com\/de\/kontakt-us\/\">kontaktieren Sie uns<\/a><\/span><br \/>\nf\u00fcr detaillierte technische Parameter und ein individuelles Angebot.<\/p>\n<h2><span style=\"font-size: 14pt;\">Produkt-Highlights<\/span><\/h2>\n<p>Hervorragende chemische Stabilit\u00e4t<br \/>\n\u00dcberlegene thermische Eigenschaften<br \/>\nHohe Reinheit und hohe Dichte<br \/>\nKontrollierbare Kristallstruktur<br \/>\nProfessionelle Verbindung und Verarbeitung<br \/>\nZuverl\u00e4ssiger <span style=\"color: #0000ff;\"><a style=\"color: #0000ff;\" href=\"https:\/\/ulpmat.com\/de\/service\/technische-unterstuetzung\/\">technischer Support<\/a><\/span><\/p>\n<h2><span style=\"font-size: 14pt;\">Anwendungen von Kobaltaluminat-Sputter-Targets<\/span><\/h2>\n<p>W\u00e4rmed\u00e4mm- und Schutzbeschichtungen: Die abgeschiedenen Kobaltaluminat-Schichten werden in Hochtemperaturkomponenten wie Triebwerksschaufeln verwendet und isolieren W\u00e4rme effektiv und widerstehen Oxidation und thermischer Korrosion.<br \/>\n<span style=\"color: #0000ff;\"><a style=\"color: #0000ff;\" href=\"https:\/\/ulpmat.com\/de\/anwendung\/materialien-fuer-die-optik\/\">Optische<\/a><\/span><br \/>\nund dekorative D\u00fcnnschichten: Aufgrund ihrer stabilen blauen F\u00e4rbung und Haltbarkeit werden sie h\u00e4ufig zur Herstellung von hochwertigen optischen Filtern, witterungsbest\u00e4ndigen Dekorbeschichtungen und Kunstglasbeschichtungen verwendet.<br \/>\n<span style=\"color: #0000ff;\"><a style=\"color: #0000ff;\" href=\"https:\/\/ulpmat.com\/de\/anwendung\/halbleiter-materialien\/\">Halbleiter<\/a><\/span><br \/>\nund funktionelle D\u00fcnnschichten: Im Bereich der Mikroelektronik kann es als spezielle dielektrische Schicht, Passivierungsschicht oder als Materialquelle f\u00fcr die Herstellung neuartiger magnetischer und katalytischer funktioneller D\u00fcnnschichten dienen.<\/p>\n<h2><span style=\"color: #0000ff;\"><a style=\"color: #0000ff;\" href=\"https:\/\/ulpmat.com\/de\/unternehmen\/faqs\/\"><span style=\"font-size: 14pt;\">H\u00e4ufig gestellte Fragen<\/span><\/a><\/span><\/h2>\n<p>F1: Wie ist die Temperaturbest\u00e4ndigkeit von Kobalt-Aluminium-Spinell-Targets?<br \/>\nA1: Ausgezeichnet. Ihre Spinellstruktur ist bei hohen Temperaturen extrem stabil, wodurch sie sich f\u00fcr die Herstellung von D\u00fcnnschichten eignet, die einer langfristigen Einwirkung von Hochtemperaturumgebungen ausgesetzt sind.<\/p>\n<p>F2: Welche Farbe hat die mit diesem Target abgeschiedene Schicht?<br \/>\nA2: Er weist in der Regel eine stabile, leuchtend blaue Farbe auf. Der spezifische Farbton kann durch Anpassung der Sputterprozessparameter fein abgestimmt werden.<\/p>\n<p>F3: Was ist der Unterschied zu Aluminiumoxid-Targets?<br \/>\nA3: Der Hauptunterschied liegt in der Zusammensetzung und den Eigenschaften. Kobaltaluminat enth\u00e4lt Kobalt, das dem Material bei gleichbleibend hoher Stabilit\u00e4t eine einzigartige blaue Farbe und potenzielle funktionelle Eigenschaften verleiht.<\/p>\n<p>F4: Werden Sonderanfertigungen f\u00fcr nicht standardm\u00e4\u00dfige Gr\u00f6\u00dfen angeboten?<br \/>\nA4: Ja. Wir k\u00f6nnen Targets in verschiedenen Formen, Gr\u00f6\u00dfen und St\u00e4rken entsprechend den Anforderungen Ihrer Beschichtungsanlage und Ihres Prozesses anpassen.<\/p>\n<h2><span style=\"font-size: 14pt;\">Berichte<\/span><\/h2>\n<p>Jede Charge wird mit folgenden Dokumenten geliefert:<br \/>\n<span style=\"color: #0000ff;\"><a style=\"color: #0000ff;\" href=\"https:\/\/ulpmat.com\/de\/dokumente\/zertifikat-der-analyse\/\">Analysezertifikat (COA)<\/a><\/span><\/p>\n<p><span style=\"color: #0000ff;\"><a style=\"color: #0000ff;\" href=\"https:\/\/ulpmat.com\/de\/dokumente\/technisches-datenblatt\/\">Technisches Datenblatt (TDS)<\/a><\/span><\/p>\n<p><span style=\"color: #0000ff;\"><a style=\"color: #0000ff;\" href=\"https:\/\/ulpmat.com\/de\/dokumente\/sicherheitsdatenblatt\/\">Sicherheitsdatenblatt (MSDS)<\/a><\/span><br \/>\nGr\u00f6\u00dfenpr\u00fcfbericht<br \/>\nPr\u00fcfberichte von Drittanbietern sind auf Anfrage erh\u00e4ltlich<\/p>\n<h2><span style=\"font-size: 14pt;\">. Warum sollten Sie sich f\u00fcr uns entscheiden?<\/span><\/h2>\n<p>Wir verf\u00fcgen \u00fcber fundiertes Fachwissen im Bereich fortschrittlicher keramischer Sputtertargets und ein tiefgreifendes Verst\u00e4ndnis f\u00fcr die Herausforderungen bei der Synthese und Anwendung von Kobaltaluminat-Materialien. Wenn Sie sich f\u00fcr uns entscheiden, w\u00e4hlen Sie einen zuverl\u00e4ssigen Partner, der \u00fcber umfangreiches Fachwissen verf\u00fcgt und sich gemeinsam mit seinen Kunden der L\u00f6sung modernster Herausforderungen im Bereich der Beschichtungstechnologie verschrieben hat.<\/p>\n","protected":false},"excerpt":{"rendered":"<p>\u00dcbersicht \u00fcber Kobaltaluminat-Sputter-Targets Kobaltaluminat -Sputter-Targets sind hochleistungsf\u00e4hige Keramik-Targets, die bei der physikalischen Gasphasenabscheidung (PVD) verwendet werden, vor allem zur Herstellung von D\u00fcnnschichten mit ausgezeichneter thermischer Stabilit\u00e4t, Korrosionsbest\u00e4ndigkeit und spezifischen optischen Eigenschaften. Wir bieten hochreine Kobaltaluminat-Sputter-Targets mit hoher Dichte an, die in verschiedenen Spezifikationen und Bindungsmethoden individuell angepasst werden k\u00f6nnen. Bitte kontaktieren Sie uns f\u00fcr detaillierte [&hellip;]<\/p>\n","protected":false},"featured_media":53979,"template":"","meta":{"_acf_changed":false},"product_brand":[132],"product_cat":[451],"product_tag":[8276,383],"class_list":{"0":"post-53978","1":"product","2":"type-product","3":"status-publish","4":"has-post-thumbnail","6":"product_brand-ulpmat","7":"product_cat-keramisches-sputtering-target","8":"product_tag-kobalt-aluminat-kobalt-aluminium-oxid-sputtering-target","9":"product_tag-sputtertarget","11":"first","12":"instock","13":"shipping-taxable","14":"product-type-variable"},"acf":[],"_links":{"self":[{"href":"https:\/\/ulpmat.com\/de\/wp-json\/wp\/v2\/product\/53978","targetHints":{"allow":["GET"]}}],"collection":[{"href":"https:\/\/ulpmat.com\/de\/wp-json\/wp\/v2\/product"}],"about":[{"href":"https:\/\/ulpmat.com\/de\/wp-json\/wp\/v2\/types\/product"}],"wp:featuredmedia":[{"embeddable":true,"href":"https:\/\/ulpmat.com\/de\/wp-json\/wp\/v2\/media\/53979"}],"wp:attachment":[{"href":"https:\/\/ulpmat.com\/de\/wp-json\/wp\/v2\/media?parent=53978"}],"wp:term":[{"taxonomy":"product_brand","embeddable":true,"href":"https:\/\/ulpmat.com\/de\/wp-json\/wp\/v2\/product_brand?post=53978"},{"taxonomy":"product_cat","embeddable":true,"href":"https:\/\/ulpmat.com\/de\/wp-json\/wp\/v2\/product_cat?post=53978"},{"taxonomy":"product_tag","embeddable":true,"href":"https:\/\/ulpmat.com\/de\/wp-json\/wp\/v2\/product_tag?post=53978"}],"curies":[{"name":"wp","href":"https:\/\/api.w.org\/{rel}","templated":true}]}}