{"id":53693,"date":"2026-01-05T10:36:56","date_gmt":"2026-01-05T02:36:56","guid":{"rendered":"https:\/\/ulpmat.com\/product\/eisenmetall-4\/"},"modified":"2026-01-05T10:36:56","modified_gmt":"2026-01-05T02:36:56","slug":"eisenmetall-4","status":"publish","type":"product","link":"https:\/\/ulpmat.com\/de\/produkt\/eisenmetall-4\/","title":{"rendered":"Eisenmetall"},"content":{"rendered":"<h2><span style=\"font-size: 14pt;\">Eisenmetallgranulat \u00dcbersicht<\/span><\/h2>\n<p><span style=\"color: #0000ff;\"><a style=\"color: #0000ff;\" href=\"https:\/\/ulpmat.com\/de\/search\/?type=name&#038;keyword=Iron+metal\">Eisenmetall<\/a><\/span><br \/>\ngran<br \/>\n<span style=\"color: #0000ff;\"><a style=\"color: #0000ff;\" href=\"https:\/\/ulpmat.com\/de\/search\/?type=name&#038;keyword=Iron+metal\">ulat<\/a><\/span><br \/>\nzeichnet sich durch hohe Reinheit und gleichm\u00e4\u00dfige Partikelgr\u00f6\u00dfe aus und wird h\u00e4ufig in Batteriematerialien, elektromagnetischen Abschirmungen, Metallbeschichtungen und Katalysatoren verwendet. Es eignet sich f\u00fcr verschiedene industrielle und wissenschaftliche Anwendungen.<\/p>\n<p>Wir bieten hochwertiges Eisenmetallgranulat, das den Industriestandards entspricht und vielf\u00e4ltige Kundenanforderungen erf\u00fcllt. Bei Fragen zu unseren Produkten k\u00f6nnen Sie <span style=\"color: #0000ff;\"><a style=\"color: #0000ff;\" href=\"https:\/\/ulpmat.com\/de\/kontakt-us\/\">sich<\/a><\/span><br \/>\ngerne <span style=\"color: #0000ff;\"><a style=\"color: #0000ff;\" href=\"https:\/\/ulpmat.com\/de\/kontakt-us\/\">an uns wenden<\/a><\/span><br \/>\n.<\/p>\n<h2><span style=\"font-size: 14pt;\">Produkt-Highlights<\/span><\/h2>\n<p>Hohe Reinheit<br \/>\nGleichm\u00e4\u00dfige Partikelgr\u00f6\u00dfe<br \/>\nGute elektrische Leitf\u00e4higkeit<br \/>\nAusgezeichnete Korrosionsbest\u00e4ndigkeit Anpassungsservice verf\u00fcgbar<\/p>\n<h2><span style=\"font-size: 14pt;\">Anwendungen von Eisenmetallgranulat<\/span><\/h2>\n<p><span style=\"color: #0000ff;\"><a style=\"color: #0000ff;\" href=\"https:\/\/ulpmat.com\/de\/anwendung\/batterie-materialien\/\">Batter<\/a><\/span><br \/>\niematerialien: Weit verbreitet als Negativelektrodenmaterial in Lithiumbatterien zur Verbesserung der Lade- und Entladeeffizienz.<br \/>\nElektromagnetische Abschirmung: Wird zum Schutz vor elektromagnetischen Wellen verwendet und verbessert die Stabilit\u00e4t und St\u00f6rfestigkeit von Ger\u00e4ten.<br \/>\nMetallbeschichtungen: Kann in Beschichtungsprozessen verwendet werden, um die H\u00e4rte und Verschlei\u00dffestigkeit der Beschichtung zu verbessern.<br \/>\nKatalysatoren: Eisengranulat kann als Katalysator dienen und die Reaktionsgeschwindigkeit und Selektivit\u00e4t bei chemischen Reaktionen erh\u00f6hen.<\/p>\n<h2><span style=\"color: #0000ff;\"><a style=\"color: #0000ff;\" href=\"https:\/\/ulpmat.com\/de\/unternehmen\/faqs\/\"><span style=\"font-size: 14pt;\">H\u00e4ufig gestellte Fragen<\/span><\/a><\/span><\/h2>\n<p>F1: Was sind die Anwendungsbereiche?<br \/>\nA1: Es wird h\u00e4ufig in Batteriematerialien, elektromagnetischen Abschirmungen, Metallbeschichtungen und Katalysatoren verwendet und erf\u00fcllt verschiedene industrielle Anforderungen.<\/p>\n<p>F2: Wie hoch ist die Reinheit unserer Eisengranulate?<br \/>\nA2: Unsere Eisengranulate haben eine Reinheit von \u00fcber 99,99 %, was eine hohe Produktleistung gew\u00e4hrleistet.<\/p>\n<p>F3: Wie sollten wir es lagern?<br \/>\nA3: Um die Qualit\u00e4t der Eisengranulate zu erhalten, empfehlen wir, sie in einer trockenen, gut bel\u00fcfteten Umgebung zu lagern und Feuchtigkeit und hohe Temperaturen zu vermeiden.<\/p>\n<p>F4: Bieten Sie einen ma\u00dfgeschneiderten Service an?<br \/>\nA4: Ja, wir bieten ma\u00dfgeschneiderte Dienstleistungen an und k\u00f6nnen die Partikelgr\u00f6\u00dfe und Reinheit an die spezifischen Kundenanforderungen anpassen.<\/p>\n<h2><span style=\"font-size: 14pt;\">Berichte<\/span><\/h2>\n<p>Jede Charge wird mit folgenden Unterlagen geliefert:<br \/>\n<span style=\"color: #0000ff;\"><a style=\"color: #0000ff;\" href=\"https:\/\/ulpmat.com\/de\/dokumente\/zertifikat-der-analyse\/\">Analysezertifikat (COA)<\/a><\/span><\/p>\n<p><span style=\"color: #0000ff;\"><a style=\"color: #0000ff;\" href=\"https:\/\/ulpmat.com\/de\/dokumente\/technisches-datenblatt\/\">Technisches Datenblatt (TDS)<\/a><\/span><\/p>\n<p><span style=\"color: #0000ff;\"><a style=\"color: #0000ff;\" href=\"https:\/\/ulpmat.com\/de\/dokumente\/sicherheitsdatenblatt\/\">Sicherheitsdatenblatt (MSDS)<\/a><\/span><br \/>\nTestberichte von Drittanbietern sind auf Anfrage erh\u00e4ltlich<\/p>\n<h2><span style=\"font-size: 14pt;\">. Warum sollten Sie sich f\u00fcr uns entscheiden?<\/span><\/h2>\n<p>Wenn Sie sich f\u00fcr uns entscheiden, erhalten Sie hochwertiges Eisengranulat, strenge Qualit\u00e4tskontrollen und professionellen Kundendienst. Wir sind bestrebt, unseren Kunden Produkte und L\u00f6sungen von h\u00f6chster Qualit\u00e4t zu bieten und sicherzustellen, dass Ihre Anforderungen erf\u00fcllt werden.<\/p>\n","protected":false},"excerpt":{"rendered":"<p>Eisenmetallgranulat \u00dcbersicht Eisenmetall gran ulat zeichnet sich durch hohe Reinheit und gleichm\u00e4\u00dfige Partikelgr\u00f6\u00dfe aus und wird h\u00e4ufig in Batteriematerialien, elektromagnetischen Abschirmungen, Metallbeschichtungen und Katalysatoren verwendet. Es eignet sich f\u00fcr verschiedene industrielle und wissenschaftliche Anwendungen. Wir bieten hochwertiges Eisenmetallgranulat, das den Industriestandards entspricht und vielf\u00e4ltige Kundenanforderungen erf\u00fcllt. Bei Fragen zu unseren Produkten k\u00f6nnen Sie sich gerne [&hellip;]<\/p>\n","protected":false},"featured_media":53694,"template":"","meta":{"_acf_changed":false},"product_brand":[132],"product_cat":[299],"product_tag":[8186],"class_list":{"0":"post-53693","1":"product","2":"type-product","3":"status-publish","4":"has-post-thumbnail","6":"product_brand-ulpmat","7":"product_cat-verdampfen-von-materialien","8":"product_tag-eisenmetall-granulat","10":"first","11":"instock","12":"shipping-taxable","13":"product-type-variable"},"acf":[],"_links":{"self":[{"href":"https:\/\/ulpmat.com\/de\/wp-json\/wp\/v2\/product\/53693","targetHints":{"allow":["GET"]}}],"collection":[{"href":"https:\/\/ulpmat.com\/de\/wp-json\/wp\/v2\/product"}],"about":[{"href":"https:\/\/ulpmat.com\/de\/wp-json\/wp\/v2\/types\/product"}],"wp:featuredmedia":[{"embeddable":true,"href":"https:\/\/ulpmat.com\/de\/wp-json\/wp\/v2\/media\/53694"}],"wp:attachment":[{"href":"https:\/\/ulpmat.com\/de\/wp-json\/wp\/v2\/media?parent=53693"}],"wp:term":[{"taxonomy":"product_brand","embeddable":true,"href":"https:\/\/ulpmat.com\/de\/wp-json\/wp\/v2\/product_brand?post=53693"},{"taxonomy":"product_cat","embeddable":true,"href":"https:\/\/ulpmat.com\/de\/wp-json\/wp\/v2\/product_cat?post=53693"},{"taxonomy":"product_tag","embeddable":true,"href":"https:\/\/ulpmat.com\/de\/wp-json\/wp\/v2\/product_tag?post=53693"}],"curies":[{"name":"wp","href":"https:\/\/api.w.org\/{rel}","templated":true}]}}