{"id":53539,"date":"2026-01-05T10:36:58","date_gmt":"2026-01-05T02:36:58","guid":{"rendered":"https:\/\/ulpmat.com\/product\/eisenmetall\/"},"modified":"2026-01-05T10:36:58","modified_gmt":"2026-01-05T02:36:58","slug":"eisenmetall","status":"publish","type":"product","link":"https:\/\/ulpmat.com\/de\/produkt\/eisenmetall\/","title":{"rendered":"Eisenmetall"},"content":{"rendered":"<h2><span style=\"font-size: 14pt;\">Eisenmetall-Sputtertarget Produkt\u00fcbersicht<\/span><\/h2>\n<p><a href=\"https:\/\/ulpmat.com\/de\/search\/?type=name&#038;keyword=Iron+metal\"><span style=\"color: #0000ff;\">Eisen<\/span><\/a><br \/>\n-Sputtertargets dienen als wichtiges Grundmaterial f\u00fcr die Herstellung funktionaler D\u00fcnnschichten durch physikalische Gasphasenabscheidung (PVD) wie beispielsweise Magnetron-Sputtern. Ihre Hauptvorteile liegen in der au\u00dfergew\u00f6hnlich hohen Metallreinheit und den hervorragenden ferromagnetischen Eigenschaften. Diese Targets werden vor allem in der Halbleiterfertigung, bei Display-Panels, in der Datenspeicherung und in der wissenschaftlichen Forschung eingesetzt, um nanoskalige D\u00fcnnschichten mit hervorragender Leitf\u00e4higkeit, Magnetismus und Stabilit\u00e4t aufzubringen.<\/p>\n<p>Wir bieten verschiedene hochreine <span style=\"color: #0000ff;\"><a style=\"color: #0000ff;\" href=\"https:\/\/ulpmat.com\/de\/search\/?type=name&#038;keyword=iron\">Eisenmetall<\/a><\/span><br \/>\n-Target-Materialien in runder, rechteckiger und anderen Spezifikationen an. Professionelle Bonding-Dienstleistungen mit sauerstofffreien Kupfer-Tr\u00e4gerplatten sind verf\u00fcgbar, um die W\u00e4rmeableitung zu optimieren und die Sputterstabilit\u00e4t zu verbessern. Dar\u00fcber hinaus unterst\u00fctzen wir eine umfassende Anpassung von Abmessungen, Reinheit, Formen und sogar Legierungszusammensetzungen, um Ihren spezifischen Anforderungen an die Ausr\u00fcstungskammer und den Prozess gerecht zu werden. Bei Fragen k\u00f6nnen Sie <span style=\"color: #0000ff;\"><a style=\"color: #0000ff;\" href=\"https:\/\/ulpmat.com\/de\/kontakt-us\/\">sich<\/a><\/span><br \/>\njederzeit <span style=\"color: #0000ff;\"><a style=\"color: #0000ff;\" href=\"https:\/\/ulpmat.com\/de\/kontakt-us\/\">an uns wenden<\/a><\/span><br \/>\n.<\/p>\n<h2><span style=\"font-size: 14pt;\">Produkt-Highlights<\/span><\/h2>\n<p>Ultrahohe Reinheit<br \/>\nHohe Dichte<br \/>\nHervorragende magnetische Eigenschaften<br \/>\nProfessioneller Bonding-Prozess<\/p>\n<h2><span style=\"font-size: 14pt;\">Anwendungen von Eisen-Sputter-Targets<\/span><\/h2>\n<p><span style=\"color: #0000ff;\"><a style=\"color: #0000ff;\" href=\"https:\/\/ulpmat.com\/de\/anwendung\/halbleiter-materialien\/\">Halbleiter<\/a><\/span><br \/>\nund Mikroelektronik: Verwendung f\u00fcr die Abscheidung von Elektroden, Verbindungen und Barriereschichten bei der Herstellung integrierter Schaltkreise, um den Anforderungen der Miniaturisierung und hohen Leistung von Ger\u00e4ten gerecht zu werden.<br \/>\nFlachbildschirmtechnologie: Einsatz in der LCD-, OLED- und anderen Display-Produktion zur Herstellung pr\u00e4ziser leitf\u00e4higer Schaltungen und kritischer Schichten in D\u00fcnnschichttransistoren (TFTs).<br \/>\nDatenspeicher und magnetische Ger\u00e4te: Dient als Kernmaterial f\u00fcr die Herstellung magnetischer Aufzeichnungsmedien auf Festplattenplatten, verschiedenen Magnetk\u00f6pfen und hochempfindlichen Magnetsensoren.<br \/>\nPionierforschung und optische Beschichtung: Bietet hochreine Materialien f\u00fcr die Entwicklung neuer Materialien (z. B. spintronische Bauelemente) an Universit\u00e4ten und Forschungsinstituten sowie funktionelle Beschichtungen f\u00fcr optische Komponenten.<\/p>\n<h2><span style=\"color: #0000ff;\"><a style=\"color: #0000ff;\" href=\"https:\/\/ulpmat.com\/de\/unternehmen\/faqs\/\"><span style=\"font-size: 14pt;\">H\u00e4ufig gestellte Fragen<\/span><\/a><\/span><\/h2>\n<p>F1: Wie wird die Reinheit von Eisentargets gemessen? Welche Elemente werden haupts\u00e4chlich auf Verunreinigungen kontrolliert?<br \/>\nA1: Die Reinheit wird in der Regel in Prozent angegeben. Wir testen und kontrollieren wichtige Verunreinigungen \u2013 darunter Alkalimetalle, Schwermetalle und gasf\u00f6rmige Elemente (Sauerstoff, Stickstoff) \u2013 streng mit Pr\u00e4zisionsmethoden wie der Glimmentladungs-Massenspektrometrie (GD-MS), um die Einhaltung hochwertiger Anwendungsstandards sicherzustellen.<\/p>\n<p>F2: Ist Eisen ein stark magnetisches Material?<br \/>\nA2: Ja. Der starke Magnetismus von Eisentargets kann Magnetfelder abschirmen und m\u00f6glicherweise die Stabilit\u00e4t des Sputterplasmas beeintr\u00e4chtigen.<\/p>\n<p>F3: Warum m\u00fcssen einige Eisentargets mit einer Tr\u00e4gerplatte (z. B. Kupfer) verbunden werden?<br \/>\nA3: Die Verbindung mit einer Tr\u00e4gerplatte mit hoher W\u00e4rmeleitf\u00e4higkeit ist von entscheidender Bedeutung. Sie leitet die beim Sputtern entstehende W\u00e4rme schnell ab und verhindert so Risse oder Verformungen des Targets durch lokale \u00dcberhitzung. Dies verbessert die Targetausnutzung und die Betriebssicherheit erheblich, insbesondere bei Hochleistungs-Sputterprozessen.<\/p>\n<p>F4: K\u00f6nnen Targets auf Eisenbasis mit nicht standardm\u00e4\u00dfigen Abmessungen oder speziellen Legierungszusammensetzungen individuell angepasst werden?<br \/>\nA4: Selbstverst\u00e4ndlich. Wir verf\u00fcgen \u00fcber umfassende Prozesskapazit\u00e4ten, von der Verh\u00fcttung und Schmiedung bis hin zur Pr\u00e4zisionsbearbeitung, sodass wir Targets jeder Gr\u00f6\u00dfe und Form auf der Grundlage Ihrer bereitgestellten Zeichnungen individuell anpassen k\u00f6nnen.<\/p>\n<h2><span style=\"font-size: 14pt;\">Berichte<\/span><\/h2>\n<p>Jede Charge wird mit folgenden<br \/>\n<span style=\"color: #0000ff;\"><a style=\"color: #0000ff;\" href=\"https:\/\/ulpmat.com\/de\/dokumente\/zertifikat-der-analyse\/\">Unterlagen<\/a><\/span><br \/>\ngeliefert:<br \/>\n<span style=\"color: #0000ff;\"><a style=\"color: #0000ff;\" href=\"https:\/\/ulpmat.com\/de\/dokumente\/zertifikat-der-analyse\/\">Analysezertifikat (COA)<\/a><\/span><\/p>\n<p><span style=\"color: #0000ff;\"><a style=\"color: #0000ff;\" href=\"https:\/\/ulpmat.com\/de\/dokumente\/technisches-datenblatt\/\">Technisches Datenblatt (TDS)<\/a><\/span><\/p>\n<p><span style=\"color: #0000ff;\"><a style=\"color: #0000ff;\" href=\"https:\/\/ulpmat.com\/de\/dokumente\/sicherheitsdatenblatt\/\">Sicherheitsdatenblatt (MSDS)<\/a><\/span><br \/>\nGr\u00f6\u00dfenpr\u00fcfbericht<br \/>\nPr\u00fcfberichte von Dritten sind auf Anfrage erh\u00e4ltlich.<\/p>\n<h2><span style=\"font-size: 14pt;\">Warum sollten Sie sich f\u00fcr uns entscheiden?<\/span><\/h2>\n<p>Wir sind auf hochreine Metallwerkstoffe spezialisiert und liefern nicht nur Produkte, sondern umfassende L\u00f6sungen. Dank unseres tiefgreifenden Verst\u00e4ndnisses der Herausforderungen beim Sputtern ferromagnetischer Targets und unserer strengen End-to-End-Qualit\u00e4tskontrolle \u2013 von der Rohstoffreinigung bis zur Endverpackung \u2013 stellen wir sicher, dass jedes Target eine au\u00dfergew\u00f6hnliche und gleichbleibende Leistung aufweist.<\/p>\n","protected":false},"excerpt":{"rendered":"<p>Eisenmetall-Sputtertarget Produkt\u00fcbersicht Eisen -Sputtertargets dienen als wichtiges Grundmaterial f\u00fcr die Herstellung funktionaler D\u00fcnnschichten durch physikalische Gasphasenabscheidung (PVD) wie beispielsweise Magnetron-Sputtern. Ihre Hauptvorteile liegen in der au\u00dfergew\u00f6hnlich hohen Metallreinheit und den hervorragenden ferromagnetischen Eigenschaften. Diese Targets werden vor allem in der Halbleiterfertigung, bei Display-Panels, in der Datenspeicherung und in der wissenschaftlichen Forschung eingesetzt, um nanoskalige D\u00fcnnschichten [&hellip;]<\/p>\n","protected":false},"featured_media":53540,"template":"","meta":{"_acf_changed":false},"product_brand":[132],"product_cat":[278],"product_tag":[8168,383],"class_list":{"0":"post-53539","1":"product","2":"type-product","3":"status-publish","4":"has-post-thumbnail","6":"product_brand-ulpmat","7":"product_cat-metall-sputtering-target","8":"product_tag-eisenmetall-sputtering-target","9":"product_tag-sputtertarget","11":"first","12":"instock","13":"shipping-taxable","14":"product-type-variable"},"acf":[],"_links":{"self":[{"href":"https:\/\/ulpmat.com\/de\/wp-json\/wp\/v2\/product\/53539","targetHints":{"allow":["GET"]}}],"collection":[{"href":"https:\/\/ulpmat.com\/de\/wp-json\/wp\/v2\/product"}],"about":[{"href":"https:\/\/ulpmat.com\/de\/wp-json\/wp\/v2\/types\/product"}],"wp:featuredmedia":[{"embeddable":true,"href":"https:\/\/ulpmat.com\/de\/wp-json\/wp\/v2\/media\/53540"}],"wp:attachment":[{"href":"https:\/\/ulpmat.com\/de\/wp-json\/wp\/v2\/media?parent=53539"}],"wp:term":[{"taxonomy":"product_brand","embeddable":true,"href":"https:\/\/ulpmat.com\/de\/wp-json\/wp\/v2\/product_brand?post=53539"},{"taxonomy":"product_cat","embeddable":true,"href":"https:\/\/ulpmat.com\/de\/wp-json\/wp\/v2\/product_cat?post=53539"},{"taxonomy":"product_tag","embeddable":true,"href":"https:\/\/ulpmat.com\/de\/wp-json\/wp\/v2\/product_tag?post=53539"}],"curies":[{"name":"wp","href":"https:\/\/api.w.org\/{rel}","templated":true}]}}