{"id":53289,"date":"2026-01-05T10:37:02","date_gmt":"2026-01-05T02:37:02","guid":{"rendered":"https:\/\/ulpmat.com\/product\/eisenborid-2\/"},"modified":"2026-01-05T10:37:02","modified_gmt":"2026-01-05T02:37:02","slug":"eisenborid-2","status":"publish","type":"product","link":"https:\/\/ulpmat.com\/de\/produkt\/eisenborid-2\/","title":{"rendered":"Eisenborid"},"content":{"rendered":"<h2><span style=\"font-size: 14pt;\">\u00dcbersicht \u00fcber Eisenboridpulver<\/span><\/h2>\n<p><span style=\"color: #0000ff;\"><a style=\"color: #0000ff;\" href=\"https:\/\/ulpmat.com\/de\/search\/?type=name&#038;keyword=Iron+Boride\">Eisenboridpulver<\/a><\/span><br \/>\nist ein hochharter, hochtemperaturbest\u00e4ndiger Legierungswerkstoff, der h\u00e4ufig in Hartbeschichtungen, Reibungsmaterialien und Katalysatoren verwendet wird.<\/p>\n<p>Wir bieten hochreines FeB-Pulver an, um den hohen Leistungsanforderungen von Hartbeschichtungen und Reibungsmaterialien gerecht zu werden, und k\u00f6nnen Pulver auch nach Kundenwunsch anpassen. Bitte <span style=\"color: #0000ff;\"><a style=\"color: #0000ff;\" href=\"https:\/\/ulpmat.com\/de\/kontakt-us\/\">kontaktieren Sie uns<\/a><\/span><br \/>\n.<\/p>\n<h2><span style=\"font-size: 14pt;\">Produkt-Highlights<\/span><\/h2>\n<p>Hohe H\u00e4rte<br \/>\nAusgezeichnete Hochtemperaturbest\u00e4ndigkeit<br \/>\nHervorragende chemische Stabilit\u00e4t<br \/>\n<span style=\"color: #0000ff;\"><a style=\"color: #0000ff;\" href=\"https:\/\/ulpmat.com\/de\/service\/personalisierung\/\">Anpassbare<\/a><\/span><br \/>\nPartikelgr\u00f6\u00dfe und Spezifikationen<br \/>\nGute Oxidationsbest\u00e4ndigkeit<br \/>\nProfessioneller technischer Support und Kundendienst<\/p>\n<h2><span style=\"font-size: 14pt;\">Anwendungen von Eisenboridpulver<\/span><\/h2>\n<p>Hartbeschichtungen: Aufgrund seiner ausgezeichneten H\u00e4rte und Verschlei\u00dffestigkeit wird es h\u00e4ufig bei der Herstellung von Hartbeschichtungen verwendet, die in der Oberfl\u00e4chenbehandlung von Werkzeugen, Formen und mechanischen Teilen weit verbreitet sind.<br \/>\nReibungsmaterialien: Wird bei der Herstellung von Reibungsmaterialien wie Bremsbel\u00e4gen und Kupplungsscheiben verwendet, weist eine ausgezeichnete Verschlei\u00dffestigkeit und Hitzebest\u00e4ndigkeit auf und verl\u00e4ngert die Lebensdauer des Materials.<br \/>\nKatalysatoren: In der chemischen Industrie kann es als Katalysator in der Petrochemie, bei Hydrierungsreaktionen und in anderen Bereichen eingesetzt werden, um die Reaktionsgeschwindigkeit zu erh\u00f6hen.<br \/>\nElektronische Bauteile: Aufgrund seiner ausgezeichneten Leitf\u00e4higkeit und chemischen Stabilit\u00e4t wird es h\u00e4ufig in elektronischen Bauteilen und leitf\u00e4higen Materialien verwendet.<\/p>\n<h2><span style=\"font-size: 14pt;\">H\u00e4ufig gestellte Fragen<\/span><\/h2>\n<p>F1: Was sind die Hauptmerkmale von Eisenboridpulver?<br \/>\nA1: Es hat eine hohe H\u00e4rte, eine hohe Temperaturbest\u00e4ndigkeit und eine starke Oxidationsbest\u00e4ndigkeit und wird h\u00e4ufig in Hartbeschichtungen, Reibungsmaterialien und Katalysatoren verwendet.<\/p>\n<p>F2: Was sind die Anwendungsbereiche von Eisenboridpulver?<br \/>\nA2: Es wird haupts\u00e4chlich in Hartbeschichtungen, Reibungsmaterialien, Katalysatoren und elektronischen Bauteilen verwendet und eignet sich besonders f\u00fcr Umgebungen mit hoher Verschlei\u00dffestigkeit und hohen Temperaturen.<\/p>\n<p>F3: Wie w\u00e4hlt man die Partikelgr\u00f6\u00dfe von Eisenboridpulver aus?<br \/>\nA3: Je nach Anwendungsanforderungen k\u00f6nnen verschiedene Partikelgr\u00f6\u00dfen angepasst werden, um eine optimale Leistung in verschiedenen Umgebungen zu gew\u00e4hrleisten.<\/p>\n<p>F4: Wie hoch ist die Reinheit von Eisenboridpulver?<br \/>\nA4: Wir bieten eine Reinheit von 99,5 % an, andere Reinheitsgrade k\u00f6nnen ebenfalls angepasst werden.<\/p>\n<h2><span style=\"font-size: 14pt;\">Berichte<\/span><\/h2>\n<p>Jede Charge wird geliefert mit:<br \/>\n<span style=\"color: #0000ff;\"><a style=\"color: #0000ff;\" href=\"https:\/\/ulpmat.com\/de\/dokumente\/zertifikat-der-analyse\/\">Analysezertifikat (COA)<\/a><\/span><\/p>\n<p><span style=\"color: #0000ff;\"><a style=\"color: #0000ff;\" href=\"https:\/\/ulpmat.com\/de\/dokumente\/technisches-datenblatt\/\">Technisches Datenblatt (TDS)<\/a><\/span><\/p>\n<p><span style=\"color: #0000ff;\"><a style=\"color: #0000ff;\" href=\"https:\/\/ulpmat.com\/de\/dokumente\/sicherheitsdatenblatt\/\">Sicherheitsdatenblatt (MSDS)<\/a><\/span><br \/>\nTestberichte von Drittanbietern sind auf Anfrage erh\u00e4ltlich<\/p>\n<h2><span style=\"font-size: 14pt;\">Warum sollten Sie sich f\u00fcr uns entscheiden?<\/span><\/h2>\n<p>Mit unserer langj\u00e4hrigen Erfahrung sind wir bestrebt, hochleistungsf\u00e4higes, hochreines Eisenboridpulver anzubieten. Wir bieten ma\u00dfgeschneiderte Dienstleistungen, um sicherzustellen, dass spezifische Kundenanforderungen erf\u00fcllt werden, und bieten professionellen technischen Support und <span style=\"color: #0000ff;\"><a style=\"color: #0000ff;\" href=\"https:\/\/ulpmat.com\/de\/service\/service-nach-dem-verkauf\/\">Kundendienst,<\/a><\/span><br \/>\num eine stabile Produktqualit\u00e4t und \u00fcberlegene Leistung zu gew\u00e4hrleisten.<\/p>\n","protected":false},"excerpt":{"rendered":"<p>\u00dcbersicht \u00fcber Eisenboridpulver Eisenboridpulver ist ein hochharter, hochtemperaturbest\u00e4ndiger Legierungswerkstoff, der h\u00e4ufig in Hartbeschichtungen, Reibungsmaterialien und Katalysatoren verwendet wird. Wir bieten hochreines FeB-Pulver an, um den hohen Leistungsanforderungen von Hartbeschichtungen und Reibungsmaterialien gerecht zu werden, und k\u00f6nnen Pulver auch nach Kundenwunsch anpassen. Bitte kontaktieren Sie uns . Produkt-Highlights Hohe H\u00e4rte Ausgezeichnete Hochtemperaturbest\u00e4ndigkeit Hervorragende chemische Stabilit\u00e4t Anpassbare [&hellip;]<\/p>\n","protected":false},"featured_media":53290,"template":"","meta":{"_acf_changed":false},"product_brand":[132],"product_cat":[712],"product_tag":[8132],"class_list":{"0":"post-53289","1":"product","2":"type-product","3":"status-publish","4":"has-post-thumbnail","6":"product_brand-ulpmat","7":"product_cat-feuerfeste-materialien","8":"product_tag-eisenborid-pulver","10":"first","11":"instock","12":"shipping-taxable","13":"product-type-variable"},"acf":[],"_links":{"self":[{"href":"https:\/\/ulpmat.com\/de\/wp-json\/wp\/v2\/product\/53289","targetHints":{"allow":["GET"]}}],"collection":[{"href":"https:\/\/ulpmat.com\/de\/wp-json\/wp\/v2\/product"}],"about":[{"href":"https:\/\/ulpmat.com\/de\/wp-json\/wp\/v2\/types\/product"}],"wp:featuredmedia":[{"embeddable":true,"href":"https:\/\/ulpmat.com\/de\/wp-json\/wp\/v2\/media\/53290"}],"wp:attachment":[{"href":"https:\/\/ulpmat.com\/de\/wp-json\/wp\/v2\/media?parent=53289"}],"wp:term":[{"taxonomy":"product_brand","embeddable":true,"href":"https:\/\/ulpmat.com\/de\/wp-json\/wp\/v2\/product_brand?post=53289"},{"taxonomy":"product_cat","embeddable":true,"href":"https:\/\/ulpmat.com\/de\/wp-json\/wp\/v2\/product_cat?post=53289"},{"taxonomy":"product_tag","embeddable":true,"href":"https:\/\/ulpmat.com\/de\/wp-json\/wp\/v2\/product_tag?post=53289"}],"curies":[{"name":"wp","href":"https:\/\/api.w.org\/{rel}","templated":true}]}}