{"id":53265,"date":"2026-01-05T10:37:03","date_gmt":"2026-01-05T02:37:03","guid":{"rendered":"https:\/\/ulpmat.com\/product\/eisenborid\/"},"modified":"2026-01-05T10:37:03","modified_gmt":"2026-01-05T02:37:03","slug":"eisenborid","status":"publish","type":"product","link":"https:\/\/ulpmat.com\/de\/produkt\/eisenborid\/","title":{"rendered":"Eisenborid"},"content":{"rendered":"<h2><span style=\"font-size: 14pt;\">\u00dcbersicht \u00fcber Sputtertargets aus Eisenborid<\/span><\/h2>\n<p>Sputtertargets<br \/>\n<span style=\"color: #0000ff;\"><a style=\"color: #0000ff;\" href=\"https:\/\/ulpmat.com\/de\/search\/?type=name&#038;keyword=Iron+Boride\">aus Eisenborid<\/a><\/span><br \/>\nsind hochreine Sputtertargets aus Eisenboridkeramik, einem Kernmaterial f\u00fcr die Herstellung von hochleistungsf\u00e4higen, harten, verschlei\u00dffesten D\u00fcnnschichten und funktionellen Beschichtungen unter Verwendung der physikalischen Gasphasenabscheidung (PVD).<\/p>\n<p>Wir bieten eine Vielzahl von hochreinen Eisenborid-Targets an, die an Ihre Ger\u00e4te- und Prozessanforderungen angepasst werden k\u00f6nnen. Au\u00dferdem bieten wir professionelle Backplate-Bonding-Dienstleistungen f\u00fcr spr\u00f6de Keramik-Targets an. <span style=\"color: #0000ff;\"><a style=\"color: #0000ff;\" href=\"https:\/\/ulpmat.com\/de\/kontakt-us\/\">Kontaktieren Sie uns<\/a><\/span><br \/>\njetzt f\u00fcr L\u00f6sungen.<\/p>\n<h2><span style=\"font-size: 14pt;\">Produkt-Highlights<\/span><\/h2>\n<p>Extrem hohe Reinheit, pr\u00e4zise Zusammensetzung<br \/>\nDichte Struktur, gleichm\u00e4\u00dfige K\u00f6rner<br \/>\nGeringe magnetische Permeabilit\u00e4t, hohe Sputter-Effizienz<br \/>\nHervorragende H\u00e4rte, Verschlei\u00df- und Korrosionsbest\u00e4ndigkeit<br \/>\nUmfassendes Angebot an Spezifikationen, Anpassung an Ihre Anforderungen m\u00f6glich<\/p>\n<h2><span style=\"font-size: 14pt;\">Anwendungen von Sputtertargets aus Eisenborid<\/span><\/h2>\n<p>Superharte, verschlei\u00dffeste Beschichtungen: Werden f\u00fcr die Oberfl\u00e4chenbeschichtung von Schneidwerkzeugen, Formen und Pr\u00e4zisionskomponenten verwendet und verbessern deren H\u00e4rte, Verschlei\u00dffestigkeit und Lebensdauer erheblich, sodass sie auch rauen Arbeitsbedingungen standhalten.<br \/>\nOberfl\u00e4chenschutz und -modifikation: Aufbringen von Schutzschichten auf kritische Komponenten in der Luft- und Raumfahrt sowie in der Automobilindustrie, die eine hervorragende Korrosionsbest\u00e4ndigkeit und Oxidationsbarrieren bieten und die Materialstabilit\u00e4t verbessern.<br \/>\nHerstellung funktionaler D\u00fcnnschichten: Diese Anwendung dient der wissenschaftlichen Forschung und hochmodernen Industrien und erm\u00f6glicht die Herstellung funktionaler D\u00fcnnschichten mit besonderen elektromagnetischen Eigenschaften oder katalytischen Aktivit\u00e4ten, um den Forschungsanforderungen in Bereichen wie neuen Energien und Halbleitern gerecht zu werden.<br \/>\nWerkzeug- und Dekorbeschichtung: Bei der Oberfl\u00e4chenbehandlung von hochwertigen Dekorteilen und verschlei\u00dffesten Werkzeugen sorgt sie f\u00fcr ein luxuri\u00f6ses Aussehen und gew\u00e4hrleistet gleichzeitig eine extrem hohe Oberfl\u00e4chenhaltbarkeit und Kratzfestigkeit.<\/p>\n<h2><span style=\"font-size: 14pt;\">H\u00e4ufig gestellte Fragen<\/span><\/h2>\n<p>F1: Eisenborid ist ein keramisches Targetmaterial. Welche besonderen Vorsichtsma\u00dfnahmen sind bei seiner Verwendung zu beachten?<br \/>\nA1: Ja. Keramische Targets haben im Allgemeinen eine schlechte W\u00e4rmeleitf\u00e4higkeit und sind spr\u00f6de. Daher empfehlen wir dringend, es in Verbindung mit einer sauerstofffreien Kupfer-Tr\u00e4gerplatte zu verwenden, um die W\u00e4rmeableitung zu optimieren, Risse zu vermeiden und die Sputterleistung streng zu kontrollieren, um Risse oder Ausf\u00e4lle des Targets aufgrund lokaler \u00dcberhitzung zu vermeiden.<\/p>\n<p>F2: Warum wird betont, dass dieses Targetmaterial eine \u201egeringe magnetische Permeabilit\u00e4t\u201d aufweist?<br \/>\nA2: Eine geringe magnetische Permeabilit\u00e4t ist entscheidend f\u00fcr den effizienten und stabilen Betrieb von Magnetron-Sputterprozessen.<\/p>\n<p>F3: Was genau bedeutet \u201eTargetmaterial in Verbindung mit einer Tr\u00e4gerplatte\u201d?<br \/>\nA3: Unter Tr\u00e4gerplattenverklebung versteht man die Verwendung von hochreinem Lot (z. B. Indium), um das spr\u00f6de Keramik-Targetrohling fest mit einer Metalltr\u00e4gerplatte mit hoher W\u00e4rmeleitf\u00e4higkeit (in der Regel sauerstofffreies Kupfer) zu einer Einheit zu verbinden.<\/p>\n<p>F4: Wie werden unbenutzte Targets gelagert und gepflegt?<br \/>\nA4: Es wird empfohlen, Targets in einer trockenen, sauberen Inertgasumgebung oder in einem Vakuumbeutel zu lagern, um Oberfl\u00e4chenoxidation oder Feuchtigkeitsaufnahme zu verhindern.<\/p>\n<h2><span style=\"font-size: 14pt;\">Berichte<\/span><\/h2>\n<p>Jede Charge wird mit folgenden Dokumenten geliefert:<br \/>\n<span style=\"color: #0000ff;\"><a style=\"color: #0000ff;\" href=\"https:\/\/ulpmat.com\/de\/dokumente\/zertifikat-der-analyse\/\">Analysezertifikat (COA)<\/a><\/span><\/p>\n<p><span style=\"color: #0000ff;\"><a style=\"color: #0000ff;\" href=\"https:\/\/ulpmat.com\/de\/dokumente\/technisches-datenblatt\/\">Technisches Datenblatt (TDS)<\/a><\/span><\/p>\n<p><span style=\"color: #0000ff;\"><a style=\"color: #0000ff;\" href=\"https:\/\/ulpmat.com\/de\/dokumente\/sicherheitsdatenblatt\/\">Sicherheitsdatenblatt (MSDS)<\/a><\/span><br \/>\nGr\u00f6\u00dfenpr\u00fcfbericht<br \/>\nPr\u00fcfberichte von Drittanbietern sind auf Anfrage erh\u00e4ltlich.<\/p>\n<h2><span style=\"font-size: 14pt;\">Warum sollten Sie sich f\u00fcr uns entscheiden?<\/span><\/h2>\n<p>Wir konzentrieren uns auf die Forschung, Entwicklung und Produktion von hochleistungsf\u00e4higen Keramik-Sputter-Targets und verf\u00fcgen \u00fcber ein tiefgreifendes Verst\u00e4ndnis der Kernanforderungen von fortschrittlichen Materialien wie Eisenborid in anspruchsvollen Anwendungen. Von pr\u00e4zisen Komponentenverh\u00e4ltnissen und fortschrittlichen Form- und Sinterprozessen bis hin zu einer strengen Verbindung der Tr\u00e4gerplatten und einer vollst\u00e4ndigen Qualit\u00e4tskontrolle w\u00e4hrend des gesamten Prozesses stellen wir sicher, dass jedes Target eine ausgezeichnete Zuverl\u00e4ssigkeit und Konsistenz aufweist.<\/p>\n","protected":false},"excerpt":{"rendered":"<p>\u00dcbersicht \u00fcber Sputtertargets aus Eisenborid Sputtertargets aus Eisenborid sind hochreine Sputtertargets aus Eisenboridkeramik, einem Kernmaterial f\u00fcr die Herstellung von hochleistungsf\u00e4higen, harten, verschlei\u00dffesten D\u00fcnnschichten und funktionellen Beschichtungen unter Verwendung der physikalischen Gasphasenabscheidung (PVD). Wir bieten eine Vielzahl von hochreinen Eisenborid-Targets an, die an Ihre Ger\u00e4te- und Prozessanforderungen angepasst werden k\u00f6nnen. Au\u00dferdem bieten wir professionelle Backplate-Bonding-Dienstleistungen f\u00fcr [&hellip;]<\/p>\n","protected":false},"featured_media":53266,"template":"","meta":{"_acf_changed":false},"product_brand":[132],"product_cat":[451],"product_tag":[8126,383],"class_list":{"0":"post-53265","1":"product","2":"type-product","3":"status-publish","4":"has-post-thumbnail","6":"product_brand-ulpmat","7":"product_cat-keramisches-sputtering-target","8":"product_tag-eisenborid-sputtering-target","9":"product_tag-sputtertarget","11":"first","12":"instock","13":"shipping-taxable","14":"product-type-variable"},"acf":[],"_links":{"self":[{"href":"https:\/\/ulpmat.com\/de\/wp-json\/wp\/v2\/product\/53265","targetHints":{"allow":["GET"]}}],"collection":[{"href":"https:\/\/ulpmat.com\/de\/wp-json\/wp\/v2\/product"}],"about":[{"href":"https:\/\/ulpmat.com\/de\/wp-json\/wp\/v2\/types\/product"}],"wp:featuredmedia":[{"embeddable":true,"href":"https:\/\/ulpmat.com\/de\/wp-json\/wp\/v2\/media\/53266"}],"wp:attachment":[{"href":"https:\/\/ulpmat.com\/de\/wp-json\/wp\/v2\/media?parent=53265"}],"wp:term":[{"taxonomy":"product_brand","embeddable":true,"href":"https:\/\/ulpmat.com\/de\/wp-json\/wp\/v2\/product_brand?post=53265"},{"taxonomy":"product_cat","embeddable":true,"href":"https:\/\/ulpmat.com\/de\/wp-json\/wp\/v2\/product_cat?post=53265"},{"taxonomy":"product_tag","embeddable":true,"href":"https:\/\/ulpmat.com\/de\/wp-json\/wp\/v2\/product_tag?post=53265"}],"curies":[{"name":"wp","href":"https:\/\/api.w.org\/{rel}","templated":true}]}}