{"id":53246,"date":"2026-01-05T10:37:03","date_gmt":"2026-01-05T02:37:03","guid":{"rendered":"https:\/\/ulpmat.com\/product\/eisenbromid\/"},"modified":"2026-01-05T10:37:03","modified_gmt":"2026-01-05T02:37:03","slug":"eisenbromid","status":"publish","type":"product","link":"https:\/\/ulpmat.com\/de\/produkt\/eisenbromid\/","title":{"rendered":"Eisenbromid"},"content":{"rendered":"<h2><span style=\"font-size: 14pt;\">\u00dcbersicht \u00fcber Eisenbromidpulver<\/span><\/h2>\n<p>Hochreines <span style=\"color: #0000ff;\"><a style=\"color: #0000ff;\" href=\"https:\/\/ulpmat.com\/de\/search\/?type=name&#038;keyword=iron+bromide\">Eisenbromid<\/a><\/span><br \/>\npulver wird in erster Linie als hocheffizientes Bromierungsmittel und Lewis-S\u00e4ure-Katalysator in der Feinchemikalien- und Pharmasynthese verwendet.<\/p>\n<p>Wir bieten Eisenbromidpulver in verschiedenen Spezifikationen und Reinheitsgraden an und k\u00f6nnen Ihnen ma\u00dfgeschneiderte Dienstleistungen entsprechend Ihren <span style=\"color: #0000ff;\"><a style=\"color: #0000ff;\" href=\"https:\/\/ulpmat.com\/de\/unternehmen\/fe\/\">Forschungs- und Entwicklungs-<\/a><\/span><br \/>\noder Produktionsanforderungen anbieten. Bitte <span style=\"color: #0000ff;\"><a style=\"color: #0000ff;\" href=\"https:\/\/ulpmat.com\/de\/kontakt-us\/\">fragen Sie<\/a><\/span><br \/>\nnach Ihren spezifischen Anforderungen.<\/p>\n<h2><span style=\"font-size: 14pt;\">Produkt-Highlights<\/span><\/h2>\n<p>Hohe Reinheit<br \/>\nAusgezeichnete Reaktivit\u00e4t<br \/>\nStabile und zuverl\u00e4ssige Leistung<br \/>\nFlexible Spezifikationen<\/p>\n<h2><span style=\"font-size: 14pt;\">Anwendungen von Eisenbromidpulver<\/span><\/h2>\n<p>Organische Synthese: Dient als wichtige Bromquelle und Katalysator bei Bromierungsreaktionen verschiedener aromatischer Verbindungen und organischer Molek\u00fcle und erm\u00f6glicht so die pr\u00e4zise Einf\u00fchrung von Bromatomen.<br \/>\nHerstellung pharmazeutischer Zwischenprodukte: Wird zur Synthese von pharmazeutischen Wirkstoffen oder wichtigen Zwischenprodukten verwendet, die Brom enthalten, und dient als wichtiger Rohstoff in pharmazeutischen Prozessen.<br \/>\nChemische Forschung: Wird im Labor als klassischer Lewis-S\u00e4ure-Katalysator verwendet, um verschiedene Friedel-Crafts-Alkylierungs- und Acylierungsreaktionen anzutreiben und die Erforschung neuer Materialien zu unterst\u00fctzen.<br \/>\nAndere spezielle Anwendungen: Kann auch als Ausgangsstoff f\u00fcr die Herstellung anderer Bromide oder funktioneller Materialien verwendet werden und erf\u00fcllt die chemischen Verarbeitungsanforderungen bestimmter Branchen.<\/p>\n<h2><span style=\"color: #0000ff;\"><a style=\"color: #0000ff;\" href=\"https:\/\/ulpmat.com\/de\/unternehmen\/faqs\/\"><span style=\"font-size: 14pt;\">H\u00e4ufig gestellte Fragen<\/span><\/a><\/span><\/h2>\n<p>F1: Wie kann Eisenbromidpulver sicher gelagert werden?<br \/>\nA1: Muss streng verschlossen und an einem k\u00fchlen, trockenen und gut bel\u00fcfteten Ort, fern von Feuer und starken Oxidationsmitteln, gelagert werden.<\/p>\n<p>F2: Wie wird die Reinheit von Eisenbromidpulver gew\u00e4hrleistet?<br \/>\nA2: Wir kontrollieren den Gehalt der Hauptkomponenten und der wichtigsten Verunreinigungen durch pr\u00e4zise Prozesse und strenge Tests und stellen Analyseberichte zur Verf\u00fcgung.<\/p>\n<p>F3: Wie sollte Eisenbromidpulver nach der Reaktion behandelt werden?<br \/>\nA3: Es wird empfohlen, es unter professioneller Anleitung zu k\u00fchlen und nachzubearbeiten, in der Regel durch langsames \u00dcbergie\u00dfen mit Eiswasser und Neutralisieren.<\/p>\n<p>F4: Unterst\u00fctzen Sie den Kauf kleiner Chargen?<br \/>\nA4: Ja, das unterst\u00fctzen wir. Wir bieten flexible Beschaffungsl\u00f6sungen f\u00fcr Forschung und Entwicklung sowie Pilotproduktion.<\/p>\n<h2><span style=\"font-size: 14pt;\">Berichte<\/span><\/h2>\n<p>Jede Charge wird geliefert mit:<br \/>\n<span style=\"color: #0000ff;\"><a style=\"color: #0000ff;\" href=\"https:\/\/ulpmat.com\/de\/dokumente\/zertifikat-der-analyse\/\">Analysezertifikat (COA)<\/a><\/span><\/p>\n<p><span style=\"color: #0000ff;\"><a style=\"color: #0000ff;\" href=\"https:\/\/ulpmat.com\/de\/dokumente\/technisches-datenblatt\/\">Technisches Datenblatt (TDS)<\/a><\/span><\/p>\n<p><span style=\"color: #0000ff;\"><a style=\"color: #0000ff;\" href=\"https:\/\/ulpmat.com\/de\/dokumente\/sicherheitsdatenblatt\/\">Sicherheitsdatenblatt (MSDS)<\/a><\/span><br \/>\nTestberichte von Drittanbietern auf Anfrage erh\u00e4ltlich<\/p>\n<h2><span style=\"font-size: 14pt;\">Warum sollten Sie sich f\u00fcr uns entscheiden?<\/span><\/h2>\n<p>Wir konzentrieren uns auf die Forschung und Entwicklung sowie die Produktion von hochreinen Spezialchemikalien und verf\u00fcgen \u00fcber ein tiefgreifendes Verst\u00e4ndnis der Anwendung von Katalysatoren wie Ferric Bromide. Wir gew\u00e4hrleisten nicht nur die hohe Reinheit und Chargenstabilit\u00e4t unserer Produkte, sondern legen auch Wert darauf, Ihnen professionellen technischen Support und zuverl\u00e4ssige Lieferkettengarantien zu bieten, was uns zu einem vertrauensw\u00fcrdigen Partner macht.<\/p>\n","protected":false},"excerpt":{"rendered":"<p>\u00dcbersicht \u00fcber Eisenbromidpulver Hochreines Eisenbromid pulver wird in erster Linie als hocheffizientes Bromierungsmittel und Lewis-S\u00e4ure-Katalysator in der Feinchemikalien- und Pharmasynthese verwendet. Wir bieten Eisenbromidpulver in verschiedenen Spezifikationen und Reinheitsgraden an und k\u00f6nnen Ihnen ma\u00dfgeschneiderte Dienstleistungen entsprechend Ihren Forschungs- und Entwicklungs- oder Produktionsanforderungen anbieten. Bitte fragen Sie nach Ihren spezifischen Anforderungen. Produkt-Highlights Hohe Reinheit Ausgezeichnete Reaktivit\u00e4t [&hellip;]<\/p>\n","protected":false},"featured_media":53247,"template":"","meta":{"_acf_changed":false},"product_brand":[132],"product_cat":[318],"product_tag":[8120],"class_list":{"0":"post-53246","1":"product","2":"type-product","3":"status-publish","4":"has-post-thumbnail","6":"product_brand-ulpmat","7":"product_cat-halogenid-materialien","8":"product_tag-eisenbromid-pulver","10":"first","11":"instock","12":"shipping-taxable","13":"product-type-variable"},"acf":[],"_links":{"self":[{"href":"https:\/\/ulpmat.com\/de\/wp-json\/wp\/v2\/product\/53246","targetHints":{"allow":["GET"]}}],"collection":[{"href":"https:\/\/ulpmat.com\/de\/wp-json\/wp\/v2\/product"}],"about":[{"href":"https:\/\/ulpmat.com\/de\/wp-json\/wp\/v2\/types\/product"}],"wp:featuredmedia":[{"embeddable":true,"href":"https:\/\/ulpmat.com\/de\/wp-json\/wp\/v2\/media\/53247"}],"wp:attachment":[{"href":"https:\/\/ulpmat.com\/de\/wp-json\/wp\/v2\/media?parent=53246"}],"wp:term":[{"taxonomy":"product_brand","embeddable":true,"href":"https:\/\/ulpmat.com\/de\/wp-json\/wp\/v2\/product_brand?post=53246"},{"taxonomy":"product_cat","embeddable":true,"href":"https:\/\/ulpmat.com\/de\/wp-json\/wp\/v2\/product_cat?post=53246"},{"taxonomy":"product_tag","embeddable":true,"href":"https:\/\/ulpmat.com\/de\/wp-json\/wp\/v2\/product_tag?post=53246"}],"curies":[{"name":"wp","href":"https:\/\/api.w.org\/{rel}","templated":true}]}}