{"id":53038,"date":"2026-01-05T10:37:08","date_gmt":"2026-01-05T02:37:08","guid":{"rendered":"https:\/\/ulpmat.com\/product\/410-edelstahl\/"},"modified":"2026-01-05T10:37:08","modified_gmt":"2026-01-05T02:37:08","slug":"410-edelstahl","status":"publish","type":"product","link":"https:\/\/ulpmat.com\/de\/produkt\/410-edelstahl\/","title":{"rendered":"410 Edelstahl"},"content":{"rendered":"<h2><span style=\"font-size: 14pt;\">\u00dcbersicht \u00fcber 410 Edelstahlpulver<\/span><\/h2>\n<p><span style=\"color: #0000ff;\"><a style=\"color: #0000ff;\" href=\"https:\/\/ulpmat.com\/de\/search\/?type=name&#038;keyword=410+stainless+steel\">410<\/a><\/span><br \/>\nEdelstahlpulver ist ein martensitisches Edelstahlpulver, das sowohl eine gute H\u00e4rte als auch Verschlei\u00dffestigkeit aufweist und somit ein ideales metallisches Material f\u00fcr die Herstellung von Hochleistungsbauteilen und verschlei\u00dffesten Teilen ist.<\/p>\n<p>Wir bieten eine Vielzahl von Spezifikationen f\u00fcr 410 Edelstahlpulver mit hoher Sph\u00e4rizit\u00e4t an und unterst\u00fctzen kundenspezifische Partikelgr\u00f6\u00dfen und Verpackungen. Bitte <span style=\"color: #0000ff;\"><a style=\"color: #0000ff;\" href=\"https:\/\/ulpmat.com\/de\/kontakt-us\/\">kontaktieren Sie uns<\/a><\/span><br \/>\nf\u00fcr detaillierte Spezifikationen und Angebote.<\/p>\n<h2><span style=\"font-size: 14pt;\">Produkt-Highlights<\/span><\/h2>\n<p>Hohe H\u00e4rte und ausgezeichnete Festigkeit<br \/>\nHervorragende Verschlei\u00dffestigkeit<br \/>\nW\u00e4rmebehandelbar zur Verbesserung<br \/>\nErhebliche Kosteneffizienz<\/p>\n<h2><span style=\"font-size: 14pt;\">Anwendungen von 410 Edelstahlpulver<\/span><\/h2>\n<p>Werkzeug- und Schneidwerkzeugherstellung: Aufgrund seiner hohen H\u00e4rte und Verschlei\u00dffestigkeit wird es h\u00e4ufig bei der Herstellung von industriellen Schneidwerkzeugen, chirurgischen Klingen und verschiedenen Hochleistungs-Schneidwerkzeugen verwendet. Seine Leistung wird nach der W\u00e4rmebehandlung noch weiter verbessert.<\/p>\n<p>Mechanische Strukturkomponenten: Geeignet f\u00fcr die Herstellung von Pumpenwellen, Lagern, Zahnr\u00e4dern und anderen mechanischen Teilen, die Verschlei\u00df und m\u00e4\u00dfigen Belastungen standhalten und die Festigkeitsanforderungen industrieller Umgebungen erf\u00fcllen.<\/p>\n<p>Ventile und Beschl\u00e4ge: Wird bei der Herstellung von Ventilkomponenten, Beschlagwerkzeugen und Automobilteilen mit weniger strengen Anforderungen an die Korrosionsbest\u00e4ndigkeit verwendet und bietet eine hervorragende Kosteneffizienz.<\/p>\n<p><span style=\"color: #0000ff;\"><a style=\"color: #0000ff;\" href=\"https:\/\/ulpmat.com\/de\/anwendung\/3d-druck\/\">3D-Druck<\/a><\/span><br \/>\nund Reparatur: Mit Technologien wie Laserauftragschwei\u00dfen und 3D-Druck wird 410 Edelstahlpulver f\u00fcr die Reparatur und Rekonstruktion verschlissener Teile oder die direkte Herstellung verschlei\u00dffester Funktionskomponenten verwendet.<\/p>\n<h2><span style=\"color: #0000ff;\"><a style=\"color: #0000ff;\" href=\"https:\/\/ulpmat.com\/de\/unternehmen\/faqs\/\"><span style=\"font-size: 14pt;\">H\u00e4ufig gestellte Fragen<\/span><\/a><\/span><\/h2>\n<p>F1: Wie korrosionsbest\u00e4ndig ist 410er Edelstahlpulver?<br \/>\nA1: Seine Korrosionsbest\u00e4ndigkeit ist geringer als die von austenitischem Edelstahl (wie 304\/316), sodass es f\u00fcr milde Umgebungen geeignet ist. Bei stark korrosiven Umgebungen ist eine Oberfl\u00e4chenbehandlung oder ein korrosionsbest\u00e4ndigeres Material erforderlich.<\/p>\n<p>F2: Wie werden Teile aus 410er Edelstahlpulver w\u00e4rmebehandelt?<br \/>\nA2: Nach dem Formen m\u00fcssen die Teile in der Regel abgeschreckt und anschlie\u00dfend bei niedriger Temperatur angelassen werden, um Spannungen abzubauen, die gew\u00fcnschte martensitische Struktur zu erhalten und eine optimale H\u00e4rte und Z\u00e4higkeit zu erreichen.<\/p>\n<p>F3: Beeintr\u00e4chtigt die \u201eMagnetisierung\u201d des Pulvers den 3D-Druckprozess?<br \/>\nA3: Edelstahl 410 ist magnetisch. Bei einigen magnetischen Pulverzufuhr- oder -verteilungssystemen sind m\u00f6glicherweise Parameteranpassungen erforderlich, dies hat jedoch in der Regel keinen Einfluss auf die Stabilit\u00e4t der g\u00e4ngigen Laserdruckverfahren.<\/p>\n<p>F4: Kann es in Kombination mit anderen Materialien verwendet werden?<br \/>\nA4: Ja. Beispielsweise kann die Laserauftragschwei\u00dftechnologie verwendet werden, um eine verschlei\u00dffeste Beschichtung aus Edelstahl 410 auf der Oberfl\u00e4che von Substraten wie kohlenstoffarmem Stahl aufzubringen und so eine Oberfl\u00e4chenverfestigung zu erzielen.<\/p>\n<h2><span style=\"font-size: 14pt;\">Berichte<\/span><\/h2>\n<p>Jede Charge wird geliefert mit:<br \/>\n<span style=\"color: #0000ff;\"><a style=\"color: #0000ff;\" href=\"https:\/\/ulpmat.com\/de\/dokumente\/zertifikat-der-analyse\/\">Analysezertifikat (COA)<\/a><\/span><\/p>\n<p><span style=\"color: #0000ff;\"><a style=\"color: #0000ff;\" href=\"https:\/\/ulpmat.com\/de\/dokumente\/technisches-datenblatt\/\">Technisches Datenblatt (TDS)<\/a><\/span><\/p>\n<p><span style=\"color: #0000ff;\"><a style=\"color: #0000ff;\" href=\"https:\/\/ulpmat.com\/de\/dokumente\/sicherheitsdatenblatt\/\">Sicherheitsdatenblatt (MSDS)<\/a><\/span><br \/>\nPr\u00fcfberichte von Drittanbietern sind auf Anfrage erh\u00e4ltlich<\/p>\n<h2><span style=\"font-size: 14pt;\">Warum sollten Sie sich f\u00fcr uns entscheiden?<\/span><\/h2>\n<p>Wir sind auf die Forschung, Entwicklung und Produktion von Metallpulvermaterialien spezialisiert und verf\u00fcgen \u00fcber fundierte Kenntnisse der Eigenschaften und Anwendungen von martensitischen Edelst\u00e4hlen wie 410. Wir bieten nicht nur hochwertige Pulver mit einheitlicher Partikelgr\u00f6\u00dfe, niedrigem Sauerstoffgehalt und Chargenstabilit\u00e4t, sondern auch professionelle Beratung zum W\u00e4rmebehandlungsprozess und technischen Support, was uns zu Ihrem zuverl\u00e4ssigen Partner macht.<\/p>\n","protected":false},"excerpt":{"rendered":"<p>\u00dcbersicht \u00fcber 410 Edelstahlpulver 410 Edelstahlpulver ist ein martensitisches Edelstahlpulver, das sowohl eine gute H\u00e4rte als auch Verschlei\u00dffestigkeit aufweist und somit ein ideales metallisches Material f\u00fcr die Herstellung von Hochleistungsbauteilen und verschlei\u00dffesten Teilen ist. Wir bieten eine Vielzahl von Spezifikationen f\u00fcr 410 Edelstahlpulver mit hoher Sph\u00e4rizit\u00e4t an und unterst\u00fctzen kundenspezifische Partikelgr\u00f6\u00dfen und Verpackungen. Bitte kontaktieren [&hellip;]<\/p>\n","protected":false},"featured_media":53039,"template":"","meta":{"_acf_changed":false},"product_brand":[132],"product_cat":[1143],"product_tag":[8072],"class_list":{"0":"post-53038","1":"product","2":"type-product","3":"status-publish","4":"has-post-thumbnail","6":"product_brand-ulpmat","7":"product_cat-3d-druck-von-kugelformigem-pulver","8":"product_tag-410-edelstahl-kugelformiges-pulver","10":"first","11":"instock","12":"shipping-taxable","13":"product-type-variable"},"acf":[],"_links":{"self":[{"href":"https:\/\/ulpmat.com\/de\/wp-json\/wp\/v2\/product\/53038","targetHints":{"allow":["GET"]}}],"collection":[{"href":"https:\/\/ulpmat.com\/de\/wp-json\/wp\/v2\/product"}],"about":[{"href":"https:\/\/ulpmat.com\/de\/wp-json\/wp\/v2\/types\/product"}],"wp:featuredmedia":[{"embeddable":true,"href":"https:\/\/ulpmat.com\/de\/wp-json\/wp\/v2\/media\/53039"}],"wp:attachment":[{"href":"https:\/\/ulpmat.com\/de\/wp-json\/wp\/v2\/media?parent=53038"}],"wp:term":[{"taxonomy":"product_brand","embeddable":true,"href":"https:\/\/ulpmat.com\/de\/wp-json\/wp\/v2\/product_brand?post=53038"},{"taxonomy":"product_cat","embeddable":true,"href":"https:\/\/ulpmat.com\/de\/wp-json\/wp\/v2\/product_cat?post=53038"},{"taxonomy":"product_tag","embeddable":true,"href":"https:\/\/ulpmat.com\/de\/wp-json\/wp\/v2\/product_tag?post=53038"}],"curies":[{"name":"wp","href":"https:\/\/api.w.org\/{rel}","templated":true}]}}