{"id":53018,"date":"2026-01-05T10:37:09","date_gmt":"2026-01-05T02:37:09","guid":{"rendered":"https:\/\/ulpmat.com\/product\/eisen-chrom-aluminium-legierung\/"},"modified":"2026-01-05T10:37:09","modified_gmt":"2026-01-05T02:37:09","slug":"eisen-chrom-aluminium-legierung","status":"publish","type":"product","link":"https:\/\/ulpmat.com\/de\/produkt\/eisen-chrom-aluminium-legierung\/","title":{"rendered":"Eisen-Chrom-Aluminium-Legierung"},"content":{"rendered":"<h2><span style=\"font-size: 14pt;\">\u00dcbersicht \u00fcber<\/span><span style=\"font-size: 14pt;\"> Sputtertargets aus Eisen-Chrom-Aluminium-Legierung<\/span><\/h2>\n<p>Sputtertargets<br \/>\n<span style=\"color: #0000ff;\"><a style=\"color: #0000ff;\" href=\"https:\/\/ulpmat.com\/de\/search\/?type=name&#038;keyword=Iron+chromium+aluminum\">aus Eisen-Chrom-Aluminium<\/a><\/span><br \/>\n-Legierung bestehen aus einer tern\u00e4ren Legierung aus Eisen, Chrom und Aluminium und wurden speziell f\u00fcr die Abscheidung von funktionalen D\u00fcnnschichten mit ausgezeichneter Hochtemperatur-Oxidationsbest\u00e4ndigkeit und Korrosionsbest\u00e4ndigkeit entwickelt.<\/p>\n<p>Wir bieten Targets aus Eisen-Chrom-Aluminium-Legierung in verschiedenen Zusammensetzungsverh\u00e4ltnissen und Gr\u00f6\u00dfen an und unterst\u00fctzen <span style=\"color: #0000ff;\"><a style=\"color: #0000ff;\" href=\"https:\/\/ulpmat.com\/de\/service\/ziel-bindung\/\">die Verbindung<\/a><\/span><br \/>\nmit Tr\u00e4gerplatten sowie kundenspezifische Bearbeitungen. <span style=\"color: #0000ff;\"><a style=\"color: #0000ff;\" href=\"https:\/\/ulpmat.com\/de\/kontakt-us\/\">Anfragen<\/a><\/span><br \/>\nzu kundenspezifischen L\u00f6sungen sind willkommen.<\/p>\n<h2><span style=\"font-size: 14pt;\">Produkt-Highlights<\/span><\/h2>\n<p>Hervorragende Hochtemperaturleistung<br \/>\nStarke Oxidationsbest\u00e4ndigkeit<br \/>\nFlexible und anpassbare Zusammensetzung<br \/>\nDichte und gleichm\u00e4\u00dfige Struktur<br \/>\nLange Lebensdauer<\/p>\n<h2><span style=\"font-size: 14pt;\">Anwendungen von Sputtertargets aus Eisen-Chrom-Aluminium-Legierungen<\/span><\/h2>\n<p>Hochtemperatur-Schutzbeschichtungen: Verwendung f\u00fcr kritische Hei\u00dfendkomponenten wie Triebwerksschaufeln und Industrieofenrollen. Der abgeschiedene Film blockiert effektiv Sauerstoff und verl\u00e4ngert so die Lebensdauer des Substrats unter extremen Hochtemperaturbedingungen erheblich.<\/p>\n<p>Korrosionsbest\u00e4ndige Funktionsd\u00fcnnschichten: Bei der Oberfl\u00e4chenbehandlung von chemischen und maritimen Anlagen bildet das Sputtern dichte D\u00fcnnschichten, die das Substrat vor starker S\u00e4ure-, Laugen- und Salznebelkorrosion sch\u00fctzen.<\/p>\n<p>Elektrothermische und resistive D\u00fcnnschichten: Aufgrund der ausgezeichneten Widerstandsstabilit\u00e4t der Legierung wird sie zur Herstellung von D\u00fcnnschicht-Widerstandsschichten f\u00fcr leistungsstarke elektrothermische Elemente, Pr\u00e4zisionswiderst\u00e4nde und Halbleiterbauelemente verwendet.<\/p>\n<p>Verschlei\u00dffeste und verst\u00e4rkte Beschichtung: Auf die Arbeitsfl\u00e4chen von Schneidwerkzeugen und Formen aufgebracht, verbessert die resultierende Legierungsbeschichtung die Oberfl\u00e4chenh\u00e4rte, Verschlei\u00dffestigkeit und Antihaftungseigenschaften erheblich.<\/p>\n<h2><span style=\"color: #0000ff;\"><a style=\"color: #0000ff;\" href=\"https:\/\/ulpmat.com\/de\/unternehmen\/faqs\/\"><span style=\"font-size: 14pt;\">H\u00e4ufig gestellte Fragen<\/span><\/a><\/span><\/h2>\n<p>F1: Was sind die Vorteile von Eisen-Chrom-Aluminium-Sputter-Targets gegen\u00fcber reinen Metall-Targets?<br \/>\nA1: Legierungs-Targets k\u00f6nnen in einem einzigen Sputter-Vorgang eine gleichm\u00e4\u00dfig zusammengesetzte Verbundschicht aufbringen, wodurch komplexe Mehrschicht-Beschichtungsprozesse entfallen. Die Gesamtleistung der Schicht (z. B. Best\u00e4ndigkeit gegen Hochtemperaturoxidation) ist ebenfalls besser als die von Schichten aus einem einzigen Metall.<\/p>\n<p>F2: Wie w\u00e4hle ich die geeignete Targetgr\u00f6\u00dfe f\u00fcr meine Anlage aus?<br \/>\nA2: Wir bieten verschiedene Standardformen wie rund und rechteckig an und unterst\u00fctzen auch nicht standardm\u00e4\u00dfige Anpassungen. Bitte geben Sie uns das Modell Ihrer Sputteranlage oder die Zeichnung Ihres Target-Halters an, damit wir Ihnen die am besten geeigneten Spezifikationen empfehlen k\u00f6nnen.<\/p>\n<p>F3: Wie wird die \u201eLebensdauer\u201d eines Targets in der Regel bewertet?<br \/>\nA3: Die Lebensdauer wird haupts\u00e4chlich durch die Leistung des Sputterprozesses, die Auslastungsrate und die Anfangsdichte des Targets beeinflusst. Wir gew\u00e4hrleisten eine hohe Targetsdichte durch Verfahren wie hei\u00dfisostatisches Pressen und verl\u00e4ngern so die Lebensdauer.<\/p>\n<p>F4: Wie wirken sich unterschiedliche Chrom- und Aluminiumgehalte auf die Filmleistung aus?<br \/>\nA4: Der Chromgehalt verbessert in erster Linie die Korrosionsbest\u00e4ndigkeit, w\u00e4hrend der Aluminiumgehalt die Hochtemperaturoxidationsbest\u00e4ndigkeit dominiert. Wir k\u00f6nnen das optimale Legierungsverh\u00e4ltnis entsprechend Ihren Leistungspriorit\u00e4ten anpassen und bereitstellen.<\/p>\n<h2><span style=\"font-size: 14pt;\">Berichte<\/span><\/h2>\n<p>Jede Charge wird geliefert mit:<br \/>\n<span style=\"color: #0000ff;\"><a style=\"color: #0000ff;\" href=\"https:\/\/ulpmat.com\/de\/dokumente\/zertifikat-der-analyse\/\">Analysezertifikat (COA)<\/a><\/span><\/p>\n<p><span style=\"color: #0000ff;\"><a style=\"color: #0000ff;\" href=\"https:\/\/ulpmat.com\/de\/dokumente\/technisches-datenblatt\/\">Technisches Datenblatt (TDS)<\/a><\/span><\/p>\n<p><span style=\"color: #0000ff;\"><a style=\"color: #0000ff;\" href=\"https:\/\/ulpmat.com\/de\/dokumente\/sicherheitsdatenblatt\/\">Sicherheitsdatenblatt (MSDS)<\/a><\/span><br \/>\nGr\u00f6\u00dfenpr\u00fcfbericht<br \/>\nPr\u00fcfberichte von Dritten sind auf Anfrage erh\u00e4ltlich<\/p>\n<h2><span style=\"font-size: 14pt;\">. Warum sollten Sie sich f\u00fcr uns entscheiden?<\/span><\/h2>\n<p>Wir sind auf hochleistungsf\u00e4hige FeCrAl-Legierungs-Sputtertargets spezialisiert und kontrollieren nicht nur pr\u00e4zise die Materialzusammensetzung, um den vielf\u00e4ltigen Anforderungen an die D\u00fcnnschichtleistung gerecht zu werden, sondern gew\u00e4hrleisten auch eine hohe Dichte und Gleichm\u00e4\u00dfigkeit durch fortschrittliche Formungs- und Verarbeitungstechnologien. Wir sind bestrebt, professionelle technische Auswahlunterst\u00fctzung und zuverl\u00e4ssige ma\u00dfgeschneiderte Dienstleistungen anzubieten, was uns zu Ihrem vertrauensw\u00fcrdigen Partner f\u00fcr Materiall\u00f6sungen macht.<\/p>\n","protected":false},"excerpt":{"rendered":"<p>\u00dcbersicht \u00fcber Sputtertargets aus Eisen-Chrom-Aluminium-Legierung Sputtertargets aus Eisen-Chrom-Aluminium -Legierung bestehen aus einer tern\u00e4ren Legierung aus Eisen, Chrom und Aluminium und wurden speziell f\u00fcr die Abscheidung von funktionalen D\u00fcnnschichten mit ausgezeichneter Hochtemperatur-Oxidationsbest\u00e4ndigkeit und Korrosionsbest\u00e4ndigkeit entwickelt. Wir bieten Targets aus Eisen-Chrom-Aluminium-Legierung in verschiedenen Zusammensetzungsverh\u00e4ltnissen und Gr\u00f6\u00dfen an und unterst\u00fctzen die Verbindung mit Tr\u00e4gerplatten sowie kundenspezifische Bearbeitungen. Anfragen [&hellip;]<\/p>\n","protected":false},"featured_media":53019,"template":"","meta":{"_acf_changed":false},"product_brand":[132],"product_cat":[562],"product_tag":[383,8066],"class_list":{"0":"post-53018","1":"product","2":"type-product","3":"status-publish","4":"has-post-thumbnail","6":"product_brand-ulpmat","7":"product_cat-legierung-sputtering-target","8":"product_tag-sputtertarget","9":"product_tag-sputtertarget-aus-eisen-chrom-aluminium-legierung","11":"first","12":"instock","13":"shipping-taxable","14":"product-type-variable"},"acf":[],"_links":{"self":[{"href":"https:\/\/ulpmat.com\/de\/wp-json\/wp\/v2\/product\/53018","targetHints":{"allow":["GET"]}}],"collection":[{"href":"https:\/\/ulpmat.com\/de\/wp-json\/wp\/v2\/product"}],"about":[{"href":"https:\/\/ulpmat.com\/de\/wp-json\/wp\/v2\/types\/product"}],"wp:featuredmedia":[{"embeddable":true,"href":"https:\/\/ulpmat.com\/de\/wp-json\/wp\/v2\/media\/53019"}],"wp:attachment":[{"href":"https:\/\/ulpmat.com\/de\/wp-json\/wp\/v2\/media?parent=53018"}],"wp:term":[{"taxonomy":"product_brand","embeddable":true,"href":"https:\/\/ulpmat.com\/de\/wp-json\/wp\/v2\/product_brand?post=53018"},{"taxonomy":"product_cat","embeddable":true,"href":"https:\/\/ulpmat.com\/de\/wp-json\/wp\/v2\/product_cat?post=53018"},{"taxonomy":"product_tag","embeddable":true,"href":"https:\/\/ulpmat.com\/de\/wp-json\/wp\/v2\/product_tag?post=53018"}],"curies":[{"name":"wp","href":"https:\/\/api.w.org\/{rel}","templated":true}]}}