{"id":52982,"date":"2026-01-05T10:37:09","date_gmt":"2026-01-05T02:37:09","guid":{"rendered":"https:\/\/ulpmat.com\/product\/eisen-gallium-legierung-2\/"},"modified":"2026-01-05T10:37:09","modified_gmt":"2026-01-05T02:37:09","slug":"eisen-gallium-legierung-2","status":"publish","type":"product","link":"https:\/\/ulpmat.com\/de\/produkt\/eisen-gallium-legierung-2\/","title":{"rendered":"Eisen-Gallium-Legierung"},"content":{"rendered":"<h2><span style=\"font-size: 14pt;\">\u00dcbersicht \u00fcber Granulate <\/span><span style=\"font-size: 14pt;\">aus Eisen<\/span><span style=\"font-size: 14pt;\">-Gallium-Legierungen<\/span><\/h2>\n<p>Granulate<br \/>\n<span style=\"color: #0000ff;\"><a style=\"color: #0000ff;\" href=\"https:\/\/ulpmat.com\/de\/search\/?type=name&#038;keyword=Iron+gallium+alloy\">aus Eisen-Gallium-Legierungen<\/a><\/span><br \/>\nsind Funktionsmaterialien mit hervorragenden magnetostriktiven Eigenschaften, die vor allem bei der Herstellung von Hochleistungssensoren, Aktoren und Wandlern zum Einsatz kommen.<\/p>\n<p>Wir liefern hochreine Granulate aus Gallium-Eisen-Legierungen und bieten <span style=\"color: #0000ff;\"><a style=\"color: #0000ff;\" href=\"https:\/\/ulpmat.com\/de\/service\/personalisierung\/\">kundenspezifische<\/a><\/span><br \/>\nPartikelgr\u00f6\u00dfen und Zusammensetzungsverh\u00e4ltnisse an. Bitte <span style=\"color: #0000ff;\"><a style=\"color: #0000ff;\" href=\"https:\/\/ulpmat.com\/de\/kontakt-us\/\">kontaktieren Sie uns<\/a><\/span><br \/>\nf\u00fcr Muster und spezifische Parameter.<\/p>\n<h2><span style=\"font-size: 14pt;\">Produkt-Highlights<\/span><\/h2>\n<p>Starke magnetostriktive Eigenschaften<br \/>\nHohe Energieumwandlungseffizienz<br \/>\nSchnelle Reaktionsgeschwindigkeit<br \/>\nStabile und zuverl\u00e4ssige Leistung<\/p>\n<h2><span style=\"font-size: 14pt;\">Anwendungen von Gallium-Eisen-Legierungsgranulat<\/span><\/h2>\n<p>Pr\u00e4zisionssensoren und -steuerungen: Verwendung bei der Herstellung von hochpr\u00e4zisen Drehmomentsensoren, Spannungserkennungselementen und Mikro-Verschiebungsreglern. Ihr magnetostriktiver Effekt erm\u00f6glicht eine ber\u00fchrungslose, pr\u00e4zise Messung und Steuerung.<\/p>\n<p>Ultraschall- und Vibrationsger\u00e4te: Als zentrales Antriebsmaterial, das in Sonarger\u00e4ten, Ultraschallreinigungsger\u00e4ten, medizinischen Ultraschallbildgebungsger\u00e4ten und Ger\u00e4ten zur Gewinnung von Vibrationsenergie eingesetzt wird, um eine effiziente elektromechanische Energieumwandlung zu erreichen.<\/p>\n<p>Aktive Schwingungsd\u00e4mpfung und Ger\u00e4uschreduzierung: Wird in intelligenten Strukturen von Pr\u00e4zisionswerkzeugmaschinen und Luft- und Raumfahrzeugen verwendet und unterdr\u00fcckt Systemschwingungen und Ger\u00e4usche effektiv durch die Erzeugung von Echtzeit-Gegenvibrationen.<\/p>\n<p>Fortschrittliche intelligente Ger\u00e4te: Eines der wichtigsten Materialien f\u00fcr Kernantriebseinheiten bei der Entwicklung neuartiger mikroelektromechanischer Systeme, magnetischer Speicher und adaptiver Optikger\u00e4te.<\/p>\n<h2><span style=\"color: #0000ff;\"><a style=\"color: #0000ff;\" href=\"https:\/\/ulpmat.com\/de\/unternehmen\/faqs\/\"><span style=\"font-size: 14pt;\">H\u00e4ufig gestellte Fragen<\/span><\/a><\/span><\/h2>\n<p>F1: Was ist der \u201eMagnetostriktionskoeffizient\u201d?<br \/>\nA1: Er misst, inwieweit sich die L\u00e4nge eines Materials in einem Magnetfeld ver\u00e4ndert. Unsere FeGa-Legierungspartikel haben einen sehr hohen S\u00e4ttigungsmagnetostriktionskoeffizienten, was bedeutet, dass selbst eine schwache Ver\u00e4nderung des Magnetfelds zu einer erheblichen Verformung oder Kraftausgabe f\u00fchren kann.<\/p>\n<p>F2: Hat die Temperatur einen wesentlichen Einfluss auf die Materialeigenschaften?<br \/>\nA2: Sie hat einen gewissen Einfluss. Die magnetostriktiven Eigenschaften \u00e4ndern sich mit der Temperatur. Wir k\u00f6nnen Legierungen mit optimierten Zusammensetzungen liefern, um ein Gleichgewicht zwischen Leistung und Temperaturstabilit\u00e4t herzustellen, basierend auf dem Temperaturbereich Ihrer Anwendung.<\/p>\n<p>F3: In welchen Formen und Gr\u00f6\u00dfen sind die Partikel erh\u00e4ltlich?<br \/>\nA3: Wir liefern haupts\u00e4chlich unregelm\u00e4\u00dfig geformte Partikel, k\u00f6nnen aber auch kundenspezifische Produkte mit bestimmten Gr\u00f6\u00dfen liefern, basierend auf den Anforderungen f\u00fcr das anschlie\u00dfende Schmelzen oder die Weiterverarbeitung.<\/p>\n<p>F4: Wie kann man Oxidation w\u00e4hrend der Verwendung verhindern?<br \/>\nA4: Gallium-Eisen-Legierungsk\u00f6rner sind in Luft relativ stabil, es wird jedoch empfohlen, sie in einer trockenen Umgebung zu lagern. Das Schmelzen oder die Hochtemperaturverarbeitung sollte in einer Inertgas- oder Vakuumumgebung durchgef\u00fchrt werden, um eine \u00fcberm\u00e4\u00dfige Oberfl\u00e4chenoxidation zu verhindern.<\/p>\n<h2><span style=\"font-size: 14pt;\">Berichte<\/span><\/h2>\n<p>Jede Charge wird geliefert mit:<br \/>\n<span style=\"color: #0000ff;\"><a style=\"color: #0000ff;\" href=\"https:\/\/ulpmat.com\/de\/dokumente\/zertifikat-der-analyse\/\">Analysezertifikat (COA)<\/a><\/span><\/p>\n<p><span style=\"color: #0000ff;\"><a style=\"color: #0000ff;\" href=\"https:\/\/ulpmat.com\/de\/dokumente\/technisches-datenblatt\/\">Technisches Datenblatt (TDS)<\/a><\/span><\/p>\n<p><span style=\"color: #0000ff;\"><a style=\"color: #0000ff;\" href=\"https:\/\/ulpmat.com\/de\/dokumente\/sicherheitsdatenblatt\/\">Sicherheitsdatenblatt (MSDS)<\/a><\/span><br \/>\nGr\u00f6\u00dfenpr\u00fcfbericht<br \/>\nPr\u00fcfberichte von Drittanbietern sind auf Anfrage erh\u00e4ltlich.<\/p>\n<h2><span style=\"font-size: 14pt;\">Warum sollten Sie sich f\u00fcr uns entscheiden?<\/span><\/h2>\n<p>Wir konzentrieren uns auf die Forschung und Entwicklung sowie die Produktion von hochleistungsf\u00e4higen magnetischen Funktionsmaterialien und verstehen die zentrale Rolle von FeGa-Legierungen in intelligenten Ger\u00e4ten. Durch pr\u00e4zise metallurgische Kontrolle gew\u00e4hrleisten wir eine einheitliche Materialzusammensetzung und konsistente Leistung. Wenn Sie sich f\u00fcr uns entscheiden, erhalten Sie professionelle technische Unterst\u00fctzung und zuverl\u00e4ssige Materiall\u00f6sungen, die Sie bei Ihrer fortschrittlichen Produktentwicklung unterst\u00fctzen.<\/p>\n","protected":false},"excerpt":{"rendered":"<p>\u00dcbersicht \u00fcber Granulate aus Eisen-Gallium-Legierungen Granulate aus Eisen-Gallium-Legierungen sind Funktionsmaterialien mit hervorragenden magnetostriktiven Eigenschaften, die vor allem bei der Herstellung von Hochleistungssensoren, Aktoren und Wandlern zum Einsatz kommen. Wir liefern hochreine Granulate aus Gallium-Eisen-Legierungen und bieten kundenspezifische Partikelgr\u00f6\u00dfen und Zusammensetzungsverh\u00e4ltnisse an. Bitte kontaktieren Sie uns f\u00fcr Muster und spezifische Parameter. Produkt-Highlights Starke magnetostriktive Eigenschaften Hohe [&hellip;]<\/p>\n","protected":false},"featured_media":52983,"template":"","meta":{"_acf_changed":false},"product_brand":[132],"product_cat":[299],"product_tag":[8054],"class_list":{"0":"post-52982","1":"product","2":"type-product","3":"status-publish","4":"has-post-thumbnail","6":"product_brand-ulpmat","7":"product_cat-verdampfen-von-materialien","8":"product_tag-eisen-gallium-legierungsgranulat","10":"first","11":"instock","12":"shipping-taxable","13":"product-type-variable"},"acf":[],"_links":{"self":[{"href":"https:\/\/ulpmat.com\/de\/wp-json\/wp\/v2\/product\/52982","targetHints":{"allow":["GET"]}}],"collection":[{"href":"https:\/\/ulpmat.com\/de\/wp-json\/wp\/v2\/product"}],"about":[{"href":"https:\/\/ulpmat.com\/de\/wp-json\/wp\/v2\/types\/product"}],"wp:featuredmedia":[{"embeddable":true,"href":"https:\/\/ulpmat.com\/de\/wp-json\/wp\/v2\/media\/52983"}],"wp:attachment":[{"href":"https:\/\/ulpmat.com\/de\/wp-json\/wp\/v2\/media?parent=52982"}],"wp:term":[{"taxonomy":"product_brand","embeddable":true,"href":"https:\/\/ulpmat.com\/de\/wp-json\/wp\/v2\/product_brand?post=52982"},{"taxonomy":"product_cat","embeddable":true,"href":"https:\/\/ulpmat.com\/de\/wp-json\/wp\/v2\/product_cat?post=52982"},{"taxonomy":"product_tag","embeddable":true,"href":"https:\/\/ulpmat.com\/de\/wp-json\/wp\/v2\/product_tag?post=52982"}],"curies":[{"name":"wp","href":"https:\/\/api.w.org\/{rel}","templated":true}]}}