{"id":52964,"date":"2026-01-05T10:37:10","date_gmt":"2026-01-05T02:37:10","guid":{"rendered":"https:\/\/ulpmat.com\/product\/eisen-gallium-legierung\/"},"modified":"2026-01-05T10:37:10","modified_gmt":"2026-01-05T02:37:10","slug":"eisen-gallium-legierung","status":"publish","type":"product","link":"https:\/\/ulpmat.com\/de\/produkt\/eisen-gallium-legierung\/","title":{"rendered":"Eisen-Gallium-Legierung"},"content":{"rendered":"<h2><span style=\"font-size: 14pt;\">Sputter-Targets aus Eisen-Gallium-Legierung <\/span><span style=\"font-size: 14pt;\">\u2013 \u00dcbersicht<\/span><\/h2>\n<p>Sputter-Targets<br \/>\n<span style=\"color: #0000ff;\"><a style=\"color: #0000ff;\" href=\"https:\/\/ulpmat.com\/de\/search\/?type=name&#038;keyword=Iron+gallium\">aus Eisen-Gallium<\/a><\/span><br \/>\n-Legierung wurden speziell f\u00fcr die Herstellung funktionaler D\u00fcnnschichten mit hochleistungsf\u00e4higen magnetostriktiven Eigenschaften mittels physikalischer Gasphasenabscheidung (PVD) entwickelt.<\/p>\n<p>Wir bieten FeGa-Legierungstargets in verschiedenen Zusammensetzungsverh\u00e4ltnissen und Spezifikationen an und unterst\u00fctzen kundenspezifische Dienstleistungen wie Backplane<span style=\"color: #0000ff;\"><a style=\"color: #0000ff;\" href=\"https:\/\/ulpmat.com\/de\/service\/ziel-bindung\/\">-Bonding<\/a><\/span><br \/>\n. Bitte <span style=\"color: #0000ff;\"><a style=\"color: #0000ff;\" href=\"https:\/\/ulpmat.com\/de\/kontakt-us\/\">fragen Sie uns<\/a><\/span><br \/>\nbei speziellen Anforderungen.<\/p>\n<h2><span style=\"font-size: 14pt;\">Produkt-Highlights<\/span><\/h2>\n<p>Starke magnetostriktive Eigenschaften<br \/>\nPr\u00e4zise steuerbare D\u00fcnnschichtzusammensetzung<br \/>\nGeringe Koerzitivfeldst\u00e4rke und guter Weichmagnetismus<br \/>\nDichte und gleichm\u00e4\u00dfige Targetstruktur<br \/>\nKundenspezifische Legierungszusammensetzung m\u00f6glich<\/p>\n<h2><span style=\"font-size: 14pt;\">Anwendungen von Sputtertargets aus FeGa-Legierung<\/span><\/h2>\n<p>Hochleistungssensoren: Werden zur Abscheidung magnetostriktiver D\u00fcnnschichten verwendet, um hochempfindliche Strom-, Magnetfeld- oder Spannungssensoren f\u00fcr pr\u00e4zise Messungen herzustellen.<br \/>\nMagnetoelektrische Kopplungsvorrichtungen: Als wichtige magnetostriktive Schicht wird sie in Kombination mit piezoelektrischen Materialien zur Herstellung von Mikrowellenvorrichtungen und Speicherzellen der n\u00e4chsten Generation mit geringem Stromverbrauch und hoher Empfindlichkeit verwendet.<br \/>\nHochfrequenz-Mikroelektronikvorrichtungen: Die hergestellten D\u00fcnnschichten k\u00f6nnen als zentrale Funktionsschichten in fortschrittlichen elektronischen Bauteilen wie integrierten Mikroantennen und Hochfrequenzfiltern verwendet werden.<br \/>\nBiomedizinische Ger\u00e4te: Auf der Grundlage dieser funktionalen D\u00fcnnschichten entwickelte Ger\u00e4te haben Anwendungspotenzial in der Pr\u00e4zisionsmedizin, bei neuartigen Behandlungstechnologien und in anderen Bereichen.<\/p>\n<h2><span style=\"color: #0000ff;\"><a style=\"color: #0000ff;\" href=\"https:\/\/ulpmat.com\/de\/unternehmen\/faqs\/\"><span style=\"font-size: 14pt;\">H\u00e4ufig gestellte Fragen<\/span><\/a><\/span><\/h2>\n<p>F1: Wie kann ich sicherstellen, dass die Zusammensetzung der gesputterten Schicht mit der des Targets \u00fcbereinstimmt?<br \/>\nA1: Wir verwenden fortschrittliche Schmelz- und Formungsverfahren, um eine gleichm\u00e4\u00dfige Targetzusammensetzung zu gew\u00e4hrleisten. Bei extrem hohen Pr\u00e4zisionsanforderungen k\u00f6nnen wir Prozessberatung anbieten, die eine Feinabstimmung der Filmzusammensetzung w\u00e4hrend des Sputterns durch Methoden wie vorab platzierte Patches erm\u00f6glicht.<\/p>\n<p>F2: Welches Sputterverfahren wird f\u00fcr Eisen-Gallium-Targets empfohlen?<br \/>\nA2: Das Hochfrequenz-Magnetron-Sputtern ist ein h\u00e4ufig verwendetes und ausgereiftes Verfahren, mit dem sich Legierungsd\u00fcnnschichten effektiv abscheiden lassen. Wir k\u00f6nnen Ihnen grundlegende Prozessparameterreferenzen basierend auf Ihrer Ausr\u00fcstung zur Verf\u00fcgung stellen.<\/p>\n<p>F3: Was sind die Leistungsvorteile von Eisen-Gallium-D\u00fcnnschichten?<br \/>\nA3: Der Hauptvorteil liegt in der Kombination aus einem hohen Magnetostriktionskoeffizienten und guten weichmagnetischen Eigenschaften (niedrige Koerzitivfeldst\u00e4rke), wodurch Ger\u00e4te sowohl eine hohe Empfindlichkeit als auch einen geringen Antriebsstromverbrauch aufweisen.<\/p>\n<p>F4: Was ist bei der Lagerung und Verwendung der Targets zu beachten?<br \/>\nA4: Es wird empfohlen, die Targets in einer trockenen und sauberen Umgebung zu lagern. Achten Sie w\u00e4hrend der Verwendung darauf, dass das Target korrekt installiert ist, vermeiden Sie Kurzschl\u00fcsse und befolgen Sie die f\u00fcr die Anlage festgelegten Reinigungs- und Inspektionsverfahren vor dem Sputtern.<\/p>\n<h2><span style=\"font-size: 14pt;\">Berichte<\/span><\/h2>\n<p>Jede Charge wird mit folgenden Dokumenten geliefert:<br \/>\n<span style=\"color: #0000ff;\"><a style=\"color: #0000ff;\" href=\"https:\/\/ulpmat.com\/de\/dokumente\/zertifikat-der-analyse\/\">Analysezertifikat (COA)<\/a><\/span><\/p>\n<p><span style=\"color: #0000ff;\"><a style=\"color: #0000ff;\" href=\"https:\/\/ulpmat.com\/de\/dokumente\/technisches-datenblatt\/\">Technisches Datenblatt (TDS)<\/a><\/span><\/p>\n<p><span style=\"color: #0000ff;\"><a style=\"color: #0000ff;\" href=\"https:\/\/ulpmat.com\/de\/dokumente\/sicherheitsdatenblatt\/\">Sicherheitsdatenblatt (MSDS)<\/a><\/span><br \/>\nGr\u00f6\u00dfenpr\u00fcfbericht<br \/>\nPr\u00fcfberichte von Drittanbietern sind auf Anfrage erh\u00e4ltlich.<\/p>\n<h2><span style=\"font-size: 14pt;\">Warum sollten Sie sich f\u00fcr uns entscheiden?<\/span><\/h2>\n<p>Wir sind auf die Forschung, Entwicklung und Herstellung von Hochleistungs-Legierungs-Sputter-Targets spezialisiert und verf\u00fcgen \u00fcber ein tiefgreifendes Verst\u00e4ndnis der Kernanwendungen von Funktionsmaterialien wie Eisen-Gallium-Legierungen in modernsten Ger\u00e4ten. Durch die pr\u00e4zise Steuerung des gesamten Schmelz- und Verarbeitungsprozesses gew\u00e4hrleisten wir eine genaue Targetzusammensetzung, eine dichte Struktur und eine stabile Leistung.<\/p>\n","protected":false},"excerpt":{"rendered":"<p>Sputter-Targets aus Eisen-Gallium-Legierung \u2013 \u00dcbersicht Sputter-Targets aus Eisen-Gallium -Legierung wurden speziell f\u00fcr die Herstellung funktionaler D\u00fcnnschichten mit hochleistungsf\u00e4higen magnetostriktiven Eigenschaften mittels physikalischer Gasphasenabscheidung (PVD) entwickelt. Wir bieten FeGa-Legierungstargets in verschiedenen Zusammensetzungsverh\u00e4ltnissen und Spezifikationen an und unterst\u00fctzen kundenspezifische Dienstleistungen wie Backplane-Bonding . Bitte fragen Sie uns bei speziellen Anforderungen. Produkt-Highlights Starke magnetostriktive Eigenschaften Pr\u00e4zise steuerbare D\u00fcnnschichtzusammensetzung [&hellip;]<\/p>\n","protected":false},"featured_media":52965,"template":"","meta":{"_acf_changed":false},"product_brand":[132],"product_cat":[562],"product_tag":[383,8048],"class_list":{"0":"post-52964","1":"product","2":"type-product","3":"status-publish","4":"has-post-thumbnail","6":"product_brand-ulpmat","7":"product_cat-legierung-sputtering-target","8":"product_tag-sputtertarget","9":"product_tag-sputtertarget-aus-eisen-gallium-legierung","11":"first","12":"instock","13":"shipping-taxable","14":"product-type-variable"},"acf":[],"_links":{"self":[{"href":"https:\/\/ulpmat.com\/de\/wp-json\/wp\/v2\/product\/52964","targetHints":{"allow":["GET"]}}],"collection":[{"href":"https:\/\/ulpmat.com\/de\/wp-json\/wp\/v2\/product"}],"about":[{"href":"https:\/\/ulpmat.com\/de\/wp-json\/wp\/v2\/types\/product"}],"wp:featuredmedia":[{"embeddable":true,"href":"https:\/\/ulpmat.com\/de\/wp-json\/wp\/v2\/media\/52965"}],"wp:attachment":[{"href":"https:\/\/ulpmat.com\/de\/wp-json\/wp\/v2\/media?parent=52964"}],"wp:term":[{"taxonomy":"product_brand","embeddable":true,"href":"https:\/\/ulpmat.com\/de\/wp-json\/wp\/v2\/product_brand?post=52964"},{"taxonomy":"product_cat","embeddable":true,"href":"https:\/\/ulpmat.com\/de\/wp-json\/wp\/v2\/product_cat?post=52964"},{"taxonomy":"product_tag","embeddable":true,"href":"https:\/\/ulpmat.com\/de\/wp-json\/wp\/v2\/product_tag?post=52964"}],"curies":[{"name":"wp","href":"https:\/\/api.w.org\/{rel}","templated":true}]}}