{"id":52946,"date":"2026-01-05T10:37:10","date_gmt":"2026-01-05T02:37:10","guid":{"rendered":"https:\/\/ulpmat.com\/product\/eisen-gallium-bor\/"},"modified":"2026-01-05T10:37:10","modified_gmt":"2026-01-05T02:37:10","slug":"eisen-gallium-bor","status":"publish","type":"product","link":"https:\/\/ulpmat.com\/de\/produkt\/eisen-gallium-bor\/","title":{"rendered":"Eisen Gallium Bor"},"content":{"rendered":"<h2><span style=\"font-size: 14pt;\">\u00dcbersicht \u00fcber Sputtertargets aus Eisen-Gallium-Bor-Legierung<\/span><\/h2>\n<p>Sputtertargets<br \/>\n<span style=\"color: #0000ff;\"><a style=\"color: #0000ff;\" href=\"https:\/\/ulpmat.com\/de\/search\/?type=name&#038;keyword=Iron+Gallium+Boron\">aus Eisen-Gallium-Bor<\/a><\/span><br \/>\nsind tern\u00e4re Legierungssputtertargets, die speziell als Kernmaterialien f\u00fcr die Herstellung von hochleistungsf\u00e4higen weichmagnetischen D\u00fcnnschichten und magnetoelektrischen Funktionsbeschichtungen entwickelt wurden.<\/p>\n<p>Wir bieten Targets aus Eisen-Gallium-Bor-Legierungen mit pr\u00e4ziser Zusammensetzung und vielf\u00e4ltigen Spezifikationen an und unterst\u00fctzen <span style=\"color: #0000ff;\"><a style=\"color: #0000ff;\" href=\"https:\/\/ulpmat.com\/de\/service\/ziel-bindung\/\">die<\/a><\/span><br \/>\nkundenspezifische <span style=\"color: #0000ff;\"><a style=\"color: #0000ff;\" href=\"https:\/\/ulpmat.com\/de\/service\/ziel-bindung\/\">R\u00fcckseitenverbindung<\/a><\/span><br \/>\n. Bitte <span style=\"color: #0000ff;\"><a style=\"color: #0000ff;\" href=\"https:\/\/ulpmat.com\/de\/kontakt-us\/\">kontaktieren Sie uns<\/a><\/span><br \/>\nf\u00fcr detaillierte technische L\u00f6sungen.<\/p>\n<h2><span style=\"font-size: 14pt;\">Produkt-Highlights<\/span><\/h2>\n<p>Pr\u00e4zise Legierungszusammensetzung<br \/>\nDichte und gleichm\u00e4\u00dfige Struktur<br \/>\nHervorragende magnetische Eigenschaften<br \/>\nHohe Sputterstabilit\u00e4t<br \/>\n<span style=\"color: #0000ff;\"><a style=\"color: #0000ff;\" href=\"https:\/\/ulpmat.com\/de\/service\/personalisierung\/\">Anpassbare<\/a><\/span><br \/>\nR\u00fcckwand und <\/p>\n<h2><span style=\"font-size: 14pt;\">Verbindung<br \/>\nAnwendungen von Sputtertargets aus Eisen-Gallium-Bor<\/span><\/h2>\n<p>Mikrowellenkommunikationsger\u00e4te: Werden zur Herstellung weichmagnetischer D\u00fcnnschichten in Ger\u00e4ten wie Hochfrequenzinduktoren und Mikrowellenisolatoren verwendet und erf\u00fcllen die Anforderungen der modernen Kommunikation an Miniaturisierung und hohe Leistung.<\/p>\n<p>Pr\u00e4zisionsmagnetfeldsensoren: Als zentrale Sputterquelle zur Abscheidung hochempfindlicher magnetoresistiver oder magnetostriktiver D\u00fcnnschichten, die in der Strommessung, biomagnetischen Sensorik und anderen Bereichen weit verbreitet sind.<\/p>\n<p>Fortschrittliche Datenspeicherung: Zur Herstellung wichtiger magnetischer Funktionsschichten in Schreibk\u00f6pfen oder magnetischen Direktzugriffsspeichern (MRAM), die zur Verbesserung der Speicherdichte und -geschwindigkeit beitragen.<\/p>\n<p>Intelligente Oberfl\u00e4chentechnik: Diese Technologie nutzt das Sputtern zur Herstellung von Verbundbeschichtungen auf Pr\u00e4zisionskomponenten, wobei Verschlei\u00dffestigkeit mit spezifischen magnetischen Eigenschaften kombiniert wird, um die Gesamtleistung des Produkts zu verbessern.<\/p>\n<h2><span style=\"color: #0000ff;\"><a style=\"color: #0000ff;\" href=\"https:\/\/ulpmat.com\/de\/unternehmen\/faqs\/\"><span style=\"font-size: 14pt;\">H\u00e4ufig gestellte Fragen<\/span><\/a><\/span><\/h2>\n<p>F1: Ist die Permeabilit\u00e4t von Eisen-Gallium-Bor (FeGaB)-Targets hoch? Hat dies Auswirkungen auf das Magnetron-Sputtern?<br \/>\nA1: Diese Legierung hat eine hohe Permeabilit\u00e4t. Beim Magnetron-Sputtern kann dies das Magnetfeld bis zu einem gewissen Grad abschirmen. Wir gew\u00e4hrleisten einen stabilen Betrieb in Hochleistungs-Magnetron-Sputteranlagen durch die Optimierung der Targetdicke und des Magnetkreises.<\/p>\n<p>F2: Wie stellen Sie sicher, dass die magnetischen Eigenschaften der gesputterten Schicht den Erwartungen entsprechen?<br \/>\nA2: Die magnetischen Eigenschaften der Schicht h\u00e4ngen von der Zusammensetzung des Targets, seiner Reinheit und dem Sputterprozess ab. Wir bieten hochreine Targets mit pr\u00e4ziser Zusammensetzung und k\u00f6nnen Sie hinsichtlich wichtiger Prozessparameter (wie Leistung und Gasdruck) beraten, um die Leistung der Schicht sicherzustellen.<\/p>\n<p>F3: Was ist bei der Installation des Targets besonders zu beachten?<br \/>\nA3: Der Schl\u00fcssel zur Installation ist die Gew\u00e4hrleistung einer guten W\u00e4rmeleitf\u00e4higkeit und eines festen Kontakts zwischen dem Target und der K\u00fchlr\u00fcckplatte. Eine unsachgem\u00e4\u00dfe Installation kann zu einer schlechten W\u00e4rmeableitung f\u00fchren, was m\u00f6glicherweise zu Rissen im Target oder zu einer Leistungsminderung f\u00fchren kann.<\/p>\n<p>F4: Sind Sputtertargets aus einer Eisen-Gallium-Bor-Legierung f\u00fcr das reaktive Sputtern geeignet?<br \/>\nA4: Ja. Reaktives Sputtern in einer gemischten Atmosph\u00e4re aus Argon und Stickstoff oder Sauerstoff kann zu Verbindungsd\u00fcnnschichten wie Eisen-Gallium-Bor-Nitrid oder Eisen-Gallium-Bor-Oxid f\u00fchren, wodurch sich ihre funktionalen Anwendungsm\u00f6glichkeiten erweitern.<\/p>\n<h2><span style=\"font-size: 14pt;\">Berichte<\/span><\/h2>\n<p>Jede Charge wird mit<br \/>\n<span style=\"color: #0000ff;\"><a style=\"color: #0000ff;\" href=\"https:\/\/ulpmat.com\/de\/dokumente\/zertifikat-der-analyse\/\">folgenden Unterlagen<\/a><\/span><br \/>\ngeliefert:<br \/>\n<span style=\"color: #0000ff;\"><a style=\"color: #0000ff;\" href=\"https:\/\/ulpmat.com\/de\/dokumente\/zertifikat-der-analyse\/\">Analysezertifikat (COA)<\/a><\/span><\/p>\n<p><span style=\"color: #0000ff;\"><a style=\"color: #0000ff;\" href=\"https:\/\/ulpmat.com\/de\/dokumente\/technisches-datenblatt\/\">Technisches Datenblatt (TDS)<\/a><\/span><\/p>\n<p><span style=\"color: #0000ff;\"><a style=\"color: #0000ff;\" href=\"https:\/\/ulpmat.com\/de\/dokumente\/sicherheitsdatenblatt\/\">Sicherheitsdatenblatt (MSDS)<\/a><\/span><br \/>\nGr\u00f6\u00dfenpr\u00fcfbericht<br \/>\nPr\u00fcfberichte von Drittanbietern sind auf Anfrage erh\u00e4ltlich<\/p>\n<h2><span style=\"font-size: 14pt;\">. Warum sollten Sie sich f\u00fcr uns entscheiden?<\/span><\/h2>\n<p>Wir sind auf die Forschung und Pr\u00e4zisionsfertigung von Sputtertargets aus Hochleistungslegierungen spezialisiert. Bei Funktionsmaterialien wie Eisen-Gallium-Bor gew\u00e4hrleisten wir nicht nur absolute Genauigkeit und extrem hohe Reinheit der Zusammensetzung, sondern garantieren durch fortschrittliche metallurgische Technologie auch eine hochgradig gleichm\u00e4\u00dfige und dichte Mikrostruktur des Targetmaterials.<\/p>\n","protected":false},"excerpt":{"rendered":"<p>\u00dcbersicht \u00fcber Sputtertargets aus Eisen-Gallium-Bor-Legierung Sputtertargets aus Eisen-Gallium-Bor sind tern\u00e4re Legierungssputtertargets, die speziell als Kernmaterialien f\u00fcr die Herstellung von hochleistungsf\u00e4higen weichmagnetischen D\u00fcnnschichten und magnetoelektrischen Funktionsbeschichtungen entwickelt wurden. Wir bieten Targets aus Eisen-Gallium-Bor-Legierungen mit pr\u00e4ziser Zusammensetzung und vielf\u00e4ltigen Spezifikationen an und unterst\u00fctzen die kundenspezifische R\u00fcckseitenverbindung . Bitte kontaktieren Sie uns f\u00fcr detaillierte technische L\u00f6sungen. Produkt-Highlights Pr\u00e4zise [&hellip;]<\/p>\n","protected":false},"featured_media":52947,"template":"","meta":{"_acf_changed":false},"product_brand":[132],"product_cat":[562],"product_tag":[8042,383],"class_list":{"0":"post-52946","1":"product","2":"type-product","3":"status-publish","4":"has-post-thumbnail","6":"product_brand-ulpmat","7":"product_cat-legierung-sputtering-target","8":"product_tag-eisen-gallium-bor-sputtering-target","9":"product_tag-sputtertarget","11":"first","12":"instock","13":"shipping-taxable","14":"product-type-variable"},"acf":[],"_links":{"self":[{"href":"https:\/\/ulpmat.com\/de\/wp-json\/wp\/v2\/product\/52946","targetHints":{"allow":["GET"]}}],"collection":[{"href":"https:\/\/ulpmat.com\/de\/wp-json\/wp\/v2\/product"}],"about":[{"href":"https:\/\/ulpmat.com\/de\/wp-json\/wp\/v2\/types\/product"}],"wp:featuredmedia":[{"embeddable":true,"href":"https:\/\/ulpmat.com\/de\/wp-json\/wp\/v2\/media\/52947"}],"wp:attachment":[{"href":"https:\/\/ulpmat.com\/de\/wp-json\/wp\/v2\/media?parent=52946"}],"wp:term":[{"taxonomy":"product_brand","embeddable":true,"href":"https:\/\/ulpmat.com\/de\/wp-json\/wp\/v2\/product_brand?post=52946"},{"taxonomy":"product_cat","embeddable":true,"href":"https:\/\/ulpmat.com\/de\/wp-json\/wp\/v2\/product_cat?post=52946"},{"taxonomy":"product_tag","embeddable":true,"href":"https:\/\/ulpmat.com\/de\/wp-json\/wp\/v2\/product_tag?post=52946"}],"curies":[{"name":"wp","href":"https:\/\/api.w.org\/{rel}","templated":true}]}}