{"id":52913,"date":"2026-01-05T10:37:11","date_gmt":"2026-01-05T02:37:11","guid":{"rendered":"https:\/\/ulpmat.com\/product\/eisen-magnesium-legierung\/"},"modified":"2026-01-05T10:37:11","modified_gmt":"2026-01-05T02:37:11","slug":"eisen-magnesium-legierung","status":"publish","type":"product","link":"https:\/\/ulpmat.com\/de\/produkt\/eisen-magnesium-legierung\/","title":{"rendered":"Eisen-Magnesium-Legierung"},"content":{"rendered":"<h2><span style=\"font-size: 14pt;\">\u00dcbersicht \u00fcber <\/span><span style=\"font-size: 14pt;\">Sputtertargets aus Eisen-Magnesium-Legierungen<\/span><\/h2>\n<p>Sputtertargets<br \/>\n<span style=\"color: #0000ff;\"><a style=\"color: #0000ff;\" href=\"https:\/\/ulpmat.com\/de\/search\/?type=name&#038;keyword=Iron+magnesium\">aus Eisen-Magnesium<\/a><\/span><br \/>\n-Legierungen sind leichte Metalllegierungstargets, die in erster Linie f\u00fcr die Herstellung von Funktionsd\u00fcnnschichten, Materialmodifikationen und damit verbundene Forschungs- und Industrieanwendungen verwendet werden.<\/p>\n<p>Wir k\u00f6nnen Targets aus Eisen-Magnesium-Legierungen mit verschiedenen Zusammensetzungsverh\u00e4ltnissen und Spezifikationen anbieten, um unterschiedlichen Ger\u00e4te- und Prozessanforderungen gerecht zu werden. Bitte <span style=\"color: #0000ff;\"><a style=\"color: #0000ff;\" href=\"https:\/\/ulpmat.com\/de\/kontakt-us\/\">kontaktieren Sie uns<\/a><\/span><br \/>\nf\u00fcr eine passende L\u00f6sung.<\/p>\n<h2><span style=\"font-size: 14pt;\">Produkt-Highlights<\/span><\/h2>\n<p>Kontrollierbare Zusammensetzung<br \/>\nStabiler Sputterprozess<br \/>\nKompatibel mit mehreren PVD-Abscheidungsprozessen<br \/>\nUnterst\u00fctzt kundenspezifische Gr\u00f6\u00dfen und Zusammensetzungsverh\u00e4ltnisse<br \/>\nStabile Lieferzyklen<\/p>\n<h2><span style=\"font-size: 14pt;\">Anwendungen von Sputtertargets aus Eisen-Magnesium-Legierungen<\/span><\/h2>\n<p>Abscheidung funktionaler D\u00fcnnschichten: Sputtertargets aus Eisen-Magnesium-Legierungen k\u00f6nnen zur Herstellung von Metall- und Legierungsd\u00fcnnschichten mit spezifischen mechanischen oder funktionalen Eigenschaften verwendet werden, die f\u00fcr Forschungszwecke und einige industrielle Anwendungen geeignet sind.<\/p>\n<p>Materialoberfl\u00e4chenmodifikation: Die Abscheidung von D\u00fcnnschichten aus Eisen-Magnesium-Legierungen auf Metall- oder Substratoberfl\u00e4chen hilft bei der Anpassung von Oberfl\u00e4cheneigenschaften wie struktureller Stabilit\u00e4t oder funktionalen Reaktionseigenschaften.<\/p>\n<p>Leichtmetallforschung: Eisen-Magnesium-Legierungen werden h\u00e4ufig in der experimentellen Forschung zu Leichtmetallwerkstoffen verwendet und k\u00f6nnen als Sputtermaterialien f\u00fcr die Erforschung neuartiger Legierungssysteme dienen.<\/p>\n<p>Wissenschaftliche Forschung und Laboranwendungen: Geeignet f\u00fcr die Grundlagenforschung an Universit\u00e4ten und Forschungseinrichtungen zu Legierungsd\u00fcnnschichten, Wachstumsmechanismen und Prozessparametern.<\/p>\n<h2><span style=\"color: #0000ff;\"><a style=\"color: #0000ff;\" href=\"https:\/\/ulpmat.com\/de\/unternehmen\/faqs\/\"><span style=\"font-size: 14pt;\">H\u00e4ufig gestellte Fragen<\/span><\/a><\/span><\/h2>\n<p>F1: Welche Sputtermethode eignet sich f\u00fcr Sputtertargets aus Eisen-Magnesium-Legierungen?<br \/>\nA1: Sie k\u00f6nnen je nach Ger\u00e4tekonfiguration und Prozessanforderungen f\u00fcr Gleichstrom- oder Hochfrequenz-Sputtern verwendet werden.<\/p>\n<p>F2: Kann das Legierungsverh\u00e4ltnis angepasst werden?<br \/>\nA2: Ja, wir unterst\u00fctzen die Anpassung verschiedener Eisen-Magnesium-Verh\u00e4ltnisse basierend auf spezifischen Anwendungszielen.<\/p>\n<p>F3: Ist dieses Target w\u00e4hrend des Sputterns anf\u00e4llig f\u00fcr Instabilit\u00e4t?<br \/>\nA3: Unter angemessenen Prozessparametern ist der Target-Sputterprozess stabil und liefert gleichm\u00e4\u00dfige D\u00fcnnschichten.<\/p>\n<p>F4: Wird dieses Target haupts\u00e4chlich f\u00fcr die Forschung oder in der Industrie verwendet?<br \/>\nA4: Es eignet sich sowohl f\u00fcr Forschungsexperimente als auch f\u00fcr einige Pilot- und Industrieanwendungen.<\/p>\n<h2><span style=\"font-size: 14pt;\">Berichte<\/span><\/h2>\n<p>Jede Charge wird geliefert mit:<br \/>\n<span style=\"color: #0000ff;\"><a style=\"color: #0000ff;\" href=\"https:\/\/ulpmat.com\/de\/dokumente\/zertifikat-der-analyse\/\">Analysezertifikat (COA)<\/a><\/span><\/p>\n<p><span style=\"color: #0000ff;\"><a style=\"color: #0000ff;\" href=\"https:\/\/ulpmat.com\/de\/dokumente\/technisches-datenblatt\/\">Technisches Datenblatt (TDS)<\/a><\/span><\/p>\n<p><span style=\"color: #0000ff;\"><a style=\"color: #0000ff;\" href=\"https:\/\/ulpmat.com\/de\/dokumente\/sicherheitsdatenblatt\/\">Sicherheitsdatenblatt (MSDS)<\/a><\/span><br \/>\nGr\u00f6\u00dfenpr\u00fcfbericht<br \/>\nPr\u00fcfberichte von Drittanbietern sind auf Anfrage erh\u00e4ltlich.<\/p>\n<h2><span style=\"font-size: 14pt;\">Warum sollten Sie sich f\u00fcr uns entscheiden?<\/span><\/h2>\n<p>Wir konzentrieren uns auf eine stabile Lieferung von Metall- und Legierungssputter-Targets und legen dabei besonderen Wert auf die Kontrolle der Zusammensetzung, die Konsistenz der Verarbeitung und die Effizienz der technischen Kommunikation. So k\u00f6nnen wir zuverl\u00e4ssige und nachhaltige Materialunterst\u00fctzung f\u00fcr D\u00fcnnschichtprojekte in verschiedenen Phasen bieten.<\/p>\n","protected":false},"excerpt":{"rendered":"<p>\u00dcbersicht \u00fcber Sputtertargets aus Eisen-Magnesium-Legierungen Sputtertargets aus Eisen-Magnesium -Legierungen sind leichte Metalllegierungstargets, die in erster Linie f\u00fcr die Herstellung von Funktionsd\u00fcnnschichten, Materialmodifikationen und damit verbundene Forschungs- und Industrieanwendungen verwendet werden. Wir k\u00f6nnen Targets aus Eisen-Magnesium-Legierungen mit verschiedenen Zusammensetzungsverh\u00e4ltnissen und Spezifikationen anbieten, um unterschiedlichen Ger\u00e4te- und Prozessanforderungen gerecht zu werden. Bitte kontaktieren Sie uns f\u00fcr eine [&hellip;]<\/p>\n","protected":false},"featured_media":52914,"template":"","meta":{"_acf_changed":false},"product_brand":[132],"product_cat":[562],"product_tag":[8031],"class_list":{"0":"post-52913","1":"product","2":"type-product","3":"status-publish","4":"has-post-thumbnail","6":"product_brand-ulpmat","7":"product_cat-legierung-sputtering-target","8":"product_tag-sputtertarget-aus-eisen-magnesium-legierung","10":"first","11":"instock","12":"shipping-taxable","13":"product-type-variable"},"acf":[],"_links":{"self":[{"href":"https:\/\/ulpmat.com\/de\/wp-json\/wp\/v2\/product\/52913","targetHints":{"allow":["GET"]}}],"collection":[{"href":"https:\/\/ulpmat.com\/de\/wp-json\/wp\/v2\/product"}],"about":[{"href":"https:\/\/ulpmat.com\/de\/wp-json\/wp\/v2\/types\/product"}],"wp:featuredmedia":[{"embeddable":true,"href":"https:\/\/ulpmat.com\/de\/wp-json\/wp\/v2\/media\/52914"}],"wp:attachment":[{"href":"https:\/\/ulpmat.com\/de\/wp-json\/wp\/v2\/media?parent=52913"}],"wp:term":[{"taxonomy":"product_brand","embeddable":true,"href":"https:\/\/ulpmat.com\/de\/wp-json\/wp\/v2\/product_brand?post=52913"},{"taxonomy":"product_cat","embeddable":true,"href":"https:\/\/ulpmat.com\/de\/wp-json\/wp\/v2\/product_cat?post=52913"},{"taxonomy":"product_tag","embeddable":true,"href":"https:\/\/ulpmat.com\/de\/wp-json\/wp\/v2\/product_tag?post=52913"}],"curies":[{"name":"wp","href":"https:\/\/api.w.org\/{rel}","templated":true}]}}